{"id":256526,"date":"2023-07-04T12:09:49","date_gmt":"2023-07-04T12:09:49","guid":{"rendered":"https:\/\/dev.trust-softwares.com\/palomino\/?page_id=256526"},"modified":"2025-03-04T12:03:41","modified_gmt":"2025-03-04T11:03:41","slug":"t-shirts-tops","status":"publish","type":"page","link":"https:\/\/dev.trust-softwares.com\/palomino\/t-shirts-tops\/","title":{"rendered":"T-shirts"},"content":{"rendered":"<p>[et_pb_section fb_built=\u00a0\u00bb1&Prime; _builder_version=\u00a0\u00bb4.27.4&Prime; _module_preset=\u00a0\u00bbdefault\u00a0\u00bb custom_margin_tablet=\u00a0\u00bb-2%||||false|false\u00a0\u00bb custom_margin_phone=\u00a0\u00bb||||false|false\u00a0\u00bb custom_margin_last_edited=\u00a0\u00bboff|desktop\u00a0\u00bb hover_enabled=\u00a0\u00bb0&Prime; global_colors_info=\u00a0\u00bb{}\u00a0\u00bb sticky_enabled=\u00a0\u00bb0&Prime; custom_padding=\u00a0\u00bb5%||||false|false\u00a0\u00bb][et_pb_row _builder_version=\u00a0\u00bb4.27.4&Prime; _module_preset=\u00a0\u00bbdefault\u00a0\u00bb background_image=\u00a0\u00bbhttps:\/\/dev.trust-softwares.com\/palomino\/wp-content\/uploads\/2024\/11\/BOUTIQUEPALOMINOTSHIRTTOP.jpg\u00a0\u00bb width=\u00a0\u00bb100%\u00a0\u00bb max_width=\u00a0\u00bb80%\u00a0\u00bb custom_margin_tablet=\u00a0\u00bb15%||||false|false\u00a0\u00bb custom_margin_phone=\u00a0\u00bb70%||||false|false\u00a0\u00bb custom_margin_last_edited=\u00a0\u00bboff|desktop\u00a0\u00bb custom_padding=\u00a0\u00bb||5%||false|false\u00a0\u00bb hover_enabled=\u00a0\u00bb0&Prime; background_last_edited=\u00a0\u00bbon|phone\u00a0\u00bb background_image_phone=\u00a0\u00bbhttps:\/\/dev.trust-softwares.com\/palomino\/wp-content\/uploads\/2024\/11\/BOUTIQUEPALOMINOTSHIRTTOP.jpg\u00a0\u00bb background_enable_image_phone=\u00a0\u00bbon\u00a0\u00bb global_colors_info=\u00a0\u00bb{}\u00a0\u00bb sticky_enabled=\u00a0\u00bb0&Prime;][et_pb_column type=\u00a0\u00bb4_4&Prime; _builder_version=\u00a0\u00bb4.17.4&Prime; _module_preset=\u00a0\u00bbdefault\u00a0\u00bb global_colors_info=\u00a0\u00bb{}\u00a0\u00bb][et_pb_text _builder_version=\u00a0\u00bb4.23.1&Prime; _module_preset=\u00a0\u00bbdefault\u00a0\u00bb text_font=\u00a0\u00bb|600|||||||\u00a0\u00bb text_text_color=\u00a0\u00bb#ffffff\u00a0\u00bb text_font_size=\u00a0\u00bb14px\u00a0\u00bb header_font=\u00a0\u00bb|600||on|||||\u00a0\u00bb header_text_align=\u00a0\u00bbcenter\u00a0\u00bb header_text_color=\u00a0\u00bb#ffffff\u00a0\u00bb header_font_size=\u00a0\u00bb60px\u00a0\u00bb header_2_font=\u00a0\u00bbSource Sans Pro|600|||||||\u00a0\u00bb header_2_text_color=\u00a0\u00bb#ffffff\u00a0\u00bb header_2_font_size=\u00a0\u00bb14px\u00a0\u00bb text_orientation=\u00a0\u00bbcenter\u00a0\u00bb custom_padding=\u00a0\u00bb3%||3%||true|false\u00a0\u00bb text_font_size_tablet=\u00a0\u00bb14px\u00a0\u00bb text_font_size_phone=\u00a0\u00bb13px\u00a0\u00bb text_font_size_last_edited=\u00a0\u00bbon|phone\u00a0\u00bb header_font_size_tablet=\u00a0\u00bb60px\u00a0\u00bb header_font_size_phone=\u00a0\u00bb52px\u00a0\u00bb header_font_size_last_edited=\u00a0\u00bbon|desktop\u00a0\u00bb header_text_shadow_style=\u00a0\u00bbpreset1&Prime; global_colors_info=\u00a0\u00bb{}\u00a0\u00bb]<\/p>\n<h1>T-SHIRTS\/TOPS<\/h1>\n<p>&nbsp;<\/p>\n<h2>Explorez notre s\u00e9lection de t-shirts\/tops de cr\u00e9ateurs qui vous aideront \u00e0 vous distinguer.<\/h2>\n<p>Vous trouverez dans notre s\u00e9lection de t-shirts et de tops, la pi\u00e8ce parfaite pour compl\u00e9ter votre garde-robe chez <strong><em>Palomino<\/em><\/strong>.<\/p>\n<p>[\/et_pb_text][\/et_pb_column][\/et_pb_row][et_pb_row _builder_version=\u00a0\u00bb4.21.0&Prime; _module_preset=\u00a0\u00bbdefault\u00a0\u00bb custom_margin=\u00a0\u00bb5%||||false|false\u00a0\u00bb custom_padding=\u00a0\u00bb0px||||false|false\u00a0\u00bb global_colors_info=\u00a0\u00bb{}\u00a0\u00bb][et_pb_column type=\u00a0\u00bb4_4&Prime; _builder_version=\u00a0\u00bb4.17.4&Prime; _module_preset=\u00a0\u00bbdefault\u00a0\u00bb global_colors_info=\u00a0\u00bb{}\u00a0\u00bb][et_pb_shop type=\u00a0\u00bbproduct_category\u00a0\u00bb posts_number=\u00a0\u00bb1000&Prime; show_pagination=\u00a0\u00bbon\u00a0\u00bb include_categories=\u00a0\u00bb92,253&Prime; columns_number=\u00a0\u00bb4&Prime; orderby=\u00a0\u00bbdate-desc\u00a0\u00bb icon_hover_color=\u00a0\u00bb#D2C2B3&Prime; hover_icon=\u00a0\u00bb&#xe030;||divi||400&Prime; _builder_version=\u00a0\u00bb4.23.1&Prime; _module_preset=\u00a0\u00bbdefault\u00a0\u00bb title_font=\u00a0\u00bb|700|||||||\u00a0\u00bb title_text_align=\u00a0\u00bbcenter\u00a0\u00bb title_text_color=\u00a0\u00bb#000000&Prime; title_font_size=\u00a0\u00bb18px\u00a0\u00bb price_font=\u00a0\u00bb|700|||||||\u00a0\u00bb price_text_align=\u00a0\u00bbcenter\u00a0\u00bb price_text_color=\u00a0\u00bb#000000&Prime; price_font_size=\u00a0\u00bb20px\u00a0\u00bb price_line_height=\u00a0\u00bb50px\u00a0\u00bb custom_css_title=\u00a0\u00bbpadding-bottom: 20px !important;||border-bottom: 2px solid #000&Prime; global_colors_info=\u00a0\u00bb{}\u00a0\u00bb][\/et_pb_shop][\/et_pb_column][\/et_pb_row][et_pb_row _builder_version=\u00a0\u00bb4.21.0&Prime; _module_preset=\u00a0\u00bbdefault\u00a0\u00bb global_colors_info=\u00a0\u00bb{}\u00a0\u00bb][et_pb_column type=\u00a0\u00bb4_4&Prime; _builder_version=\u00a0\u00bb4.21.0&Prime; _module_preset=\u00a0\u00bbdefault\u00a0\u00bb global_colors_info=\u00a0\u00bb{}\u00a0\u00bb][et_pb_text _builder_version=\u00a0\u00bb4.21.0&Prime; _module_preset=\u00a0\u00bbdefault\u00a0\u00bb global_colors_info=\u00a0\u00bb{}\u00a0\u00bb]<\/p>\n<div class=\"flex-1 overflow-hidden\">\n<div class=\"react-scroll-to-bottom--css-qozto-79elbk h-full dark:bg-gray-800\">\n<div class=\"react-scroll-to-bottom--css-qozto-1n7m0yu\">\n<div class=\"flex flex-col text-sm dark:bg-gray-800\">\n<div class=\"group w-full text-gray-800 dark:text-gray-100 border-b border-black\/10 dark:border-gray-900\/50 bg-gray-50 dark:bg-[#444654]\">\n<div class=\"flex p-4 gap-4 text-base md:gap-6 md:max-w-2xl lg:max-w-[38rem] xl:max-w-3xl md:py-6 lg:px-0 m-auto\">\n<div class=\"relative flex w-[calc(100%-50px)] flex-col gap-1 md:gap-3 lg:w-[calc(100%-115px)]\">\n<div class=\"flex flex-grow flex-col gap-3\">\n<div class=\"min-h-[20px] flex items-start overflow-x-auto whitespace-pre-wrap break-words flex-col gap-4\">\n<div class=\"markdown prose w-full break-words dark:prose-invert light\">\n<p><em><strong>Palomino<\/strong><\/em>, votre destination incontournable pour les tendances en mati\u00e8re de t-shirts et tops !<\/p>\n<p>Vous trouverez une vari\u00e9t\u00e9 de t-shirts tendance issus de marques renomm\u00e9es telles que <strong><em><span style=\"text-decoration: underline;\"><a href=\"https:\/\/dev.trust-softwares.com\/palomino\/categorie-produit\/les-createurs\/momoni\/\" target=\"_blank\" rel=\"noopener\" title=\"Momoni\">Momoni<\/a><\/span>, Raben Saloner, <a href=\"https:\/\/dev.trust-softwares.com\/palomino\/categorie-produit\/les-createurs\/anine-bing\/\" target=\"_blank\" rel=\"noopener\" title=\"anine bing\"><span style=\"text-decoration: underline;\">Anine Bing<\/span><\/a>, Newton, <a href=\"https:\/\/dev.trust-softwares.com\/palomino\/categorie-produit\/les-createurs\/vanessa-bruno\/\" target=\"_blank\" rel=\"noopener\" title=\"vanessa bruno\"><span style=\"text-decoration: underline;\">Vanessa Bruno<\/span><\/a>, <span style=\"text-decoration: underline;\"><a href=\"https:\/\/dev.trust-softwares.com\/palomino\/produits-palomino\/\" target=\"_blank\" rel=\"noopener\" title=\"Palomino\">Palomino<\/a><\/span>, <span style=\"text-decoration: underline;\"><a href=\"https:\/\/dev.trust-softwares.com\/palomino\/categorie-produit\/les-createurs\/essentiel-antwerp\/\" target=\"_blank\" rel=\"noopener\" title=\"Essentiel Antwerp\">Essentiel Antwerp<\/a><\/span>, Ragdoll LA, Modetrotter et <a href=\"https:\/\/dev.trust-softwares.com\/palomino\/categorie-produit\/les-createurs\/margaux-lonnberg\/\" target=\"_blank\" rel=\"noopener\" title=\"Margaux Lonnberg\"><span style=\"text-decoration: underline;\">Margaux Lonnberg<\/span><\/a><\/em><\/strong>.<\/p>\n<p>Si vous souhaitez compl\u00e9ter votre tenue d\u00e9contract\u00e9e avec un t-shirt basique et intemporels, ou bien ajouter une touche d&rsquo;originalit\u00e9 \u00e0 votre look avec un t-shirt imprim\u00e9, notre s\u00e9lection r\u00e9pondra \u00e0 tous vos besoins. Associez nos t-shirts \u00e0 nos\u00a0 <a href=\"https:\/\/dev.trust-softwares.com\/palomino\/jeans\/\" target=\"_blank\" rel=\"noopener\" title=\"jeans\"><span style=\"text-decoration: underline;\"><em><strong>jeans<\/strong><\/em><\/span><\/a>, <a href=\"https:\/\/dev.trust-softwares.com\/palomino\/jupes\/\" target=\"_blank\" rel=\"noopener\" title=\"jupes\"><strong><em><span style=\"text-decoration: underline;\">jupes<\/span><\/em><\/strong><\/a> ou <a href=\"https:\/\/dev.trust-softwares.com\/palomino\/shorts\/\" target=\"_blank\" rel=\"noopener\" title=\"shorts\"><strong><em><span style=\"text-decoration: underline;\">shorts<\/span><\/em><\/strong><\/a>, vous offrant ainsi infini de possibilit\u00e9s de style.<\/p>\n<p>Chez <strong><em>Palomino<\/em><\/strong>, vous trouverez les derni\u00e8res tendances en mati\u00e8re de t-shirts et tops, qui vous permettront de cr\u00e9er des tenues \u00e0 la fois modernes et intemporelles.<\/p>\n<\/div>\n<\/div>\n<\/div>\n<\/div>\n<\/div>\n<\/div>\n<\/div>\n<\/div>\n<\/div>\n<\/div>\n<p>[\/et_pb_text][\/et_pb_column][\/et_pb_row][\/et_pb_section]<\/p>\n","protected":false},"excerpt":{"rendered":"<p>T-SHIRTS\/TOPS &nbsp; Explorez notre s\u00e9lection de t-shirts\/tops de cr\u00e9ateurs qui vous aideront \u00e0 vous distinguer. Vous trouverez dans notre s\u00e9lection de t-shirts et de tops, la pi\u00e8ce parfaite pour compl\u00e9ter votre garde-robe chez Palomino. Palomino, votre destination incontournable pour les tendances en mati\u00e8re de t-shirts et tops ! Vous trouverez une vari\u00e9t\u00e9 de t-shirts tendance [&hellip;]<\/p>\n","protected":false},"author":4,"featured_media":0,"parent":0,"menu_order":0,"comment_status":"closed","ping_status":"closed","template":"","meta":{"_seopress_robots_primary_cat":"","_seopress_titles_title":"","_seopress_titles_desc":"","_seopress_robots_index":"","_et_pb_use_builder":"on","_et_pb_old_content":"","_et_gb_content_width":"","_uag_custom_page_level_css":"","footnotes":""},"class_list":["post-256526","page","type-page","status-publish","hentry"],"yoast_head":"<!-- This site is optimized with the Yoast SEO plugin v27.3 - https:\/\/yoast.com\/product\/yoast-seo-wordpress\/ -->\n<title>T-shirts - Boutique Palomino<\/title>\n<meta name=\"robots\" content=\"noindex, follow, max-snippet:-1, max-image-preview:large, max-video-preview:-1\" \/>\n<meta property=\"og:locale\" content=\"fr_FR\" \/>\n<meta property=\"og:type\" content=\"article\" \/>\n<meta property=\"og:title\" content=\"T-shirts - Boutique Palomino\" \/>\n<meta property=\"og:description\" content=\"T-SHIRTS\/TOPS &nbsp; Explorez notre s\u00e9lection de t-shirts\/tops de cr\u00e9ateurs qui vous aideront \u00e0 vous distinguer. Vous trouverez dans notre s\u00e9lection de t-shirts et de tops, la pi\u00e8ce parfaite pour compl\u00e9ter votre garde-robe chez Palomino. Palomino, votre destination incontournable pour les tendances en mati\u00e8re de t-shirts et tops ! Vous trouverez une vari\u00e9t\u00e9 de t-shirts tendance [&hellip;]\" \/>\n<meta property=\"og:url\" content=\"https:\/\/dev.trust-softwares.com\/palomino\/t-shirts-tops\/\" \/>\n<meta property=\"og:site_name\" content=\"Boutique Palomino\" \/>\n<meta property=\"article:modified_time\" content=\"2025-03-04T11:03:41+00:00\" \/>\n<meta name=\"twitter:card\" content=\"summary_large_image\" \/>\n<meta name=\"twitter:label1\" content=\"Dur\u00e9e de lecture estim\u00e9e\" \/>\n\t<meta name=\"twitter:data1\" content=\"18 minutes\" \/>\n<script type=\"application\/ld+json\" class=\"yoast-schema-graph\">{\"@context\":\"https:\\\/\\\/schema.org\",\"@graph\":[{\"@type\":\"WebPage\",\"@id\":\"https:\\\/\\\/dev.trust-softwares.com\\\/palomino\\\/t-shirts-tops\\\/\",\"url\":\"https:\\\/\\\/dev.trust-softwares.com\\\/palomino\\\/t-shirts-tops\\\/\",\"name\":\"T-shirts - Boutique Palomino\",\"isPartOf\":{\"@id\":\"https:\\\/\\\/dev.trust-softwares.com\\\/palomino\\\/#website\"},\"datePublished\":\"2023-07-04T12:09:49+00:00\",\"dateModified\":\"2025-03-04T11:03:41+00:00\",\"inLanguage\":\"fr-FR\",\"potentialAction\":[{\"@type\":\"ReadAction\",\"target\":[\"https:\\\/\\\/dev.trust-softwares.com\\\/palomino\\\/t-shirts-tops\\\/\"]}]},{\"@type\":\"WebSite\",\"@id\":\"https:\\\/\\\/dev.trust-softwares.com\\\/palomino\\\/#website\",\"url\":\"https:\\\/\\\/dev.trust-softwares.com\\\/palomino\\\/\",\"name\":\"Boutique Palomino\",\"description\":\"V\u00eatements pour femme, chaussures et accessoires\",\"potentialAction\":[{\"@type\":\"SearchAction\",\"target\":{\"@type\":\"EntryPoint\",\"urlTemplate\":\"https:\\\/\\\/dev.trust-softwares.com\\\/palomino\\\/?s={search_term_string}\"},\"query-input\":{\"@type\":\"PropertyValueSpecification\",\"valueRequired\":true,\"valueName\":\"search_term_string\"}}],\"inLanguage\":\"fr-FR\"}]}<\/script>\n<!-- \/ Yoast SEO plugin. -->","yoast_head_json":{"title":"T-shirts - Boutique Palomino","robots":{"index":"noindex","follow":"follow","max-snippet":"max-snippet:-1","max-image-preview":"max-image-preview:large","max-video-preview":"max-video-preview:-1"},"og_locale":"fr_FR","og_type":"article","og_title":"T-shirts - Boutique Palomino","og_description":"T-SHIRTS\/TOPS &nbsp; Explorez notre s\u00e9lection de t-shirts\/tops de cr\u00e9ateurs qui vous aideront \u00e0 vous distinguer. Vous trouverez dans notre s\u00e9lection de t-shirts et de tops, la pi\u00e8ce parfaite pour compl\u00e9ter votre garde-robe chez Palomino. Palomino, votre destination incontournable pour les tendances en mati\u00e8re de t-shirts et tops ! Vous trouverez une vari\u00e9t\u00e9 de t-shirts tendance [&hellip;]","og_url":"https:\/\/dev.trust-softwares.com\/palomino\/t-shirts-tops\/","og_site_name":"Boutique Palomino","article_modified_time":"2025-03-04T11:03:41+00:00","twitter_card":"summary_large_image","twitter_misc":{"Dur\u00e9e de lecture estim\u00e9e":"18 minutes"},"schema":{"@context":"https:\/\/schema.org","@graph":[{"@type":"WebPage","@id":"https:\/\/dev.trust-softwares.com\/palomino\/t-shirts-tops\/","url":"https:\/\/dev.trust-softwares.com\/palomino\/t-shirts-tops\/","name":"T-shirts - Boutique Palomino","isPartOf":{"@id":"https:\/\/dev.trust-softwares.com\/palomino\/#website"},"datePublished":"2023-07-04T12:09:49+00:00","dateModified":"2025-03-04T11:03:41+00:00","inLanguage":"fr-FR","potentialAction":[{"@type":"ReadAction","target":["https:\/\/dev.trust-softwares.com\/palomino\/t-shirts-tops\/"]}]},{"@type":"WebSite","@id":"https:\/\/dev.trust-softwares.com\/palomino\/#website","url":"https:\/\/dev.trust-softwares.com\/palomino\/","name":"Boutique Palomino","description":"V\u00eatements pour femme, chaussures et accessoires","potentialAction":[{"@type":"SearchAction","target":{"@type":"EntryPoint","urlTemplate":"https:\/\/dev.trust-softwares.com\/palomino\/?s={search_term_string}"},"query-input":{"@type":"PropertyValueSpecification","valueRequired":true,"valueName":"search_term_string"}}],"inLanguage":"fr-FR"}]}},"uagb_featured_image_src":{"full":false,"thumbnail":false,"medium":false,"medium_large":false,"large":false,"1536x1536":false,"2048x2048":false,"et-pb-post-main-image":false,"et-pb-post-main-image-fullwidth":false,"et-pb-portfolio-image":false,"et-pb-portfolio-module-image":false,"et-pb-portfolio-image-single":false,"et-pb-gallery-module-image-portrait":false,"et-pb-post-main-image-fullwidth-large":false,"menu-24x24":false,"menu-36x36":false,"menu-16x16":false,"woocommerce_thumbnail":false,"woocommerce_single":false,"woocommerce_gallery_thumbnail":false,"variation_swatches_image_size":false,"variation_swatches_tooltip_size":false,"dgwt-wcas-product-suggestion":false},"uagb_author_info":{"display_name":"Laura","author_link":"https:\/\/dev.trust-softwares.com\/palomino\/author\/laura\/"},"uagb_comment_info":0,"uagb_excerpt":"T-SHIRTS\/TOPS &nbsp; Explorez notre s\u00e9lection de t-shirts\/tops de cr\u00e9ateurs qui vous aideront \u00e0 vous distinguer. Vous trouverez dans notre s\u00e9lection de t-shirts et de tops, la pi\u00e8ce parfaite pour compl\u00e9ter votre garde-robe chez Palomino. Palomino, votre destination incontournable pour les tendances en mati\u00e8re de t-shirts et tops ! Vous trouverez une vari\u00e9t\u00e9 de t-shirts tendance\u2026","_links":{"self":[{"href":"https:\/\/dev.trust-softwares.com\/palomino\/wp-json\/wp\/v2\/pages\/256526","targetHints":{"allow":["GET"]}}],"collection":[{"href":"https:\/\/dev.trust-softwares.com\/palomino\/wp-json\/wp\/v2\/pages"}],"about":[{"href":"https:\/\/dev.trust-softwares.com\/palomino\/wp-json\/wp\/v2\/types\/page"}],"author":[{"embeddable":true,"href":"https:\/\/dev.trust-softwares.com\/palomino\/wp-json\/wp\/v2\/users\/4"}],"replies":[{"embeddable":true,"href":"https:\/\/dev.trust-softwares.com\/palomino\/wp-json\/wp\/v2\/comments?post=256526"}],"version-history":[{"count":25,"href":"https:\/\/dev.trust-softwares.com\/palomino\/wp-json\/wp\/v2\/pages\/256526\/revisions"}],"predecessor-version":[{"id":274054,"href":"https:\/\/dev.trust-softwares.com\/palomino\/wp-json\/wp\/v2\/pages\/256526\/revisions\/274054"}],"wp:attachment":[{"href":"https:\/\/dev.trust-softwares.com\/palomino\/wp-json\/wp\/v2\/media?parent=256526"}],"curies":[{"name":"wp","href":"https:\/\/api.w.org\/{rel}","templated":true}]}}