{"id":256565,"date":"2023-07-04T14:07:41","date_gmt":"2023-07-04T14:07:41","guid":{"rendered":"https:\/\/dev.trust-softwares.com\/palomino\/?page_id=256565"},"modified":"2025-03-04T12:02:37","modified_gmt":"2025-03-04T11:02:37","slug":"chemises-blouses","status":"publish","type":"page","link":"https:\/\/dev.trust-softwares.com\/palomino\/chemises-blouses\/","title":{"rendered":"Chemises"},"content":{"rendered":"<p>[et_pb_section fb_built=\u00a0\u00bb1&Prime; _builder_version=\u00a0\u00bb4.27.4&Prime; _module_preset=\u00a0\u00bbdefault\u00a0\u00bb custom_margin=\u00a0\u00bb5%||||false|false\u00a0\u00bb custom_margin_tablet=\u00a0\u00bb-2%||||false|false\u00a0\u00bb custom_margin_phone=\u00a0\u00bb5%||||false|false\u00a0\u00bb custom_margin_last_edited=\u00a0\u00bboff|desktop\u00a0\u00bb custom_padding=\u00a0\u00bb0px||||false|false\u00a0\u00bb hover_enabled=\u00a0\u00bb0&Prime; global_colors_info=\u00a0\u00bb{}\u00a0\u00bb sticky_enabled=\u00a0\u00bb0&Prime;][et_pb_row _builder_version=\u00a0\u00bb4.27.4&Prime; _module_preset=\u00a0\u00bbdefault\u00a0\u00bb background_image=\u00a0\u00bbhttps:\/\/dev.trust-softwares.com\/palomino\/wp-content\/uploads\/2024\/11\/boutiquepalominochemise.jpg\u00a0\u00bb width=\u00a0\u00bb100%\u00a0\u00bb max_width=\u00a0\u00bb80%\u00a0\u00bb custom_margin_tablet=\u00a0\u00bb15%||||false|false\u00a0\u00bb custom_margin_phone=\u00a0\u00bb70%||||false|false\u00a0\u00bb custom_margin_last_edited=\u00a0\u00bboff|desktop\u00a0\u00bb custom_padding=\u00a0\u00bb||5%||false|false\u00a0\u00bb hover_enabled=\u00a0\u00bb0&Prime; background_last_edited=\u00a0\u00bbon|phone\u00a0\u00bb background_image_phone=\u00a0\u00bbhttps:\/\/dev.trust-softwares.com\/palomino\/wp-content\/uploads\/2024\/11\/boutiquepalominochemise.jpg\u00a0\u00bb background_enable_image_phone=\u00a0\u00bbon\u00a0\u00bb global_colors_info=\u00a0\u00bb{}\u00a0\u00bb sticky_enabled=\u00a0\u00bb0&Prime;][et_pb_column type=\u00a0\u00bb4_4&Prime; _builder_version=\u00a0\u00bb4.17.4&Prime; _module_preset=\u00a0\u00bbdefault\u00a0\u00bb global_colors_info=\u00a0\u00bb{}\u00a0\u00bb][et_pb_text _builder_version=\u00a0\u00bb4.23.1&Prime; _module_preset=\u00a0\u00bbdefault\u00a0\u00bb text_font=\u00a0\u00bb|600|||||||\u00a0\u00bb text_text_color=\u00a0\u00bb#ffffff\u00a0\u00bb text_font_size=\u00a0\u00bb14px\u00a0\u00bb header_font=\u00a0\u00bb|600||on|||||\u00a0\u00bb header_text_align=\u00a0\u00bbcenter\u00a0\u00bb header_text_color=\u00a0\u00bb#ffffff\u00a0\u00bb header_font_size=\u00a0\u00bb60px\u00a0\u00bb header_2_font=\u00a0\u00bbSource Sans Pro|600|||||||\u00a0\u00bb header_2_text_color=\u00a0\u00bb#ffffff\u00a0\u00bb header_2_font_size=\u00a0\u00bb14px\u00a0\u00bb text_orientation=\u00a0\u00bbcenter\u00a0\u00bb custom_padding=\u00a0\u00bb3%||3%||true|false\u00a0\u00bb text_font_size_tablet=\u00a0\u00bb14px\u00a0\u00bb text_font_size_phone=\u00a0\u00bb13px\u00a0\u00bb text_font_size_last_edited=\u00a0\u00bbon|phone\u00a0\u00bb header_font_size_tablet=\u00a0\u00bb60px\u00a0\u00bb header_font_size_phone=\u00a0\u00bb52px\u00a0\u00bb header_font_size_last_edited=\u00a0\u00bbon|desktop\u00a0\u00bb header_text_shadow_style=\u00a0\u00bbpreset1&Prime; global_colors_info=\u00a0\u00bb{}\u00a0\u00bb]<\/p>\n<h1>CHEMISES\/BLOUSES<\/h1>\n<p>&nbsp;<\/p>\n<h2>Explorez notre s\u00e9lection de chemises, blouses et trouvez la pi\u00e8ce parfaite.<\/h2>\n<p>Faites confiance \u00e0 nos chemises de cr\u00e9ateurs et cr\u00e9ez des looks qui refl\u00e8tent votre style avec <strong><em>Palomino<\/em><\/strong>.<\/p>\n<p>[\/et_pb_text][\/et_pb_column][\/et_pb_row][et_pb_row _builder_version=\u00a0\u00bb4.21.0&Prime; _module_preset=\u00a0\u00bbdefault\u00a0\u00bb custom_margin=\u00a0\u00bb5%||||false|false\u00a0\u00bb custom_padding=\u00a0\u00bb0px||||false|false\u00a0\u00bb global_colors_info=\u00a0\u00bb{}\u00a0\u00bb][et_pb_column type=\u00a0\u00bb4_4&Prime; _builder_version=\u00a0\u00bb4.17.4&Prime; _module_preset=\u00a0\u00bbdefault\u00a0\u00bb global_colors_info=\u00a0\u00bb{}\u00a0\u00bb][et_pb_shop type=\u00a0\u00bbproduct_category\u00a0\u00bb posts_number=\u00a0\u00bb1000&Prime; show_pagination=\u00a0\u00bbon\u00a0\u00bb include_categories=\u00a0\u00bb96,89&Prime; columns_number=\u00a0\u00bb4&Prime; orderby=\u00a0\u00bbdate-desc\u00a0\u00bb icon_hover_color=\u00a0\u00bb#D2C2B3&Prime; hover_icon=\u00a0\u00bb&#xe030;||divi||400&Prime; _builder_version=\u00a0\u00bb4.23.1&Prime; _module_preset=\u00a0\u00bbdefault\u00a0\u00bb title_font=\u00a0\u00bb|700|||||||\u00a0\u00bb title_text_align=\u00a0\u00bbcenter\u00a0\u00bb title_text_color=\u00a0\u00bb#000000&Prime; title_font_size=\u00a0\u00bb18px\u00a0\u00bb price_font=\u00a0\u00bb|700|||||||\u00a0\u00bb price_text_align=\u00a0\u00bbcenter\u00a0\u00bb price_text_color=\u00a0\u00bb#000000&Prime; price_font_size=\u00a0\u00bb20px\u00a0\u00bb price_line_height=\u00a0\u00bb50px\u00a0\u00bb custom_css_title=\u00a0\u00bbpadding-bottom: 20px !important;||border-bottom: 2px solid #000&Prime; global_colors_info=\u00a0\u00bb{}\u00a0\u00bb][\/et_pb_shop][\/et_pb_column][\/et_pb_row][et_pb_row _builder_version=\u00a0\u00bb4.21.0&Prime; _module_preset=\u00a0\u00bbdefault\u00a0\u00bb global_colors_info=\u00a0\u00bb{}\u00a0\u00bb][et_pb_column type=\u00a0\u00bb4_4&Prime; _builder_version=\u00a0\u00bb4.21.0&Prime; _module_preset=\u00a0\u00bbdefault\u00a0\u00bb global_colors_info=\u00a0\u00bb{}\u00a0\u00bb][et_pb_text _builder_version=\u00a0\u00bb4.23.1&Prime; _module_preset=\u00a0\u00bbdefault\u00a0\u00bb global_colors_info=\u00a0\u00bb{}\u00a0\u00bb]<\/p>\n<div class=\"flex-1 overflow-hidden\">\n<div class=\"react-scroll-to-bottom--css-qozto-79elbk h-full dark:bg-gray-800\">\n<div class=\"react-scroll-to-bottom--css-qozto-1n7m0yu\">\n<div class=\"flex flex-col text-sm dark:bg-gray-800\">\n<div class=\"group w-full text-gray-800 dark:text-gray-100 border-b border-black\/10 dark:border-gray-900\/50 bg-gray-50 dark:bg-[#444654]\">\n<div class=\"flex p-4 gap-4 text-base md:gap-6 md:max-w-2xl lg:max-w-[38rem] xl:max-w-3xl md:py-6 lg:px-0 m-auto\">\n<div class=\"relative flex w-[calc(100%-50px)] flex-col gap-1 md:gap-3 lg:w-[calc(100%-115px)]\">\n<div class=\"flex flex-grow flex-col gap-3\">\n<div class=\"min-h-[20px] flex items-start overflow-x-auto whitespace-pre-wrap break-words flex-col gap-4\">\n<div class=\"markdown prose w-full break-words dark:prose-invert light\">\n<p><em><strong>Palomino<\/strong><\/em>, votre destination de pr\u00e9dilection pour d\u00e9couvrir les derni\u00e8res tendances en mati\u00e8re de chemises et blouses !<\/p>\n<p>Nos chemises\/blouses sont des pi\u00e8ces intemporelles, que vous recherchiez une chemise classique pour une tenue professionnelle, une blouse boh\u00e8me pour une touche d\u00e9contract\u00e9e, ou une blouse romantique pour une allure f\u00e9minine, notre s\u00e9lection propose une vari\u00e9t\u00e9 de styles pour vous.<\/p>\n<p>Les chemises <a href=\"https:\/\/dev.trust-softwares.com\/palomino\/categorie-produit\/les-createurs\/momoni\/\" target=\"_blank\" rel=\"noopener\" title=\"momoni\"><span style=\"text-decoration: underline;\"><em><strong>Momoni<\/strong><\/em><\/span><\/a> se distinguent par leur attention aux d\u00e9tails, alors que <a href=\"https:\/\/dev.trust-softwares.com\/palomino\/categorie-produit\/les-createurs\/vanessa-bruno\/\" target=\"_blank\" rel=\"noopener\" title=\"vanessa bruno\"><span style=\"text-decoration: underline;\"><em><strong>Vanessa Bruno<\/strong><\/em><\/span><\/a> propose des blouses au style raffin\u00e9 et minimaliste. <a href=\"https:\/\/dev.trust-softwares.com\/palomino\/categorie-produit\/les-createurs\/ragdoll-la\/\" target=\"_blank\" rel=\"noopener\" title=\"ragdoll\"><span style=\"text-decoration: underline;\"><em><strong>Ragdoll LA<\/strong><\/em><\/span><\/a> offre des chemises tendance au look d\u00e9contract\u00e9 et urbain, <a href=\"https:\/\/dev.trust-softwares.com\/palomino\/categorie-produit\/les-createurs\/anine-bing\/\" target=\"_blank\" rel=\"noopener\" title=\"anine bing\"><span style=\"text-decoration: underline;\"><em><strong>Anine Bing<\/strong><\/em><\/span><\/a> propose des chemises \u00e0 la fois modernes et intemporelles.<\/p>\n<p>Associez nos blouses et chemises avec vos bas pr\u00e9f\u00e9r\u00e9s : <a href=\"https:\/\/dev.trust-softwares.com\/palomino\/pantalons\/\" target=\"_blank\" rel=\"noopener\" title=\"pantalons\"><strong><em><span style=\"text-decoration: underline;\">pantalons<\/span><\/em><\/strong><\/a>, <a href=\"https:\/\/dev.trust-softwares.com\/palomino\/jupes\/\" target=\"_blank\" rel=\"noopener\" title=\"jupes\"><em><span style=\"text-decoration: underline;\"><strong>jupes<\/strong><\/span><\/em><\/a> ou <a href=\"https:\/\/dev.trust-softwares.com\/palomino\/jeans\/\" target=\"_blank\" rel=\"noopener\" title=\"jeans\"><strong><em><span style=\"text-decoration: underline;\">jeans<\/span><\/em><\/strong><\/a>, pour cr\u00e9er des tenues tendance. Chez <strong><em>Palomino<\/em><\/strong>, nous mettons l&rsquo;accent sur les tendances actuelles vous permettant de vous d\u00e9marquer.<\/p>\n<\/div>\n<\/div>\n<\/div>\n<\/div>\n<\/div>\n<\/div>\n<\/div>\n<\/div>\n<\/div>\n<\/div>\n<p>[\/et_pb_text][\/et_pb_column][\/et_pb_row][\/et_pb_section]<\/p>\n","protected":false},"excerpt":{"rendered":"<p>CHEMISES\/BLOUSES &nbsp; Explorez notre s\u00e9lection de chemises, blouses et trouvez la pi\u00e8ce parfaite. Faites confiance \u00e0 nos chemises de cr\u00e9ateurs et cr\u00e9ez des looks qui refl\u00e8tent votre style avec Palomino. Palomino, votre destination de pr\u00e9dilection pour d\u00e9couvrir les derni\u00e8res tendances en mati\u00e8re de chemises et blouses ! Nos chemises\/blouses sont des pi\u00e8ces intemporelles, que vous [&hellip;]<\/p>\n","protected":false},"author":4,"featured_media":0,"parent":0,"menu_order":0,"comment_status":"closed","ping_status":"closed","template":"","meta":{"_seopress_robots_primary_cat":"","_seopress_titles_title":"","_seopress_titles_desc":"","_seopress_robots_index":"","_et_pb_use_builder":"on","_et_pb_old_content":"","_et_gb_content_width":"","_uag_custom_page_level_css":"","footnotes":""},"class_list":["post-256565","page","type-page","status-publish","hentry"],"yoast_head":"<!-- This site is optimized with the Yoast SEO plugin v27.3 - https:\/\/yoast.com\/product\/yoast-seo-wordpress\/ -->\n<title>Chemises - Boutique Palomino<\/title>\n<meta name=\"robots\" content=\"noindex, follow, max-snippet:-1, max-image-preview:large, max-video-preview:-1\" \/>\n<meta property=\"og:locale\" content=\"fr_FR\" \/>\n<meta property=\"og:type\" content=\"article\" \/>\n<meta property=\"og:title\" content=\"Chemises - Boutique Palomino\" \/>\n<meta property=\"og:description\" content=\"CHEMISES\/BLOUSES &nbsp; Explorez notre s\u00e9lection de chemises, blouses et trouvez la pi\u00e8ce parfaite. Faites confiance \u00e0 nos chemises de cr\u00e9ateurs et cr\u00e9ez des looks qui refl\u00e8tent votre style avec Palomino. Palomino, votre destination de pr\u00e9dilection pour d\u00e9couvrir les derni\u00e8res tendances en mati\u00e8re de chemises et blouses ! Nos chemises\/blouses sont des pi\u00e8ces intemporelles, que vous [&hellip;]\" \/>\n<meta property=\"og:url\" content=\"https:\/\/dev.trust-softwares.com\/palomino\/chemises-blouses\/\" \/>\n<meta property=\"og:site_name\" content=\"Boutique Palomino\" \/>\n<meta property=\"article:modified_time\" content=\"2025-03-04T11:02:37+00:00\" \/>\n<meta name=\"twitter:card\" content=\"summary_large_image\" \/>\n<meta name=\"twitter:label1\" content=\"Dur\u00e9e de lecture estim\u00e9e\" \/>\n\t<meta name=\"twitter:data1\" content=\"9 minutes\" \/>\n<script type=\"application\/ld+json\" class=\"yoast-schema-graph\">{\"@context\":\"https:\\\/\\\/schema.org\",\"@graph\":[{\"@type\":\"WebPage\",\"@id\":\"https:\\\/\\\/dev.trust-softwares.com\\\/palomino\\\/chemises-blouses\\\/\",\"url\":\"https:\\\/\\\/dev.trust-softwares.com\\\/palomino\\\/chemises-blouses\\\/\",\"name\":\"Chemises - Boutique Palomino\",\"isPartOf\":{\"@id\":\"https:\\\/\\\/dev.trust-softwares.com\\\/palomino\\\/#website\"},\"datePublished\":\"2023-07-04T14:07:41+00:00\",\"dateModified\":\"2025-03-04T11:02:37+00:00\",\"inLanguage\":\"fr-FR\",\"potentialAction\":[{\"@type\":\"ReadAction\",\"target\":[\"https:\\\/\\\/dev.trust-softwares.com\\\/palomino\\\/chemises-blouses\\\/\"]}]},{\"@type\":\"WebSite\",\"@id\":\"https:\\\/\\\/dev.trust-softwares.com\\\/palomino\\\/#website\",\"url\":\"https:\\\/\\\/dev.trust-softwares.com\\\/palomino\\\/\",\"name\":\"Boutique Palomino\",\"description\":\"V\u00eatements pour femme, chaussures et accessoires\",\"potentialAction\":[{\"@type\":\"SearchAction\",\"target\":{\"@type\":\"EntryPoint\",\"urlTemplate\":\"https:\\\/\\\/dev.trust-softwares.com\\\/palomino\\\/?s={search_term_string}\"},\"query-input\":{\"@type\":\"PropertyValueSpecification\",\"valueRequired\":true,\"valueName\":\"search_term_string\"}}],\"inLanguage\":\"fr-FR\"}]}<\/script>\n<!-- \/ Yoast SEO plugin. -->","yoast_head_json":{"title":"Chemises - Boutique Palomino","robots":{"index":"noindex","follow":"follow","max-snippet":"max-snippet:-1","max-image-preview":"max-image-preview:large","max-video-preview":"max-video-preview:-1"},"og_locale":"fr_FR","og_type":"article","og_title":"Chemises - Boutique Palomino","og_description":"CHEMISES\/BLOUSES &nbsp; Explorez notre s\u00e9lection de chemises, blouses et trouvez la pi\u00e8ce parfaite. Faites confiance \u00e0 nos chemises de cr\u00e9ateurs et cr\u00e9ez des looks qui refl\u00e8tent votre style avec Palomino. Palomino, votre destination de pr\u00e9dilection pour d\u00e9couvrir les derni\u00e8res tendances en mati\u00e8re de chemises et blouses ! Nos chemises\/blouses sont des pi\u00e8ces intemporelles, que vous [&hellip;]","og_url":"https:\/\/dev.trust-softwares.com\/palomino\/chemises-blouses\/","og_site_name":"Boutique Palomino","article_modified_time":"2025-03-04T11:02:37+00:00","twitter_card":"summary_large_image","twitter_misc":{"Dur\u00e9e de lecture estim\u00e9e":"9 minutes"},"schema":{"@context":"https:\/\/schema.org","@graph":[{"@type":"WebPage","@id":"https:\/\/dev.trust-softwares.com\/palomino\/chemises-blouses\/","url":"https:\/\/dev.trust-softwares.com\/palomino\/chemises-blouses\/","name":"Chemises - Boutique Palomino","isPartOf":{"@id":"https:\/\/dev.trust-softwares.com\/palomino\/#website"},"datePublished":"2023-07-04T14:07:41+00:00","dateModified":"2025-03-04T11:02:37+00:00","inLanguage":"fr-FR","potentialAction":[{"@type":"ReadAction","target":["https:\/\/dev.trust-softwares.com\/palomino\/chemises-blouses\/"]}]},{"@type":"WebSite","@id":"https:\/\/dev.trust-softwares.com\/palomino\/#website","url":"https:\/\/dev.trust-softwares.com\/palomino\/","name":"Boutique Palomino","description":"V\u00eatements pour femme, chaussures et accessoires","potentialAction":[{"@type":"SearchAction","target":{"@type":"EntryPoint","urlTemplate":"https:\/\/dev.trust-softwares.com\/palomino\/?s={search_term_string}"},"query-input":{"@type":"PropertyValueSpecification","valueRequired":true,"valueName":"search_term_string"}}],"inLanguage":"fr-FR"}]}},"uagb_featured_image_src":{"full":false,"thumbnail":false,"medium":false,"medium_large":false,"large":false,"1536x1536":false,"2048x2048":false,"et-pb-post-main-image":false,"et-pb-post-main-image-fullwidth":false,"et-pb-portfolio-image":false,"et-pb-portfolio-module-image":false,"et-pb-portfolio-image-single":false,"et-pb-gallery-module-image-portrait":false,"et-pb-post-main-image-fullwidth-large":false,"menu-24x24":false,"menu-36x36":false,"menu-16x16":false,"woocommerce_thumbnail":false,"woocommerce_single":false,"woocommerce_gallery_thumbnail":false,"variation_swatches_image_size":false,"variation_swatches_tooltip_size":false,"dgwt-wcas-product-suggestion":false},"uagb_author_info":{"display_name":"Laura","author_link":"https:\/\/dev.trust-softwares.com\/palomino\/author\/laura\/"},"uagb_comment_info":0,"uagb_excerpt":"CHEMISES\/BLOUSES &nbsp; Explorez notre s\u00e9lection de chemises, blouses et trouvez la pi\u00e8ce parfaite. Faites confiance \u00e0 nos chemises de cr\u00e9ateurs et cr\u00e9ez des looks qui refl\u00e8tent votre style avec Palomino. Palomino, votre destination de pr\u00e9dilection pour d\u00e9couvrir les derni\u00e8res tendances en mati\u00e8re de chemises et blouses ! Nos chemises\/blouses sont des pi\u00e8ces intemporelles, que vous\u2026","_links":{"self":[{"href":"https:\/\/dev.trust-softwares.com\/palomino\/wp-json\/wp\/v2\/pages\/256565","targetHints":{"allow":["GET"]}}],"collection":[{"href":"https:\/\/dev.trust-softwares.com\/palomino\/wp-json\/wp\/v2\/pages"}],"about":[{"href":"https:\/\/dev.trust-softwares.com\/palomino\/wp-json\/wp\/v2\/types\/page"}],"author":[{"embeddable":true,"href":"https:\/\/dev.trust-softwares.com\/palomino\/wp-json\/wp\/v2\/users\/4"}],"replies":[{"embeddable":true,"href":"https:\/\/dev.trust-softwares.com\/palomino\/wp-json\/wp\/v2\/comments?post=256565"}],"version-history":[{"count":15,"href":"https:\/\/dev.trust-softwares.com\/palomino\/wp-json\/wp\/v2\/pages\/256565\/revisions"}],"predecessor-version":[{"id":274053,"href":"https:\/\/dev.trust-softwares.com\/palomino\/wp-json\/wp\/v2\/pages\/256565\/revisions\/274053"}],"wp:attachment":[{"href":"https:\/\/dev.trust-softwares.com\/palomino\/wp-json\/wp\/v2\/media?parent=256565"}],"curies":[{"name":"wp","href":"https:\/\/api.w.org\/{rel}","templated":true}]}}