{"id":256596,"date":"2023-07-04T15:19:23","date_gmt":"2023-07-04T15:19:23","guid":{"rendered":"https:\/\/dev.trust-softwares.com\/palomino\/?page_id=256596"},"modified":"2025-03-04T12:01:09","modified_gmt":"2025-03-04T11:01:09","slug":"manteaux-vestes","status":"publish","type":"page","link":"https:\/\/dev.trust-softwares.com\/palomino\/manteaux-vestes\/","title":{"rendered":"Manteaux &#038; vestes"},"content":{"rendered":"<p>[et_pb_section fb_built=\u00a0\u00bb1&Prime; _builder_version=\u00a0\u00bb4.27.4&Prime; _module_preset=\u00a0\u00bbdefault\u00a0\u00bb custom_margin=\u00a0\u00bb5%||||false|false\u00a0\u00bb custom_margin_tablet=\u00a0\u00bb-2%||||false|false\u00a0\u00bb custom_margin_phone=\u00a0\u00bb5%||||false|false\u00a0\u00bb custom_margin_last_edited=\u00a0\u00bboff|desktop\u00a0\u00bb custom_padding=\u00a0\u00bb0px||||false|false\u00a0\u00bb hover_enabled=\u00a0\u00bb0&Prime; global_colors_info=\u00a0\u00bb{}\u00a0\u00bb sticky_enabled=\u00a0\u00bb0&Prime;][et_pb_row _builder_version=\u00a0\u00bb4.27.4&Prime; _module_preset=\u00a0\u00bbdefault\u00a0\u00bb background_image=\u00a0\u00bbhttps:\/\/dev.trust-softwares.com\/palomino\/wp-content\/uploads\/2024\/11\/boutiquepalominomanteauxvestes.jpg\u00a0\u00bb width=\u00a0\u00bb100%\u00a0\u00bb max_width=\u00a0\u00bb80%\u00a0\u00bb custom_margin_tablet=\u00a0\u00bb15%||||false|false\u00a0\u00bb custom_margin_phone=\u00a0\u00bb70%||||false|false\u00a0\u00bb custom_margin_last_edited=\u00a0\u00bboff|desktop\u00a0\u00bb custom_padding=\u00a0\u00bb||5%||false|false\u00a0\u00bb hover_enabled=\u00a0\u00bb0&Prime; background_last_edited=\u00a0\u00bbon|tablet\u00a0\u00bb background_image_phone=\u00a0\u00bbhttps:\/\/dev.trust-softwares.com\/palomino\/wp-content\/uploads\/2024\/11\/boutiquepalominomanteauxvestes.jpg\u00a0\u00bb background_enable_image_phone=\u00a0\u00bbon\u00a0\u00bb global_colors_info=\u00a0\u00bb{}\u00a0\u00bb sticky_enabled=\u00a0\u00bb0&Prime;][et_pb_column type=\u00a0\u00bb4_4&Prime; _builder_version=\u00a0\u00bb4.17.4&Prime; _module_preset=\u00a0\u00bbdefault\u00a0\u00bb global_colors_info=\u00a0\u00bb{}\u00a0\u00bb][et_pb_text _builder_version=\u00a0\u00bb4.23.1&Prime; _module_preset=\u00a0\u00bbdefault\u00a0\u00bb text_font=\u00a0\u00bb|600|||||||\u00a0\u00bb text_text_color=\u00a0\u00bb#ffffff\u00a0\u00bb text_font_size=\u00a0\u00bb14px\u00a0\u00bb header_font=\u00a0\u00bb|600||on|||||\u00a0\u00bb header_text_align=\u00a0\u00bbcenter\u00a0\u00bb header_text_color=\u00a0\u00bb#ffffff\u00a0\u00bb header_font_size=\u00a0\u00bb60px\u00a0\u00bb header_2_font=\u00a0\u00bbSource Sans Pro|600|||||||\u00a0\u00bb header_2_text_color=\u00a0\u00bb#ffffff\u00a0\u00bb header_2_font_size=\u00a0\u00bb14px\u00a0\u00bb text_orientation=\u00a0\u00bbcenter\u00a0\u00bb custom_padding=\u00a0\u00bb3%||3%||true|false\u00a0\u00bb text_font_size_tablet=\u00a0\u00bb14px\u00a0\u00bb text_font_size_phone=\u00a0\u00bb13px\u00a0\u00bb text_font_size_last_edited=\u00a0\u00bbon|phone\u00a0\u00bb header_font_size_tablet=\u00a0\u00bb60px\u00a0\u00bb header_font_size_phone=\u00a0\u00bb52px\u00a0\u00bb header_font_size_last_edited=\u00a0\u00bbon|desktop\u00a0\u00bb header_text_shadow_style=\u00a0\u00bbpreset1&Prime; global_colors_info=\u00a0\u00bb{}\u00a0\u00bb]<\/p>\n<h1 style=\"text-align: center;\">MANTEAUX\/VESTES<\/h1>\n<p>&nbsp;<\/p>\n<h2>D\u00e9couvrez notre s\u00e9lection de manteaux et vestes qui vous permettront de rester au chaud tout en \u00e9tant \u00e0 la pointe de la mode.<\/h2>\n<p>[\/et_pb_text][\/et_pb_column][\/et_pb_row][et_pb_row _builder_version=\u00a0\u00bb4.21.0&Prime; _module_preset=\u00a0\u00bbdefault\u00a0\u00bb custom_margin=\u00a0\u00bb5%||||false|false\u00a0\u00bb custom_padding=\u00a0\u00bb0px||||false|false\u00a0\u00bb global_colors_info=\u00a0\u00bb{}\u00a0\u00bb][et_pb_column type=\u00a0\u00bb4_4&Prime; _builder_version=\u00a0\u00bb4.17.4&Prime; _module_preset=\u00a0\u00bbdefault\u00a0\u00bb global_colors_info=\u00a0\u00bb{}\u00a0\u00bb][et_pb_shop type=\u00a0\u00bbproduct_category\u00a0\u00bb posts_number=\u00a0\u00bb1000&Prime; show_pagination=\u00a0\u00bbon\u00a0\u00bb include_categories=\u00a0\u00bb82,83,176,175&Prime; columns_number=\u00a0\u00bb4&Prime; orderby=\u00a0\u00bbdate-desc\u00a0\u00bb icon_hover_color=\u00a0\u00bb#D2C2B3&Prime; hover_icon=\u00a0\u00bb&#xe030;||divi||400&Prime; _builder_version=\u00a0\u00bb4.23.1&Prime; _module_preset=\u00a0\u00bbdefault\u00a0\u00bb title_font=\u00a0\u00bb|700|||||||\u00a0\u00bb title_text_align=\u00a0\u00bbcenter\u00a0\u00bb title_text_color=\u00a0\u00bb#000000&Prime; title_font_size=\u00a0\u00bb18px\u00a0\u00bb price_font=\u00a0\u00bb|700|||||||\u00a0\u00bb price_text_align=\u00a0\u00bbcenter\u00a0\u00bb price_text_color=\u00a0\u00bb#000000&Prime; price_font_size=\u00a0\u00bb20px\u00a0\u00bb price_line_height=\u00a0\u00bb50px\u00a0\u00bb custom_css_title=\u00a0\u00bbpadding-bottom: 20px !important;||border-bottom: 2px solid #000&Prime; global_colors_info=\u00a0\u00bb{}\u00a0\u00bb][\/et_pb_shop][\/et_pb_column][\/et_pb_row][et_pb_row _builder_version=\u00a0\u00bb4.21.0&Prime; _module_preset=\u00a0\u00bbdefault\u00a0\u00bb global_colors_info=\u00a0\u00bb{}\u00a0\u00bb][et_pb_column type=\u00a0\u00bb4_4&Prime; _builder_version=\u00a0\u00bb4.21.0&Prime; _module_preset=\u00a0\u00bbdefault\u00a0\u00bb global_colors_info=\u00a0\u00bb{}\u00a0\u00bb][et_pb_text _builder_version=\u00a0\u00bb4.21.0&Prime; _module_preset=\u00a0\u00bbdefault\u00a0\u00bb global_colors_info=\u00a0\u00bb{}\u00a0\u00bb]<\/p>\n<div class=\"flex-1 overflow-hidden\">\n<div class=\"react-scroll-to-bottom--css-qozto-79elbk h-full dark:bg-gray-800\">\n<div class=\"react-scroll-to-bottom--css-qozto-1n7m0yu\">\n<div class=\"flex flex-col text-sm dark:bg-gray-800\">\n<div class=\"group w-full text-gray-800 dark:text-gray-100 border-b border-black\/10 dark:border-gray-900\/50 bg-gray-50 dark:bg-[#444654]\">\n<div class=\"flex p-4 gap-4 text-base md:gap-6 md:max-w-2xl lg:max-w-[38rem] xl:max-w-3xl md:py-6 lg:px-0 m-auto\">\n<div class=\"relative flex w-[calc(100%-50px)] flex-col gap-1 md:gap-3 lg:w-[calc(100%-115px)]\">\n<div class=\"flex flex-grow flex-col gap-3\">\n<div class=\"min-h-[20px] flex items-start overflow-x-auto whitespace-pre-wrap break-words flex-col gap-4\">\n<div class=\"markdown prose w-full break-words dark:prose-invert light\">\n<p><em><strong>Palomino<\/strong><\/em>, votre rep\u00e8re de tendances pour la saison hivernale.<\/p>\n<p>Nous vous proposons un s\u00e9lections de v\u00eatements pour femme venant des marques renomm\u00e9es telles que <em><strong>Momoni, <a href=\"https:\/\/dev.trust-softwares.com\/palomino\/categorie-produit\/les-createurs\/rabens-saloner\/\" target=\"_blank\" rel=\"noopener\" title=\"rabens\"><span style=\"text-decoration: underline;\">Raben Saloner<\/span><\/a>, <a href=\"https:\/\/dev.trust-softwares.com\/palomino\/categorie-produit\/les-createurs\/anine-bing\/\" target=\"_blank\" rel=\"noopener\" title=\"anine bing\"><span style=\"text-decoration: underline;\">Anine Bing<\/span><\/a>, <a href=\"https:\/\/dev.trust-softwares.com\/palomino\/categorie-produit\/les-createurs\/ragdoll-la\/\" target=\"_blank\" rel=\"noopener\" title=\"ragdoll\"><span style=\"text-decoration: underline;\">Ragdoll LA<\/span><\/a>, Bellerose, <a href=\"https:\/\/dev.trust-softwares.com\/palomino\/categorie-produit\/les-createurs\/oof-wear\/\" target=\"_blank\" rel=\"noopener\" title=\"off wear\"><span style=\"text-decoration: underline;\">Oof Wear<\/span><\/a>, Berenice, Modetrotter, <span style=\"text-decoration: underline;\"><a href=\"https:\/\/dev.trust-softwares.com\/palomino\/categorie-produit\/les-createurs\/vanessa-bruno\/\" target=\"_blank\" rel=\"noopener\" title=\"Vanessa Bruno\">Vanessa Bruno<\/a><\/span> et Margaux Lonnberg<\/strong><\/em>.<\/p>\n<p>Que vous recherchiez un manteau long et sophistiqu\u00e9, une veste courte et d\u00e9contract\u00e9e, une doudoune pour vous prot\u00e9ger du froid glacial ou une parka pour affronter les intemp\u00e9ries, notre s\u00e9lection saura r\u00e9pondre \u00e0 vos besoins. Compl\u00e9tez votre look avec des <a href=\"https:\/\/dev.trust-softwares.com\/palomino\/bottes\/\" target=\"_blank\" rel=\"noopener\" title=\"bottes\"><em><span style=\"text-decoration: underline;\"><strong>bottes<\/strong><\/span><\/em><\/a> ou des <a href=\"https:\/\/dev.trust-softwares.com\/palomino\/bottines\/\" target=\"_blank\" rel=\"noopener\" title=\"bottines\"><strong><em><span style=\"text-decoration: underline;\">bottines<\/span><\/em><\/strong><\/a> et associez-les un <a href=\"https:\/\/dev.trust-softwares.com\/palomino\/jeans\/\" target=\"_blank\" rel=\"noopener\" title=\"jeans\"><strong><span style=\"text-decoration: underline;\"><em>jean<\/em><\/span><\/strong><\/a> pour cr\u00e9er un ensemble intemporel.<\/p>\n<p>Des coupes \u00e9l\u00e9gantes, des mat\u00e9riaux de qualit\u00e9 et des finitions impeccables font de nos pi\u00e8ces des indispensables de votre garde-robe hivernale.<\/p>\n<\/div>\n<\/div>\n<\/div>\n<\/div>\n<\/div>\n<\/div>\n<\/div>\n<\/div>\n<\/div>\n<\/div>\n<p>[\/et_pb_text][\/et_pb_column][\/et_pb_row][\/et_pb_section]<\/p>\n","protected":false},"excerpt":{"rendered":"<p>MANTEAUX\/VESTES &nbsp; D\u00e9couvrez notre s\u00e9lection de manteaux et vestes qui vous permettront de rester au chaud tout en \u00e9tant \u00e0 la pointe de la mode. Palomino, votre rep\u00e8re de tendances pour la saison hivernale. Nous vous proposons un s\u00e9lections de v\u00eatements pour femme venant des marques renomm\u00e9es telles que Momoni, Raben Saloner, Anine Bing, Ragdoll [&hellip;]<\/p>\n","protected":false},"author":4,"featured_media":0,"parent":0,"menu_order":0,"comment_status":"closed","ping_status":"closed","template":"","meta":{"_seopress_robots_primary_cat":"","_seopress_titles_title":"","_seopress_titles_desc":"","_seopress_robots_index":"","_et_pb_use_builder":"on","_et_pb_old_content":"","_et_gb_content_width":"","_uag_custom_page_level_css":"","footnotes":""},"class_list":["post-256596","page","type-page","status-publish","hentry"],"yoast_head":"<!-- This site is optimized with the Yoast SEO plugin v27.3 - https:\/\/yoast.com\/product\/yoast-seo-wordpress\/ -->\n<title>Manteaux &amp; vestes - Boutique Palomino<\/title>\n<meta name=\"robots\" content=\"noindex, follow, max-snippet:-1, max-image-preview:large, max-video-preview:-1\" \/>\n<meta property=\"og:locale\" content=\"fr_FR\" \/>\n<meta property=\"og:type\" content=\"article\" \/>\n<meta property=\"og:title\" content=\"Manteaux &amp; vestes - Boutique Palomino\" \/>\n<meta property=\"og:description\" content=\"MANTEAUX\/VESTES &nbsp; D\u00e9couvrez notre s\u00e9lection de manteaux et vestes qui vous permettront de rester au chaud tout en \u00e9tant \u00e0 la pointe de la mode. Palomino, votre rep\u00e8re de tendances pour la saison hivernale. Nous vous proposons un s\u00e9lections de v\u00eatements pour femme venant des marques renomm\u00e9es telles que Momoni, Raben Saloner, Anine Bing, Ragdoll [&hellip;]\" \/>\n<meta property=\"og:url\" content=\"https:\/\/dev.trust-softwares.com\/palomino\/manteaux-vestes\/\" \/>\n<meta property=\"og:site_name\" content=\"Boutique Palomino\" \/>\n<meta property=\"article:modified_time\" content=\"2025-03-04T11:01:09+00:00\" \/>\n<meta name=\"twitter:card\" content=\"summary_large_image\" \/>\n<meta name=\"twitter:label1\" content=\"Dur\u00e9e de lecture estim\u00e9e\" \/>\n\t<meta name=\"twitter:data1\" content=\"10 minutes\" \/>\n<script type=\"application\/ld+json\" class=\"yoast-schema-graph\">{\"@context\":\"https:\\\/\\\/schema.org\",\"@graph\":[{\"@type\":\"WebPage\",\"@id\":\"https:\\\/\\\/dev.trust-softwares.com\\\/palomino\\\/manteaux-vestes\\\/\",\"url\":\"https:\\\/\\\/dev.trust-softwares.com\\\/palomino\\\/manteaux-vestes\\\/\",\"name\":\"Manteaux & vestes - Boutique Palomino\",\"isPartOf\":{\"@id\":\"https:\\\/\\\/dev.trust-softwares.com\\\/palomino\\\/#website\"},\"datePublished\":\"2023-07-04T15:19:23+00:00\",\"dateModified\":\"2025-03-04T11:01:09+00:00\",\"inLanguage\":\"fr-FR\",\"potentialAction\":[{\"@type\":\"ReadAction\",\"target\":[\"https:\\\/\\\/dev.trust-softwares.com\\\/palomino\\\/manteaux-vestes\\\/\"]}]},{\"@type\":\"WebSite\",\"@id\":\"https:\\\/\\\/dev.trust-softwares.com\\\/palomino\\\/#website\",\"url\":\"https:\\\/\\\/dev.trust-softwares.com\\\/palomino\\\/\",\"name\":\"Boutique Palomino\",\"description\":\"V\u00eatements pour femme, chaussures et accessoires\",\"potentialAction\":[{\"@type\":\"SearchAction\",\"target\":{\"@type\":\"EntryPoint\",\"urlTemplate\":\"https:\\\/\\\/dev.trust-softwares.com\\\/palomino\\\/?s={search_term_string}\"},\"query-input\":{\"@type\":\"PropertyValueSpecification\",\"valueRequired\":true,\"valueName\":\"search_term_string\"}}],\"inLanguage\":\"fr-FR\"}]}<\/script>\n<!-- \/ Yoast SEO plugin. -->","yoast_head_json":{"title":"Manteaux & vestes - Boutique Palomino","robots":{"index":"noindex","follow":"follow","max-snippet":"max-snippet:-1","max-image-preview":"max-image-preview:large","max-video-preview":"max-video-preview:-1"},"og_locale":"fr_FR","og_type":"article","og_title":"Manteaux & vestes - Boutique Palomino","og_description":"MANTEAUX\/VESTES &nbsp; D\u00e9couvrez notre s\u00e9lection de manteaux et vestes qui vous permettront de rester au chaud tout en \u00e9tant \u00e0 la pointe de la mode. Palomino, votre rep\u00e8re de tendances pour la saison hivernale. Nous vous proposons un s\u00e9lections de v\u00eatements pour femme venant des marques renomm\u00e9es telles que Momoni, Raben Saloner, Anine Bing, Ragdoll [&hellip;]","og_url":"https:\/\/dev.trust-softwares.com\/palomino\/manteaux-vestes\/","og_site_name":"Boutique Palomino","article_modified_time":"2025-03-04T11:01:09+00:00","twitter_card":"summary_large_image","twitter_misc":{"Dur\u00e9e de lecture estim\u00e9e":"10 minutes"},"schema":{"@context":"https:\/\/schema.org","@graph":[{"@type":"WebPage","@id":"https:\/\/dev.trust-softwares.com\/palomino\/manteaux-vestes\/","url":"https:\/\/dev.trust-softwares.com\/palomino\/manteaux-vestes\/","name":"Manteaux & vestes - Boutique Palomino","isPartOf":{"@id":"https:\/\/dev.trust-softwares.com\/palomino\/#website"},"datePublished":"2023-07-04T15:19:23+00:00","dateModified":"2025-03-04T11:01:09+00:00","inLanguage":"fr-FR","potentialAction":[{"@type":"ReadAction","target":["https:\/\/dev.trust-softwares.com\/palomino\/manteaux-vestes\/"]}]},{"@type":"WebSite","@id":"https:\/\/dev.trust-softwares.com\/palomino\/#website","url":"https:\/\/dev.trust-softwares.com\/palomino\/","name":"Boutique Palomino","description":"V\u00eatements pour femme, chaussures et accessoires","potentialAction":[{"@type":"SearchAction","target":{"@type":"EntryPoint","urlTemplate":"https:\/\/dev.trust-softwares.com\/palomino\/?s={search_term_string}"},"query-input":{"@type":"PropertyValueSpecification","valueRequired":true,"valueName":"search_term_string"}}],"inLanguage":"fr-FR"}]}},"uagb_featured_image_src":{"full":false,"thumbnail":false,"medium":false,"medium_large":false,"large":false,"1536x1536":false,"2048x2048":false,"et-pb-post-main-image":false,"et-pb-post-main-image-fullwidth":false,"et-pb-portfolio-image":false,"et-pb-portfolio-module-image":false,"et-pb-portfolio-image-single":false,"et-pb-gallery-module-image-portrait":false,"et-pb-post-main-image-fullwidth-large":false,"menu-24x24":false,"menu-36x36":false,"menu-16x16":false,"woocommerce_thumbnail":false,"woocommerce_single":false,"woocommerce_gallery_thumbnail":false,"variation_swatches_image_size":false,"variation_swatches_tooltip_size":false,"dgwt-wcas-product-suggestion":false},"uagb_author_info":{"display_name":"Laura","author_link":"https:\/\/dev.trust-softwares.com\/palomino\/author\/laura\/"},"uagb_comment_info":0,"uagb_excerpt":"MANTEAUX\/VESTES &nbsp; D\u00e9couvrez notre s\u00e9lection de manteaux et vestes qui vous permettront de rester au chaud tout en \u00e9tant \u00e0 la pointe de la mode. Palomino, votre rep\u00e8re de tendances pour la saison hivernale. Nous vous proposons un s\u00e9lections de v\u00eatements pour femme venant des marques renomm\u00e9es telles que Momoni, Raben Saloner, Anine Bing, Ragdoll\u2026","_links":{"self":[{"href":"https:\/\/dev.trust-softwares.com\/palomino\/wp-json\/wp\/v2\/pages\/256596","targetHints":{"allow":["GET"]}}],"collection":[{"href":"https:\/\/dev.trust-softwares.com\/palomino\/wp-json\/wp\/v2\/pages"}],"about":[{"href":"https:\/\/dev.trust-softwares.com\/palomino\/wp-json\/wp\/v2\/types\/page"}],"author":[{"embeddable":true,"href":"https:\/\/dev.trust-softwares.com\/palomino\/wp-json\/wp\/v2\/users\/4"}],"replies":[{"embeddable":true,"href":"https:\/\/dev.trust-softwares.com\/palomino\/wp-json\/wp\/v2\/comments?post=256596"}],"version-history":[{"count":17,"href":"https:\/\/dev.trust-softwares.com\/palomino\/wp-json\/wp\/v2\/pages\/256596\/revisions"}],"predecessor-version":[{"id":274050,"href":"https:\/\/dev.trust-softwares.com\/palomino\/wp-json\/wp\/v2\/pages\/256596\/revisions\/274050"}],"wp:attachment":[{"href":"https:\/\/dev.trust-softwares.com\/palomino\/wp-json\/wp\/v2\/media?parent=256596"}],"curies":[{"name":"wp","href":"https:\/\/api.w.org\/{rel}","templated":true}]}}