{"id":256946,"date":"2023-07-18T15:37:08","date_gmt":"2023-07-18T15:37:08","guid":{"rendered":"https:\/\/dev.trust-softwares.com\/palomino\/?page_id=256946"},"modified":"2025-03-04T11:36:34","modified_gmt":"2025-03-04T10:36:34","slug":"pantalons","status":"publish","type":"page","link":"https:\/\/dev.trust-softwares.com\/palomino\/pantalons\/","title":{"rendered":"Pantalons"},"content":{"rendered":"<p>[et_pb_section fb_built=\u00a0\u00bb1&Prime; _builder_version=\u00a0\u00bb4.27.4&Prime; _module_preset=\u00a0\u00bbdefault\u00a0\u00bb custom_margin=\u00a0\u00bb5%||||false|false\u00a0\u00bb custom_margin_tablet=\u00a0\u00bb-2%||||false|false\u00a0\u00bb custom_margin_phone=\u00a0\u00bb5%||||false|false\u00a0\u00bb custom_margin_last_edited=\u00a0\u00bboff|desktop\u00a0\u00bb custom_padding=\u00a0\u00bb0px||||false|false\u00a0\u00bb hover_enabled=\u00a0\u00bb0&Prime; global_colors_info=\u00a0\u00bb{}\u00a0\u00bb sticky_enabled=\u00a0\u00bb0&Prime;][et_pb_row _builder_version=\u00a0\u00bb4.27.4&Prime; _module_preset=\u00a0\u00bbdefault\u00a0\u00bb background_image=\u00a0\u00bbhttps:\/\/dev.trust-softwares.com\/palomino\/wp-content\/uploads\/2024\/11\/BOUTIQUEPALOMINOPANTALONS.jpg\u00a0\u00bb width=\u00a0\u00bb100%\u00a0\u00bb max_width=\u00a0\u00bb80%\u00a0\u00bb custom_margin_tablet=\u00a0\u00bb15%||||false|false\u00a0\u00bb custom_margin_phone=\u00a0\u00bb70%||||false|false\u00a0\u00bb custom_margin_last_edited=\u00a0\u00bboff|desktop\u00a0\u00bb custom_padding=\u00a0\u00bb||5%||false|false\u00a0\u00bb hover_enabled=\u00a0\u00bb0&Prime; background_last_edited=\u00a0\u00bbon|tablet\u00a0\u00bb background_image_phone=\u00a0\u00bbhttps:\/\/dev.trust-softwares.com\/palomino\/wp-content\/uploads\/2024\/11\/BOUTIQUEPALOMINOPANTALONS.jpg\u00a0\u00bb background_enable_image_phone=\u00a0\u00bbon\u00a0\u00bb global_colors_info=\u00a0\u00bb{}\u00a0\u00bb sticky_enabled=\u00a0\u00bb0&Prime;][et_pb_column type=\u00a0\u00bb4_4&Prime; _builder_version=\u00a0\u00bb4.17.4&Prime; _module_preset=\u00a0\u00bbdefault\u00a0\u00bb global_colors_info=\u00a0\u00bb{}\u00a0\u00bb][et_pb_text _builder_version=\u00a0\u00bb4.21.0&Prime; _module_preset=\u00a0\u00bbdefault\u00a0\u00bb text_font=\u00a0\u00bb|600|||||||\u00a0\u00bb text_text_color=\u00a0\u00bb#ffffff\u00a0\u00bb text_font_size=\u00a0\u00bb14px\u00a0\u00bb header_font=\u00a0\u00bb|600||on|||||\u00a0\u00bb header_text_align=\u00a0\u00bbcenter\u00a0\u00bb header_text_color=\u00a0\u00bb#ffffff\u00a0\u00bb header_font_size=\u00a0\u00bb60px\u00a0\u00bb header_2_font=\u00a0\u00bbSource Sans Pro|600|||||||\u00a0\u00bb header_2_text_color=\u00a0\u00bb#ffffff\u00a0\u00bb header_2_font_size=\u00a0\u00bb14px\u00a0\u00bb text_orientation=\u00a0\u00bbcenter\u00a0\u00bb custom_padding=\u00a0\u00bb3%||3%||true|false\u00a0\u00bb text_font_size_tablet=\u00a0\u00bb14px\u00a0\u00bb text_font_size_phone=\u00a0\u00bb13px\u00a0\u00bb text_font_size_last_edited=\u00a0\u00bbon|phone\u00a0\u00bb header_font_size_tablet=\u00a0\u00bb60px\u00a0\u00bb header_font_size_phone=\u00a0\u00bb52px\u00a0\u00bb header_font_size_last_edited=\u00a0\u00bbon|desktop\u00a0\u00bb header_text_shadow_style=\u00a0\u00bbpreset1&Prime; global_colors_info=\u00a0\u00bb{}\u00a0\u00bb]<\/p>\n<h1>PANTALONS<\/h1>\n<h2>D\u00e9couvrez notre s\u00e9lection de pantalons pour des looks uniques.<\/h2>\n<p style=\"text-align: center;\">Palomino, des pantalons s\u00e9lectionn\u00e9es pour diff\u00e9rentes occasions.<\/p>\n<p>[\/et_pb_text][\/et_pb_column][\/et_pb_row][et_pb_row _builder_version=\u00a0\u00bb4.21.0&Prime; _module_preset=\u00a0\u00bbdefault\u00a0\u00bb custom_margin=\u00a0\u00bb5%||||false|false\u00a0\u00bb custom_padding=\u00a0\u00bb0px||||false|false\u00a0\u00bb global_colors_info=\u00a0\u00bb{}\u00a0\u00bb][et_pb_column type=\u00a0\u00bb4_4&Prime; _builder_version=\u00a0\u00bb4.17.4&Prime; _module_preset=\u00a0\u00bbdefault\u00a0\u00bb global_colors_info=\u00a0\u00bb{}\u00a0\u00bb][et_pb_shop type=\u00a0\u00bbproduct_category\u00a0\u00bb posts_number=\u00a0\u00bb2000&Prime; show_pagination=\u00a0\u00bbon\u00a0\u00bb include_categories=\u00a0\u00bb84&Prime; columns_number=\u00a0\u00bb4&Prime; orderby=\u00a0\u00bbdate-desc\u00a0\u00bb icon_hover_color=\u00a0\u00bb#D2C2B3&Prime; hover_icon=\u00a0\u00bb&#xe030;||divi||400&Prime; _builder_version=\u00a0\u00bb4.23.1&Prime; _module_preset=\u00a0\u00bbdefault\u00a0\u00bb title_font=\u00a0\u00bb|700|||||||\u00a0\u00bb title_text_align=\u00a0\u00bbcenter\u00a0\u00bb title_text_color=\u00a0\u00bb#000000&Prime; title_font_size=\u00a0\u00bb18px\u00a0\u00bb price_font=\u00a0\u00bb|700|||||||\u00a0\u00bb price_text_align=\u00a0\u00bbcenter\u00a0\u00bb price_text_color=\u00a0\u00bb#000000&Prime; price_font_size=\u00a0\u00bb20px\u00a0\u00bb price_line_height=\u00a0\u00bb50px\u00a0\u00bb custom_css_title=\u00a0\u00bbpadding-bottom: 20px !important;||border-bottom: 2px solid #000&Prime; global_colors_info=\u00a0\u00bb{}\u00a0\u00bb][\/et_pb_shop][et_pb_shop type=\u00a0\u00bbproduct_category\u00a0\u00bb posts_number=\u00a0\u00bb20&Prime; show_pagination=\u00a0\u00bbon\u00a0\u00bb include_categories=\u00a0\u00bb84&Prime; columns_number=\u00a0\u00bb4&Prime; orderby=\u00a0\u00bbdate-desc\u00a0\u00bb icon_hover_color=\u00a0\u00bb#D2C2B3&Prime; hover_icon=\u00a0\u00bb&#xe030;||divi||400&Prime; _builder_version=\u00a0\u00bb4.21.0&Prime; _module_preset=\u00a0\u00bbdefault\u00a0\u00bb title_font=\u00a0\u00bb|700|||||||\u00a0\u00bb title_text_align=\u00a0\u00bbcenter\u00a0\u00bb title_text_color=\u00a0\u00bb#000000&Prime; title_font_size=\u00a0\u00bb18px\u00a0\u00bb price_font=\u00a0\u00bb|700|||||||\u00a0\u00bb price_text_align=\u00a0\u00bbcenter\u00a0\u00bb price_text_color=\u00a0\u00bb#000000&Prime; price_font_size=\u00a0\u00bb20px\u00a0\u00bb price_line_height=\u00a0\u00bb50px\u00a0\u00bb custom_css_title=\u00a0\u00bbpadding-bottom: 20px !important;||border-bottom: 2px solid #000&Prime; global_colors_info=\u00a0\u00bb{}\u00a0\u00bb][\/et_pb_shop][\/et_pb_column][\/et_pb_row][et_pb_row _builder_version=\u00a0\u00bb4.21.0&Prime; _module_preset=\u00a0\u00bbdefault\u00a0\u00bb global_colors_info=\u00a0\u00bb{}\u00a0\u00bb][et_pb_column type=\u00a0\u00bb4_4&Prime; _builder_version=\u00a0\u00bb4.21.0&Prime; _module_preset=\u00a0\u00bbdefault\u00a0\u00bb global_colors_info=\u00a0\u00bb{}\u00a0\u00bb][et_pb_text _builder_version=\u00a0\u00bb4.21.0&Prime; _module_preset=\u00a0\u00bbdefault\u00a0\u00bb global_colors_info=\u00a0\u00bb{}\u00a0\u00bb]<\/p>\n<div class=\"flex-1 overflow-hidden\">\n<div class=\"react-scroll-to-bottom--css-qozto-79elbk h-full dark:bg-gray-800\">\n<div class=\"react-scroll-to-bottom--css-qozto-1n7m0yu\">\n<div class=\"flex flex-col text-sm dark:bg-gray-800\">\n<div class=\"group w-full text-gray-800 dark:text-gray-100 border-b border-black\/10 dark:border-gray-900\/50 bg-gray-50 dark:bg-[#444654]\">\n<div class=\"flex p-4 gap-4 text-base md:gap-6 md:max-w-2xl lg:max-w-[38rem] xl:max-w-3xl md:py-6 lg:px-0 m-auto\">\n<div class=\"relative flex w-[calc(100%-50px)] flex-col gap-1 md:gap-3 lg:w-[calc(100%-115px)]\">\n<div class=\"flex flex-grow flex-col gap-3\">\n<div class=\"min-h-[20px] flex items-start overflow-x-auto whitespace-pre-wrap break-words flex-col gap-4\">\n<div class=\"markdown prose w-full break-words dark:prose-invert light\">\n<div class=\"flex-1 overflow-hidden\">\n<div class=\"react-scroll-to-bottom--css-gltlc-79elbk h-full dark:bg-gray-800\">\n<div class=\"react-scroll-to-bottom--css-gltlc-1n7m0yu\">\n<div class=\"flex flex-col h-full text-sm dark:bg-gray-800\">\n<div class=\"group w-full text-gray-800 dark:text-gray-100 border-b border-black\/10 dark:border-gray-900\/50 bg-gray-50 dark:bg-[#444654]\">\n<div class=\"flex p-4 gap-4 text-base md:gap-6 md:max-w-2xl lg:max-w-[38rem] xl:max-w-3xl md:py-6 lg:px-0 m-auto\">\n<div class=\"relative flex w-[calc(100%-50px)] flex-col gap-1 md:gap-3 lg:w-[calc(100%-115px)]\">\n<div class=\"flex flex-grow flex-col gap-3\">\n<div class=\"min-h-[20px] flex items-start overflow-x-auto whitespace-pre-wrap break-words flex-col gap-4\">\n<div class=\"markdown prose w-full break-words dark:prose-invert light\">\n<p><em><strong>Palomino<\/strong><\/em>, votre r\u00e9f\u00e9rence en mati\u00e8re de mode pour les pantalons.<span>\u00a0<\/span><span>Notre s\u00e9lection de pantalons comprend une vari\u00e9t\u00e9 de styles pour r\u00e9pondre \u00e0 toutes les occasions.<\/span><\/p>\n<p>Notre s\u00e9lection de pantalons offre une vari\u00e9t\u00e9 de coupes, de couleurs et de styles pour r\u00e9pondre \u00e0 toutes vos envies : des pantalons tendance, parfaits pour \u00eatre assortis \u00e0 nos <strong><em><a href=\"https:\/\/dev.trust-softwares.com\/palomino\/t-shirts\/\" target=\"_blank\" rel=\"noopener\" title=\"t-shirts\">t-shirts<\/a><\/em><\/strong>, des pantalons classiques avec nos <a href=\"https:\/\/dev.trust-softwares.com\/palomino\/blouses\/\" target=\"_blank\" rel=\"noopener\" title=\"blouses\"><strong><em><span style=\"text-decoration: underline;\">blouses<\/span><\/em><\/strong><\/a> raffin\u00e9es pour cr\u00e9er des looks \u00e0 la fois professionnels et sophistiqu\u00e9s.<\/p>\n<p>Optez pour un style d\u00e9contract\u00e9 et tendance en associant nos pantalons avec nos <a href=\"https:\/\/dev.trust-softwares.com\/palomino\/t-shirts\/\" target=\"_blank\" rel=\"noopener\" title=\"top\"><strong><em><span style=\"text-decoration: underline;\">tops<\/span><\/em><\/strong><\/a> uniques et vari\u00e9s. Compl\u00e9tez vos tenues avec nos magnifiques <a href=\"https:\/\/dev.trust-softwares.com\/palomino\/pulls\/\" target=\"_blank\" rel=\"noopener\" title=\"pulls\"><span style=\"text-decoration: underline;\"><em><strong>pulls<\/strong><\/em><\/span><\/a>, parfaits pour les journ\u00e9es plus fra\u00eeches.<\/p>\n<p><span>Vous trouverez une vari\u00e9t\u00e9 de pantalons\u00a0 tendance issus de marques renomm\u00e9es telles que <\/span>: <em><strong><a href=\"https:\/\/dev.trust-softwares.com\/palomino\/categorie-produit\/les-createurs\/vanessa-bruno\/\" target=\"_blank\" rel=\"noopener\" title=\"vanessa bruno\"><span style=\"text-decoration: underline;\">Vanessa Bruno<\/span><\/a>, <a href=\"https:\/\/dev.trust-softwares.com\/palomino\/categorie-produit\/les-createurs\/momoni\/\" target=\"_blank\" rel=\"noopener\" title=\"momoni\"><span style=\"text-decoration: underline;\">Momoni<\/span><\/a>, Raben Saloner, <a href=\"https:\/\/dev.trust-softwares.com\/palomino\/categorie-produit\/les-createurs\/anine-bing\/\" target=\"_blank\" rel=\"noopener\" title=\"anine bing\"><span style=\"text-decoration: underline;\">Anine Bing<\/span><\/a>, Ragdoll LA, Bellerose, Berenice <a href=\"https:\/\/dev.trust-softwares.com\/palomino\/categorie-produit\/les-createurs\/modetrotter\/\" target=\"_blank\" rel=\"noopener\" title=\"modetrotter\"><span style=\"text-decoration: underline;\">Modetrotter<\/span><\/a>&#8230;<\/strong><\/em><\/p>\n<\/div>\n<\/div>\n<\/div>\n<\/div>\n<\/div>\n<\/div>\n<\/div>\n<\/div>\n<\/div>\n<\/div>\n<\/div>\n<\/div>\n<\/div>\n<\/div>\n<\/div>\n<\/div>\n<\/div>\n<\/div>\n<\/div>\n<\/div>\n<p>[\/et_pb_text][\/et_pb_column][\/et_pb_row][\/et_pb_section]<\/p>\n","protected":false},"excerpt":{"rendered":"<p>PANTALONS D\u00e9couvrez notre s\u00e9lection de pantalons pour des looks uniques. Palomino, des pantalons s\u00e9lectionn\u00e9es pour diff\u00e9rentes occasions. Palomino, votre r\u00e9f\u00e9rence en mati\u00e8re de mode pour les pantalons.\u00a0Notre s\u00e9lection de pantalons comprend une vari\u00e9t\u00e9 de styles pour r\u00e9pondre \u00e0 toutes les occasions. Notre s\u00e9lection de pantalons offre une vari\u00e9t\u00e9 de coupes, de couleurs et de styles [&hellip;]<\/p>\n","protected":false},"author":4,"featured_media":0,"parent":0,"menu_order":0,"comment_status":"closed","ping_status":"closed","template":"","meta":{"_seopress_robots_primary_cat":"","_seopress_titles_title":"","_seopress_titles_desc":"","_seopress_robots_index":"","_et_pb_use_builder":"on","_et_pb_old_content":"","_et_gb_content_width":"","_uag_custom_page_level_css":"","footnotes":""},"class_list":["post-256946","page","type-page","status-publish","hentry"],"yoast_head":"<!-- This site is optimized with the Yoast SEO plugin v27.4 - https:\/\/yoast.com\/product\/yoast-seo-wordpress\/ -->\n<title>Pantalons - Boutique Palomino<\/title>\n<meta name=\"robots\" content=\"noindex, follow, max-snippet:-1, max-image-preview:large, max-video-preview:-1\" \/>\n<meta property=\"og:locale\" content=\"fr_FR\" \/>\n<meta property=\"og:type\" content=\"article\" \/>\n<meta property=\"og:title\" content=\"Pantalons - Boutique Palomino\" \/>\n<meta property=\"og:description\" content=\"PANTALONS D\u00e9couvrez notre s\u00e9lection de pantalons pour des looks uniques. Palomino, des pantalons s\u00e9lectionn\u00e9es pour diff\u00e9rentes occasions. Palomino, votre r\u00e9f\u00e9rence en mati\u00e8re de mode pour les pantalons.\u00a0Notre s\u00e9lection de pantalons comprend une vari\u00e9t\u00e9 de styles pour r\u00e9pondre \u00e0 toutes les occasions. Notre s\u00e9lection de pantalons offre une vari\u00e9t\u00e9 de coupes, de couleurs et de styles [&hellip;]\" \/>\n<meta property=\"og:url\" content=\"https:\/\/dev.trust-softwares.com\/palomino\/pantalons\/\" \/>\n<meta property=\"og:site_name\" content=\"Boutique Palomino\" \/>\n<meta property=\"article:modified_time\" content=\"2025-03-04T10:36:34+00:00\" \/>\n<meta name=\"twitter:card\" content=\"summary_large_image\" \/>\n<meta name=\"twitter:label1\" content=\"Dur\u00e9e de lecture estim\u00e9e\" \/>\n\t<meta name=\"twitter:data1\" content=\"17 minutes\" \/>\n<script type=\"application\/ld+json\" class=\"yoast-schema-graph\">{\"@context\":\"https:\\\/\\\/schema.org\",\"@graph\":[{\"@type\":\"WebPage\",\"@id\":\"https:\\\/\\\/dev.trust-softwares.com\\\/palomino\\\/pantalons\\\/\",\"url\":\"https:\\\/\\\/dev.trust-softwares.com\\\/palomino\\\/pantalons\\\/\",\"name\":\"Pantalons - Boutique Palomino\",\"isPartOf\":{\"@id\":\"https:\\\/\\\/dev.trust-softwares.com\\\/palomino\\\/#website\"},\"datePublished\":\"2023-07-18T15:37:08+00:00\",\"dateModified\":\"2025-03-04T10:36:34+00:00\",\"inLanguage\":\"fr-FR\",\"potentialAction\":[{\"@type\":\"ReadAction\",\"target\":[\"https:\\\/\\\/dev.trust-softwares.com\\\/palomino\\\/pantalons\\\/\"]}]},{\"@type\":\"WebSite\",\"@id\":\"https:\\\/\\\/dev.trust-softwares.com\\\/palomino\\\/#website\",\"url\":\"https:\\\/\\\/dev.trust-softwares.com\\\/palomino\\\/\",\"name\":\"Boutique Palomino\",\"description\":\"V\u00eatements pour femme, chaussures et accessoires\",\"potentialAction\":[{\"@type\":\"SearchAction\",\"target\":{\"@type\":\"EntryPoint\",\"urlTemplate\":\"https:\\\/\\\/dev.trust-softwares.com\\\/palomino\\\/?s={search_term_string}\"},\"query-input\":{\"@type\":\"PropertyValueSpecification\",\"valueRequired\":true,\"valueName\":\"search_term_string\"}}],\"inLanguage\":\"fr-FR\"}]}<\/script>\n<!-- \/ Yoast SEO plugin. -->","yoast_head_json":{"title":"Pantalons - Boutique Palomino","robots":{"index":"noindex","follow":"follow","max-snippet":"max-snippet:-1","max-image-preview":"max-image-preview:large","max-video-preview":"max-video-preview:-1"},"og_locale":"fr_FR","og_type":"article","og_title":"Pantalons - Boutique Palomino","og_description":"PANTALONS D\u00e9couvrez notre s\u00e9lection de pantalons pour des looks uniques. Palomino, des pantalons s\u00e9lectionn\u00e9es pour diff\u00e9rentes occasions. Palomino, votre r\u00e9f\u00e9rence en mati\u00e8re de mode pour les pantalons.\u00a0Notre s\u00e9lection de pantalons comprend une vari\u00e9t\u00e9 de styles pour r\u00e9pondre \u00e0 toutes les occasions. Notre s\u00e9lection de pantalons offre une vari\u00e9t\u00e9 de coupes, de couleurs et de styles [&hellip;]","og_url":"https:\/\/dev.trust-softwares.com\/palomino\/pantalons\/","og_site_name":"Boutique Palomino","article_modified_time":"2025-03-04T10:36:34+00:00","twitter_card":"summary_large_image","twitter_misc":{"Dur\u00e9e de lecture estim\u00e9e":"17 minutes"},"schema":{"@context":"https:\/\/schema.org","@graph":[{"@type":"WebPage","@id":"https:\/\/dev.trust-softwares.com\/palomino\/pantalons\/","url":"https:\/\/dev.trust-softwares.com\/palomino\/pantalons\/","name":"Pantalons - Boutique Palomino","isPartOf":{"@id":"https:\/\/dev.trust-softwares.com\/palomino\/#website"},"datePublished":"2023-07-18T15:37:08+00:00","dateModified":"2025-03-04T10:36:34+00:00","inLanguage":"fr-FR","potentialAction":[{"@type":"ReadAction","target":["https:\/\/dev.trust-softwares.com\/palomino\/pantalons\/"]}]},{"@type":"WebSite","@id":"https:\/\/dev.trust-softwares.com\/palomino\/#website","url":"https:\/\/dev.trust-softwares.com\/palomino\/","name":"Boutique Palomino","description":"V\u00eatements pour femme, chaussures et accessoires","potentialAction":[{"@type":"SearchAction","target":{"@type":"EntryPoint","urlTemplate":"https:\/\/dev.trust-softwares.com\/palomino\/?s={search_term_string}"},"query-input":{"@type":"PropertyValueSpecification","valueRequired":true,"valueName":"search_term_string"}}],"inLanguage":"fr-FR"}]}},"uagb_featured_image_src":{"full":false,"thumbnail":false,"medium":false,"medium_large":false,"large":false,"1536x1536":false,"2048x2048":false,"et-pb-post-main-image":false,"et-pb-post-main-image-fullwidth":false,"et-pb-portfolio-image":false,"et-pb-portfolio-module-image":false,"et-pb-portfolio-image-single":false,"et-pb-gallery-module-image-portrait":false,"et-pb-post-main-image-fullwidth-large":false,"menu-24x24":false,"menu-36x36":false,"menu-16x16":false,"woocommerce_thumbnail":false,"woocommerce_single":false,"woocommerce_gallery_thumbnail":false,"variation_swatches_image_size":false,"variation_swatches_tooltip_size":false,"dgwt-wcas-product-suggestion":false},"uagb_author_info":{"display_name":"Laura","author_link":"https:\/\/dev.trust-softwares.com\/palomino\/author\/laura\/"},"uagb_comment_info":0,"uagb_excerpt":"PANTALONS D\u00e9couvrez notre s\u00e9lection de pantalons pour des looks uniques. Palomino, des pantalons s\u00e9lectionn\u00e9es pour diff\u00e9rentes occasions. Palomino, votre r\u00e9f\u00e9rence en mati\u00e8re de mode pour les pantalons.\u00a0Notre s\u00e9lection de pantalons comprend une vari\u00e9t\u00e9 de styles pour r\u00e9pondre \u00e0 toutes les occasions. Notre s\u00e9lection de pantalons offre une vari\u00e9t\u00e9 de coupes, de couleurs et de styles\u2026","_links":{"self":[{"href":"https:\/\/dev.trust-softwares.com\/palomino\/wp-json\/wp\/v2\/pages\/256946","targetHints":{"allow":["GET"]}}],"collection":[{"href":"https:\/\/dev.trust-softwares.com\/palomino\/wp-json\/wp\/v2\/pages"}],"about":[{"href":"https:\/\/dev.trust-softwares.com\/palomino\/wp-json\/wp\/v2\/types\/page"}],"author":[{"embeddable":true,"href":"https:\/\/dev.trust-softwares.com\/palomino\/wp-json\/wp\/v2\/users\/4"}],"replies":[{"embeddable":true,"href":"https:\/\/dev.trust-softwares.com\/palomino\/wp-json\/wp\/v2\/comments?post=256946"}],"version-history":[{"count":17,"href":"https:\/\/dev.trust-softwares.com\/palomino\/wp-json\/wp\/v2\/pages\/256946\/revisions"}],"predecessor-version":[{"id":274035,"href":"https:\/\/dev.trust-softwares.com\/palomino\/wp-json\/wp\/v2\/pages\/256946\/revisions\/274035"}],"wp:attachment":[{"href":"https:\/\/dev.trust-softwares.com\/palomino\/wp-json\/wp\/v2\/media?parent=256946"}],"curies":[{"name":"wp","href":"https:\/\/api.w.org\/{rel}","templated":true}]}}