{"id":268662,"date":"2024-10-15T15:53:11","date_gmt":"2024-10-15T14:53:11","guid":{"rendered":"https:\/\/dev.trust-softwares.com\/palomino\/?page_id=268662"},"modified":"2025-03-04T12:25:25","modified_gmt":"2025-03-04T11:25:25","slug":"samsoe-samsoe","status":"publish","type":"page","link":"https:\/\/dev.trust-softwares.com\/palomino\/samsoe-samsoe\/","title":{"rendered":"SAMSOE SAMSOE"},"content":{"rendered":"<p>[et_pb_section fb_built=\u00a0\u00bb1&Prime; _builder_version=\u00a0\u00bb4.27.4&Prime; _module_preset=\u00a0\u00bbdefault\u00a0\u00bb custom_margin=\u00a0\u00bb||||false|false\u00a0\u00bb custom_margin_tablet=\u00a0\u00bb-2%||||false|false\u00a0\u00bb custom_margin_phone=\u00a0\u00bb5%||||false|false\u00a0\u00bb custom_margin_last_edited=\u00a0\u00bboff|desktop\u00a0\u00bb custom_padding=\u00a0\u00bb0px||||false|false\u00a0\u00bb hover_enabled=\u00a0\u00bb0&Prime; global_colors_info=\u00a0\u00bb{}\u00a0\u00bb sticky_enabled=\u00a0\u00bb0&Prime;][et_pb_row _builder_version=\u00a0\u00bb4.27.4&Prime; _module_preset=\u00a0\u00bbdefault\u00a0\u00bb background_image=\u00a0\u00bbhttps:\/\/dev.trust-softwares.com\/palomino\/wp-content\/uploads\/2024\/09\/SAMSOESAMSOEBOUTIQUEPALOMINO-1.jpg\u00a0\u00bb width=\u00a0\u00bb100%\u00a0\u00bb max_width=\u00a0\u00bb100%\u00a0\u00bb max_width_tablet=\u00a0\u00bb100%\u00a0\u00bb max_width_phone=\u00a0\u00bb100%\u00a0\u00bb max_width_last_edited=\u00a0\u00bbon|phone\u00a0\u00bb custom_margin_tablet=\u00a0\u00bb30%||||false|false\u00a0\u00bb custom_margin_phone=\u00a0\u00bb68%||||false|false\u00a0\u00bb custom_margin_last_edited=\u00a0\u00bboff|desktop\u00a0\u00bb hover_enabled=\u00a0\u00bb0&Prime; background_last_edited=\u00a0\u00bbon|phone\u00a0\u00bb background_image_phone=\u00a0\u00bbhttps:\/\/dev.trust-softwares.com\/palomino\/wp-content\/uploads\/2024\/09\/SAMSOESAMSOEBOUTIQUEPALOMINO-1.jpg\u00a0\u00bb background_enable_image_phone=\u00a0\u00bbon\u00a0\u00bb global_colors_info=\u00a0\u00bb{}\u00a0\u00bb sticky_enabled=\u00a0\u00bb0&Prime;][et_pb_column type=\u00a0\u00bb4_4&Prime; _builder_version=\u00a0\u00bb4.17.4&Prime; _module_preset=\u00a0\u00bbdefault\u00a0\u00bb global_colors_info=\u00a0\u00bb{}\u00a0\u00bb][et_pb_text _builder_version=\u00a0\u00bb4.23.1&Prime; _module_preset=\u00a0\u00bbdefault\u00a0\u00bb text_font=\u00a0\u00bb|600|||||||\u00a0\u00bb text_text_color=\u00a0\u00bb#ffffff\u00a0\u00bb text_font_size=\u00a0\u00bb14px\u00a0\u00bb text_line_height=\u00a0\u00bb1.3em\u00a0\u00bb header_font=\u00a0\u00bb|600||on|||||\u00a0\u00bb header_text_align=\u00a0\u00bbcenter\u00a0\u00bb header_text_color=\u00a0\u00bb#ffffff\u00a0\u00bb header_font_size=\u00a0\u00bb60px\u00a0\u00bb header_2_font=\u00a0\u00bbSource Sans Pro|600|||||||\u00a0\u00bb header_2_text_color=\u00a0\u00bb#ffffff\u00a0\u00bb header_2_font_size=\u00a0\u00bb14px\u00a0\u00bb text_orientation=\u00a0\u00bbcenter\u00a0\u00bb custom_margin=\u00a0\u00bb|||4%|false|false\u00a0\u00bb custom_padding=\u00a0\u00bb3%||3%||true|false\u00a0\u00bb text_font_size_tablet=\u00a0\u00bb14px\u00a0\u00bb text_font_size_phone=\u00a0\u00bb13px\u00a0\u00bb text_font_size_last_edited=\u00a0\u00bbon|phone\u00a0\u00bb header_font_size_tablet=\u00a0\u00bb60px\u00a0\u00bb header_font_size_phone=\u00a0\u00bb52px\u00a0\u00bb header_font_size_last_edited=\u00a0\u00bbon|desktop\u00a0\u00bb header_text_shadow_style=\u00a0\u00bbpreset1&Prime; global_colors_info=\u00a0\u00bb{}\u00a0\u00bb]<\/p>\n<h1 style=\"text-align: left;\"><span style=\"color: #ffffff;\">SAMSOE SAMSOE<\/span><\/h1>\n<p><span style=\"color: #ffffff;\"><\/span><\/p>\n<p><span style=\"color: #ffffff;\"><\/span><\/p>\n<p><span style=\"color: #ffffff;\"><\/span><\/p>\n<p><span style=\"color: #ffffff;\"><\/span><\/p>\n<p><span style=\"color: #ffffff;\"><\/span><\/p>\n<p><span style=\"color: #ffffff;\"><\/span><\/p>\n<p><span style=\"color: #ffffff;\"><\/span><\/p>\n<p>&nbsp;<\/p>\n<p style=\"text-align: left;\"><span style=\"color: #000000;\"><!-- notionvc: 173b27c7-ec6c-4e92-9c79-d4197e3f231e --><\/span><span style=\"color: #000000;\"><\/span><!-- notionvc: 67afa7e6-cb69-4179-92c7-e4cdd584a567 --><\/p>\n<p>[\/et_pb_text][\/et_pb_column][\/et_pb_row][et_pb_row _builder_version=\u00a0\u00bb4.21.0&Prime; _module_preset=\u00a0\u00bbdefault\u00a0\u00bb custom_margin=\u00a0\u00bb5%||||false|false\u00a0\u00bb custom_padding=\u00a0\u00bb0px||||false|false\u00a0\u00bb global_colors_info=\u00a0\u00bb{}\u00a0\u00bb][et_pb_column type=\u00a0\u00bb4_4&Prime; _builder_version=\u00a0\u00bb4.17.4&Prime; _module_preset=\u00a0\u00bbdefault\u00a0\u00bb global_colors_info=\u00a0\u00bb{}\u00a0\u00bb][et_pb_shop type=\u00a0\u00bbproduct_category\u00a0\u00bb posts_number=\u00a0\u00bb1000&Prime; show_pagination=\u00a0\u00bbon\u00a0\u00bb include_categories=\u00a0\u00bb284&Prime; columns_number=\u00a0\u00bb4&Prime; orderby=\u00a0\u00bbdate-desc\u00a0\u00bb icon_hover_color=\u00a0\u00bb#D2C2B3&Prime; hover_icon=\u00a0\u00bb&#xe030;||divi||400&Prime; _builder_version=\u00a0\u00bb4.23.1&Prime; _module_preset=\u00a0\u00bbdefault\u00a0\u00bb title_font=\u00a0\u00bb|700|||||||\u00a0\u00bb title_text_align=\u00a0\u00bbcenter\u00a0\u00bb title_text_color=\u00a0\u00bb#000000&Prime; title_font_size=\u00a0\u00bb18px\u00a0\u00bb price_font=\u00a0\u00bb|700|||||||\u00a0\u00bb price_text_align=\u00a0\u00bbcenter\u00a0\u00bb price_text_color=\u00a0\u00bb#000000&Prime; price_font_size=\u00a0\u00bb20px\u00a0\u00bb price_line_height=\u00a0\u00bb50px\u00a0\u00bb custom_css_title=\u00a0\u00bbpadding-bottom: 20px !important;||border-bottom: 2px solid #000&Prime; global_colors_info=\u00a0\u00bb{}\u00a0\u00bb][\/et_pb_shop][\/et_pb_column][\/et_pb_row][et_pb_row disabled_on=\u00a0\u00bbon|on|on\u00a0\u00bb _builder_version=\u00a0\u00bb4.23.1&Prime; _module_preset=\u00a0\u00bbdefault\u00a0\u00bb disabled=\u00a0\u00bbon\u00a0\u00bb global_colors_info=\u00a0\u00bb{}\u00a0\u00bb][et_pb_column type=\u00a0\u00bb4_4&Prime; _builder_version=\u00a0\u00bb4.21.0&Prime; _module_preset=\u00a0\u00bbdefault\u00a0\u00bb global_colors_info=\u00a0\u00bb{}\u00a0\u00bb][et_pb_text _builder_version=\u00a0\u00bb4.21.0&Prime; _module_preset=\u00a0\u00bbdefault\u00a0\u00bb global_colors_info=\u00a0\u00bb{}\u00a0\u00bb]<\/p>\n<div class=\"flex-1 overflow-hidden\">\n<div class=\"react-scroll-to-bottom--css-qozto-79elbk h-full dark:bg-gray-800\">\n<div class=\"react-scroll-to-bottom--css-qozto-1n7m0yu\">\n<div class=\"flex flex-col text-sm dark:bg-gray-800\">\n<div class=\"group w-full text-gray-800 dark:text-gray-100 border-b border-black\/10 dark:border-gray-900\/50 bg-gray-50 dark:bg-[#444654]\">\n<div class=\"flex p-4 gap-4 text-base md:gap-6 md:max-w-2xl lg:max-w-[38rem] xl:max-w-3xl md:py-6 lg:px-0 m-auto\">\n<div class=\"relative flex w-[calc(100%-50px)] flex-col gap-1 md:gap-3 lg:w-[calc(100%-115px)]\">\n<div class=\"flex flex-grow flex-col gap-3\">\n<div class=\"min-h-[20px] flex items-start overflow-x-auto whitespace-pre-wrap break-words flex-col gap-4\">\n<div class=\"markdown prose w-full break-words dark:prose-invert light\">\n<p><em><strong>Palomino<\/strong><\/em>, votre rep\u00e8re de tendances pour les hauts \u00e0 la mode !<\/p>\n<p>Les <span style=\"text-decoration: underline;\"><strong><em><a href=\"https:\/\/dev.trust-softwares.com\/palomino\/t-shirts\/\" target=\"_blank\" rel=\"noopener\" title=\"t-shirts\">t-shirts<\/a><\/em><\/strong><\/span> sont des incontournables de toute garde-robe. Ils offrent \u00e0 la fois confort et style d\u00e9contract\u00e9 : vous trouverez chez nous une gamme de t-shirts vari\u00e9s, allant des coupes basiques aux imprim\u00e9s. <span style=\"font-size: 12px;\">Les <span style=\"text-decoration: underline;\"><a href=\"https:\/\/dev.trust-softwares.com\/palomino\/blouses\/\" target=\"_blank\" rel=\"noopener\" title=\"blouse\"><em><strong>blouses<\/strong><\/em><\/a><\/span><\/span><span style=\"font-size: 12px;\"> sont des pi\u00e8ces polyvalentes qui peuvent \u00eatre habill\u00e9es ou d\u00e9contract\u00e9es selon les associations. Que vous pr\u00e9f\u00e9riez une blouse fluide, romantique ou une blouse structur\u00e9e et chic, nous avons ce qu&rsquo;il vous faut pour compl\u00e9ter votre look.<\/span><\/p>\n<p>Optez pour une <span style=\"text-decoration: underline;\"><em><strong><a href=\"https:\/\/dev.trust-softwares.com\/palomino\/robes-combinaisons\/\" target=\"_blank\" rel=\"noopener\" title=\"robe\">robe<\/a><\/strong><\/em><\/span> f\u00e9minine et l\u00e9g\u00e8re pour une journ\u00e9e ensoleill\u00e9e, ou choisissez une <a href=\"https:\/\/dev.trust-softwares.com\/palomino\/robes-combinaisons\/\" target=\"_blank\" rel=\"noopener\" title=\"combinaisons\"><span style=\"text-decoration: underline;\"><em><strong>combinaison<\/strong><\/em><\/span><\/a> moderne pour une soir\u00e9e sp\u00e9ciale. <span style=\"font-size: 12px;\">Les <a href=\"https:\/\/dev.trust-softwares.com\/palomino\/chemises\/\" target=\"_blank\" rel=\"noopener\" title=\"chemises\"><span style=\"text-decoration: underline;\"><strong><em>chemises<\/em><\/strong><\/span><\/a><\/span><span style=\"font-size: 12px;\"> sont des pi\u00e8ces intemporelles qui ajoutent une touche de sophistication \u00e0 n&rsquo;importe quelle tenue.\u00a0<\/span><\/p>\n<p>Pour les journ\u00e9es plus fra\u00eeches, nos <a href=\"https:\/\/dev.trust-softwares.com\/palomino\/pulls\/\" target=\"_blank\" rel=\"noopener\" title=\"pulls\"><span style=\"text-decoration: underline;\"><em><strong>pulls<\/strong><\/em><\/span><\/a> vous garderont au chaud tout en vous assurant un style chic et confortable. P<span style=\"font-size: 12px;\">our les moments de d\u00e9tente et les activit\u00e9s sportives c<span>hoisissez<\/span>\u00a0pour un <a href=\"https:\/\/dev.trust-softwares.com\/palomino\/sweats\/\" target=\"_blank\" rel=\"noopener\" title=\"sweat\"><span style=\"text-decoration: underline;\"><em><strong>sweat<\/strong><\/em><\/span><\/a> \u00e0 capuche d\u00e9contract\u00e9 ou un sweat \u00e0 message audacieux pour afficher votre style streetwear.<\/span><\/p>\n<p>Pour les jours o\u00f9 la m\u00e9t\u00e9o est capricieuse, nos <a href=\"https:\/\/dev.trust-softwares.com\/palomino\/manteaux-vestes\/\" target=\"_blank\" rel=\"noopener\" title=\"manteaux et vestes\"><em><strong><span style=\"text-decoration: underline;\">manteaux et vestes<\/span><\/strong><\/em><\/a> vous prot\u00e9geront tout en ajoutant une touche de style \u00e0 votre tenue. Parmi nos marques en vedette, vous trouverez les cr\u00e9ateurs : <strong><em><a href=\"https:\/\/dev.trust-softwares.com\/palomino\/categorie-produit\/les-createurs\/momoni\/\" target=\"_blank\" rel=\"noopener\" title=\"momoni\">Momoni<\/a>, <span style=\"text-decoration: underline;\"><a href=\"https:\/\/dev.trust-softwares.com\/palomino\/categorie-produit\/les-createurs\/rabens-saloner\/\" target=\"_blank\" rel=\"noopener\" title=\"Raben Saloner\">Raben Saloner<\/a><\/span>, <a href=\"https:\/\/dev.trust-softwares.com\/palomino\/categorie-produit\/les-createurs\/anine-bing\/\" target=\"_blank\" rel=\"noopener\" title=\"anine bing\"><span style=\"text-decoration: underline;\">Anine Bing<\/span><\/a>, <span style=\"text-decoration: underline;\"><a href=\"https:\/\/dev.trust-softwares.com\/palomino\/categorie-produit\/les-createurs\/ragdoll-la\/\" target=\"_blank\" rel=\"noopener\" title=\"Ragdoll LA\">Ragdoll LA<\/a><\/span>, Bellerose, Oof Wear, Berenice, <a href=\"https:\/\/dev.trust-softwares.com\/palomino\/categorie-produit\/les-createurs\/modetrotter\/\" target=\"_blank\" rel=\"noopener\" title=\"modetrotter\"><span style=\"text-decoration: underline;\">Modetrotter<\/span><\/a> et <a href=\"https:\/\/dev.trust-softwares.com\/palomino\/categorie-produit\/les-createurs\/margaux-lonnberg\/\" target=\"_blank\" rel=\"noopener\" title=\"Margaux Lonnberg\"><span style=\"text-decoration: underline;\">Margaux Lonnberg<\/span><\/a><\/em><\/strong>.<\/p>\n<p>Chez <em><strong>Palomino<\/strong><\/em>, vous trouverez les derni\u00e8res tendances pour vous aider \u00e0 cr\u00e9er des tenues \u00e0 la fois modernes et intemporelles.\u00a0<\/p>\n<\/div>\n<\/div>\n<\/div>\n<\/div>\n<\/div>\n<\/div>\n<\/div>\n<\/div>\n<\/div>\n<\/div>\n<p>[\/et_pb_text][\/et_pb_column][\/et_pb_row][\/et_pb_section]<\/p>\n","protected":false},"excerpt":{"rendered":"<p>SAMSOE SAMSOE &nbsp; Palomino, votre rep\u00e8re de tendances pour les hauts \u00e0 la mode ! Les t-shirts sont des incontournables de toute garde-robe. Ils offrent \u00e0 la fois confort et style d\u00e9contract\u00e9 : vous trouverez chez nous une gamme de t-shirts vari\u00e9s, allant des coupes basiques aux imprim\u00e9s. Les blouses sont des pi\u00e8ces polyvalentes qui [&hellip;]<\/p>\n","protected":false},"author":4,"featured_media":0,"parent":0,"menu_order":0,"comment_status":"closed","ping_status":"closed","template":"","meta":{"_seopress_robots_primary_cat":"","_seopress_titles_title":"","_seopress_titles_desc":"","_seopress_robots_index":"","_et_pb_use_builder":"on","_et_pb_old_content":"","_et_gb_content_width":"","_uag_custom_page_level_css":"","footnotes":""},"class_list":["post-268662","page","type-page","status-publish","hentry"],"yoast_head":"<!-- This site is optimized with the Yoast SEO plugin v27.3 - https:\/\/yoast.com\/product\/yoast-seo-wordpress\/ -->\n<title>SAMSOE SAMSOE - Boutique Palomino<\/title>\n<meta name=\"robots\" content=\"noindex, follow, max-snippet:-1, max-image-preview:large, max-video-preview:-1\" \/>\n<meta property=\"og:locale\" content=\"fr_FR\" \/>\n<meta property=\"og:type\" content=\"article\" \/>\n<meta property=\"og:title\" content=\"SAMSOE SAMSOE - Boutique Palomino\" \/>\n<meta property=\"og:description\" content=\"SAMSOE SAMSOE &nbsp; Palomino, votre rep\u00e8re de tendances pour les hauts \u00e0 la mode ! Les t-shirts sont des incontournables de toute garde-robe. Ils offrent \u00e0 la fois confort et style d\u00e9contract\u00e9 : vous trouverez chez nous une gamme de t-shirts vari\u00e9s, allant des coupes basiques aux imprim\u00e9s. Les blouses sont des pi\u00e8ces polyvalentes qui [&hellip;]\" \/>\n<meta property=\"og:url\" content=\"https:\/\/dev.trust-softwares.com\/palomino\/samsoe-samsoe\/\" \/>\n<meta property=\"og:site_name\" content=\"Boutique Palomino\" \/>\n<meta property=\"article:modified_time\" content=\"2025-03-04T11:25:25+00:00\" \/>\n<meta name=\"twitter:card\" content=\"summary_large_image\" \/>\n<meta name=\"twitter:label1\" content=\"Dur\u00e9e de lecture estim\u00e9e\" \/>\n\t<meta name=\"twitter:data1\" content=\"2 minutes\" \/>\n<script type=\"application\/ld+json\" class=\"yoast-schema-graph\">{\"@context\":\"https:\\\/\\\/schema.org\",\"@graph\":[{\"@type\":\"WebPage\",\"@id\":\"https:\\\/\\\/dev.trust-softwares.com\\\/palomino\\\/samsoe-samsoe\\\/\",\"url\":\"https:\\\/\\\/dev.trust-softwares.com\\\/palomino\\\/samsoe-samsoe\\\/\",\"name\":\"SAMSOE SAMSOE - Boutique Palomino\",\"isPartOf\":{\"@id\":\"https:\\\/\\\/dev.trust-softwares.com\\\/palomino\\\/#website\"},\"datePublished\":\"2024-10-15T14:53:11+00:00\",\"dateModified\":\"2025-03-04T11:25:25+00:00\",\"inLanguage\":\"fr-FR\",\"potentialAction\":[{\"@type\":\"ReadAction\",\"target\":[\"https:\\\/\\\/dev.trust-softwares.com\\\/palomino\\\/samsoe-samsoe\\\/\"]}]},{\"@type\":\"WebSite\",\"@id\":\"https:\\\/\\\/dev.trust-softwares.com\\\/palomino\\\/#website\",\"url\":\"https:\\\/\\\/dev.trust-softwares.com\\\/palomino\\\/\",\"name\":\"Boutique Palomino\",\"description\":\"V\u00eatements pour femme, chaussures et accessoires\",\"potentialAction\":[{\"@type\":\"SearchAction\",\"target\":{\"@type\":\"EntryPoint\",\"urlTemplate\":\"https:\\\/\\\/dev.trust-softwares.com\\\/palomino\\\/?s={search_term_string}\"},\"query-input\":{\"@type\":\"PropertyValueSpecification\",\"valueRequired\":true,\"valueName\":\"search_term_string\"}}],\"inLanguage\":\"fr-FR\"}]}<\/script>\n<!-- \/ Yoast SEO plugin. -->","yoast_head_json":{"title":"SAMSOE SAMSOE - Boutique Palomino","robots":{"index":"noindex","follow":"follow","max-snippet":"max-snippet:-1","max-image-preview":"max-image-preview:large","max-video-preview":"max-video-preview:-1"},"og_locale":"fr_FR","og_type":"article","og_title":"SAMSOE SAMSOE - Boutique Palomino","og_description":"SAMSOE SAMSOE &nbsp; Palomino, votre rep\u00e8re de tendances pour les hauts \u00e0 la mode ! Les t-shirts sont des incontournables de toute garde-robe. Ils offrent \u00e0 la fois confort et style d\u00e9contract\u00e9 : vous trouverez chez nous une gamme de t-shirts vari\u00e9s, allant des coupes basiques aux imprim\u00e9s. Les blouses sont des pi\u00e8ces polyvalentes qui [&hellip;]","og_url":"https:\/\/dev.trust-softwares.com\/palomino\/samsoe-samsoe\/","og_site_name":"Boutique Palomino","article_modified_time":"2025-03-04T11:25:25+00:00","twitter_card":"summary_large_image","twitter_misc":{"Dur\u00e9e de lecture estim\u00e9e":"2 minutes"},"schema":{"@context":"https:\/\/schema.org","@graph":[{"@type":"WebPage","@id":"https:\/\/dev.trust-softwares.com\/palomino\/samsoe-samsoe\/","url":"https:\/\/dev.trust-softwares.com\/palomino\/samsoe-samsoe\/","name":"SAMSOE SAMSOE - Boutique Palomino","isPartOf":{"@id":"https:\/\/dev.trust-softwares.com\/palomino\/#website"},"datePublished":"2024-10-15T14:53:11+00:00","dateModified":"2025-03-04T11:25:25+00:00","inLanguage":"fr-FR","potentialAction":[{"@type":"ReadAction","target":["https:\/\/dev.trust-softwares.com\/palomino\/samsoe-samsoe\/"]}]},{"@type":"WebSite","@id":"https:\/\/dev.trust-softwares.com\/palomino\/#website","url":"https:\/\/dev.trust-softwares.com\/palomino\/","name":"Boutique Palomino","description":"V\u00eatements pour femme, chaussures et accessoires","potentialAction":[{"@type":"SearchAction","target":{"@type":"EntryPoint","urlTemplate":"https:\/\/dev.trust-softwares.com\/palomino\/?s={search_term_string}"},"query-input":{"@type":"PropertyValueSpecification","valueRequired":true,"valueName":"search_term_string"}}],"inLanguage":"fr-FR"}]}},"uagb_featured_image_src":{"full":false,"thumbnail":false,"medium":false,"medium_large":false,"large":false,"1536x1536":false,"2048x2048":false,"et-pb-post-main-image":false,"et-pb-post-main-image-fullwidth":false,"et-pb-portfolio-image":false,"et-pb-portfolio-module-image":false,"et-pb-portfolio-image-single":false,"et-pb-gallery-module-image-portrait":false,"et-pb-post-main-image-fullwidth-large":false,"menu-24x24":false,"menu-36x36":false,"menu-16x16":false,"woocommerce_thumbnail":false,"woocommerce_single":false,"woocommerce_gallery_thumbnail":false,"variation_swatches_image_size":false,"variation_swatches_tooltip_size":false,"dgwt-wcas-product-suggestion":false},"uagb_author_info":{"display_name":"Laura","author_link":"https:\/\/dev.trust-softwares.com\/palomino\/author\/laura\/"},"uagb_comment_info":0,"uagb_excerpt":"SAMSOE SAMSOE &nbsp; Palomino, votre rep\u00e8re de tendances pour les hauts \u00e0 la mode ! Les t-shirts sont des incontournables de toute garde-robe. Ils offrent \u00e0 la fois confort et style d\u00e9contract\u00e9 : vous trouverez chez nous une gamme de t-shirts vari\u00e9s, allant des coupes basiques aux imprim\u00e9s. Les blouses sont des pi\u00e8ces polyvalentes qui\u2026","_links":{"self":[{"href":"https:\/\/dev.trust-softwares.com\/palomino\/wp-json\/wp\/v2\/pages\/268662","targetHints":{"allow":["GET"]}}],"collection":[{"href":"https:\/\/dev.trust-softwares.com\/palomino\/wp-json\/wp\/v2\/pages"}],"about":[{"href":"https:\/\/dev.trust-softwares.com\/palomino\/wp-json\/wp\/v2\/types\/page"}],"author":[{"embeddable":true,"href":"https:\/\/dev.trust-softwares.com\/palomino\/wp-json\/wp\/v2\/users\/4"}],"replies":[{"embeddable":true,"href":"https:\/\/dev.trust-softwares.com\/palomino\/wp-json\/wp\/v2\/comments?post=268662"}],"version-history":[{"count":5,"href":"https:\/\/dev.trust-softwares.com\/palomino\/wp-json\/wp\/v2\/pages\/268662\/revisions"}],"predecessor-version":[{"id":274068,"href":"https:\/\/dev.trust-softwares.com\/palomino\/wp-json\/wp\/v2\/pages\/268662\/revisions\/274068"}],"wp:attachment":[{"href":"https:\/\/dev.trust-softwares.com\/palomino\/wp-json\/wp\/v2\/media?parent=268662"}],"curies":[{"name":"wp","href":"https:\/\/api.w.org\/{rel}","templated":true}]}}