{"id":249015,"date":"2022-09-13T15:07:02","date_gmt":"2022-09-13T15:07:02","guid":{"rendered":"https:\/\/dev.trust-softwares.com\/palomino\/produit\/vanessa-bruno-cabas-l-feutre\/"},"modified":"2024-02-07T10:55:15","modified_gmt":"2024-02-07T09:55:15","slug":"vanessa-bruno-cabas-l-feutre","status":"publish","type":"product","link":"https:\/\/dev.trust-softwares.com\/palomino\/produit\/vanessa-bruno-cabas-l-feutre\/","title":{"rendered":"Vanessa Bruno &#8211; Cabas L FEUTRE Noir"},"content":{"rendered":"","protected":false},"excerpt":{"rendered":"<p>Cabas feutre<\/p>\n<ul>\n<li>90% laine<\/li>\n<li>10% polyester<\/li>\n<li>mati\u00e8re secondaire 100% vachette<\/li>\n<li>Dimensions: 48x33x18 cm<\/li>\n<\/ul>\n<p>Fabriqu\u00e9 en Italie<\/p>\n<p>Chez Palomino retrouvez les v\u00eatements tendances du moment !<\/p>\n","protected":false},"featured_media":250511,"comment_status":"open","ping_status":"closed","template":"","meta":{"_seopress_robots_primary_cat":"none","_seopress_titles_title":"","_seopress_titles_desc":"","_seopress_robots_index":"","_et_pb_use_builder":"","_et_pb_old_content":"","_et_gb_content_width":"","_uag_custom_page_level_css":""},"product_brand":[],"product_cat":[23,107,117],"product_tag":[134],"class_list":{"0":"post-249015","1":"product","2":"type-product","3":"status-publish","4":"has-post-thumbnail","6":"product_cat-last-chance","7":"product_cat-les-createurs","8":"product_cat-vanessa-bruno","9":"product_tag-vanessa-bruno","10":"pa_couleur-beige","11":"pa_couleur-bleu-fonce","12":"pa_couleur-gris","13":"pa_couleur-marron","14":"pa_couleur-noir","15":"pa_taille-l","16":"pa_taille-m","17":"pa_taille-s","18":"pa_taille-tu","19":"pa_taille-xs","21":"first","22":"instock","23":"sale","24":"taxable","25":"shipping-taxable","26":"purchasable","27":"product-type-variable","28":"has-default-attributes"},"yoast_head":"<!-- This site is optimized with the Yoast SEO plugin v27.4 - https:\/\/yoast.com\/product\/yoast-seo-wordpress\/ -->\n<title>Vanessa Bruno - Cabas L FEUTRE Noir - Boutique Palomino<\/title>\n<meta name=\"robots\" content=\"noindex, follow, max-snippet:-1, max-image-preview:large, max-video-preview:-1\" \/>\n<meta property=\"og:locale\" content=\"fr_FR\" \/>\n<meta property=\"og:type\" content=\"article\" \/>\n<meta property=\"og:title\" content=\"Vanessa Bruno - Cabas L FEUTRE Noir - Boutique Palomino\" \/>\n<meta property=\"og:description\" content=\"Cabas feutre   90% laine  10% polyester  mati\u00e8re secondaire 100% vachette  Dimensions: 48x33x18 cm  Fabriqu\u00e9 en Italie  Chez Palomino retrouvez les v\u00eatements tendances du moment !\" \/>\n<meta property=\"og:url\" content=\"https:\/\/dev.trust-softwares.com\/palomino\/produit\/vanessa-bruno-cabas-l-feutre\/\" \/>\n<meta property=\"og:site_name\" content=\"Boutique Palomino\" \/>\n<meta property=\"article:modified_time\" content=\"2024-02-07T09:55:15+00:00\" \/>\n<meta property=\"og:image\" content=\"https:\/\/dev.trust-softwares.com\/palomino\/wp-content\/uploads\/2022\/09\/IMG-7513-2-scaled.jpg\" \/>\n\t<meta property=\"og:image:width\" content=\"1920\" \/>\n\t<meta property=\"og:image:height\" content=\"2560\" \/>\n\t<meta property=\"og:image:type\" content=\"image\/jpeg\" \/>\n<meta name=\"twitter:card\" content=\"summary_large_image\" \/>\n<meta name=\"twitter:label1\" content=\"Dur\u00e9e de lecture estim\u00e9e\" \/>\n\t<meta name=\"twitter:data1\" content=\"1 minute\" \/>\n<script type=\"application\/ld+json\" class=\"yoast-schema-graph\">{\"@context\":\"https:\\\/\\\/schema.org\",\"@graph\":[{\"@type\":\"WebPage\",\"@id\":\"https:\\\/\\\/dev.trust-softwares.com\\\/palomino\\\/produit\\\/vanessa-bruno-cabas-l-feutre\\\/\",\"url\":\"https:\\\/\\\/dev.trust-softwares.com\\\/palomino\\\/produit\\\/vanessa-bruno-cabas-l-feutre\\\/\",\"name\":\"Vanessa Bruno - Cabas L FEUTRE Noir - Boutique Palomino\",\"isPartOf\":{\"@id\":\"https:\\\/\\\/dev.trust-softwares.com\\\/palomino\\\/#website\"},\"primaryImageOfPage\":{\"@id\":\"https:\\\/\\\/dev.trust-softwares.com\\\/palomino\\\/produit\\\/vanessa-bruno-cabas-l-feutre\\\/#primaryimage\"},\"image\":{\"@id\":\"https:\\\/\\\/dev.trust-softwares.com\\\/palomino\\\/produit\\\/vanessa-bruno-cabas-l-feutre\\\/#primaryimage\"},\"thumbnailUrl\":\"https:\\\/\\\/dev.trust-softwares.com\\\/palomino\\\/wp-content\\\/uploads\\\/2022\\\/09\\\/IMG-7513-2-scaled.jpg\",\"datePublished\":\"2022-09-13T15:07:02+00:00\",\"dateModified\":\"2024-02-07T09:55:15+00:00\",\"breadcrumb\":{\"@id\":\"https:\\\/\\\/dev.trust-softwares.com\\\/palomino\\\/produit\\\/vanessa-bruno-cabas-l-feutre\\\/#breadcrumb\"},\"inLanguage\":\"fr-FR\",\"potentialAction\":[{\"@type\":\"ReadAction\",\"target\":[\"https:\\\/\\\/dev.trust-softwares.com\\\/palomino\\\/produit\\\/vanessa-bruno-cabas-l-feutre\\\/\"]}]},{\"@type\":\"ImageObject\",\"inLanguage\":\"fr-FR\",\"@id\":\"https:\\\/\\\/dev.trust-softwares.com\\\/palomino\\\/produit\\\/vanessa-bruno-cabas-l-feutre\\\/#primaryimage\",\"url\":\"https:\\\/\\\/dev.trust-softwares.com\\\/palomino\\\/wp-content\\\/uploads\\\/2022\\\/09\\\/IMG-7513-2-scaled.jpg\",\"contentUrl\":\"https:\\\/\\\/dev.trust-softwares.com\\\/palomino\\\/wp-content\\\/uploads\\\/2022\\\/09\\\/IMG-7513-2-scaled.jpg\",\"width\":1920,\"height\":2560,\"caption\":\"vanessa bruno cabas l feutre\"},{\"@type\":\"BreadcrumbList\",\"@id\":\"https:\\\/\\\/dev.trust-softwares.com\\\/palomino\\\/produit\\\/vanessa-bruno-cabas-l-feutre\\\/#breadcrumb\",\"itemListElement\":[{\"@type\":\"ListItem\",\"position\":1,\"name\":\"LES PRODUITS\",\"item\":\"https:\\\/\\\/dev.trust-softwares.com\\\/palomino\\\/les-produits\\\/\"},{\"@type\":\"ListItem\",\"position\":2,\"name\":\"Vanessa Bruno &#8211; Cabas L FEUTRE Noir\"}]},{\"@type\":\"WebSite\",\"@id\":\"https:\\\/\\\/dev.trust-softwares.com\\\/palomino\\\/#website\",\"url\":\"https:\\\/\\\/dev.trust-softwares.com\\\/palomino\\\/\",\"name\":\"Boutique Palomino\",\"description\":\"V\u00eatements pour femme, chaussures et accessoires\",\"potentialAction\":[{\"@type\":\"SearchAction\",\"target\":{\"@type\":\"EntryPoint\",\"urlTemplate\":\"https:\\\/\\\/dev.trust-softwares.com\\\/palomino\\\/?s={search_term_string}\"},\"query-input\":{\"@type\":\"PropertyValueSpecification\",\"valueRequired\":true,\"valueName\":\"search_term_string\"}}],\"inLanguage\":\"fr-FR\"}]}<\/script>\n<!-- \/ Yoast SEO plugin. -->","yoast_head_json":{"title":"Vanessa Bruno - Cabas L FEUTRE Noir - Boutique Palomino","robots":{"index":"noindex","follow":"follow","max-snippet":"max-snippet:-1","max-image-preview":"max-image-preview:large","max-video-preview":"max-video-preview:-1"},"og_locale":"fr_FR","og_type":"article","og_title":"Vanessa Bruno - Cabas L FEUTRE Noir - Boutique Palomino","og_description":"Cabas feutre   90% laine  10% polyester  mati\u00e8re secondaire 100% vachette  Dimensions: 48x33x18 cm  Fabriqu\u00e9 en Italie  Chez Palomino retrouvez les v\u00eatements tendances du moment !","og_url":"https:\/\/dev.trust-softwares.com\/palomino\/produit\/vanessa-bruno-cabas-l-feutre\/","og_site_name":"Boutique Palomino","article_modified_time":"2024-02-07T09:55:15+00:00","og_image":[{"width":1920,"height":2560,"url":"https:\/\/dev.trust-softwares.com\/palomino\/wp-content\/uploads\/2022\/09\/IMG-7513-2-scaled.jpg","type":"image\/jpeg"}],"twitter_card":"summary_large_image","twitter_misc":{"Dur\u00e9e de lecture estim\u00e9e":"1 minute"},"schema":{"@context":"https:\/\/schema.org","@graph":[{"@type":"WebPage","@id":"https:\/\/dev.trust-softwares.com\/palomino\/produit\/vanessa-bruno-cabas-l-feutre\/","url":"https:\/\/dev.trust-softwares.com\/palomino\/produit\/vanessa-bruno-cabas-l-feutre\/","name":"Vanessa Bruno - Cabas L FEUTRE Noir - Boutique Palomino","isPartOf":{"@id":"https:\/\/dev.trust-softwares.com\/palomino\/#website"},"primaryImageOfPage":{"@id":"https:\/\/dev.trust-softwares.com\/palomino\/produit\/vanessa-bruno-cabas-l-feutre\/#primaryimage"},"image":{"@id":"https:\/\/dev.trust-softwares.com\/palomino\/produit\/vanessa-bruno-cabas-l-feutre\/#primaryimage"},"thumbnailUrl":"https:\/\/dev.trust-softwares.com\/palomino\/wp-content\/uploads\/2022\/09\/IMG-7513-2-scaled.jpg","datePublished":"2022-09-13T15:07:02+00:00","dateModified":"2024-02-07T09:55:15+00:00","breadcrumb":{"@id":"https:\/\/dev.trust-softwares.com\/palomino\/produit\/vanessa-bruno-cabas-l-feutre\/#breadcrumb"},"inLanguage":"fr-FR","potentialAction":[{"@type":"ReadAction","target":["https:\/\/dev.trust-softwares.com\/palomino\/produit\/vanessa-bruno-cabas-l-feutre\/"]}]},{"@type":"ImageObject","inLanguage":"fr-FR","@id":"https:\/\/dev.trust-softwares.com\/palomino\/produit\/vanessa-bruno-cabas-l-feutre\/#primaryimage","url":"https:\/\/dev.trust-softwares.com\/palomino\/wp-content\/uploads\/2022\/09\/IMG-7513-2-scaled.jpg","contentUrl":"https:\/\/dev.trust-softwares.com\/palomino\/wp-content\/uploads\/2022\/09\/IMG-7513-2-scaled.jpg","width":1920,"height":2560,"caption":"vanessa bruno cabas l feutre"},{"@type":"BreadcrumbList","@id":"https:\/\/dev.trust-softwares.com\/palomino\/produit\/vanessa-bruno-cabas-l-feutre\/#breadcrumb","itemListElement":[{"@type":"ListItem","position":1,"name":"LES PRODUITS","item":"https:\/\/dev.trust-softwares.com\/palomino\/les-produits\/"},{"@type":"ListItem","position":2,"name":"Vanessa Bruno &#8211; Cabas L FEUTRE Noir"}]},{"@type":"WebSite","@id":"https:\/\/dev.trust-softwares.com\/palomino\/#website","url":"https:\/\/dev.trust-softwares.com\/palomino\/","name":"Boutique Palomino","description":"V\u00eatements pour femme, chaussures et accessoires","potentialAction":[{"@type":"SearchAction","target":{"@type":"EntryPoint","urlTemplate":"https:\/\/dev.trust-softwares.com\/palomino\/?s={search_term_string}"},"query-input":{"@type":"PropertyValueSpecification","valueRequired":true,"valueName":"search_term_string"}}],"inLanguage":"fr-FR"}]}},"uagb_featured_image_src":{"full":["https:\/\/dev.trust-softwares.com\/palomino\/wp-content\/uploads\/2022\/09\/IMG-7513-2-scaled.jpg",1920,2560,false],"thumbnail":["https:\/\/dev.trust-softwares.com\/palomino\/wp-content\/uploads\/2022\/09\/IMG-7513-2-scaled.jpg",113,150,false],"medium":["https:\/\/dev.trust-softwares.com\/palomino\/wp-content\/uploads\/2022\/09\/IMG-7513-2-scaled.jpg",225,300,false],"medium_large":["https:\/\/dev.trust-softwares.com\/palomino\/wp-content\/uploads\/2022\/09\/IMG-7513-2-scaled.jpg",768,1024,false],"large":["https:\/\/dev.trust-softwares.com\/palomino\/wp-content\/uploads\/2022\/09\/IMG-7513-2-scaled.jpg",768,1024,false],"1536x1536":["https:\/\/dev.trust-softwares.com\/palomino\/wp-content\/uploads\/2022\/09\/IMG-7513-2-scaled.jpg",1152,1536,false],"2048x2048":["https:\/\/dev.trust-softwares.com\/palomino\/wp-content\/uploads\/2022\/09\/IMG-7513-2-scaled.jpg",1536,2048,false],"et-pb-post-main-image":["https:\/\/dev.trust-softwares.com\/palomino\/wp-content\/uploads\/2022\/09\/IMG-7513-2-scaled.jpg",188,250,false],"et-pb-post-main-image-fullwidth":["https:\/\/dev.trust-softwares.com\/palomino\/wp-content\/uploads\/2022\/09\/IMG-7513-2-scaled.jpg",506,675,false],"et-pb-portfolio-image":["https:\/\/dev.trust-softwares.com\/palomino\/wp-content\/uploads\/2022\/09\/IMG-7513-2-scaled.jpg",213,284,false],"et-pb-portfolio-module-image":["https:\/\/dev.trust-softwares.com\/palomino\/wp-content\/uploads\/2022\/09\/IMG-7513-2-scaled.jpg",287,382,false],"et-pb-portfolio-image-single":["https:\/\/dev.trust-softwares.com\/palomino\/wp-content\/uploads\/2022\/09\/IMG-7513-2-scaled.jpg",1080,1440,false],"et-pb-gallery-module-image-portrait":["https:\/\/dev.trust-softwares.com\/palomino\/wp-content\/uploads\/2022\/09\/IMG-7513-2-scaled.jpg",387,516,false],"et-pb-post-main-image-fullwidth-large":["https:\/\/dev.trust-softwares.com\/palomino\/wp-content\/uploads\/2022\/09\/IMG-7513-2-scaled.jpg",1350,1800,false],"menu-24x24":["https:\/\/dev.trust-softwares.com\/palomino\/wp-content\/uploads\/2022\/09\/IMG-7513-2-scaled.jpg",18,24,false],"menu-36x36":["https:\/\/dev.trust-softwares.com\/palomino\/wp-content\/uploads\/2022\/09\/IMG-7513-2-scaled.jpg",27,36,false],"menu-16x16":["https:\/\/dev.trust-softwares.com\/palomino\/wp-content\/uploads\/2022\/09\/IMG-7513-2-scaled.jpg",12,16,false],"woocommerce_thumbnail":["https:\/\/dev.trust-softwares.com\/palomino\/wp-content\/uploads\/2022\/09\/IMG-7513-2-scaled.jpg",1920,2560,false],"woocommerce_single":["https:\/\/dev.trust-softwares.com\/palomino\/wp-content\/uploads\/2022\/09\/IMG-7513-2-scaled.jpg",1920,2560,false],"woocommerce_gallery_thumbnail":["https:\/\/dev.trust-softwares.com\/palomino\/wp-content\/uploads\/2022\/09\/IMG-7513-2-scaled-100x100.jpg",100,100,true],"variation_swatches_image_size":["https:\/\/dev.trust-softwares.com\/palomino\/wp-content\/uploads\/2022\/09\/IMG-7513-2-scaled.jpg",38,50,false],"variation_swatches_tooltip_size":["https:\/\/dev.trust-softwares.com\/palomino\/wp-content\/uploads\/2022\/09\/IMG-7513-2-scaled.jpg",75,100,false],"dgwt-wcas-product-suggestion":["https:\/\/dev.trust-softwares.com\/palomino\/wp-content\/uploads\/2022\/09\/IMG-7513-2-scaled.jpg",64,85,false]},"uagb_author_info":{"display_name":"Gr\u00e9gory Siloret","author_link":"https:\/\/dev.trust-softwares.com\/palomino\/author\/"},"uagb_comment_info":0,"uagb_excerpt":"Cabas feutre 90% laine 10% polyester mati\u00e8re secondaire 100% vachette Dimensions: 48x33x18 cm Fabriqu\u00e9 en Italie Chez Palomino retrouvez les v\u00eatements tendances du moment !","_links":{"self":[{"href":"https:\/\/dev.trust-softwares.com\/palomino\/wp-json\/wp\/v2\/product\/249015","targetHints":{"allow":["GET"]}}],"collection":[{"href":"https:\/\/dev.trust-softwares.com\/palomino\/wp-json\/wp\/v2\/product"}],"about":[{"href":"https:\/\/dev.trust-softwares.com\/palomino\/wp-json\/wp\/v2\/types\/product"}],"replies":[{"embeddable":true,"href":"https:\/\/dev.trust-softwares.com\/palomino\/wp-json\/wp\/v2\/comments?post=249015"}],"wp:featuredmedia":[{"embeddable":true,"href":"https:\/\/dev.trust-softwares.com\/palomino\/wp-json\/wp\/v2\/media\/250511"}],"wp:attachment":[{"href":"https:\/\/dev.trust-softwares.com\/palomino\/wp-json\/wp\/v2\/media?parent=249015"}],"wp:term":[{"taxonomy":"product_brand","embeddable":true,"href":"https:\/\/dev.trust-softwares.com\/palomino\/wp-json\/wp\/v2\/product_brand?post=249015"},{"taxonomy":"product_cat","embeddable":true,"href":"https:\/\/dev.trust-softwares.com\/palomino\/wp-json\/wp\/v2\/product_cat?post=249015"},{"taxonomy":"product_tag","embeddable":true,"href":"https:\/\/dev.trust-softwares.com\/palomino\/wp-json\/wp\/v2\/product_tag?post=249015"}],"curies":[{"name":"wp","href":"https:\/\/api.w.org\/{rel}","templated":true}]}}