{"id":251245,"date":"2022-12-13T10:29:57","date_gmt":"2022-12-13T10:29:57","guid":{"rendered":"https:\/\/dev.trust-softwares.com\/palomino\/produit\/anine-bing-jupe-erin\/"},"modified":"2023-08-30T14:47:40","modified_gmt":"2023-08-30T14:47:40","slug":"anine-bing-jupe-erin","status":"publish","type":"product","link":"https:\/\/dev.trust-softwares.com\/palomino\/produit\/anine-bing-jupe-erin\/","title":{"rendered":"Anine Bing &#8211; Jupe ERIN"},"content":{"rendered":"","protected":false},"excerpt":{"rendered":"<p>Jupe en soie<\/p>\n<ul>\n<li>100% soie<\/li>\n<\/ul>\n<p>Fabriqu\u00e9 en Chine<\/p>\n<p>Nettoyage \u00e0 sec<\/p>\n<p>Chez Palomino retrouvez les v\u00eatements tendances du moment !<\/p>\n","protected":false},"featured_media":252051,"comment_status":"open","ping_status":"closed","template":"","meta":{"_seopress_robots_primary_cat":"none","_seopress_titles_title":"","_seopress_titles_desc":"","_seopress_robots_index":"","_et_pb_use_builder":"","_et_pb_old_content":"","_et_gb_content_width":"","_uag_custom_page_level_css":""},"product_brand":[],"product_cat":[23],"product_tag":[153],"class_list":{"0":"post-251245","1":"product","2":"type-product","3":"status-publish","4":"has-post-thumbnail","6":"product_cat-last-chance","7":"product_tag-anine-bing","8":"pa_couleur-beige","9":"pa_taille-l","10":"pa_taille-m","11":"pa_taille-s","12":"pa_taille-xs","14":"first","15":"instock","16":"sale","17":"taxable","18":"shipping-taxable","19":"purchasable","20":"product-type-variable","21":"has-default-attributes"},"yoast_head":"<!-- This site is optimized with the Yoast SEO plugin v27.4 - https:\/\/yoast.com\/product\/yoast-seo-wordpress\/ -->\n<title>Anine Bing - Jupe ERIN - Boutique Palomino<\/title>\n<meta name=\"robots\" content=\"noindex, follow, max-snippet:-1, max-image-preview:large, max-video-preview:-1\" \/>\n<meta property=\"og:locale\" content=\"fr_FR\" \/>\n<meta property=\"og:type\" content=\"article\" \/>\n<meta property=\"og:title\" content=\"Anine Bing - Jupe ERIN - Boutique Palomino\" \/>\n<meta property=\"og:description\" content=\"Jupe en soie   100% soie  Fabriqu\u00e9 en Chine  Nettoyage \u00e0 sec  Chez Palomino retrouvez les v\u00eatements tendances du moment !\" \/>\n<meta property=\"og:url\" content=\"https:\/\/dev.trust-softwares.com\/palomino\/produit\/anine-bing-jupe-erin\/\" \/>\n<meta property=\"og:site_name\" content=\"Boutique Palomino\" \/>\n<meta property=\"article:modified_time\" content=\"2023-08-30T14:47:40+00:00\" \/>\n<meta property=\"og:image\" content=\"https:\/\/dev.trust-softwares.com\/palomino\/wp-content\/uploads\/2022\/12\/AB-ERIN-SKIRT-CHEETAH-PRINTA-04-4130-202_0661_985x.jpeg\" \/>\n\t<meta property=\"og:image:width\" content=\"985\" \/>\n\t<meta property=\"og:image:height\" content=\"1481\" \/>\n\t<meta property=\"og:image:type\" content=\"image\/jpeg\" \/>\n<meta name=\"twitter:card\" content=\"summary_large_image\" \/>\n<script type=\"application\/ld+json\" class=\"yoast-schema-graph\">{\"@context\":\"https:\\\/\\\/schema.org\",\"@graph\":[{\"@type\":\"WebPage\",\"@id\":\"https:\\\/\\\/dev.trust-softwares.com\\\/palomino\\\/produit\\\/anine-bing-jupe-erin\\\/\",\"url\":\"https:\\\/\\\/dev.trust-softwares.com\\\/palomino\\\/produit\\\/anine-bing-jupe-erin\\\/\",\"name\":\"Anine Bing - Jupe ERIN - Boutique Palomino\",\"isPartOf\":{\"@id\":\"https:\\\/\\\/dev.trust-softwares.com\\\/palomino\\\/#website\"},\"primaryImageOfPage\":{\"@id\":\"https:\\\/\\\/dev.trust-softwares.com\\\/palomino\\\/produit\\\/anine-bing-jupe-erin\\\/#primaryimage\"},\"image\":{\"@id\":\"https:\\\/\\\/dev.trust-softwares.com\\\/palomino\\\/produit\\\/anine-bing-jupe-erin\\\/#primaryimage\"},\"thumbnailUrl\":\"https:\\\/\\\/dev.trust-softwares.com\\\/palomino\\\/wp-content\\\/uploads\\\/2022\\\/12\\\/AB-ERIN-SKIRT-CHEETAH-PRINTA-04-4130-202_0661_985x.jpeg\",\"datePublished\":\"2022-12-13T10:29:57+00:00\",\"dateModified\":\"2023-08-30T14:47:40+00:00\",\"breadcrumb\":{\"@id\":\"https:\\\/\\\/dev.trust-softwares.com\\\/palomino\\\/produit\\\/anine-bing-jupe-erin\\\/#breadcrumb\"},\"inLanguage\":\"fr-FR\",\"potentialAction\":[{\"@type\":\"ReadAction\",\"target\":[\"https:\\\/\\\/dev.trust-softwares.com\\\/palomino\\\/produit\\\/anine-bing-jupe-erin\\\/\"]}]},{\"@type\":\"ImageObject\",\"inLanguage\":\"fr-FR\",\"@id\":\"https:\\\/\\\/dev.trust-softwares.com\\\/palomino\\\/produit\\\/anine-bing-jupe-erin\\\/#primaryimage\",\"url\":\"https:\\\/\\\/dev.trust-softwares.com\\\/palomino\\\/wp-content\\\/uploads\\\/2022\\\/12\\\/AB-ERIN-SKIRT-CHEETAH-PRINTA-04-4130-202_0661_985x.jpeg\",\"contentUrl\":\"https:\\\/\\\/dev.trust-softwares.com\\\/palomino\\\/wp-content\\\/uploads\\\/2022\\\/12\\\/AB-ERIN-SKIRT-CHEETAH-PRINTA-04-4130-202_0661_985x.jpeg\",\"width\":985,\"height\":1481,\"caption\":\"anine bing jupe erin\"},{\"@type\":\"BreadcrumbList\",\"@id\":\"https:\\\/\\\/dev.trust-softwares.com\\\/palomino\\\/produit\\\/anine-bing-jupe-erin\\\/#breadcrumb\",\"itemListElement\":[{\"@type\":\"ListItem\",\"position\":1,\"name\":\"LES PRODUITS\",\"item\":\"https:\\\/\\\/dev.trust-softwares.com\\\/palomino\\\/les-produits\\\/\"},{\"@type\":\"ListItem\",\"position\":2,\"name\":\"Anine Bing &#8211; Jupe ERIN\"}]},{\"@type\":\"WebSite\",\"@id\":\"https:\\\/\\\/dev.trust-softwares.com\\\/palomino\\\/#website\",\"url\":\"https:\\\/\\\/dev.trust-softwares.com\\\/palomino\\\/\",\"name\":\"Boutique Palomino\",\"description\":\"V\u00eatements pour femme, chaussures et accessoires\",\"potentialAction\":[{\"@type\":\"SearchAction\",\"target\":{\"@type\":\"EntryPoint\",\"urlTemplate\":\"https:\\\/\\\/dev.trust-softwares.com\\\/palomino\\\/?s={search_term_string}\"},\"query-input\":{\"@type\":\"PropertyValueSpecification\",\"valueRequired\":true,\"valueName\":\"search_term_string\"}}],\"inLanguage\":\"fr-FR\"}]}<\/script>\n<!-- \/ Yoast SEO plugin. -->","yoast_head_json":{"title":"Anine Bing - Jupe ERIN - Boutique Palomino","robots":{"index":"noindex","follow":"follow","max-snippet":"max-snippet:-1","max-image-preview":"max-image-preview:large","max-video-preview":"max-video-preview:-1"},"og_locale":"fr_FR","og_type":"article","og_title":"Anine Bing - Jupe ERIN - Boutique Palomino","og_description":"Jupe en soie   100% soie  Fabriqu\u00e9 en Chine  Nettoyage \u00e0 sec  Chez Palomino retrouvez les v\u00eatements tendances du moment !","og_url":"https:\/\/dev.trust-softwares.com\/palomino\/produit\/anine-bing-jupe-erin\/","og_site_name":"Boutique Palomino","article_modified_time":"2023-08-30T14:47:40+00:00","og_image":[{"width":985,"height":1481,"url":"https:\/\/dev.trust-softwares.com\/palomino\/wp-content\/uploads\/2022\/12\/AB-ERIN-SKIRT-CHEETAH-PRINTA-04-4130-202_0661_985x.jpeg","type":"image\/jpeg"}],"twitter_card":"summary_large_image","schema":{"@context":"https:\/\/schema.org","@graph":[{"@type":"WebPage","@id":"https:\/\/dev.trust-softwares.com\/palomino\/produit\/anine-bing-jupe-erin\/","url":"https:\/\/dev.trust-softwares.com\/palomino\/produit\/anine-bing-jupe-erin\/","name":"Anine Bing - Jupe ERIN - Boutique Palomino","isPartOf":{"@id":"https:\/\/dev.trust-softwares.com\/palomino\/#website"},"primaryImageOfPage":{"@id":"https:\/\/dev.trust-softwares.com\/palomino\/produit\/anine-bing-jupe-erin\/#primaryimage"},"image":{"@id":"https:\/\/dev.trust-softwares.com\/palomino\/produit\/anine-bing-jupe-erin\/#primaryimage"},"thumbnailUrl":"https:\/\/dev.trust-softwares.com\/palomino\/wp-content\/uploads\/2022\/12\/AB-ERIN-SKIRT-CHEETAH-PRINTA-04-4130-202_0661_985x.jpeg","datePublished":"2022-12-13T10:29:57+00:00","dateModified":"2023-08-30T14:47:40+00:00","breadcrumb":{"@id":"https:\/\/dev.trust-softwares.com\/palomino\/produit\/anine-bing-jupe-erin\/#breadcrumb"},"inLanguage":"fr-FR","potentialAction":[{"@type":"ReadAction","target":["https:\/\/dev.trust-softwares.com\/palomino\/produit\/anine-bing-jupe-erin\/"]}]},{"@type":"ImageObject","inLanguage":"fr-FR","@id":"https:\/\/dev.trust-softwares.com\/palomino\/produit\/anine-bing-jupe-erin\/#primaryimage","url":"https:\/\/dev.trust-softwares.com\/palomino\/wp-content\/uploads\/2022\/12\/AB-ERIN-SKIRT-CHEETAH-PRINTA-04-4130-202_0661_985x.jpeg","contentUrl":"https:\/\/dev.trust-softwares.com\/palomino\/wp-content\/uploads\/2022\/12\/AB-ERIN-SKIRT-CHEETAH-PRINTA-04-4130-202_0661_985x.jpeg","width":985,"height":1481,"caption":"anine bing jupe erin"},{"@type":"BreadcrumbList","@id":"https:\/\/dev.trust-softwares.com\/palomino\/produit\/anine-bing-jupe-erin\/#breadcrumb","itemListElement":[{"@type":"ListItem","position":1,"name":"LES PRODUITS","item":"https:\/\/dev.trust-softwares.com\/palomino\/les-produits\/"},{"@type":"ListItem","position":2,"name":"Anine Bing &#8211; Jupe ERIN"}]},{"@type":"WebSite","@id":"https:\/\/dev.trust-softwares.com\/palomino\/#website","url":"https:\/\/dev.trust-softwares.com\/palomino\/","name":"Boutique Palomino","description":"V\u00eatements pour femme, chaussures et accessoires","potentialAction":[{"@type":"SearchAction","target":{"@type":"EntryPoint","urlTemplate":"https:\/\/dev.trust-softwares.com\/palomino\/?s={search_term_string}"},"query-input":{"@type":"PropertyValueSpecification","valueRequired":true,"valueName":"search_term_string"}}],"inLanguage":"fr-FR"}]}},"uagb_featured_image_src":{"full":["https:\/\/dev.trust-softwares.com\/palomino\/wp-content\/uploads\/2022\/12\/AB-ERIN-SKIRT-CHEETAH-PRINTA-04-4130-202_0661_985x.jpeg",985,1481,false],"thumbnail":["https:\/\/dev.trust-softwares.com\/palomino\/wp-content\/uploads\/2022\/12\/AB-ERIN-SKIRT-CHEETAH-PRINTA-04-4130-202_0661_985x.jpeg",100,150,false],"medium":["https:\/\/dev.trust-softwares.com\/palomino\/wp-content\/uploads\/2022\/12\/AB-ERIN-SKIRT-CHEETAH-PRINTA-04-4130-202_0661_985x.jpeg",200,300,false],"medium_large":["https:\/\/dev.trust-softwares.com\/palomino\/wp-content\/uploads\/2022\/12\/AB-ERIN-SKIRT-CHEETAH-PRINTA-04-4130-202_0661_985x.jpeg",768,1155,false],"large":["https:\/\/dev.trust-softwares.com\/palomino\/wp-content\/uploads\/2022\/12\/AB-ERIN-SKIRT-CHEETAH-PRINTA-04-4130-202_0661_985x.jpeg",681,1024,false],"1536x1536":["https:\/\/dev.trust-softwares.com\/palomino\/wp-content\/uploads\/2022\/12\/AB-ERIN-SKIRT-CHEETAH-PRINTA-04-4130-202_0661_985x.jpeg",985,1481,false],"2048x2048":["https:\/\/dev.trust-softwares.com\/palomino\/wp-content\/uploads\/2022\/12\/AB-ERIN-SKIRT-CHEETAH-PRINTA-04-4130-202_0661_985x.jpeg",985,1481,false],"et-pb-post-main-image":["https:\/\/dev.trust-softwares.com\/palomino\/wp-content\/uploads\/2022\/12\/AB-ERIN-SKIRT-CHEETAH-PRINTA-04-4130-202_0661_985x.jpeg",166,250,false],"et-pb-post-main-image-fullwidth":["https:\/\/dev.trust-softwares.com\/palomino\/wp-content\/uploads\/2022\/12\/AB-ERIN-SKIRT-CHEETAH-PRINTA-04-4130-202_0661_985x.jpeg",449,675,false],"et-pb-portfolio-image":["https:\/\/dev.trust-softwares.com\/palomino\/wp-content\/uploads\/2022\/12\/AB-ERIN-SKIRT-CHEETAH-PRINTA-04-4130-202_0661_985x.jpeg",189,284,false],"et-pb-portfolio-module-image":["https:\/\/dev.trust-softwares.com\/palomino\/wp-content\/uploads\/2022\/12\/AB-ERIN-SKIRT-CHEETAH-PRINTA-04-4130-202_0661_985x.jpeg",254,382,false],"et-pb-portfolio-image-single":["https:\/\/dev.trust-softwares.com\/palomino\/wp-content\/uploads\/2022\/12\/AB-ERIN-SKIRT-CHEETAH-PRINTA-04-4130-202_0661_985x.jpeg",985,1481,false],"et-pb-gallery-module-image-portrait":["https:\/\/dev.trust-softwares.com\/palomino\/wp-content\/uploads\/2022\/12\/AB-ERIN-SKIRT-CHEETAH-PRINTA-04-4130-202_0661_985x.jpeg",343,516,false],"et-pb-post-main-image-fullwidth-large":["https:\/\/dev.trust-softwares.com\/palomino\/wp-content\/uploads\/2022\/12\/AB-ERIN-SKIRT-CHEETAH-PRINTA-04-4130-202_0661_985x.jpeg",985,1481,false],"menu-24x24":["https:\/\/dev.trust-softwares.com\/palomino\/wp-content\/uploads\/2022\/12\/AB-ERIN-SKIRT-CHEETAH-PRINTA-04-4130-202_0661_985x.jpeg",16,24,false],"menu-36x36":["https:\/\/dev.trust-softwares.com\/palomino\/wp-content\/uploads\/2022\/12\/AB-ERIN-SKIRT-CHEETAH-PRINTA-04-4130-202_0661_985x.jpeg",24,36,false],"menu-16x16":["https:\/\/dev.trust-softwares.com\/palomino\/wp-content\/uploads\/2022\/12\/AB-ERIN-SKIRT-CHEETAH-PRINTA-04-4130-202_0661_985x.jpeg",11,16,false],"woocommerce_thumbnail":["https:\/\/dev.trust-softwares.com\/palomino\/wp-content\/uploads\/2022\/12\/AB-ERIN-SKIRT-CHEETAH-PRINTA-04-4130-202_0661_985x.jpeg",985,1481,false],"woocommerce_single":["https:\/\/dev.trust-softwares.com\/palomino\/wp-content\/uploads\/2022\/12\/AB-ERIN-SKIRT-CHEETAH-PRINTA-04-4130-202_0661_985x.jpeg",985,1481,false],"woocommerce_gallery_thumbnail":["https:\/\/dev.trust-softwares.com\/palomino\/wp-content\/uploads\/2022\/12\/AB-ERIN-SKIRT-CHEETAH-PRINTA-04-4130-202_0661_985x-100x100.jpeg",100,100,true],"variation_swatches_image_size":["https:\/\/dev.trust-softwares.com\/palomino\/wp-content\/uploads\/2022\/12\/AB-ERIN-SKIRT-CHEETAH-PRINTA-04-4130-202_0661_985x.jpeg",33,50,false],"variation_swatches_tooltip_size":["https:\/\/dev.trust-softwares.com\/palomino\/wp-content\/uploads\/2022\/12\/AB-ERIN-SKIRT-CHEETAH-PRINTA-04-4130-202_0661_985x.jpeg",67,100,false],"dgwt-wcas-product-suggestion":["https:\/\/dev.trust-softwares.com\/palomino\/wp-content\/uploads\/2022\/12\/AB-ERIN-SKIRT-CHEETAH-PRINTA-04-4130-202_0661_985x.jpeg",64,96,false]},"uagb_author_info":{"display_name":"Gr\u00e9gory Siloret","author_link":"https:\/\/dev.trust-softwares.com\/palomino\/author\/"},"uagb_comment_info":0,"uagb_excerpt":"Jupe en soie 100% soie Fabriqu\u00e9 en Chine Nettoyage \u00e0 sec Chez Palomino retrouvez les v\u00eatements tendances du moment !","_links":{"self":[{"href":"https:\/\/dev.trust-softwares.com\/palomino\/wp-json\/wp\/v2\/product\/251245","targetHints":{"allow":["GET"]}}],"collection":[{"href":"https:\/\/dev.trust-softwares.com\/palomino\/wp-json\/wp\/v2\/product"}],"about":[{"href":"https:\/\/dev.trust-softwares.com\/palomino\/wp-json\/wp\/v2\/types\/product"}],"replies":[{"embeddable":true,"href":"https:\/\/dev.trust-softwares.com\/palomino\/wp-json\/wp\/v2\/comments?post=251245"}],"wp:featuredmedia":[{"embeddable":true,"href":"https:\/\/dev.trust-softwares.com\/palomino\/wp-json\/wp\/v2\/media\/252051"}],"wp:attachment":[{"href":"https:\/\/dev.trust-softwares.com\/palomino\/wp-json\/wp\/v2\/media?parent=251245"}],"wp:term":[{"taxonomy":"product_brand","embeddable":true,"href":"https:\/\/dev.trust-softwares.com\/palomino\/wp-json\/wp\/v2\/product_brand?post=251245"},{"taxonomy":"product_cat","embeddable":true,"href":"https:\/\/dev.trust-softwares.com\/palomino\/wp-json\/wp\/v2\/product_cat?post=251245"},{"taxonomy":"product_tag","embeddable":true,"href":"https:\/\/dev.trust-softwares.com\/palomino\/wp-json\/wp\/v2\/product_tag?post=251245"}],"curies":[{"name":"wp","href":"https:\/\/api.w.org\/{rel}","templated":true}]}}