{"id":252573,"date":"2023-03-22T13:36:43","date_gmt":"2023-03-22T13:36:43","guid":{"rendered":"https:\/\/dev.trust-softwares.com\/palomino\/produit\/essentiel-antwerp-chemise-debonair\/"},"modified":"2023-09-26T08:35:09","modified_gmt":"2023-09-26T08:35:09","slug":"essentiel-antwerp-chemise-debonair","status":"publish","type":"product","link":"https:\/\/dev.trust-softwares.com\/palomino\/produit\/essentiel-antwerp-chemise-debonair\/","title":{"rendered":"Essentiel Antwerp &#8211; Chemise DEBONAIR"},"content":{"rendered":"","protected":false},"excerpt":{"rendered":"<p>Chemise d\u00e9contract\u00e9e imprim\u00e9 fleuri<\/p>\n<ul>\n<li>55% polyester recycl\u00e9<\/li>\n<li>45% polyester<\/li>\n<\/ul>\n<p>Fabriqu\u00e9 en Chine<\/p>\n<p>Lavage \u00e0 la main<\/p>\n<p class=\"p1\">Chez Palomino retrouvez les v\u00eatements tendances du moment !<\/p>\n","protected":false},"featured_media":258786,"comment_status":"open","ping_status":"closed","template":"","meta":{"_seopress_robots_primary_cat":"none","_seopress_titles_title":"","_seopress_titles_desc":"","_seopress_robots_index":"","_et_pb_use_builder":"","_et_pb_old_content":"","_et_gb_content_width":"","_uag_custom_page_level_css":""},"product_brand":[],"product_cat":[23],"product_tag":[187],"class_list":{"0":"post-252573","1":"product","2":"type-product","3":"status-publish","4":"has-post-thumbnail","6":"product_cat-last-chance","7":"product_tag-essentiel-antwerp","8":"pa_couleur-multicolor","9":"pa_taille-37","10":"pa_taille-26","11":"pa_taille-29","12":"pa_taille-31","13":"pa_taille-38","14":"pa_taille-39","16":"first","17":"instock","18":"sale","19":"taxable","20":"shipping-taxable","21":"purchasable","22":"product-type-variable","23":"has-default-attributes"},"yoast_head":"<!-- This site is optimized with the Yoast SEO plugin v27.3 - https:\/\/yoast.com\/product\/yoast-seo-wordpress\/ -->\n<title>Essentiel Antwerp - Chemise DEBONAIR - Boutique Palomino<\/title>\n<meta name=\"robots\" content=\"noindex, follow, max-snippet:-1, max-image-preview:large, max-video-preview:-1\" \/>\n<meta property=\"og:locale\" content=\"fr_FR\" \/>\n<meta property=\"og:type\" content=\"article\" \/>\n<meta property=\"og:title\" content=\"Essentiel Antwerp - Chemise DEBONAIR - Boutique Palomino\" \/>\n<meta property=\"og:description\" content=\"Chemise d\u00e9contract\u00e9e imprim\u00e9 fleuri   55% polyester recycl\u00e9  45% polyester  Fabriqu\u00e9 en Chine  Lavage \u00e0 la main Chez Palomino retrouvez les v\u00eatements tendances du moment !\" \/>\n<meta property=\"og:url\" content=\"https:\/\/dev.trust-softwares.com\/palomino\/produit\/essentiel-antwerp-chemise-debonair\/\" \/>\n<meta property=\"og:site_name\" content=\"Boutique Palomino\" \/>\n<meta property=\"article:modified_time\" content=\"2023-09-26T08:35:09+00:00\" \/>\n<meta property=\"og:image\" content=\"https:\/\/dev.trust-softwares.com\/palomino\/wp-content\/uploads\/2023\/03\/debonair.jpg\" \/>\n\t<meta property=\"og:image:width\" content=\"1200\" \/>\n\t<meta property=\"og:image:height\" content=\"1800\" \/>\n\t<meta property=\"og:image:type\" content=\"image\/jpeg\" \/>\n<meta name=\"twitter:card\" content=\"summary_large_image\" \/>\n<script type=\"application\/ld+json\" class=\"yoast-schema-graph\">{\"@context\":\"https:\\\/\\\/schema.org\",\"@graph\":[{\"@type\":\"WebPage\",\"@id\":\"https:\\\/\\\/dev.trust-softwares.com\\\/palomino\\\/produit\\\/essentiel-antwerp-chemise-debonair\\\/\",\"url\":\"https:\\\/\\\/dev.trust-softwares.com\\\/palomino\\\/produit\\\/essentiel-antwerp-chemise-debonair\\\/\",\"name\":\"Essentiel Antwerp - Chemise DEBONAIR - Boutique Palomino\",\"isPartOf\":{\"@id\":\"https:\\\/\\\/dev.trust-softwares.com\\\/palomino\\\/#website\"},\"primaryImageOfPage\":{\"@id\":\"https:\\\/\\\/dev.trust-softwares.com\\\/palomino\\\/produit\\\/essentiel-antwerp-chemise-debonair\\\/#primaryimage\"},\"image\":{\"@id\":\"https:\\\/\\\/dev.trust-softwares.com\\\/palomino\\\/produit\\\/essentiel-antwerp-chemise-debonair\\\/#primaryimage\"},\"thumbnailUrl\":\"https:\\\/\\\/dev.trust-softwares.com\\\/palomino\\\/wp-content\\\/uploads\\\/2023\\\/03\\\/debonair.jpg\",\"datePublished\":\"2023-03-22T13:36:43+00:00\",\"dateModified\":\"2023-09-26T08:35:09+00:00\",\"breadcrumb\":{\"@id\":\"https:\\\/\\\/dev.trust-softwares.com\\\/palomino\\\/produit\\\/essentiel-antwerp-chemise-debonair\\\/#breadcrumb\"},\"inLanguage\":\"fr-FR\",\"potentialAction\":[{\"@type\":\"ReadAction\",\"target\":[\"https:\\\/\\\/dev.trust-softwares.com\\\/palomino\\\/produit\\\/essentiel-antwerp-chemise-debonair\\\/\"]}]},{\"@type\":\"ImageObject\",\"inLanguage\":\"fr-FR\",\"@id\":\"https:\\\/\\\/dev.trust-softwares.com\\\/palomino\\\/produit\\\/essentiel-antwerp-chemise-debonair\\\/#primaryimage\",\"url\":\"https:\\\/\\\/dev.trust-softwares.com\\\/palomino\\\/wp-content\\\/uploads\\\/2023\\\/03\\\/debonair.jpg\",\"contentUrl\":\"https:\\\/\\\/dev.trust-softwares.com\\\/palomino\\\/wp-content\\\/uploads\\\/2023\\\/03\\\/debonair.jpg\",\"width\":1200,\"height\":1800,\"caption\":\"essentiel antwerp chemise dirtbag\"},{\"@type\":\"BreadcrumbList\",\"@id\":\"https:\\\/\\\/dev.trust-softwares.com\\\/palomino\\\/produit\\\/essentiel-antwerp-chemise-debonair\\\/#breadcrumb\",\"itemListElement\":[{\"@type\":\"ListItem\",\"position\":1,\"name\":\"LES PRODUITS\",\"item\":\"https:\\\/\\\/dev.trust-softwares.com\\\/palomino\\\/les-produits\\\/\"},{\"@type\":\"ListItem\",\"position\":2,\"name\":\"Essentiel Antwerp &#8211; Chemise DEBONAIR\"}]},{\"@type\":\"WebSite\",\"@id\":\"https:\\\/\\\/dev.trust-softwares.com\\\/palomino\\\/#website\",\"url\":\"https:\\\/\\\/dev.trust-softwares.com\\\/palomino\\\/\",\"name\":\"Boutique Palomino\",\"description\":\"V\u00eatements pour femme, chaussures et accessoires\",\"potentialAction\":[{\"@type\":\"SearchAction\",\"target\":{\"@type\":\"EntryPoint\",\"urlTemplate\":\"https:\\\/\\\/dev.trust-softwares.com\\\/palomino\\\/?s={search_term_string}\"},\"query-input\":{\"@type\":\"PropertyValueSpecification\",\"valueRequired\":true,\"valueName\":\"search_term_string\"}}],\"inLanguage\":\"fr-FR\"}]}<\/script>\n<!-- \/ Yoast SEO plugin. -->","yoast_head_json":{"title":"Essentiel Antwerp - Chemise DEBONAIR - Boutique Palomino","robots":{"index":"noindex","follow":"follow","max-snippet":"max-snippet:-1","max-image-preview":"max-image-preview:large","max-video-preview":"max-video-preview:-1"},"og_locale":"fr_FR","og_type":"article","og_title":"Essentiel Antwerp - Chemise DEBONAIR - Boutique Palomino","og_description":"Chemise d\u00e9contract\u00e9e imprim\u00e9 fleuri   55% polyester recycl\u00e9  45% polyester  Fabriqu\u00e9 en Chine  Lavage \u00e0 la main Chez Palomino retrouvez les v\u00eatements tendances du moment !","og_url":"https:\/\/dev.trust-softwares.com\/palomino\/produit\/essentiel-antwerp-chemise-debonair\/","og_site_name":"Boutique Palomino","article_modified_time":"2023-09-26T08:35:09+00:00","og_image":[{"width":1200,"height":1800,"url":"https:\/\/dev.trust-softwares.com\/palomino\/wp-content\/uploads\/2023\/03\/debonair.jpg","type":"image\/jpeg"}],"twitter_card":"summary_large_image","schema":{"@context":"https:\/\/schema.org","@graph":[{"@type":"WebPage","@id":"https:\/\/dev.trust-softwares.com\/palomino\/produit\/essentiel-antwerp-chemise-debonair\/","url":"https:\/\/dev.trust-softwares.com\/palomino\/produit\/essentiel-antwerp-chemise-debonair\/","name":"Essentiel Antwerp - Chemise DEBONAIR - Boutique Palomino","isPartOf":{"@id":"https:\/\/dev.trust-softwares.com\/palomino\/#website"},"primaryImageOfPage":{"@id":"https:\/\/dev.trust-softwares.com\/palomino\/produit\/essentiel-antwerp-chemise-debonair\/#primaryimage"},"image":{"@id":"https:\/\/dev.trust-softwares.com\/palomino\/produit\/essentiel-antwerp-chemise-debonair\/#primaryimage"},"thumbnailUrl":"https:\/\/dev.trust-softwares.com\/palomino\/wp-content\/uploads\/2023\/03\/debonair.jpg","datePublished":"2023-03-22T13:36:43+00:00","dateModified":"2023-09-26T08:35:09+00:00","breadcrumb":{"@id":"https:\/\/dev.trust-softwares.com\/palomino\/produit\/essentiel-antwerp-chemise-debonair\/#breadcrumb"},"inLanguage":"fr-FR","potentialAction":[{"@type":"ReadAction","target":["https:\/\/dev.trust-softwares.com\/palomino\/produit\/essentiel-antwerp-chemise-debonair\/"]}]},{"@type":"ImageObject","inLanguage":"fr-FR","@id":"https:\/\/dev.trust-softwares.com\/palomino\/produit\/essentiel-antwerp-chemise-debonair\/#primaryimage","url":"https:\/\/dev.trust-softwares.com\/palomino\/wp-content\/uploads\/2023\/03\/debonair.jpg","contentUrl":"https:\/\/dev.trust-softwares.com\/palomino\/wp-content\/uploads\/2023\/03\/debonair.jpg","width":1200,"height":1800,"caption":"essentiel antwerp chemise dirtbag"},{"@type":"BreadcrumbList","@id":"https:\/\/dev.trust-softwares.com\/palomino\/produit\/essentiel-antwerp-chemise-debonair\/#breadcrumb","itemListElement":[{"@type":"ListItem","position":1,"name":"LES PRODUITS","item":"https:\/\/dev.trust-softwares.com\/palomino\/les-produits\/"},{"@type":"ListItem","position":2,"name":"Essentiel Antwerp &#8211; Chemise DEBONAIR"}]},{"@type":"WebSite","@id":"https:\/\/dev.trust-softwares.com\/palomino\/#website","url":"https:\/\/dev.trust-softwares.com\/palomino\/","name":"Boutique Palomino","description":"V\u00eatements pour femme, chaussures et accessoires","potentialAction":[{"@type":"SearchAction","target":{"@type":"EntryPoint","urlTemplate":"https:\/\/dev.trust-softwares.com\/palomino\/?s={search_term_string}"},"query-input":{"@type":"PropertyValueSpecification","valueRequired":true,"valueName":"search_term_string"}}],"inLanguage":"fr-FR"}]}},"uagb_featured_image_src":{"full":["https:\/\/dev.trust-softwares.com\/palomino\/wp-content\/uploads\/2023\/03\/debonair.jpg",1200,1800,false],"thumbnail":["https:\/\/dev.trust-softwares.com\/palomino\/wp-content\/uploads\/2023\/03\/debonair.jpg",100,150,false],"medium":["https:\/\/dev.trust-softwares.com\/palomino\/wp-content\/uploads\/2023\/03\/debonair.jpg",200,300,false],"medium_large":["https:\/\/dev.trust-softwares.com\/palomino\/wp-content\/uploads\/2023\/03\/debonair.jpg",768,1152,false],"large":["https:\/\/dev.trust-softwares.com\/palomino\/wp-content\/uploads\/2023\/03\/debonair.jpg",683,1024,false],"1536x1536":["https:\/\/dev.trust-softwares.com\/palomino\/wp-content\/uploads\/2023\/03\/debonair.jpg",1024,1536,false],"2048x2048":["https:\/\/dev.trust-softwares.com\/palomino\/wp-content\/uploads\/2023\/03\/debonair.jpg",1200,1800,false],"et-pb-post-main-image":["https:\/\/dev.trust-softwares.com\/palomino\/wp-content\/uploads\/2023\/03\/debonair.jpg",167,250,false],"et-pb-post-main-image-fullwidth":["https:\/\/dev.trust-softwares.com\/palomino\/wp-content\/uploads\/2023\/03\/debonair.jpg",450,675,false],"et-pb-portfolio-image":["https:\/\/dev.trust-softwares.com\/palomino\/wp-content\/uploads\/2023\/03\/debonair.jpg",189,284,false],"et-pb-portfolio-module-image":["https:\/\/dev.trust-softwares.com\/palomino\/wp-content\/uploads\/2023\/03\/debonair.jpg",255,382,false],"et-pb-portfolio-image-single":["https:\/\/dev.trust-softwares.com\/palomino\/wp-content\/uploads\/2023\/03\/debonair.jpg",1080,1620,false],"et-pb-gallery-module-image-portrait":["https:\/\/dev.trust-softwares.com\/palomino\/wp-content\/uploads\/2023\/03\/debonair.jpg",344,516,false],"et-pb-post-main-image-fullwidth-large":["https:\/\/dev.trust-softwares.com\/palomino\/wp-content\/uploads\/2023\/03\/debonair.jpg",1200,1800,false],"menu-24x24":["https:\/\/dev.trust-softwares.com\/palomino\/wp-content\/uploads\/2023\/03\/debonair.jpg",16,24,false],"menu-36x36":["https:\/\/dev.trust-softwares.com\/palomino\/wp-content\/uploads\/2023\/03\/debonair.jpg",24,36,false],"menu-16x16":["https:\/\/dev.trust-softwares.com\/palomino\/wp-content\/uploads\/2023\/03\/debonair.jpg",11,16,false],"woocommerce_thumbnail":["https:\/\/dev.trust-softwares.com\/palomino\/wp-content\/uploads\/2023\/03\/debonair.jpg",1200,1800,false],"woocommerce_single":["https:\/\/dev.trust-softwares.com\/palomino\/wp-content\/uploads\/2023\/03\/debonair.jpg",1200,1800,false],"woocommerce_gallery_thumbnail":["https:\/\/dev.trust-softwares.com\/palomino\/wp-content\/uploads\/2023\/03\/debonair-100x100.jpg",100,100,true],"variation_swatches_image_size":["https:\/\/dev.trust-softwares.com\/palomino\/wp-content\/uploads\/2023\/03\/debonair.jpg",33,50,false],"variation_swatches_tooltip_size":["https:\/\/dev.trust-softwares.com\/palomino\/wp-content\/uploads\/2023\/03\/debonair.jpg",67,100,false],"dgwt-wcas-product-suggestion":["https:\/\/dev.trust-softwares.com\/palomino\/wp-content\/uploads\/2023\/03\/debonair.jpg",64,96,false]},"uagb_author_info":{"display_name":"Gr\u00e9gory Siloret","author_link":"https:\/\/dev.trust-softwares.com\/palomino\/author\/"},"uagb_comment_info":0,"uagb_excerpt":"Chemise d\u00e9contract\u00e9e imprim\u00e9 fleuri 55% polyester recycl\u00e9 45% polyester Fabriqu\u00e9 en Chine Lavage \u00e0 la main Chez Palomino retrouvez les v\u00eatements tendances du moment !","_links":{"self":[{"href":"https:\/\/dev.trust-softwares.com\/palomino\/wp-json\/wp\/v2\/product\/252573","targetHints":{"allow":["GET"]}}],"collection":[{"href":"https:\/\/dev.trust-softwares.com\/palomino\/wp-json\/wp\/v2\/product"}],"about":[{"href":"https:\/\/dev.trust-softwares.com\/palomino\/wp-json\/wp\/v2\/types\/product"}],"replies":[{"embeddable":true,"href":"https:\/\/dev.trust-softwares.com\/palomino\/wp-json\/wp\/v2\/comments?post=252573"}],"wp:featuredmedia":[{"embeddable":true,"href":"https:\/\/dev.trust-softwares.com\/palomino\/wp-json\/wp\/v2\/media\/258786"}],"wp:attachment":[{"href":"https:\/\/dev.trust-softwares.com\/palomino\/wp-json\/wp\/v2\/media?parent=252573"}],"wp:term":[{"taxonomy":"product_brand","embeddable":true,"href":"https:\/\/dev.trust-softwares.com\/palomino\/wp-json\/wp\/v2\/product_brand?post=252573"},{"taxonomy":"product_cat","embeddable":true,"href":"https:\/\/dev.trust-softwares.com\/palomino\/wp-json\/wp\/v2\/product_cat?post=252573"},{"taxonomy":"product_tag","embeddable":true,"href":"https:\/\/dev.trust-softwares.com\/palomino\/wp-json\/wp\/v2\/product_tag?post=252573"}],"curies":[{"name":"wp","href":"https:\/\/api.w.org\/{rel}","templated":true}]}}