{"id":252736,"date":"2023-03-22T14:50:14","date_gmt":"2023-03-22T14:50:14","guid":{"rendered":"https:\/\/dev.trust-softwares.com\/palomino\/produit\/eseentiel-antwerp-veste-denis\/"},"modified":"2024-02-07T09:29:40","modified_gmt":"2024-02-07T08:29:40","slug":"eseentiel-antwerp-veste-denis","status":"publish","type":"product","link":"https:\/\/dev.trust-softwares.com\/palomino\/produit\/eseentiel-antwerp-veste-denis\/","title":{"rendered":"Essentiel Antwerp &#8211; Veste DENIS"},"content":{"rendered":"","protected":false},"excerpt":{"rendered":"<p>Veste courte et d\u00e9contract\u00e9e<\/p>\n<ul>\n<li>37% coton organique<\/li>\n<li>9% coton recycl\u00e9<\/li>\n<li>44% polyester recycl\u00e9<\/li>\n<\/ul>\n<p>Fabriqu\u00e9 en Bulgarie<\/p>\n<p>Lavage en machine<\/p>\n<div class=\"et_pb_section et_pb_section_0_tb_body et_section_regular\">\n<div class=\"et_pb_row et_pb_row_1_tb_body\">\n<div class=\"et_pb_column et_pb_column_1_2 et_pb_column_2_tb_body et_pb_css_mix_blend_mode_passthrough et-last-child\">\n<div class=\"et_pb_module et_pb_wc_description et_pb_wc_description_0_tb_body et_pb_bg_layout_light et_pb_text_align_left\">\n<div class=\"et_pb_module_inner\">\n<p class=\"p1\">Chez Palomino retrouvez les v\u00eatements tendances du moment !<\/p>\n<\/div>\n<\/div>\n<\/div>\n<\/div>\n<\/div>\n<div class=\"et_pb_section et_pb_section_1_tb_body et_section_regular\">\n<div class=\"et_pb_row et_pb_row_2_tb_body\">\n<div class=\"et_pb_column et_pb_column_4_4 et_pb_column_3_tb_body et_pb_css_mix_blend_mode_passthrough et-last-child\">\n<div class=\"et_pb_module et_pb_text et_pb_text_1_tb_body et_pb_text_align_left et_pb_bg_layout_light\">\n<div class=\"et_pb_text_inner\"><\/div>\n<\/div>\n<\/div>\n<\/div>\n<\/div>\n","protected":false},"featured_media":256344,"comment_status":"open","ping_status":"closed","template":"","meta":{"_seopress_robots_primary_cat":"none","_seopress_titles_title":"","_seopress_titles_desc":"","_seopress_robots_index":"","_et_pb_use_builder":"","_et_pb_old_content":"","_et_gb_content_width":"","_uag_custom_page_level_css":""},"product_brand":[],"product_cat":[179,23,107],"product_tag":[187],"class_list":{"0":"post-252736","1":"product","2":"type-product","3":"status-publish","4":"has-post-thumbnail","6":"product_cat-essentiel-antwerp","7":"product_cat-last-chance","8":"product_cat-les-createurs","9":"product_tag-essentiel-antwerp","10":"pa_couleur-ecru","11":"pa_taille-l","12":"pa_taille-m","13":"pa_taille-s","14":"pa_taille-xl","15":"pa_taille-xs","16":"pa_taille-xxl","18":"first","19":"instock","20":"sale","21":"taxable","22":"shipping-taxable","23":"purchasable","24":"product-type-variable","25":"has-default-attributes"},"yoast_head":"<!-- This site is optimized with the Yoast SEO plugin v27.3 - https:\/\/yoast.com\/product\/yoast-seo-wordpress\/ -->\n<title>Essentiel Antwerp - Veste DENIS - Boutique Palomino<\/title>\n<meta name=\"robots\" content=\"noindex, follow, max-snippet:-1, max-image-preview:large, max-video-preview:-1\" \/>\n<meta property=\"og:locale\" content=\"fr_FR\" \/>\n<meta property=\"og:type\" content=\"article\" \/>\n<meta property=\"og:title\" content=\"Essentiel Antwerp - Veste DENIS - Boutique Palomino\" \/>\n<meta property=\"og:description\" content=\"Veste courte et d\u00e9contract\u00e9e   37% coton organique  9% coton recycl\u00e9  44% polyester recycl\u00e9  Fabriqu\u00e9 en Bulgarie  Lavage en machine      Chez Palomino retrouvez les v\u00eatements tendances du moment !\" \/>\n<meta property=\"og:url\" content=\"https:\/\/dev.trust-softwares.com\/palomino\/produit\/eseentiel-antwerp-veste-denis\/\" \/>\n<meta property=\"og:site_name\" content=\"Boutique Palomino\" \/>\n<meta property=\"article:modified_time\" content=\"2024-02-07T08:29:40+00:00\" \/>\n<meta property=\"og:image\" content=\"https:\/\/dev.trust-softwares.com\/palomino\/wp-content\/uploads\/2023\/03\/denis1-scaled.jpg\" \/>\n\t<meta property=\"og:image:width\" content=\"2160\" \/>\n\t<meta property=\"og:image:height\" content=\"2880\" \/>\n\t<meta property=\"og:image:type\" content=\"image\/jpeg\" \/>\n<meta name=\"twitter:card\" content=\"summary_large_image\" \/>\n<meta name=\"twitter:label1\" content=\"Dur\u00e9e de lecture estim\u00e9e\" \/>\n\t<meta name=\"twitter:data1\" content=\"1 minute\" \/>\n<script type=\"application\/ld+json\" class=\"yoast-schema-graph\">{\"@context\":\"https:\\\/\\\/schema.org\",\"@graph\":[{\"@type\":\"WebPage\",\"@id\":\"https:\\\/\\\/dev.trust-softwares.com\\\/palomino\\\/produit\\\/eseentiel-antwerp-veste-denis\\\/\",\"url\":\"https:\\\/\\\/dev.trust-softwares.com\\\/palomino\\\/produit\\\/eseentiel-antwerp-veste-denis\\\/\",\"name\":\"Essentiel Antwerp - Veste DENIS - Boutique Palomino\",\"isPartOf\":{\"@id\":\"https:\\\/\\\/dev.trust-softwares.com\\\/palomino\\\/#website\"},\"primaryImageOfPage\":{\"@id\":\"https:\\\/\\\/dev.trust-softwares.com\\\/palomino\\\/produit\\\/eseentiel-antwerp-veste-denis\\\/#primaryimage\"},\"image\":{\"@id\":\"https:\\\/\\\/dev.trust-softwares.com\\\/palomino\\\/produit\\\/eseentiel-antwerp-veste-denis\\\/#primaryimage\"},\"thumbnailUrl\":\"https:\\\/\\\/dev.trust-softwares.com\\\/palomino\\\/wp-content\\\/uploads\\\/2023\\\/03\\\/denis1-scaled.jpg\",\"datePublished\":\"2023-03-22T14:50:14+00:00\",\"dateModified\":\"2024-02-07T08:29:40+00:00\",\"breadcrumb\":{\"@id\":\"https:\\\/\\\/dev.trust-softwares.com\\\/palomino\\\/produit\\\/eseentiel-antwerp-veste-denis\\\/#breadcrumb\"},\"inLanguage\":\"fr-FR\",\"potentialAction\":[{\"@type\":\"ReadAction\",\"target\":[\"https:\\\/\\\/dev.trust-softwares.com\\\/palomino\\\/produit\\\/eseentiel-antwerp-veste-denis\\\/\"]}]},{\"@type\":\"ImageObject\",\"inLanguage\":\"fr-FR\",\"@id\":\"https:\\\/\\\/dev.trust-softwares.com\\\/palomino\\\/produit\\\/eseentiel-antwerp-veste-denis\\\/#primaryimage\",\"url\":\"https:\\\/\\\/dev.trust-softwares.com\\\/palomino\\\/wp-content\\\/uploads\\\/2023\\\/03\\\/denis1-scaled.jpg\",\"contentUrl\":\"https:\\\/\\\/dev.trust-softwares.com\\\/palomino\\\/wp-content\\\/uploads\\\/2023\\\/03\\\/denis1-scaled.jpg\",\"width\":2160,\"height\":2880,\"caption\":\"eseentiel antwerp veste denis\"},{\"@type\":\"BreadcrumbList\",\"@id\":\"https:\\\/\\\/dev.trust-softwares.com\\\/palomino\\\/produit\\\/eseentiel-antwerp-veste-denis\\\/#breadcrumb\",\"itemListElement\":[{\"@type\":\"ListItem\",\"position\":1,\"name\":\"LES PRODUITS\",\"item\":\"https:\\\/\\\/dev.trust-softwares.com\\\/palomino\\\/les-produits\\\/\"},{\"@type\":\"ListItem\",\"position\":2,\"name\":\"Essentiel Antwerp &#8211; Veste DENIS\"}]},{\"@type\":\"WebSite\",\"@id\":\"https:\\\/\\\/dev.trust-softwares.com\\\/palomino\\\/#website\",\"url\":\"https:\\\/\\\/dev.trust-softwares.com\\\/palomino\\\/\",\"name\":\"Boutique Palomino\",\"description\":\"V\u00eatements pour femme, chaussures et accessoires\",\"potentialAction\":[{\"@type\":\"SearchAction\",\"target\":{\"@type\":\"EntryPoint\",\"urlTemplate\":\"https:\\\/\\\/dev.trust-softwares.com\\\/palomino\\\/?s={search_term_string}\"},\"query-input\":{\"@type\":\"PropertyValueSpecification\",\"valueRequired\":true,\"valueName\":\"search_term_string\"}}],\"inLanguage\":\"fr-FR\"}]}<\/script>\n<!-- \/ Yoast SEO plugin. -->","yoast_head_json":{"title":"Essentiel Antwerp - Veste DENIS - Boutique Palomino","robots":{"index":"noindex","follow":"follow","max-snippet":"max-snippet:-1","max-image-preview":"max-image-preview:large","max-video-preview":"max-video-preview:-1"},"og_locale":"fr_FR","og_type":"article","og_title":"Essentiel Antwerp - Veste DENIS - Boutique Palomino","og_description":"Veste courte et d\u00e9contract\u00e9e   37% coton organique  9% coton recycl\u00e9  44% polyester recycl\u00e9  Fabriqu\u00e9 en Bulgarie  Lavage en machine      Chez Palomino retrouvez les v\u00eatements tendances du moment !","og_url":"https:\/\/dev.trust-softwares.com\/palomino\/produit\/eseentiel-antwerp-veste-denis\/","og_site_name":"Boutique Palomino","article_modified_time":"2024-02-07T08:29:40+00:00","og_image":[{"width":2160,"height":2880,"url":"https:\/\/dev.trust-softwares.com\/palomino\/wp-content\/uploads\/2023\/03\/denis1-scaled.jpg","type":"image\/jpeg"}],"twitter_card":"summary_large_image","twitter_misc":{"Dur\u00e9e de lecture estim\u00e9e":"1 minute"},"schema":{"@context":"https:\/\/schema.org","@graph":[{"@type":"WebPage","@id":"https:\/\/dev.trust-softwares.com\/palomino\/produit\/eseentiel-antwerp-veste-denis\/","url":"https:\/\/dev.trust-softwares.com\/palomino\/produit\/eseentiel-antwerp-veste-denis\/","name":"Essentiel Antwerp - Veste DENIS - Boutique Palomino","isPartOf":{"@id":"https:\/\/dev.trust-softwares.com\/palomino\/#website"},"primaryImageOfPage":{"@id":"https:\/\/dev.trust-softwares.com\/palomino\/produit\/eseentiel-antwerp-veste-denis\/#primaryimage"},"image":{"@id":"https:\/\/dev.trust-softwares.com\/palomino\/produit\/eseentiel-antwerp-veste-denis\/#primaryimage"},"thumbnailUrl":"https:\/\/dev.trust-softwares.com\/palomino\/wp-content\/uploads\/2023\/03\/denis1-scaled.jpg","datePublished":"2023-03-22T14:50:14+00:00","dateModified":"2024-02-07T08:29:40+00:00","breadcrumb":{"@id":"https:\/\/dev.trust-softwares.com\/palomino\/produit\/eseentiel-antwerp-veste-denis\/#breadcrumb"},"inLanguage":"fr-FR","potentialAction":[{"@type":"ReadAction","target":["https:\/\/dev.trust-softwares.com\/palomino\/produit\/eseentiel-antwerp-veste-denis\/"]}]},{"@type":"ImageObject","inLanguage":"fr-FR","@id":"https:\/\/dev.trust-softwares.com\/palomino\/produit\/eseentiel-antwerp-veste-denis\/#primaryimage","url":"https:\/\/dev.trust-softwares.com\/palomino\/wp-content\/uploads\/2023\/03\/denis1-scaled.jpg","contentUrl":"https:\/\/dev.trust-softwares.com\/palomino\/wp-content\/uploads\/2023\/03\/denis1-scaled.jpg","width":2160,"height":2880,"caption":"eseentiel antwerp veste denis"},{"@type":"BreadcrumbList","@id":"https:\/\/dev.trust-softwares.com\/palomino\/produit\/eseentiel-antwerp-veste-denis\/#breadcrumb","itemListElement":[{"@type":"ListItem","position":1,"name":"LES PRODUITS","item":"https:\/\/dev.trust-softwares.com\/palomino\/les-produits\/"},{"@type":"ListItem","position":2,"name":"Essentiel Antwerp &#8211; Veste DENIS"}]},{"@type":"WebSite","@id":"https:\/\/dev.trust-softwares.com\/palomino\/#website","url":"https:\/\/dev.trust-softwares.com\/palomino\/","name":"Boutique Palomino","description":"V\u00eatements pour femme, chaussures et accessoires","potentialAction":[{"@type":"SearchAction","target":{"@type":"EntryPoint","urlTemplate":"https:\/\/dev.trust-softwares.com\/palomino\/?s={search_term_string}"},"query-input":{"@type":"PropertyValueSpecification","valueRequired":true,"valueName":"search_term_string"}}],"inLanguage":"fr-FR"}]}},"uagb_featured_image_src":{"full":["https:\/\/dev.trust-softwares.com\/palomino\/wp-content\/uploads\/2023\/03\/denis1-scaled.jpg",2160,2880,false],"thumbnail":["https:\/\/dev.trust-softwares.com\/palomino\/wp-content\/uploads\/2023\/03\/denis1-scaled.jpg",113,150,false],"medium":["https:\/\/dev.trust-softwares.com\/palomino\/wp-content\/uploads\/2023\/03\/denis1-scaled.jpg",225,300,false],"medium_large":["https:\/\/dev.trust-softwares.com\/palomino\/wp-content\/uploads\/2023\/03\/denis1-scaled.jpg",768,1024,false],"large":["https:\/\/dev.trust-softwares.com\/palomino\/wp-content\/uploads\/2023\/03\/denis1-scaled.jpg",768,1024,false],"1536x1536":["https:\/\/dev.trust-softwares.com\/palomino\/wp-content\/uploads\/2023\/03\/denis1-scaled.jpg",1152,1536,false],"2048x2048":["https:\/\/dev.trust-softwares.com\/palomino\/wp-content\/uploads\/2023\/03\/denis1-scaled.jpg",1536,2048,false],"et-pb-post-main-image":["https:\/\/dev.trust-softwares.com\/palomino\/wp-content\/uploads\/2023\/03\/denis1-scaled.jpg",188,250,false],"et-pb-post-main-image-fullwidth":["https:\/\/dev.trust-softwares.com\/palomino\/wp-content\/uploads\/2023\/03\/denis1-scaled.jpg",506,675,false],"et-pb-portfolio-image":["https:\/\/dev.trust-softwares.com\/palomino\/wp-content\/uploads\/2023\/03\/denis1-scaled.jpg",213,284,false],"et-pb-portfolio-module-image":["https:\/\/dev.trust-softwares.com\/palomino\/wp-content\/uploads\/2023\/03\/denis1-scaled.jpg",287,382,false],"et-pb-portfolio-image-single":["https:\/\/dev.trust-softwares.com\/palomino\/wp-content\/uploads\/2023\/03\/denis1-scaled.jpg",1080,1440,false],"et-pb-gallery-module-image-portrait":["https:\/\/dev.trust-softwares.com\/palomino\/wp-content\/uploads\/2023\/03\/denis1-scaled.jpg",387,516,false],"et-pb-post-main-image-fullwidth-large":["https:\/\/dev.trust-softwares.com\/palomino\/wp-content\/uploads\/2023\/03\/denis1-scaled.jpg",1350,1800,false],"menu-24x24":["https:\/\/dev.trust-softwares.com\/palomino\/wp-content\/uploads\/2023\/03\/denis1-scaled.jpg",18,24,false],"menu-36x36":["https:\/\/dev.trust-softwares.com\/palomino\/wp-content\/uploads\/2023\/03\/denis1-scaled.jpg",27,36,false],"menu-16x16":["https:\/\/dev.trust-softwares.com\/palomino\/wp-content\/uploads\/2023\/03\/denis1-scaled.jpg",12,16,false],"woocommerce_thumbnail":["https:\/\/dev.trust-softwares.com\/palomino\/wp-content\/uploads\/2023\/03\/denis1-scaled.jpg",2160,2880,false],"woocommerce_single":["https:\/\/dev.trust-softwares.com\/palomino\/wp-content\/uploads\/2023\/03\/denis1-scaled.jpg",2160,2880,false],"woocommerce_gallery_thumbnail":["https:\/\/dev.trust-softwares.com\/palomino\/wp-content\/uploads\/2023\/03\/denis1-scaled-100x100.jpg",100,100,true],"variation_swatches_image_size":["https:\/\/dev.trust-softwares.com\/palomino\/wp-content\/uploads\/2023\/03\/denis1-scaled.jpg",38,50,false],"variation_swatches_tooltip_size":["https:\/\/dev.trust-softwares.com\/palomino\/wp-content\/uploads\/2023\/03\/denis1-scaled.jpg",75,100,false],"dgwt-wcas-product-suggestion":["https:\/\/dev.trust-softwares.com\/palomino\/wp-content\/uploads\/2023\/03\/denis1-scaled.jpg",64,85,false]},"uagb_author_info":{"display_name":"Gr\u00e9gory Siloret","author_link":"https:\/\/dev.trust-softwares.com\/palomino\/author\/"},"uagb_comment_info":0,"uagb_excerpt":"Veste courte et d\u00e9contract\u00e9e 37% coton organique 9% coton recycl\u00e9 44% polyester recycl\u00e9 Fabriqu\u00e9 en Bulgarie Lavage en machine Chez Palomino retrouvez les v\u00eatements tendances du moment !","_links":{"self":[{"href":"https:\/\/dev.trust-softwares.com\/palomino\/wp-json\/wp\/v2\/product\/252736","targetHints":{"allow":["GET"]}}],"collection":[{"href":"https:\/\/dev.trust-softwares.com\/palomino\/wp-json\/wp\/v2\/product"}],"about":[{"href":"https:\/\/dev.trust-softwares.com\/palomino\/wp-json\/wp\/v2\/types\/product"}],"replies":[{"embeddable":true,"href":"https:\/\/dev.trust-softwares.com\/palomino\/wp-json\/wp\/v2\/comments?post=252736"}],"wp:featuredmedia":[{"embeddable":true,"href":"https:\/\/dev.trust-softwares.com\/palomino\/wp-json\/wp\/v2\/media\/256344"}],"wp:attachment":[{"href":"https:\/\/dev.trust-softwares.com\/palomino\/wp-json\/wp\/v2\/media?parent=252736"}],"wp:term":[{"taxonomy":"product_brand","embeddable":true,"href":"https:\/\/dev.trust-softwares.com\/palomino\/wp-json\/wp\/v2\/product_brand?post=252736"},{"taxonomy":"product_cat","embeddable":true,"href":"https:\/\/dev.trust-softwares.com\/palomino\/wp-json\/wp\/v2\/product_cat?post=252736"},{"taxonomy":"product_tag","embeddable":true,"href":"https:\/\/dev.trust-softwares.com\/palomino\/wp-json\/wp\/v2\/product_tag?post=252736"}],"curies":[{"name":"wp","href":"https:\/\/api.w.org\/{rel}","templated":true}]}}