{"id":252750,"date":"2023-03-22T14:51:48","date_gmt":"2023-03-22T14:51:48","guid":{"rendered":"https:\/\/dev.trust-softwares.com\/palomino\/produit\/essentiel-antwerp-jupe-drowsy\/"},"modified":"2023-08-30T14:39:58","modified_gmt":"2023-08-30T14:39:58","slug":"essentiel-antwerp-jupe-drowsy","status":"publish","type":"product","link":"https:\/\/dev.trust-softwares.com\/palomino\/produit\/essentiel-antwerp-jupe-drowsy\/","title":{"rendered":"Essentiel Antwerp &#8211; Jupe DROWSY"},"content":{"rendered":"","protected":false},"excerpt":{"rendered":"<p>Jupe midi avec une fente \u00e0 l&rsquo;arri\u00e8re<\/p>\n<ul>\n<li>80% coton<\/li>\n<li>20% polyester recycl\u00e9<\/li>\n<li>doublure 100% viscose<\/li>\n<\/ul>\n<p>Fabriqu\u00e9 en Moldavie<\/p>\n<p>Nettoyage \u00e0 sec<\/p>\n<p class=\"p1\">Chez Palomino retrouvez les v\u00eatements tendances du moment !<\/p>\n","protected":false},"featured_media":252789,"comment_status":"open","ping_status":"closed","template":"","meta":{"_seopress_robots_primary_cat":"none","_seopress_titles_title":"","_seopress_titles_desc":"","_seopress_robots_index":"","_et_pb_use_builder":"","_et_pb_old_content":"","_et_gb_content_width":"","_uag_custom_page_level_css":""},"product_brand":[],"product_cat":[23],"product_tag":[187],"class_list":{"0":"post-252750","1":"product","2":"type-product","3":"status-publish","4":"has-post-thumbnail","6":"product_cat-last-chance","7":"product_tag-essentiel-antwerp","8":"pa_couleur-vert","9":"pa_taille-37","10":"pa_taille-26","11":"pa_taille-29","12":"pa_taille-31","13":"pa_taille-38","14":"pa_taille-39","16":"first","17":"instock","18":"sale","19":"taxable","20":"shipping-taxable","21":"purchasable","22":"product-type-variable","23":"has-default-attributes"},"yoast_head":"<!-- This site is optimized with the Yoast SEO plugin v27.4 - https:\/\/yoast.com\/product\/yoast-seo-wordpress\/ -->\n<title>Essentiel Antwerp - Jupe DROWSY - Boutique Palomino<\/title>\n<meta name=\"robots\" content=\"noindex, follow, max-snippet:-1, max-image-preview:large, max-video-preview:-1\" \/>\n<meta property=\"og:locale\" content=\"fr_FR\" \/>\n<meta property=\"og:type\" content=\"article\" \/>\n<meta property=\"og:title\" content=\"Essentiel Antwerp - Jupe DROWSY - Boutique Palomino\" \/>\n<meta property=\"og:description\" content=\"Jupe midi avec une fente \u00e0 l&#039;arri\u00e8re   80% coton  20% polyester recycl\u00e9  doublure 100% viscose  Fabriqu\u00e9 en Moldavie  Nettoyage \u00e0 sec Chez Palomino retrouvez les v\u00eatements tendances du moment !\" \/>\n<meta property=\"og:url\" content=\"https:\/\/dev.trust-softwares.com\/palomino\/produit\/essentiel-antwerp-jupe-drowsy\/\" \/>\n<meta property=\"og:site_name\" content=\"Boutique Palomino\" \/>\n<meta property=\"article:modified_time\" content=\"2023-08-30T14:39:58+00:00\" \/>\n<meta property=\"og:image\" content=\"https:\/\/dev.trust-softwares.com\/palomino\/wp-content\/uploads\/2023\/03\/drowsy-d1hi-7-pro.jpeg\" \/>\n\t<meta property=\"og:image:width\" content=\"1221\" \/>\n\t<meta property=\"og:image:height\" content=\"1710\" \/>\n\t<meta property=\"og:image:type\" content=\"image\/jpeg\" \/>\n<meta name=\"twitter:card\" content=\"summary_large_image\" \/>\n<script type=\"application\/ld+json\" class=\"yoast-schema-graph\">{\"@context\":\"https:\\\/\\\/schema.org\",\"@graph\":[{\"@type\":\"WebPage\",\"@id\":\"https:\\\/\\\/dev.trust-softwares.com\\\/palomino\\\/produit\\\/essentiel-antwerp-jupe-drowsy\\\/\",\"url\":\"https:\\\/\\\/dev.trust-softwares.com\\\/palomino\\\/produit\\\/essentiel-antwerp-jupe-drowsy\\\/\",\"name\":\"Essentiel Antwerp - Jupe DROWSY - Boutique Palomino\",\"isPartOf\":{\"@id\":\"https:\\\/\\\/dev.trust-softwares.com\\\/palomino\\\/#website\"},\"primaryImageOfPage\":{\"@id\":\"https:\\\/\\\/dev.trust-softwares.com\\\/palomino\\\/produit\\\/essentiel-antwerp-jupe-drowsy\\\/#primaryimage\"},\"image\":{\"@id\":\"https:\\\/\\\/dev.trust-softwares.com\\\/palomino\\\/produit\\\/essentiel-antwerp-jupe-drowsy\\\/#primaryimage\"},\"thumbnailUrl\":\"https:\\\/\\\/dev.trust-softwares.com\\\/palomino\\\/wp-content\\\/uploads\\\/2023\\\/03\\\/drowsy-d1hi-7-pro.jpeg\",\"datePublished\":\"2023-03-22T14:51:48+00:00\",\"dateModified\":\"2023-08-30T14:39:58+00:00\",\"breadcrumb\":{\"@id\":\"https:\\\/\\\/dev.trust-softwares.com\\\/palomino\\\/produit\\\/essentiel-antwerp-jupe-drowsy\\\/#breadcrumb\"},\"inLanguage\":\"fr-FR\",\"potentialAction\":[{\"@type\":\"ReadAction\",\"target\":[\"https:\\\/\\\/dev.trust-softwares.com\\\/palomino\\\/produit\\\/essentiel-antwerp-jupe-drowsy\\\/\"]}]},{\"@type\":\"ImageObject\",\"inLanguage\":\"fr-FR\",\"@id\":\"https:\\\/\\\/dev.trust-softwares.com\\\/palomino\\\/produit\\\/essentiel-antwerp-jupe-drowsy\\\/#primaryimage\",\"url\":\"https:\\\/\\\/dev.trust-softwares.com\\\/palomino\\\/wp-content\\\/uploads\\\/2023\\\/03\\\/drowsy-d1hi-7-pro.jpeg\",\"contentUrl\":\"https:\\\/\\\/dev.trust-softwares.com\\\/palomino\\\/wp-content\\\/uploads\\\/2023\\\/03\\\/drowsy-d1hi-7-pro.jpeg\",\"width\":1221,\"height\":1710,\"caption\":\"essentiel antwerp jupe drowsy\"},{\"@type\":\"BreadcrumbList\",\"@id\":\"https:\\\/\\\/dev.trust-softwares.com\\\/palomino\\\/produit\\\/essentiel-antwerp-jupe-drowsy\\\/#breadcrumb\",\"itemListElement\":[{\"@type\":\"ListItem\",\"position\":1,\"name\":\"LES PRODUITS\",\"item\":\"https:\\\/\\\/dev.trust-softwares.com\\\/palomino\\\/les-produits\\\/\"},{\"@type\":\"ListItem\",\"position\":2,\"name\":\"Essentiel Antwerp &#8211; Jupe DROWSY\"}]},{\"@type\":\"WebSite\",\"@id\":\"https:\\\/\\\/dev.trust-softwares.com\\\/palomino\\\/#website\",\"url\":\"https:\\\/\\\/dev.trust-softwares.com\\\/palomino\\\/\",\"name\":\"Boutique Palomino\",\"description\":\"V\u00eatements pour femme, chaussures et accessoires\",\"potentialAction\":[{\"@type\":\"SearchAction\",\"target\":{\"@type\":\"EntryPoint\",\"urlTemplate\":\"https:\\\/\\\/dev.trust-softwares.com\\\/palomino\\\/?s={search_term_string}\"},\"query-input\":{\"@type\":\"PropertyValueSpecification\",\"valueRequired\":true,\"valueName\":\"search_term_string\"}}],\"inLanguage\":\"fr-FR\"}]}<\/script>\n<!-- \/ Yoast SEO plugin. -->","yoast_head_json":{"title":"Essentiel Antwerp - Jupe DROWSY - Boutique Palomino","robots":{"index":"noindex","follow":"follow","max-snippet":"max-snippet:-1","max-image-preview":"max-image-preview:large","max-video-preview":"max-video-preview:-1"},"og_locale":"fr_FR","og_type":"article","og_title":"Essentiel Antwerp - Jupe DROWSY - Boutique Palomino","og_description":"Jupe midi avec une fente \u00e0 l'arri\u00e8re   80% coton  20% polyester recycl\u00e9  doublure 100% viscose  Fabriqu\u00e9 en Moldavie  Nettoyage \u00e0 sec Chez Palomino retrouvez les v\u00eatements tendances du moment !","og_url":"https:\/\/dev.trust-softwares.com\/palomino\/produit\/essentiel-antwerp-jupe-drowsy\/","og_site_name":"Boutique Palomino","article_modified_time":"2023-08-30T14:39:58+00:00","og_image":[{"width":1221,"height":1710,"url":"https:\/\/dev.trust-softwares.com\/palomino\/wp-content\/uploads\/2023\/03\/drowsy-d1hi-7-pro.jpeg","type":"image\/jpeg"}],"twitter_card":"summary_large_image","schema":{"@context":"https:\/\/schema.org","@graph":[{"@type":"WebPage","@id":"https:\/\/dev.trust-softwares.com\/palomino\/produit\/essentiel-antwerp-jupe-drowsy\/","url":"https:\/\/dev.trust-softwares.com\/palomino\/produit\/essentiel-antwerp-jupe-drowsy\/","name":"Essentiel Antwerp - Jupe DROWSY - Boutique Palomino","isPartOf":{"@id":"https:\/\/dev.trust-softwares.com\/palomino\/#website"},"primaryImageOfPage":{"@id":"https:\/\/dev.trust-softwares.com\/palomino\/produit\/essentiel-antwerp-jupe-drowsy\/#primaryimage"},"image":{"@id":"https:\/\/dev.trust-softwares.com\/palomino\/produit\/essentiel-antwerp-jupe-drowsy\/#primaryimage"},"thumbnailUrl":"https:\/\/dev.trust-softwares.com\/palomino\/wp-content\/uploads\/2023\/03\/drowsy-d1hi-7-pro.jpeg","datePublished":"2023-03-22T14:51:48+00:00","dateModified":"2023-08-30T14:39:58+00:00","breadcrumb":{"@id":"https:\/\/dev.trust-softwares.com\/palomino\/produit\/essentiel-antwerp-jupe-drowsy\/#breadcrumb"},"inLanguage":"fr-FR","potentialAction":[{"@type":"ReadAction","target":["https:\/\/dev.trust-softwares.com\/palomino\/produit\/essentiel-antwerp-jupe-drowsy\/"]}]},{"@type":"ImageObject","inLanguage":"fr-FR","@id":"https:\/\/dev.trust-softwares.com\/palomino\/produit\/essentiel-antwerp-jupe-drowsy\/#primaryimage","url":"https:\/\/dev.trust-softwares.com\/palomino\/wp-content\/uploads\/2023\/03\/drowsy-d1hi-7-pro.jpeg","contentUrl":"https:\/\/dev.trust-softwares.com\/palomino\/wp-content\/uploads\/2023\/03\/drowsy-d1hi-7-pro.jpeg","width":1221,"height":1710,"caption":"essentiel antwerp jupe drowsy"},{"@type":"BreadcrumbList","@id":"https:\/\/dev.trust-softwares.com\/palomino\/produit\/essentiel-antwerp-jupe-drowsy\/#breadcrumb","itemListElement":[{"@type":"ListItem","position":1,"name":"LES PRODUITS","item":"https:\/\/dev.trust-softwares.com\/palomino\/les-produits\/"},{"@type":"ListItem","position":2,"name":"Essentiel Antwerp &#8211; Jupe DROWSY"}]},{"@type":"WebSite","@id":"https:\/\/dev.trust-softwares.com\/palomino\/#website","url":"https:\/\/dev.trust-softwares.com\/palomino\/","name":"Boutique Palomino","description":"V\u00eatements pour femme, chaussures et accessoires","potentialAction":[{"@type":"SearchAction","target":{"@type":"EntryPoint","urlTemplate":"https:\/\/dev.trust-softwares.com\/palomino\/?s={search_term_string}"},"query-input":{"@type":"PropertyValueSpecification","valueRequired":true,"valueName":"search_term_string"}}],"inLanguage":"fr-FR"}]}},"uagb_featured_image_src":{"full":["https:\/\/dev.trust-softwares.com\/palomino\/wp-content\/uploads\/2023\/03\/drowsy-d1hi-7-pro.jpeg",1221,1710,false],"thumbnail":["https:\/\/dev.trust-softwares.com\/palomino\/wp-content\/uploads\/2023\/03\/drowsy-d1hi-7-pro.jpeg",107,150,false],"medium":["https:\/\/dev.trust-softwares.com\/palomino\/wp-content\/uploads\/2023\/03\/drowsy-d1hi-7-pro.jpeg",214,300,false],"medium_large":["https:\/\/dev.trust-softwares.com\/palomino\/wp-content\/uploads\/2023\/03\/drowsy-d1hi-7-pro.jpeg",768,1076,false],"large":["https:\/\/dev.trust-softwares.com\/palomino\/wp-content\/uploads\/2023\/03\/drowsy-d1hi-7-pro.jpeg",731,1024,false],"1536x1536":["https:\/\/dev.trust-softwares.com\/palomino\/wp-content\/uploads\/2023\/03\/drowsy-d1hi-7-pro.jpeg",1097,1536,false],"2048x2048":["https:\/\/dev.trust-softwares.com\/palomino\/wp-content\/uploads\/2023\/03\/drowsy-d1hi-7-pro.jpeg",1221,1710,false],"et-pb-post-main-image":["https:\/\/dev.trust-softwares.com\/palomino\/wp-content\/uploads\/2023\/03\/drowsy-d1hi-7-pro.jpeg",179,250,false],"et-pb-post-main-image-fullwidth":["https:\/\/dev.trust-softwares.com\/palomino\/wp-content\/uploads\/2023\/03\/drowsy-d1hi-7-pro.jpeg",482,675,false],"et-pb-portfolio-image":["https:\/\/dev.trust-softwares.com\/palomino\/wp-content\/uploads\/2023\/03\/drowsy-d1hi-7-pro.jpeg",203,284,false],"et-pb-portfolio-module-image":["https:\/\/dev.trust-softwares.com\/palomino\/wp-content\/uploads\/2023\/03\/drowsy-d1hi-7-pro.jpeg",273,382,false],"et-pb-portfolio-image-single":["https:\/\/dev.trust-softwares.com\/palomino\/wp-content\/uploads\/2023\/03\/drowsy-d1hi-7-pro.jpeg",1080,1513,false],"et-pb-gallery-module-image-portrait":["https:\/\/dev.trust-softwares.com\/palomino\/wp-content\/uploads\/2023\/03\/drowsy-d1hi-7-pro.jpeg",368,516,false],"et-pb-post-main-image-fullwidth-large":["https:\/\/dev.trust-softwares.com\/palomino\/wp-content\/uploads\/2023\/03\/drowsy-d1hi-7-pro.jpeg",1221,1710,false],"menu-24x24":["https:\/\/dev.trust-softwares.com\/palomino\/wp-content\/uploads\/2023\/03\/drowsy-d1hi-7-pro.jpeg",17,24,false],"menu-36x36":["https:\/\/dev.trust-softwares.com\/palomino\/wp-content\/uploads\/2023\/03\/drowsy-d1hi-7-pro.jpeg",26,36,false],"menu-16x16":["https:\/\/dev.trust-softwares.com\/palomino\/wp-content\/uploads\/2023\/03\/drowsy-d1hi-7-pro.jpeg",11,16,false],"woocommerce_thumbnail":["https:\/\/dev.trust-softwares.com\/palomino\/wp-content\/uploads\/2023\/03\/drowsy-d1hi-7-pro.jpeg",1221,1710,false],"woocommerce_single":["https:\/\/dev.trust-softwares.com\/palomino\/wp-content\/uploads\/2023\/03\/drowsy-d1hi-7-pro.jpeg",1221,1710,false],"woocommerce_gallery_thumbnail":["https:\/\/dev.trust-softwares.com\/palomino\/wp-content\/uploads\/2023\/03\/drowsy-d1hi-7-pro-100x100.jpeg",100,100,true],"variation_swatches_image_size":["https:\/\/dev.trust-softwares.com\/palomino\/wp-content\/uploads\/2023\/03\/drowsy-d1hi-7-pro.jpeg",36,50,false],"variation_swatches_tooltip_size":["https:\/\/dev.trust-softwares.com\/palomino\/wp-content\/uploads\/2023\/03\/drowsy-d1hi-7-pro.jpeg",71,100,false],"dgwt-wcas-product-suggestion":["https:\/\/dev.trust-softwares.com\/palomino\/wp-content\/uploads\/2023\/03\/drowsy-d1hi-7-pro.jpeg",64,90,false]},"uagb_author_info":{"display_name":"Gr\u00e9gory Siloret","author_link":"https:\/\/dev.trust-softwares.com\/palomino\/author\/"},"uagb_comment_info":0,"uagb_excerpt":"Jupe midi avec une fente \u00e0 l'arri\u00e8re 80% coton 20% polyester recycl\u00e9 doublure 100% viscose Fabriqu\u00e9 en Moldavie Nettoyage \u00e0 sec Chez Palomino retrouvez les v\u00eatements tendances du moment !","_links":{"self":[{"href":"https:\/\/dev.trust-softwares.com\/palomino\/wp-json\/wp\/v2\/product\/252750","targetHints":{"allow":["GET"]}}],"collection":[{"href":"https:\/\/dev.trust-softwares.com\/palomino\/wp-json\/wp\/v2\/product"}],"about":[{"href":"https:\/\/dev.trust-softwares.com\/palomino\/wp-json\/wp\/v2\/types\/product"}],"replies":[{"embeddable":true,"href":"https:\/\/dev.trust-softwares.com\/palomino\/wp-json\/wp\/v2\/comments?post=252750"}],"wp:featuredmedia":[{"embeddable":true,"href":"https:\/\/dev.trust-softwares.com\/palomino\/wp-json\/wp\/v2\/media\/252789"}],"wp:attachment":[{"href":"https:\/\/dev.trust-softwares.com\/palomino\/wp-json\/wp\/v2\/media?parent=252750"}],"wp:term":[{"taxonomy":"product_brand","embeddable":true,"href":"https:\/\/dev.trust-softwares.com\/palomino\/wp-json\/wp\/v2\/product_brand?post=252750"},{"taxonomy":"product_cat","embeddable":true,"href":"https:\/\/dev.trust-softwares.com\/palomino\/wp-json\/wp\/v2\/product_cat?post=252750"},{"taxonomy":"product_tag","embeddable":true,"href":"https:\/\/dev.trust-softwares.com\/palomino\/wp-json\/wp\/v2\/product_tag?post=252750"}],"curies":[{"name":"wp","href":"https:\/\/api.w.org\/{rel}","templated":true}]}}