{"id":253023,"date":"2023-03-23T09:51:28","date_gmt":"2023-03-23T09:51:28","guid":{"rendered":"https:\/\/dev.trust-softwares.com\/palomino\/produit\/ragdoll-la-jean-wide-denim-pant-with-leather-panel\/"},"modified":"2023-08-30T14:38:45","modified_gmt":"2023-08-30T14:38:45","slug":"ragdoll-la-jean-wide-denim-pant-with-leather-panel","status":"publish","type":"product","link":"https:\/\/dev.trust-softwares.com\/palomino\/produit\/ragdoll-la-jean-wide-denim-pant-with-leather-panel\/","title":{"rendered":"Ragdoll LA &#8211; Jean WIDE DENIM PANT WITH LEATHER PANEL"},"content":{"rendered":"","protected":false},"excerpt":{"rendered":"<p>Jean taille haute large avec des empi\u00e8cements en cuir<\/p>\n<ul>\n<li>100% coton<\/li>\n<li>100% cuir<\/li>\n<\/ul>\n<p>Fabriqu\u00e9 en Turquie<\/p>\n<p>Lavage en machine<\/p>\n<p>Chez Palomino retrouvez les v\u00eatements tendances du moment !<\/p>\n","protected":false},"featured_media":253231,"comment_status":"open","ping_status":"closed","template":"","meta":{"_seopress_robots_primary_cat":"none","_seopress_titles_title":"","_seopress_titles_desc":"","_seopress_robots_index":"","_et_pb_use_builder":"","_et_pb_old_content":"","_et_gb_content_width":"","_uag_custom_page_level_css":""},"product_brand":[],"product_cat":[23],"product_tag":[156],"class_list":{"0":"post-253023","1":"product","2":"type-product","3":"status-publish","4":"has-post-thumbnail","6":"product_cat-last-chance","7":"product_tag-ragdoll","8":"pa_couleur-denim-jean","9":"pa_taille-58","10":"pa_taille-59","11":"pa_taille-60","12":"pa_taille-61","13":"pa_taille-62","14":"pa_taille-63","15":"pa_taille-64","16":"pa_taille-65","17":"pa_taille-66","19":"first","20":"instock","21":"sale","22":"taxable","23":"shipping-taxable","24":"purchasable","25":"product-type-variable","26":"has-default-attributes"},"yoast_head":"<!-- This site is optimized with the Yoast SEO plugin v27.3 - https:\/\/yoast.com\/product\/yoast-seo-wordpress\/ -->\n<title>Ragdoll LA - Jean WIDE DENIM PANT WITH LEATHER PANEL - Boutique Palomino<\/title>\n<meta name=\"robots\" content=\"noindex, follow, max-snippet:-1, max-image-preview:large, max-video-preview:-1\" \/>\n<meta property=\"og:locale\" content=\"fr_FR\" \/>\n<meta property=\"og:type\" content=\"article\" \/>\n<meta property=\"og:title\" content=\"Ragdoll LA - Jean WIDE DENIM PANT WITH LEATHER PANEL - Boutique Palomino\" \/>\n<meta property=\"og:description\" content=\"Jean taille haute large avec des empi\u00e8cements en cuir   100% coton  100% cuir  Fabriqu\u00e9 en Turquie  Lavage en machine  Chez Palomino retrouvez les v\u00eatements tendances du moment !\" \/>\n<meta property=\"og:url\" content=\"https:\/\/dev.trust-softwares.com\/palomino\/produit\/ragdoll-la-jean-wide-denim-pant-with-leather-panel\/\" \/>\n<meta property=\"og:site_name\" content=\"Boutique Palomino\" \/>\n<meta property=\"article:modified_time\" content=\"2023-08-30T14:38:45+00:00\" \/>\n<meta property=\"og:image\" content=\"https:\/\/dev.trust-softwares.com\/palomino\/wp-content\/uploads\/2023\/03\/ragdoll-la-marron-jean-wide2.png\" \/>\n\t<meta property=\"og:image:width\" content=\"1512\" \/>\n\t<meta property=\"og:image:height\" content=\"2293\" \/>\n\t<meta property=\"og:image:type\" content=\"image\/png\" \/>\n<meta name=\"twitter:card\" content=\"summary_large_image\" \/>\n<script type=\"application\/ld+json\" class=\"yoast-schema-graph\">{\"@context\":\"https:\\\/\\\/schema.org\",\"@graph\":[{\"@type\":\"WebPage\",\"@id\":\"https:\\\/\\\/dev.trust-softwares.com\\\/palomino\\\/produit\\\/ragdoll-la-jean-wide-denim-pant-with-leather-panel\\\/\",\"url\":\"https:\\\/\\\/dev.trust-softwares.com\\\/palomino\\\/produit\\\/ragdoll-la-jean-wide-denim-pant-with-leather-panel\\\/\",\"name\":\"Ragdoll LA - Jean WIDE DENIM PANT WITH LEATHER PANEL - Boutique Palomino\",\"isPartOf\":{\"@id\":\"https:\\\/\\\/dev.trust-softwares.com\\\/palomino\\\/#website\"},\"primaryImageOfPage\":{\"@id\":\"https:\\\/\\\/dev.trust-softwares.com\\\/palomino\\\/produit\\\/ragdoll-la-jean-wide-denim-pant-with-leather-panel\\\/#primaryimage\"},\"image\":{\"@id\":\"https:\\\/\\\/dev.trust-softwares.com\\\/palomino\\\/produit\\\/ragdoll-la-jean-wide-denim-pant-with-leather-panel\\\/#primaryimage\"},\"thumbnailUrl\":\"https:\\\/\\\/dev.trust-softwares.com\\\/palomino\\\/wp-content\\\/uploads\\\/2023\\\/03\\\/ragdoll-la-marron-jean-wide2.png\",\"datePublished\":\"2023-03-23T09:51:28+00:00\",\"dateModified\":\"2023-08-30T14:38:45+00:00\",\"breadcrumb\":{\"@id\":\"https:\\\/\\\/dev.trust-softwares.com\\\/palomino\\\/produit\\\/ragdoll-la-jean-wide-denim-pant-with-leather-panel\\\/#breadcrumb\"},\"inLanguage\":\"fr-FR\",\"potentialAction\":[{\"@type\":\"ReadAction\",\"target\":[\"https:\\\/\\\/dev.trust-softwares.com\\\/palomino\\\/produit\\\/ragdoll-la-jean-wide-denim-pant-with-leather-panel\\\/\"]}]},{\"@type\":\"ImageObject\",\"inLanguage\":\"fr-FR\",\"@id\":\"https:\\\/\\\/dev.trust-softwares.com\\\/palomino\\\/produit\\\/ragdoll-la-jean-wide-denim-pant-with-leather-panel\\\/#primaryimage\",\"url\":\"https:\\\/\\\/dev.trust-softwares.com\\\/palomino\\\/wp-content\\\/uploads\\\/2023\\\/03\\\/ragdoll-la-marron-jean-wide2.png\",\"contentUrl\":\"https:\\\/\\\/dev.trust-softwares.com\\\/palomino\\\/wp-content\\\/uploads\\\/2023\\\/03\\\/ragdoll-la-marron-jean-wide2.png\",\"width\":1512,\"height\":2293,\"caption\":\"ragdoll la jean wide denim pant with leather panel\"},{\"@type\":\"BreadcrumbList\",\"@id\":\"https:\\\/\\\/dev.trust-softwares.com\\\/palomino\\\/produit\\\/ragdoll-la-jean-wide-denim-pant-with-leather-panel\\\/#breadcrumb\",\"itemListElement\":[{\"@type\":\"ListItem\",\"position\":1,\"name\":\"LES PRODUITS\",\"item\":\"https:\\\/\\\/dev.trust-softwares.com\\\/palomino\\\/les-produits\\\/\"},{\"@type\":\"ListItem\",\"position\":2,\"name\":\"Ragdoll LA &#8211; Jean WIDE DENIM PANT WITH LEATHER PANEL\"}]},{\"@type\":\"WebSite\",\"@id\":\"https:\\\/\\\/dev.trust-softwares.com\\\/palomino\\\/#website\",\"url\":\"https:\\\/\\\/dev.trust-softwares.com\\\/palomino\\\/\",\"name\":\"Boutique Palomino\",\"description\":\"V\u00eatements pour femme, chaussures et accessoires\",\"potentialAction\":[{\"@type\":\"SearchAction\",\"target\":{\"@type\":\"EntryPoint\",\"urlTemplate\":\"https:\\\/\\\/dev.trust-softwares.com\\\/palomino\\\/?s={search_term_string}\"},\"query-input\":{\"@type\":\"PropertyValueSpecification\",\"valueRequired\":true,\"valueName\":\"search_term_string\"}}],\"inLanguage\":\"fr-FR\"}]}<\/script>\n<!-- \/ Yoast SEO plugin. -->","yoast_head_json":{"title":"Ragdoll LA - Jean WIDE DENIM PANT WITH LEATHER PANEL - Boutique Palomino","robots":{"index":"noindex","follow":"follow","max-snippet":"max-snippet:-1","max-image-preview":"max-image-preview:large","max-video-preview":"max-video-preview:-1"},"og_locale":"fr_FR","og_type":"article","og_title":"Ragdoll LA - Jean WIDE DENIM PANT WITH LEATHER PANEL - Boutique Palomino","og_description":"Jean taille haute large avec des empi\u00e8cements en cuir   100% coton  100% cuir  Fabriqu\u00e9 en Turquie  Lavage en machine  Chez Palomino retrouvez les v\u00eatements tendances du moment !","og_url":"https:\/\/dev.trust-softwares.com\/palomino\/produit\/ragdoll-la-jean-wide-denim-pant-with-leather-panel\/","og_site_name":"Boutique Palomino","article_modified_time":"2023-08-30T14:38:45+00:00","og_image":[{"width":1512,"height":2293,"url":"https:\/\/dev.trust-softwares.com\/palomino\/wp-content\/uploads\/2023\/03\/ragdoll-la-marron-jean-wide2.png","type":"image\/png"}],"twitter_card":"summary_large_image","schema":{"@context":"https:\/\/schema.org","@graph":[{"@type":"WebPage","@id":"https:\/\/dev.trust-softwares.com\/palomino\/produit\/ragdoll-la-jean-wide-denim-pant-with-leather-panel\/","url":"https:\/\/dev.trust-softwares.com\/palomino\/produit\/ragdoll-la-jean-wide-denim-pant-with-leather-panel\/","name":"Ragdoll LA - Jean WIDE DENIM PANT WITH LEATHER PANEL - Boutique Palomino","isPartOf":{"@id":"https:\/\/dev.trust-softwares.com\/palomino\/#website"},"primaryImageOfPage":{"@id":"https:\/\/dev.trust-softwares.com\/palomino\/produit\/ragdoll-la-jean-wide-denim-pant-with-leather-panel\/#primaryimage"},"image":{"@id":"https:\/\/dev.trust-softwares.com\/palomino\/produit\/ragdoll-la-jean-wide-denim-pant-with-leather-panel\/#primaryimage"},"thumbnailUrl":"https:\/\/dev.trust-softwares.com\/palomino\/wp-content\/uploads\/2023\/03\/ragdoll-la-marron-jean-wide2.png","datePublished":"2023-03-23T09:51:28+00:00","dateModified":"2023-08-30T14:38:45+00:00","breadcrumb":{"@id":"https:\/\/dev.trust-softwares.com\/palomino\/produit\/ragdoll-la-jean-wide-denim-pant-with-leather-panel\/#breadcrumb"},"inLanguage":"fr-FR","potentialAction":[{"@type":"ReadAction","target":["https:\/\/dev.trust-softwares.com\/palomino\/produit\/ragdoll-la-jean-wide-denim-pant-with-leather-panel\/"]}]},{"@type":"ImageObject","inLanguage":"fr-FR","@id":"https:\/\/dev.trust-softwares.com\/palomino\/produit\/ragdoll-la-jean-wide-denim-pant-with-leather-panel\/#primaryimage","url":"https:\/\/dev.trust-softwares.com\/palomino\/wp-content\/uploads\/2023\/03\/ragdoll-la-marron-jean-wide2.png","contentUrl":"https:\/\/dev.trust-softwares.com\/palomino\/wp-content\/uploads\/2023\/03\/ragdoll-la-marron-jean-wide2.png","width":1512,"height":2293,"caption":"ragdoll la jean wide denim pant with leather panel"},{"@type":"BreadcrumbList","@id":"https:\/\/dev.trust-softwares.com\/palomino\/produit\/ragdoll-la-jean-wide-denim-pant-with-leather-panel\/#breadcrumb","itemListElement":[{"@type":"ListItem","position":1,"name":"LES PRODUITS","item":"https:\/\/dev.trust-softwares.com\/palomino\/les-produits\/"},{"@type":"ListItem","position":2,"name":"Ragdoll LA &#8211; Jean WIDE DENIM PANT WITH LEATHER PANEL"}]},{"@type":"WebSite","@id":"https:\/\/dev.trust-softwares.com\/palomino\/#website","url":"https:\/\/dev.trust-softwares.com\/palomino\/","name":"Boutique Palomino","description":"V\u00eatements pour femme, chaussures et accessoires","potentialAction":[{"@type":"SearchAction","target":{"@type":"EntryPoint","urlTemplate":"https:\/\/dev.trust-softwares.com\/palomino\/?s={search_term_string}"},"query-input":{"@type":"PropertyValueSpecification","valueRequired":true,"valueName":"search_term_string"}}],"inLanguage":"fr-FR"}]}},"uagb_featured_image_src":{"full":["https:\/\/dev.trust-softwares.com\/palomino\/wp-content\/uploads\/2023\/03\/ragdoll-la-marron-jean-wide2.png",1512,2293,false],"thumbnail":["https:\/\/dev.trust-softwares.com\/palomino\/wp-content\/uploads\/2023\/03\/ragdoll-la-marron-jean-wide2.png",99,150,false],"medium":["https:\/\/dev.trust-softwares.com\/palomino\/wp-content\/uploads\/2023\/03\/ragdoll-la-marron-jean-wide2.png",198,300,false],"medium_large":["https:\/\/dev.trust-softwares.com\/palomino\/wp-content\/uploads\/2023\/03\/ragdoll-la-marron-jean-wide2.png",768,1165,false],"large":["https:\/\/dev.trust-softwares.com\/palomino\/wp-content\/uploads\/2023\/03\/ragdoll-la-marron-jean-wide2.png",675,1024,false],"1536x1536":["https:\/\/dev.trust-softwares.com\/palomino\/wp-content\/uploads\/2023\/03\/ragdoll-la-marron-jean-wide2.png",1013,1536,false],"2048x2048":["https:\/\/dev.trust-softwares.com\/palomino\/wp-content\/uploads\/2023\/03\/ragdoll-la-marron-jean-wide2.png",1350,2048,false],"et-pb-post-main-image":["https:\/\/dev.trust-softwares.com\/palomino\/wp-content\/uploads\/2023\/03\/ragdoll-la-marron-jean-wide2.png",165,250,false],"et-pb-post-main-image-fullwidth":["https:\/\/dev.trust-softwares.com\/palomino\/wp-content\/uploads\/2023\/03\/ragdoll-la-marron-jean-wide2.png",445,675,false],"et-pb-portfolio-image":["https:\/\/dev.trust-softwares.com\/palomino\/wp-content\/uploads\/2023\/03\/ragdoll-la-marron-jean-wide2.png",187,284,false],"et-pb-portfolio-module-image":["https:\/\/dev.trust-softwares.com\/palomino\/wp-content\/uploads\/2023\/03\/ragdoll-la-marron-jean-wide2.png",252,382,false],"et-pb-portfolio-image-single":["https:\/\/dev.trust-softwares.com\/palomino\/wp-content\/uploads\/2023\/03\/ragdoll-la-marron-jean-wide2.png",1080,1638,false],"et-pb-gallery-module-image-portrait":["https:\/\/dev.trust-softwares.com\/palomino\/wp-content\/uploads\/2023\/03\/ragdoll-la-marron-jean-wide2.png",340,516,false],"et-pb-post-main-image-fullwidth-large":["https:\/\/dev.trust-softwares.com\/palomino\/wp-content\/uploads\/2023\/03\/ragdoll-la-marron-jean-wide2.png",1187,1800,false],"menu-24x24":["https:\/\/dev.trust-softwares.com\/palomino\/wp-content\/uploads\/2023\/03\/ragdoll-la-marron-jean-wide2.png",16,24,false],"menu-36x36":["https:\/\/dev.trust-softwares.com\/palomino\/wp-content\/uploads\/2023\/03\/ragdoll-la-marron-jean-wide2.png",24,36,false],"menu-16x16":["https:\/\/dev.trust-softwares.com\/palomino\/wp-content\/uploads\/2023\/03\/ragdoll-la-marron-jean-wide2.png",11,16,false],"woocommerce_thumbnail":["https:\/\/dev.trust-softwares.com\/palomino\/wp-content\/uploads\/2023\/03\/ragdoll-la-marron-jean-wide2.png",1512,2293,false],"woocommerce_single":["https:\/\/dev.trust-softwares.com\/palomino\/wp-content\/uploads\/2023\/03\/ragdoll-la-marron-jean-wide2.png",1512,2293,false],"woocommerce_gallery_thumbnail":["https:\/\/dev.trust-softwares.com\/palomino\/wp-content\/uploads\/2023\/03\/ragdoll-la-marron-jean-wide2-100x100.png",100,100,true],"variation_swatches_image_size":["https:\/\/dev.trust-softwares.com\/palomino\/wp-content\/uploads\/2023\/03\/ragdoll-la-marron-jean-wide2.png",33,50,false],"variation_swatches_tooltip_size":["https:\/\/dev.trust-softwares.com\/palomino\/wp-content\/uploads\/2023\/03\/ragdoll-la-marron-jean-wide2.png",66,100,false],"dgwt-wcas-product-suggestion":["https:\/\/dev.trust-softwares.com\/palomino\/wp-content\/uploads\/2023\/03\/ragdoll-la-marron-jean-wide2.png",64,97,false]},"uagb_author_info":{"display_name":"Gr\u00e9gory Siloret","author_link":"https:\/\/dev.trust-softwares.com\/palomino\/author\/"},"uagb_comment_info":0,"uagb_excerpt":"Jean taille haute large avec des empi\u00e8cements en cuir 100% coton 100% cuir Fabriqu\u00e9 en Turquie Lavage en machine Chez Palomino retrouvez les v\u00eatements tendances du moment !","_links":{"self":[{"href":"https:\/\/dev.trust-softwares.com\/palomino\/wp-json\/wp\/v2\/product\/253023","targetHints":{"allow":["GET"]}}],"collection":[{"href":"https:\/\/dev.trust-softwares.com\/palomino\/wp-json\/wp\/v2\/product"}],"about":[{"href":"https:\/\/dev.trust-softwares.com\/palomino\/wp-json\/wp\/v2\/types\/product"}],"replies":[{"embeddable":true,"href":"https:\/\/dev.trust-softwares.com\/palomino\/wp-json\/wp\/v2\/comments?post=253023"}],"wp:featuredmedia":[{"embeddable":true,"href":"https:\/\/dev.trust-softwares.com\/palomino\/wp-json\/wp\/v2\/media\/253231"}],"wp:attachment":[{"href":"https:\/\/dev.trust-softwares.com\/palomino\/wp-json\/wp\/v2\/media?parent=253023"}],"wp:term":[{"taxonomy":"product_brand","embeddable":true,"href":"https:\/\/dev.trust-softwares.com\/palomino\/wp-json\/wp\/v2\/product_brand?post=253023"},{"taxonomy":"product_cat","embeddable":true,"href":"https:\/\/dev.trust-softwares.com\/palomino\/wp-json\/wp\/v2\/product_cat?post=253023"},{"taxonomy":"product_tag","embeddable":true,"href":"https:\/\/dev.trust-softwares.com\/palomino\/wp-json\/wp\/v2\/product_tag?post=253023"}],"curies":[{"name":"wp","href":"https:\/\/api.w.org\/{rel}","templated":true}]}}