{"id":253047,"date":"2023-03-23T09:54:27","date_gmt":"2023-03-23T09:54:27","guid":{"rendered":"https:\/\/dev.trust-softwares.com\/palomino\/produit\/ragdoll-la-veste-french-terry-blazer\/"},"modified":"2023-08-30T14:38:09","modified_gmt":"2023-08-30T14:38:09","slug":"ragdoll-la-veste-french-terry-blazer","status":"publish","type":"product","link":"https:\/\/dev.trust-softwares.com\/palomino\/produit\/ragdoll-la-veste-french-terry-blazer\/","title":{"rendered":"Ragdoll LA &#8211; Veste FRENCH TERRY BLAZER"},"content":{"rendered":"","protected":false},"excerpt":{"rendered":"<p>Veste de blazer d\u00e9contract\u00e9e<\/p>\n<ul>\n<li>100% coton<\/li>\n<\/ul>\n<p>Fabriqu\u00e9 en Turquie<\/p>\n<p>Lavage en machine<\/p>\n<p>Chez Palomino retrouvez les v\u00eatements tendances du moment !<\/p>\n","protected":false},"featured_media":253066,"comment_status":"open","ping_status":"closed","template":"","meta":{"_seopress_robots_primary_cat":"none","_seopress_titles_title":"","_seopress_titles_desc":"","_seopress_robots_index":"","_et_pb_use_builder":"","_et_pb_old_content":"","_et_gb_content_width":"","_uag_custom_page_level_css":""},"product_brand":[],"product_cat":[23],"product_tag":[156],"class_list":{"0":"post-253047","1":"product","2":"type-product","3":"status-publish","4":"has-post-thumbnail","6":"product_cat-last-chance","7":"product_tag-ragdoll","8":"pa_couleur-camel","9":"pa_taille-l","10":"pa_taille-m","11":"pa_taille-s","12":"pa_taille-xl","13":"pa_taille-xs","14":"pa_taille-xxl","16":"first","17":"instock","18":"sale","19":"taxable","20":"shipping-taxable","21":"purchasable","22":"product-type-variable","23":"has-default-attributes"},"yoast_head":"<!-- This site is optimized with the Yoast SEO plugin v27.4 - https:\/\/yoast.com\/product\/yoast-seo-wordpress\/ -->\n<title>Ragdoll LA - Veste FRENCH TERRY BLAZER - Boutique Palomino<\/title>\n<meta name=\"robots\" content=\"noindex, follow, max-snippet:-1, max-image-preview:large, max-video-preview:-1\" \/>\n<meta property=\"og:locale\" content=\"fr_FR\" \/>\n<meta property=\"og:type\" content=\"article\" \/>\n<meta property=\"og:title\" content=\"Ragdoll LA - Veste FRENCH TERRY BLAZER - Boutique Palomino\" \/>\n<meta property=\"og:description\" content=\"Veste de blazer d\u00e9contract\u00e9e   100% coton  Fabriqu\u00e9 en Turquie  Lavage en machine  Chez Palomino retrouvez les v\u00eatements tendances du moment !\" \/>\n<meta property=\"og:url\" content=\"https:\/\/dev.trust-softwares.com\/palomino\/produit\/ragdoll-la-veste-french-terry-blazer\/\" \/>\n<meta property=\"og:site_name\" content=\"Boutique Palomino\" \/>\n<meta property=\"article:modified_time\" content=\"2023-08-30T14:38:09+00:00\" \/>\n<meta property=\"og:image\" content=\"https:\/\/dev.trust-softwares.com\/palomino\/wp-content\/uploads\/2023\/03\/20221024_RagdollLA_EcomShoot_KenM_1638-edit_1512x.webp\" \/>\n\t<meta property=\"og:image:width\" content=\"1512\" \/>\n\t<meta property=\"og:image:height\" content=\"2268\" \/>\n\t<meta property=\"og:image:type\" content=\"image\/webp\" \/>\n<meta name=\"twitter:card\" content=\"summary_large_image\" \/>\n<script type=\"application\/ld+json\" class=\"yoast-schema-graph\">{\"@context\":\"https:\\\/\\\/schema.org\",\"@graph\":[{\"@type\":\"WebPage\",\"@id\":\"https:\\\/\\\/dev.trust-softwares.com\\\/palomino\\\/produit\\\/ragdoll-la-veste-french-terry-blazer\\\/\",\"url\":\"https:\\\/\\\/dev.trust-softwares.com\\\/palomino\\\/produit\\\/ragdoll-la-veste-french-terry-blazer\\\/\",\"name\":\"Ragdoll LA - Veste FRENCH TERRY BLAZER - Boutique Palomino\",\"isPartOf\":{\"@id\":\"https:\\\/\\\/dev.trust-softwares.com\\\/palomino\\\/#website\"},\"primaryImageOfPage\":{\"@id\":\"https:\\\/\\\/dev.trust-softwares.com\\\/palomino\\\/produit\\\/ragdoll-la-veste-french-terry-blazer\\\/#primaryimage\"},\"image\":{\"@id\":\"https:\\\/\\\/dev.trust-softwares.com\\\/palomino\\\/produit\\\/ragdoll-la-veste-french-terry-blazer\\\/#primaryimage\"},\"thumbnailUrl\":\"https:\\\/\\\/dev.trust-softwares.com\\\/palomino\\\/wp-content\\\/uploads\\\/2023\\\/03\\\/20221024_RagdollLA_EcomShoot_KenM_1638-edit_1512x.webp\",\"datePublished\":\"2023-03-23T09:54:27+00:00\",\"dateModified\":\"2023-08-30T14:38:09+00:00\",\"breadcrumb\":{\"@id\":\"https:\\\/\\\/dev.trust-softwares.com\\\/palomino\\\/produit\\\/ragdoll-la-veste-french-terry-blazer\\\/#breadcrumb\"},\"inLanguage\":\"fr-FR\",\"potentialAction\":[{\"@type\":\"ReadAction\",\"target\":[\"https:\\\/\\\/dev.trust-softwares.com\\\/palomino\\\/produit\\\/ragdoll-la-veste-french-terry-blazer\\\/\"]}]},{\"@type\":\"ImageObject\",\"inLanguage\":\"fr-FR\",\"@id\":\"https:\\\/\\\/dev.trust-softwares.com\\\/palomino\\\/produit\\\/ragdoll-la-veste-french-terry-blazer\\\/#primaryimage\",\"url\":\"https:\\\/\\\/dev.trust-softwares.com\\\/palomino\\\/wp-content\\\/uploads\\\/2023\\\/03\\\/20221024_RagdollLA_EcomShoot_KenM_1638-edit_1512x.webp\",\"contentUrl\":\"https:\\\/\\\/dev.trust-softwares.com\\\/palomino\\\/wp-content\\\/uploads\\\/2023\\\/03\\\/20221024_RagdollLA_EcomShoot_KenM_1638-edit_1512x.webp\",\"width\":1512,\"height\":2268,\"caption\":\"Ragdoll LA - Veste FRENCH TERRY BLAZER\"},{\"@type\":\"BreadcrumbList\",\"@id\":\"https:\\\/\\\/dev.trust-softwares.com\\\/palomino\\\/produit\\\/ragdoll-la-veste-french-terry-blazer\\\/#breadcrumb\",\"itemListElement\":[{\"@type\":\"ListItem\",\"position\":1,\"name\":\"LES PRODUITS\",\"item\":\"https:\\\/\\\/dev.trust-softwares.com\\\/palomino\\\/les-produits\\\/\"},{\"@type\":\"ListItem\",\"position\":2,\"name\":\"Ragdoll LA &#8211; Veste FRENCH TERRY BLAZER\"}]},{\"@type\":\"WebSite\",\"@id\":\"https:\\\/\\\/dev.trust-softwares.com\\\/palomino\\\/#website\",\"url\":\"https:\\\/\\\/dev.trust-softwares.com\\\/palomino\\\/\",\"name\":\"Boutique Palomino\",\"description\":\"V\u00eatements pour femme, chaussures et accessoires\",\"potentialAction\":[{\"@type\":\"SearchAction\",\"target\":{\"@type\":\"EntryPoint\",\"urlTemplate\":\"https:\\\/\\\/dev.trust-softwares.com\\\/palomino\\\/?s={search_term_string}\"},\"query-input\":{\"@type\":\"PropertyValueSpecification\",\"valueRequired\":true,\"valueName\":\"search_term_string\"}}],\"inLanguage\":\"fr-FR\"}]}<\/script>\n<!-- \/ Yoast SEO plugin. -->","yoast_head_json":{"title":"Ragdoll LA - Veste FRENCH TERRY BLAZER - Boutique Palomino","robots":{"index":"noindex","follow":"follow","max-snippet":"max-snippet:-1","max-image-preview":"max-image-preview:large","max-video-preview":"max-video-preview:-1"},"og_locale":"fr_FR","og_type":"article","og_title":"Ragdoll LA - Veste FRENCH TERRY BLAZER - Boutique Palomino","og_description":"Veste de blazer d\u00e9contract\u00e9e   100% coton  Fabriqu\u00e9 en Turquie  Lavage en machine  Chez Palomino retrouvez les v\u00eatements tendances du moment !","og_url":"https:\/\/dev.trust-softwares.com\/palomino\/produit\/ragdoll-la-veste-french-terry-blazer\/","og_site_name":"Boutique Palomino","article_modified_time":"2023-08-30T14:38:09+00:00","og_image":[{"width":1512,"height":2268,"url":"https:\/\/dev.trust-softwares.com\/palomino\/wp-content\/uploads\/2023\/03\/20221024_RagdollLA_EcomShoot_KenM_1638-edit_1512x.webp","type":"image\/webp"}],"twitter_card":"summary_large_image","schema":{"@context":"https:\/\/schema.org","@graph":[{"@type":"WebPage","@id":"https:\/\/dev.trust-softwares.com\/palomino\/produit\/ragdoll-la-veste-french-terry-blazer\/","url":"https:\/\/dev.trust-softwares.com\/palomino\/produit\/ragdoll-la-veste-french-terry-blazer\/","name":"Ragdoll LA - Veste FRENCH TERRY BLAZER - Boutique Palomino","isPartOf":{"@id":"https:\/\/dev.trust-softwares.com\/palomino\/#website"},"primaryImageOfPage":{"@id":"https:\/\/dev.trust-softwares.com\/palomino\/produit\/ragdoll-la-veste-french-terry-blazer\/#primaryimage"},"image":{"@id":"https:\/\/dev.trust-softwares.com\/palomino\/produit\/ragdoll-la-veste-french-terry-blazer\/#primaryimage"},"thumbnailUrl":"https:\/\/dev.trust-softwares.com\/palomino\/wp-content\/uploads\/2023\/03\/20221024_RagdollLA_EcomShoot_KenM_1638-edit_1512x.webp","datePublished":"2023-03-23T09:54:27+00:00","dateModified":"2023-08-30T14:38:09+00:00","breadcrumb":{"@id":"https:\/\/dev.trust-softwares.com\/palomino\/produit\/ragdoll-la-veste-french-terry-blazer\/#breadcrumb"},"inLanguage":"fr-FR","potentialAction":[{"@type":"ReadAction","target":["https:\/\/dev.trust-softwares.com\/palomino\/produit\/ragdoll-la-veste-french-terry-blazer\/"]}]},{"@type":"ImageObject","inLanguage":"fr-FR","@id":"https:\/\/dev.trust-softwares.com\/palomino\/produit\/ragdoll-la-veste-french-terry-blazer\/#primaryimage","url":"https:\/\/dev.trust-softwares.com\/palomino\/wp-content\/uploads\/2023\/03\/20221024_RagdollLA_EcomShoot_KenM_1638-edit_1512x.webp","contentUrl":"https:\/\/dev.trust-softwares.com\/palomino\/wp-content\/uploads\/2023\/03\/20221024_RagdollLA_EcomShoot_KenM_1638-edit_1512x.webp","width":1512,"height":2268,"caption":"Ragdoll LA - Veste FRENCH TERRY BLAZER"},{"@type":"BreadcrumbList","@id":"https:\/\/dev.trust-softwares.com\/palomino\/produit\/ragdoll-la-veste-french-terry-blazer\/#breadcrumb","itemListElement":[{"@type":"ListItem","position":1,"name":"LES PRODUITS","item":"https:\/\/dev.trust-softwares.com\/palomino\/les-produits\/"},{"@type":"ListItem","position":2,"name":"Ragdoll LA &#8211; Veste FRENCH TERRY BLAZER"}]},{"@type":"WebSite","@id":"https:\/\/dev.trust-softwares.com\/palomino\/#website","url":"https:\/\/dev.trust-softwares.com\/palomino\/","name":"Boutique Palomino","description":"V\u00eatements pour femme, chaussures et accessoires","potentialAction":[{"@type":"SearchAction","target":{"@type":"EntryPoint","urlTemplate":"https:\/\/dev.trust-softwares.com\/palomino\/?s={search_term_string}"},"query-input":{"@type":"PropertyValueSpecification","valueRequired":true,"valueName":"search_term_string"}}],"inLanguage":"fr-FR"}]}},"uagb_featured_image_src":{"full":["https:\/\/dev.trust-softwares.com\/palomino\/wp-content\/uploads\/2023\/03\/20221024_RagdollLA_EcomShoot_KenM_1638-edit_1512x.webp",1512,2268,false],"thumbnail":["https:\/\/dev.trust-softwares.com\/palomino\/wp-content\/uploads\/2023\/03\/20221024_RagdollLA_EcomShoot_KenM_1638-edit_1512x.webp",100,150,false],"medium":["https:\/\/dev.trust-softwares.com\/palomino\/wp-content\/uploads\/2023\/03\/20221024_RagdollLA_EcomShoot_KenM_1638-edit_1512x.webp",200,300,false],"medium_large":["https:\/\/dev.trust-softwares.com\/palomino\/wp-content\/uploads\/2023\/03\/20221024_RagdollLA_EcomShoot_KenM_1638-edit_1512x.webp",768,1152,false],"large":["https:\/\/dev.trust-softwares.com\/palomino\/wp-content\/uploads\/2023\/03\/20221024_RagdollLA_EcomShoot_KenM_1638-edit_1512x.webp",683,1024,false],"1536x1536":["https:\/\/dev.trust-softwares.com\/palomino\/wp-content\/uploads\/2023\/03\/20221024_RagdollLA_EcomShoot_KenM_1638-edit_1512x.webp",1024,1536,false],"2048x2048":["https:\/\/dev.trust-softwares.com\/palomino\/wp-content\/uploads\/2023\/03\/20221024_RagdollLA_EcomShoot_KenM_1638-edit_1512x.webp",1365,2048,false],"et-pb-post-main-image":["https:\/\/dev.trust-softwares.com\/palomino\/wp-content\/uploads\/2023\/03\/20221024_RagdollLA_EcomShoot_KenM_1638-edit_1512x.webp",167,250,false],"et-pb-post-main-image-fullwidth":["https:\/\/dev.trust-softwares.com\/palomino\/wp-content\/uploads\/2023\/03\/20221024_RagdollLA_EcomShoot_KenM_1638-edit_1512x.webp",450,675,false],"et-pb-portfolio-image":["https:\/\/dev.trust-softwares.com\/palomino\/wp-content\/uploads\/2023\/03\/20221024_RagdollLA_EcomShoot_KenM_1638-edit_1512x.webp",189,284,false],"et-pb-portfolio-module-image":["https:\/\/dev.trust-softwares.com\/palomino\/wp-content\/uploads\/2023\/03\/20221024_RagdollLA_EcomShoot_KenM_1638-edit_1512x.webp",255,382,false],"et-pb-portfolio-image-single":["https:\/\/dev.trust-softwares.com\/palomino\/wp-content\/uploads\/2023\/03\/20221024_RagdollLA_EcomShoot_KenM_1638-edit_1512x.webp",1080,1620,false],"et-pb-gallery-module-image-portrait":["https:\/\/dev.trust-softwares.com\/palomino\/wp-content\/uploads\/2023\/03\/20221024_RagdollLA_EcomShoot_KenM_1638-edit_1512x.webp",344,516,false],"et-pb-post-main-image-fullwidth-large":["https:\/\/dev.trust-softwares.com\/palomino\/wp-content\/uploads\/2023\/03\/20221024_RagdollLA_EcomShoot_KenM_1638-edit_1512x.webp",1200,1800,false],"menu-24x24":["https:\/\/dev.trust-softwares.com\/palomino\/wp-content\/uploads\/2023\/03\/20221024_RagdollLA_EcomShoot_KenM_1638-edit_1512x.webp",16,24,false],"menu-36x36":["https:\/\/dev.trust-softwares.com\/palomino\/wp-content\/uploads\/2023\/03\/20221024_RagdollLA_EcomShoot_KenM_1638-edit_1512x.webp",24,36,false],"menu-16x16":["https:\/\/dev.trust-softwares.com\/palomino\/wp-content\/uploads\/2023\/03\/20221024_RagdollLA_EcomShoot_KenM_1638-edit_1512x.webp",11,16,false],"woocommerce_thumbnail":["https:\/\/dev.trust-softwares.com\/palomino\/wp-content\/uploads\/2023\/03\/20221024_RagdollLA_EcomShoot_KenM_1638-edit_1512x.webp",1512,2268,false],"woocommerce_single":["https:\/\/dev.trust-softwares.com\/palomino\/wp-content\/uploads\/2023\/03\/20221024_RagdollLA_EcomShoot_KenM_1638-edit_1512x.webp",1512,2268,false],"woocommerce_gallery_thumbnail":["https:\/\/dev.trust-softwares.com\/palomino\/wp-content\/uploads\/2023\/03\/20221024_RagdollLA_EcomShoot_KenM_1638-edit_1512x-100x100.webp",100,100,true],"variation_swatches_image_size":["https:\/\/dev.trust-softwares.com\/palomino\/wp-content\/uploads\/2023\/03\/20221024_RagdollLA_EcomShoot_KenM_1638-edit_1512x.webp",33,50,false],"variation_swatches_tooltip_size":["https:\/\/dev.trust-softwares.com\/palomino\/wp-content\/uploads\/2023\/03\/20221024_RagdollLA_EcomShoot_KenM_1638-edit_1512x.webp",67,100,false],"dgwt-wcas-product-suggestion":["https:\/\/dev.trust-softwares.com\/palomino\/wp-content\/uploads\/2023\/03\/20221024_RagdollLA_EcomShoot_KenM_1638-edit_1512x.webp",64,96,false]},"uagb_author_info":{"display_name":"Gr\u00e9gory Siloret","author_link":"https:\/\/dev.trust-softwares.com\/palomino\/author\/"},"uagb_comment_info":0,"uagb_excerpt":"Veste de blazer d\u00e9contract\u00e9e 100% coton Fabriqu\u00e9 en Turquie Lavage en machine Chez Palomino retrouvez les v\u00eatements tendances du moment !","_links":{"self":[{"href":"https:\/\/dev.trust-softwares.com\/palomino\/wp-json\/wp\/v2\/product\/253047","targetHints":{"allow":["GET"]}}],"collection":[{"href":"https:\/\/dev.trust-softwares.com\/palomino\/wp-json\/wp\/v2\/product"}],"about":[{"href":"https:\/\/dev.trust-softwares.com\/palomino\/wp-json\/wp\/v2\/types\/product"}],"replies":[{"embeddable":true,"href":"https:\/\/dev.trust-softwares.com\/palomino\/wp-json\/wp\/v2\/comments?post=253047"}],"wp:featuredmedia":[{"embeddable":true,"href":"https:\/\/dev.trust-softwares.com\/palomino\/wp-json\/wp\/v2\/media\/253066"}],"wp:attachment":[{"href":"https:\/\/dev.trust-softwares.com\/palomino\/wp-json\/wp\/v2\/media?parent=253047"}],"wp:term":[{"taxonomy":"product_brand","embeddable":true,"href":"https:\/\/dev.trust-softwares.com\/palomino\/wp-json\/wp\/v2\/product_brand?post=253047"},{"taxonomy":"product_cat","embeddable":true,"href":"https:\/\/dev.trust-softwares.com\/palomino\/wp-json\/wp\/v2\/product_cat?post=253047"},{"taxonomy":"product_tag","embeddable":true,"href":"https:\/\/dev.trust-softwares.com\/palomino\/wp-json\/wp\/v2\/product_tag?post=253047"}],"curies":[{"name":"wp","href":"https:\/\/api.w.org\/{rel}","templated":true}]}}