{"id":254393,"date":"2023-04-21T09:08:50","date_gmt":"2023-04-21T09:08:50","guid":{"rendered":"https:\/\/dev.trust-softwares.com\/palomino\/produit\/anine-bing-lunette-de-soleil-siena\/"},"modified":"2024-11-12T17:07:18","modified_gmt":"2024-11-12T16:07:18","slug":"anine-bing-lunette-de-soleil-siena","status":"publish","type":"product","link":"https:\/\/dev.trust-softwares.com\/palomino\/produit\/anine-bing-lunette-de-soleil-siena\/","title":{"rendered":"Anine Bing &#8211; Lunette de soleil SIENA"},"content":{"rendered":"","protected":false},"excerpt":{"rendered":"<p>Lunette de soleil style ann\u00e9es 2000<\/p>\n<ul>\n<li>100% ac\u00e9tate noir<\/li>\n<li>verres gris fonc\u00e9<\/li>\n<li>monogramme AB dor\u00e9e sur chaque tempe<\/li>\n<li>UV 400<\/li>\n<\/ul>\n<p>Fabriqu\u00e9 en Chine<\/p>\n","protected":false},"featured_media":254446,"comment_status":"open","ping_status":"closed","template":"","meta":{"_seopress_robots_primary_cat":"none","_seopress_titles_title":"","_seopress_titles_desc":"","_seopress_robots_index":"","_et_pb_use_builder":"","_et_pb_old_content":"","_et_gb_content_width":"","_uag_custom_page_level_css":""},"product_brand":[],"product_cat":[115,23,107],"product_tag":[153],"class_list":{"0":"post-254393","1":"product","2":"type-product","3":"status-publish","4":"has-post-thumbnail","6":"product_cat-anine-bing","7":"product_cat-last-chance","8":"product_cat-les-createurs","9":"product_tag-anine-bing","10":"pa_couleur-noir","11":"pa_taille-tu","13":"first","14":"instock","15":"sale","16":"taxable","17":"shipping-taxable","18":"purchasable","19":"product-type-variable","20":"has-default-attributes"},"yoast_head":"<!-- This site is optimized with the Yoast SEO plugin v27.4 - https:\/\/yoast.com\/product\/yoast-seo-wordpress\/ -->\n<title>Anine Bing - Lunette de soleil SIENA - Boutique Palomino<\/title>\n<meta name=\"robots\" content=\"noindex, follow, max-snippet:-1, max-image-preview:large, max-video-preview:-1\" \/>\n<meta property=\"og:locale\" content=\"fr_FR\" \/>\n<meta property=\"og:type\" content=\"article\" \/>\n<meta property=\"og:title\" content=\"Anine Bing - Lunette de soleil SIENA - Boutique Palomino\" \/>\n<meta property=\"og:description\" content=\"Lunette de soleil style ann\u00e9es 2000   100% ac\u00e9tate noir  verres gris fonc\u00e9  monogramme AB dor\u00e9e sur chaque tempe  UV 400  Fabriqu\u00e9 en Chine\" \/>\n<meta property=\"og:url\" content=\"https:\/\/dev.trust-softwares.com\/palomino\/produit\/anine-bing-lunette-de-soleil-siena\/\" \/>\n<meta property=\"og:site_name\" content=\"Boutique Palomino\" \/>\n<meta property=\"article:modified_time\" content=\"2024-11-12T16:07:18+00:00\" \/>\n<meta property=\"og:image\" content=\"https:\/\/dev.trust-softwares.com\/palomino\/wp-content\/uploads\/2023\/04\/AB-SIENA-SUNGLASSES-BLACK-WITH-GOLDA-12-0109-000_008_985x.webp\" \/>\n\t<meta property=\"og:image:width\" content=\"985\" \/>\n\t<meta property=\"og:image:height\" content=\"1481\" \/>\n\t<meta property=\"og:image:type\" content=\"image\/webp\" \/>\n<meta name=\"twitter:card\" content=\"summary_large_image\" \/>\n<meta name=\"twitter:label1\" content=\"Dur\u00e9e de lecture estim\u00e9e\" \/>\n\t<meta name=\"twitter:data1\" content=\"1 minute\" \/>\n<script type=\"application\/ld+json\" class=\"yoast-schema-graph\">{\"@context\":\"https:\\\/\\\/schema.org\",\"@graph\":[{\"@type\":\"WebPage\",\"@id\":\"https:\\\/\\\/dev.trust-softwares.com\\\/palomino\\\/produit\\\/anine-bing-lunette-de-soleil-siena\\\/\",\"url\":\"https:\\\/\\\/dev.trust-softwares.com\\\/palomino\\\/produit\\\/anine-bing-lunette-de-soleil-siena\\\/\",\"name\":\"Anine Bing - Lunette de soleil SIENA - Boutique Palomino\",\"isPartOf\":{\"@id\":\"https:\\\/\\\/dev.trust-softwares.com\\\/palomino\\\/#website\"},\"primaryImageOfPage\":{\"@id\":\"https:\\\/\\\/dev.trust-softwares.com\\\/palomino\\\/produit\\\/anine-bing-lunette-de-soleil-siena\\\/#primaryimage\"},\"image\":{\"@id\":\"https:\\\/\\\/dev.trust-softwares.com\\\/palomino\\\/produit\\\/anine-bing-lunette-de-soleil-siena\\\/#primaryimage\"},\"thumbnailUrl\":\"https:\\\/\\\/dev.trust-softwares.com\\\/palomino\\\/wp-content\\\/uploads\\\/2023\\\/04\\\/AB-SIENA-SUNGLASSES-BLACK-WITH-GOLDA-12-0109-000_008_985x.webp\",\"datePublished\":\"2023-04-21T09:08:50+00:00\",\"dateModified\":\"2024-11-12T16:07:18+00:00\",\"breadcrumb\":{\"@id\":\"https:\\\/\\\/dev.trust-softwares.com\\\/palomino\\\/produit\\\/anine-bing-lunette-de-soleil-siena\\\/#breadcrumb\"},\"inLanguage\":\"fr-FR\",\"potentialAction\":[{\"@type\":\"ReadAction\",\"target\":[\"https:\\\/\\\/dev.trust-softwares.com\\\/palomino\\\/produit\\\/anine-bing-lunette-de-soleil-siena\\\/\"]}]},{\"@type\":\"ImageObject\",\"inLanguage\":\"fr-FR\",\"@id\":\"https:\\\/\\\/dev.trust-softwares.com\\\/palomino\\\/produit\\\/anine-bing-lunette-de-soleil-siena\\\/#primaryimage\",\"url\":\"https:\\\/\\\/dev.trust-softwares.com\\\/palomino\\\/wp-content\\\/uploads\\\/2023\\\/04\\\/AB-SIENA-SUNGLASSES-BLACK-WITH-GOLDA-12-0109-000_008_985x.webp\",\"contentUrl\":\"https:\\\/\\\/dev.trust-softwares.com\\\/palomino\\\/wp-content\\\/uploads\\\/2023\\\/04\\\/AB-SIENA-SUNGLASSES-BLACK-WITH-GOLDA-12-0109-000_008_985x.webp\",\"width\":985,\"height\":1481,\"caption\":\"anine bing lunette de soleil siena\"},{\"@type\":\"BreadcrumbList\",\"@id\":\"https:\\\/\\\/dev.trust-softwares.com\\\/palomino\\\/produit\\\/anine-bing-lunette-de-soleil-siena\\\/#breadcrumb\",\"itemListElement\":[{\"@type\":\"ListItem\",\"position\":1,\"name\":\"LES PRODUITS\",\"item\":\"https:\\\/\\\/dev.trust-softwares.com\\\/palomino\\\/les-produits\\\/\"},{\"@type\":\"ListItem\",\"position\":2,\"name\":\"Anine Bing &#8211; Lunette de soleil SIENA\"}]},{\"@type\":\"WebSite\",\"@id\":\"https:\\\/\\\/dev.trust-softwares.com\\\/palomino\\\/#website\",\"url\":\"https:\\\/\\\/dev.trust-softwares.com\\\/palomino\\\/\",\"name\":\"Boutique Palomino\",\"description\":\"V\u00eatements pour femme, chaussures et accessoires\",\"potentialAction\":[{\"@type\":\"SearchAction\",\"target\":{\"@type\":\"EntryPoint\",\"urlTemplate\":\"https:\\\/\\\/dev.trust-softwares.com\\\/palomino\\\/?s={search_term_string}\"},\"query-input\":{\"@type\":\"PropertyValueSpecification\",\"valueRequired\":true,\"valueName\":\"search_term_string\"}}],\"inLanguage\":\"fr-FR\"}]}<\/script>\n<!-- \/ Yoast SEO plugin. -->","yoast_head_json":{"title":"Anine Bing - Lunette de soleil SIENA - Boutique Palomino","robots":{"index":"noindex","follow":"follow","max-snippet":"max-snippet:-1","max-image-preview":"max-image-preview:large","max-video-preview":"max-video-preview:-1"},"og_locale":"fr_FR","og_type":"article","og_title":"Anine Bing - Lunette de soleil SIENA - Boutique Palomino","og_description":"Lunette de soleil style ann\u00e9es 2000   100% ac\u00e9tate noir  verres gris fonc\u00e9  monogramme AB dor\u00e9e sur chaque tempe  UV 400  Fabriqu\u00e9 en Chine","og_url":"https:\/\/dev.trust-softwares.com\/palomino\/produit\/anine-bing-lunette-de-soleil-siena\/","og_site_name":"Boutique Palomino","article_modified_time":"2024-11-12T16:07:18+00:00","og_image":[{"width":985,"height":1481,"url":"https:\/\/dev.trust-softwares.com\/palomino\/wp-content\/uploads\/2023\/04\/AB-SIENA-SUNGLASSES-BLACK-WITH-GOLDA-12-0109-000_008_985x.webp","type":"image\/webp"}],"twitter_card":"summary_large_image","twitter_misc":{"Dur\u00e9e de lecture estim\u00e9e":"1 minute"},"schema":{"@context":"https:\/\/schema.org","@graph":[{"@type":"WebPage","@id":"https:\/\/dev.trust-softwares.com\/palomino\/produit\/anine-bing-lunette-de-soleil-siena\/","url":"https:\/\/dev.trust-softwares.com\/palomino\/produit\/anine-bing-lunette-de-soleil-siena\/","name":"Anine Bing - Lunette de soleil SIENA - Boutique Palomino","isPartOf":{"@id":"https:\/\/dev.trust-softwares.com\/palomino\/#website"},"primaryImageOfPage":{"@id":"https:\/\/dev.trust-softwares.com\/palomino\/produit\/anine-bing-lunette-de-soleil-siena\/#primaryimage"},"image":{"@id":"https:\/\/dev.trust-softwares.com\/palomino\/produit\/anine-bing-lunette-de-soleil-siena\/#primaryimage"},"thumbnailUrl":"https:\/\/dev.trust-softwares.com\/palomino\/wp-content\/uploads\/2023\/04\/AB-SIENA-SUNGLASSES-BLACK-WITH-GOLDA-12-0109-000_008_985x.webp","datePublished":"2023-04-21T09:08:50+00:00","dateModified":"2024-11-12T16:07:18+00:00","breadcrumb":{"@id":"https:\/\/dev.trust-softwares.com\/palomino\/produit\/anine-bing-lunette-de-soleil-siena\/#breadcrumb"},"inLanguage":"fr-FR","potentialAction":[{"@type":"ReadAction","target":["https:\/\/dev.trust-softwares.com\/palomino\/produit\/anine-bing-lunette-de-soleil-siena\/"]}]},{"@type":"ImageObject","inLanguage":"fr-FR","@id":"https:\/\/dev.trust-softwares.com\/palomino\/produit\/anine-bing-lunette-de-soleil-siena\/#primaryimage","url":"https:\/\/dev.trust-softwares.com\/palomino\/wp-content\/uploads\/2023\/04\/AB-SIENA-SUNGLASSES-BLACK-WITH-GOLDA-12-0109-000_008_985x.webp","contentUrl":"https:\/\/dev.trust-softwares.com\/palomino\/wp-content\/uploads\/2023\/04\/AB-SIENA-SUNGLASSES-BLACK-WITH-GOLDA-12-0109-000_008_985x.webp","width":985,"height":1481,"caption":"anine bing lunette de soleil siena"},{"@type":"BreadcrumbList","@id":"https:\/\/dev.trust-softwares.com\/palomino\/produit\/anine-bing-lunette-de-soleil-siena\/#breadcrumb","itemListElement":[{"@type":"ListItem","position":1,"name":"LES PRODUITS","item":"https:\/\/dev.trust-softwares.com\/palomino\/les-produits\/"},{"@type":"ListItem","position":2,"name":"Anine Bing &#8211; Lunette de soleil SIENA"}]},{"@type":"WebSite","@id":"https:\/\/dev.trust-softwares.com\/palomino\/#website","url":"https:\/\/dev.trust-softwares.com\/palomino\/","name":"Boutique Palomino","description":"V\u00eatements pour femme, chaussures et accessoires","potentialAction":[{"@type":"SearchAction","target":{"@type":"EntryPoint","urlTemplate":"https:\/\/dev.trust-softwares.com\/palomino\/?s={search_term_string}"},"query-input":{"@type":"PropertyValueSpecification","valueRequired":true,"valueName":"search_term_string"}}],"inLanguage":"fr-FR"}]}},"uagb_featured_image_src":{"full":["https:\/\/dev.trust-softwares.com\/palomino\/wp-content\/uploads\/2023\/04\/AB-SIENA-SUNGLASSES-BLACK-WITH-GOLDA-12-0109-000_008_985x.webp",985,1481,false],"thumbnail":["https:\/\/dev.trust-softwares.com\/palomino\/wp-content\/uploads\/2023\/04\/AB-SIENA-SUNGLASSES-BLACK-WITH-GOLDA-12-0109-000_008_985x.webp",100,150,false],"medium":["https:\/\/dev.trust-softwares.com\/palomino\/wp-content\/uploads\/2023\/04\/AB-SIENA-SUNGLASSES-BLACK-WITH-GOLDA-12-0109-000_008_985x.webp",200,300,false],"medium_large":["https:\/\/dev.trust-softwares.com\/palomino\/wp-content\/uploads\/2023\/04\/AB-SIENA-SUNGLASSES-BLACK-WITH-GOLDA-12-0109-000_008_985x.webp",768,1155,false],"large":["https:\/\/dev.trust-softwares.com\/palomino\/wp-content\/uploads\/2023\/04\/AB-SIENA-SUNGLASSES-BLACK-WITH-GOLDA-12-0109-000_008_985x.webp",681,1024,false],"1536x1536":["https:\/\/dev.trust-softwares.com\/palomino\/wp-content\/uploads\/2023\/04\/AB-SIENA-SUNGLASSES-BLACK-WITH-GOLDA-12-0109-000_008_985x.webp",985,1481,false],"2048x2048":["https:\/\/dev.trust-softwares.com\/palomino\/wp-content\/uploads\/2023\/04\/AB-SIENA-SUNGLASSES-BLACK-WITH-GOLDA-12-0109-000_008_985x.webp",985,1481,false],"et-pb-post-main-image":["https:\/\/dev.trust-softwares.com\/palomino\/wp-content\/uploads\/2023\/04\/AB-SIENA-SUNGLASSES-BLACK-WITH-GOLDA-12-0109-000_008_985x.webp",166,250,false],"et-pb-post-main-image-fullwidth":["https:\/\/dev.trust-softwares.com\/palomino\/wp-content\/uploads\/2023\/04\/AB-SIENA-SUNGLASSES-BLACK-WITH-GOLDA-12-0109-000_008_985x.webp",449,675,false],"et-pb-portfolio-image":["https:\/\/dev.trust-softwares.com\/palomino\/wp-content\/uploads\/2023\/04\/AB-SIENA-SUNGLASSES-BLACK-WITH-GOLDA-12-0109-000_008_985x.webp",189,284,false],"et-pb-portfolio-module-image":["https:\/\/dev.trust-softwares.com\/palomino\/wp-content\/uploads\/2023\/04\/AB-SIENA-SUNGLASSES-BLACK-WITH-GOLDA-12-0109-000_008_985x.webp",254,382,false],"et-pb-portfolio-image-single":["https:\/\/dev.trust-softwares.com\/palomino\/wp-content\/uploads\/2023\/04\/AB-SIENA-SUNGLASSES-BLACK-WITH-GOLDA-12-0109-000_008_985x.webp",985,1481,false],"et-pb-gallery-module-image-portrait":["https:\/\/dev.trust-softwares.com\/palomino\/wp-content\/uploads\/2023\/04\/AB-SIENA-SUNGLASSES-BLACK-WITH-GOLDA-12-0109-000_008_985x.webp",343,516,false],"et-pb-post-main-image-fullwidth-large":["https:\/\/dev.trust-softwares.com\/palomino\/wp-content\/uploads\/2023\/04\/AB-SIENA-SUNGLASSES-BLACK-WITH-GOLDA-12-0109-000_008_985x.webp",985,1481,false],"menu-24x24":["https:\/\/dev.trust-softwares.com\/palomino\/wp-content\/uploads\/2023\/04\/AB-SIENA-SUNGLASSES-BLACK-WITH-GOLDA-12-0109-000_008_985x.webp",16,24,false],"menu-36x36":["https:\/\/dev.trust-softwares.com\/palomino\/wp-content\/uploads\/2023\/04\/AB-SIENA-SUNGLASSES-BLACK-WITH-GOLDA-12-0109-000_008_985x.webp",24,36,false],"menu-16x16":["https:\/\/dev.trust-softwares.com\/palomino\/wp-content\/uploads\/2023\/04\/AB-SIENA-SUNGLASSES-BLACK-WITH-GOLDA-12-0109-000_008_985x.webp",11,16,false],"woocommerce_thumbnail":["https:\/\/dev.trust-softwares.com\/palomino\/wp-content\/uploads\/2023\/04\/AB-SIENA-SUNGLASSES-BLACK-WITH-GOLDA-12-0109-000_008_985x.webp",985,1481,false],"woocommerce_single":["https:\/\/dev.trust-softwares.com\/palomino\/wp-content\/uploads\/2023\/04\/AB-SIENA-SUNGLASSES-BLACK-WITH-GOLDA-12-0109-000_008_985x.webp",985,1481,false],"woocommerce_gallery_thumbnail":["https:\/\/dev.trust-softwares.com\/palomino\/wp-content\/uploads\/2023\/04\/AB-SIENA-SUNGLASSES-BLACK-WITH-GOLDA-12-0109-000_008_985x-100x100.webp",100,100,true],"variation_swatches_image_size":["https:\/\/dev.trust-softwares.com\/palomino\/wp-content\/uploads\/2023\/04\/AB-SIENA-SUNGLASSES-BLACK-WITH-GOLDA-12-0109-000_008_985x.webp",33,50,false],"variation_swatches_tooltip_size":["https:\/\/dev.trust-softwares.com\/palomino\/wp-content\/uploads\/2023\/04\/AB-SIENA-SUNGLASSES-BLACK-WITH-GOLDA-12-0109-000_008_985x.webp",67,100,false],"dgwt-wcas-product-suggestion":["https:\/\/dev.trust-softwares.com\/palomino\/wp-content\/uploads\/2023\/04\/AB-SIENA-SUNGLASSES-BLACK-WITH-GOLDA-12-0109-000_008_985x.webp",64,96,false]},"uagb_author_info":{"display_name":"Gr\u00e9gory Siloret","author_link":"https:\/\/dev.trust-softwares.com\/palomino\/author\/"},"uagb_comment_info":0,"uagb_excerpt":"Lunette de soleil style ann\u00e9es 2000 100% ac\u00e9tate noir verres gris fonc\u00e9 monogramme AB dor\u00e9e sur chaque tempe UV 400 Fabriqu\u00e9 en Chine","_links":{"self":[{"href":"https:\/\/dev.trust-softwares.com\/palomino\/wp-json\/wp\/v2\/product\/254393","targetHints":{"allow":["GET"]}}],"collection":[{"href":"https:\/\/dev.trust-softwares.com\/palomino\/wp-json\/wp\/v2\/product"}],"about":[{"href":"https:\/\/dev.trust-softwares.com\/palomino\/wp-json\/wp\/v2\/types\/product"}],"replies":[{"embeddable":true,"href":"https:\/\/dev.trust-softwares.com\/palomino\/wp-json\/wp\/v2\/comments?post=254393"}],"wp:featuredmedia":[{"embeddable":true,"href":"https:\/\/dev.trust-softwares.com\/palomino\/wp-json\/wp\/v2\/media\/254446"}],"wp:attachment":[{"href":"https:\/\/dev.trust-softwares.com\/palomino\/wp-json\/wp\/v2\/media?parent=254393"}],"wp:term":[{"taxonomy":"product_brand","embeddable":true,"href":"https:\/\/dev.trust-softwares.com\/palomino\/wp-json\/wp\/v2\/product_brand?post=254393"},{"taxonomy":"product_cat","embeddable":true,"href":"https:\/\/dev.trust-softwares.com\/palomino\/wp-json\/wp\/v2\/product_cat?post=254393"},{"taxonomy":"product_tag","embeddable":true,"href":"https:\/\/dev.trust-softwares.com\/palomino\/wp-json\/wp\/v2\/product_tag?post=254393"}],"curies":[{"name":"wp","href":"https:\/\/api.w.org\/{rel}","templated":true}]}}