{"id":258252,"date":"2023-08-24T08:37:57","date_gmt":"2023-08-24T08:37:57","guid":{"rendered":"https:\/\/dev.trust-softwares.com\/palomino\/produit\/run-of-basket-low-bessmer\/"},"modified":"2024-02-07T10:21:56","modified_gmt":"2024-02-07T09:21:56","slug":"run-of-basket-low-bessmer","status":"publish","type":"product","link":"https:\/\/dev.trust-softwares.com\/palomino\/produit\/run-of-basket-low-bessmer\/","title":{"rendered":"Run Of &#8211; Basket LOW BESSMER"},"content":{"rendered":"","protected":false},"excerpt":{"rendered":"<p><strong>Run Of<\/strong> &#8211; Basket LOW BESSMER en cuir kaki<\/p>\n<ul>\n<li>cuir lamin\u00e9<\/li>\n<li>nubuck<\/li>\n<li>semelle en caoutchouc recycl\u00e9<br \/>\nsemelle int\u00e9rieure \u00e0 m\u00e9moire de forme en gel<\/li>\n<\/ul>\n<p>Fabriqu\u00e9 en Italie<\/p>\n<p>Chez Palomino retrouvez les v\u00eatements tendances du moment !<\/p>\n<div class=\"et_pb_section et_pb_section_1_tb_body et_section_regular\">\n<div class=\"et_pb_row et_pb_row_1_tb_body\"><\/div>\n<\/div>\n","protected":false},"featured_media":258274,"comment_status":"open","ping_status":"closed","template":"","meta":{"_seopress_robots_primary_cat":"none","_seopress_titles_title":"","_seopress_titles_desc":"","_seopress_robots_index":"","_et_pb_use_builder":"","_et_pb_old_content":"","_et_gb_content_width":"","_uag_custom_page_level_css":""},"product_brand":[],"product_cat":[23,107,119],"product_tag":[146],"class_list":{"0":"post-258252","1":"product","2":"type-product","3":"status-publish","4":"has-post-thumbnail","6":"product_cat-last-chance","7":"product_cat-les-createurs","8":"product_cat-run-of","9":"product_tag-run-of","10":"pa_couleur-kaki","11":"pa_taille-104","12":"pa_taille-26","13":"pa_taille-28","14":"pa_taille-29","15":"pa_taille-30","16":"pa_taille-31","17":"pa_taille-41","19":"first","20":"instock","21":"sale","22":"taxable","23":"shipping-taxable","24":"purchasable","25":"product-type-variable","26":"has-default-attributes"},"yoast_head":"<!-- This site is optimized with the Yoast SEO plugin v27.3 - https:\/\/yoast.com\/product\/yoast-seo-wordpress\/ -->\n<title>Run Of - Basket LOW BESSMER - Boutique Palomino<\/title>\n<meta name=\"robots\" content=\"noindex, follow, max-snippet:-1, max-image-preview:large, max-video-preview:-1\" \/>\n<meta property=\"og:locale\" content=\"fr_FR\" \/>\n<meta property=\"og:type\" content=\"article\" \/>\n<meta property=\"og:title\" content=\"Run Of - Basket LOW BESSMER - Boutique Palomino\" \/>\n<meta property=\"og:description\" content=\"Run Of - Basket LOW BESSMER en cuir kaki   cuir lamin\u00e9  nubuck  semelle en caoutchouc recycl\u00e9 semelle int\u00e9rieure \u00e0 m\u00e9moire de forme en gel  Fabriqu\u00e9 en Italie  Chez Palomino retrouvez les v\u00eatements tendances du moment !\" \/>\n<meta property=\"og:url\" content=\"https:\/\/dev.trust-softwares.com\/palomino\/produit\/run-of-basket-low-bessmer\/\" \/>\n<meta property=\"og:site_name\" content=\"Boutique Palomino\" \/>\n<meta property=\"article:modified_time\" content=\"2024-02-07T09:21:56+00:00\" \/>\n<meta property=\"og:image\" content=\"https:\/\/dev.trust-softwares.com\/palomino\/wp-content\/uploads\/2023\/08\/low3.jpg\" \/>\n\t<meta property=\"og:image:width\" content=\"1200\" \/>\n\t<meta property=\"og:image:height\" content=\"1800\" \/>\n\t<meta property=\"og:image:type\" content=\"image\/jpeg\" \/>\n<meta name=\"twitter:card\" content=\"summary_large_image\" \/>\n<meta name=\"twitter:label1\" content=\"Dur\u00e9e de lecture estim\u00e9e\" \/>\n\t<meta name=\"twitter:data1\" content=\"1 minute\" \/>\n<script type=\"application\/ld+json\" class=\"yoast-schema-graph\">{\"@context\":\"https:\\\/\\\/schema.org\",\"@graph\":[{\"@type\":\"WebPage\",\"@id\":\"https:\\\/\\\/dev.trust-softwares.com\\\/palomino\\\/produit\\\/run-of-basket-low-bessmer\\\/\",\"url\":\"https:\\\/\\\/dev.trust-softwares.com\\\/palomino\\\/produit\\\/run-of-basket-low-bessmer\\\/\",\"name\":\"Run Of - Basket LOW BESSMER - Boutique Palomino\",\"isPartOf\":{\"@id\":\"https:\\\/\\\/dev.trust-softwares.com\\\/palomino\\\/#website\"},\"primaryImageOfPage\":{\"@id\":\"https:\\\/\\\/dev.trust-softwares.com\\\/palomino\\\/produit\\\/run-of-basket-low-bessmer\\\/#primaryimage\"},\"image\":{\"@id\":\"https:\\\/\\\/dev.trust-softwares.com\\\/palomino\\\/produit\\\/run-of-basket-low-bessmer\\\/#primaryimage\"},\"thumbnailUrl\":\"https:\\\/\\\/dev.trust-softwares.com\\\/palomino\\\/wp-content\\\/uploads\\\/2023\\\/08\\\/low3.jpg\",\"datePublished\":\"2023-08-24T08:37:57+00:00\",\"dateModified\":\"2024-02-07T09:21:56+00:00\",\"breadcrumb\":{\"@id\":\"https:\\\/\\\/dev.trust-softwares.com\\\/palomino\\\/produit\\\/run-of-basket-low-bessmer\\\/#breadcrumb\"},\"inLanguage\":\"fr-FR\",\"potentialAction\":[{\"@type\":\"ReadAction\",\"target\":[\"https:\\\/\\\/dev.trust-softwares.com\\\/palomino\\\/produit\\\/run-of-basket-low-bessmer\\\/\"]}]},{\"@type\":\"ImageObject\",\"inLanguage\":\"fr-FR\",\"@id\":\"https:\\\/\\\/dev.trust-softwares.com\\\/palomino\\\/produit\\\/run-of-basket-low-bessmer\\\/#primaryimage\",\"url\":\"https:\\\/\\\/dev.trust-softwares.com\\\/palomino\\\/wp-content\\\/uploads\\\/2023\\\/08\\\/low3.jpg\",\"contentUrl\":\"https:\\\/\\\/dev.trust-softwares.com\\\/palomino\\\/wp-content\\\/uploads\\\/2023\\\/08\\\/low3.jpg\",\"width\":1200,\"height\":1800,\"caption\":\"run of basket low bessmer\"},{\"@type\":\"BreadcrumbList\",\"@id\":\"https:\\\/\\\/dev.trust-softwares.com\\\/palomino\\\/produit\\\/run-of-basket-low-bessmer\\\/#breadcrumb\",\"itemListElement\":[{\"@type\":\"ListItem\",\"position\":1,\"name\":\"LES PRODUITS\",\"item\":\"https:\\\/\\\/dev.trust-softwares.com\\\/palomino\\\/les-produits\\\/\"},{\"@type\":\"ListItem\",\"position\":2,\"name\":\"Run Of &#8211; Basket LOW BESSMER\"}]},{\"@type\":\"WebSite\",\"@id\":\"https:\\\/\\\/dev.trust-softwares.com\\\/palomino\\\/#website\",\"url\":\"https:\\\/\\\/dev.trust-softwares.com\\\/palomino\\\/\",\"name\":\"Boutique Palomino\",\"description\":\"V\u00eatements pour femme, chaussures et accessoires\",\"potentialAction\":[{\"@type\":\"SearchAction\",\"target\":{\"@type\":\"EntryPoint\",\"urlTemplate\":\"https:\\\/\\\/dev.trust-softwares.com\\\/palomino\\\/?s={search_term_string}\"},\"query-input\":{\"@type\":\"PropertyValueSpecification\",\"valueRequired\":true,\"valueName\":\"search_term_string\"}}],\"inLanguage\":\"fr-FR\"}]}<\/script>\n<!-- \/ Yoast SEO plugin. -->","yoast_head_json":{"title":"Run Of - Basket LOW BESSMER - Boutique Palomino","robots":{"index":"noindex","follow":"follow","max-snippet":"max-snippet:-1","max-image-preview":"max-image-preview:large","max-video-preview":"max-video-preview:-1"},"og_locale":"fr_FR","og_type":"article","og_title":"Run Of - Basket LOW BESSMER - Boutique Palomino","og_description":"Run Of - Basket LOW BESSMER en cuir kaki   cuir lamin\u00e9  nubuck  semelle en caoutchouc recycl\u00e9 semelle int\u00e9rieure \u00e0 m\u00e9moire de forme en gel  Fabriqu\u00e9 en Italie  Chez Palomino retrouvez les v\u00eatements tendances du moment !","og_url":"https:\/\/dev.trust-softwares.com\/palomino\/produit\/run-of-basket-low-bessmer\/","og_site_name":"Boutique Palomino","article_modified_time":"2024-02-07T09:21:56+00:00","og_image":[{"width":1200,"height":1800,"url":"https:\/\/dev.trust-softwares.com\/palomino\/wp-content\/uploads\/2023\/08\/low3.jpg","type":"image\/jpeg"}],"twitter_card":"summary_large_image","twitter_misc":{"Dur\u00e9e de lecture estim\u00e9e":"1 minute"},"schema":{"@context":"https:\/\/schema.org","@graph":[{"@type":"WebPage","@id":"https:\/\/dev.trust-softwares.com\/palomino\/produit\/run-of-basket-low-bessmer\/","url":"https:\/\/dev.trust-softwares.com\/palomino\/produit\/run-of-basket-low-bessmer\/","name":"Run Of - Basket LOW BESSMER - Boutique Palomino","isPartOf":{"@id":"https:\/\/dev.trust-softwares.com\/palomino\/#website"},"primaryImageOfPage":{"@id":"https:\/\/dev.trust-softwares.com\/palomino\/produit\/run-of-basket-low-bessmer\/#primaryimage"},"image":{"@id":"https:\/\/dev.trust-softwares.com\/palomino\/produit\/run-of-basket-low-bessmer\/#primaryimage"},"thumbnailUrl":"https:\/\/dev.trust-softwares.com\/palomino\/wp-content\/uploads\/2023\/08\/low3.jpg","datePublished":"2023-08-24T08:37:57+00:00","dateModified":"2024-02-07T09:21:56+00:00","breadcrumb":{"@id":"https:\/\/dev.trust-softwares.com\/palomino\/produit\/run-of-basket-low-bessmer\/#breadcrumb"},"inLanguage":"fr-FR","potentialAction":[{"@type":"ReadAction","target":["https:\/\/dev.trust-softwares.com\/palomino\/produit\/run-of-basket-low-bessmer\/"]}]},{"@type":"ImageObject","inLanguage":"fr-FR","@id":"https:\/\/dev.trust-softwares.com\/palomino\/produit\/run-of-basket-low-bessmer\/#primaryimage","url":"https:\/\/dev.trust-softwares.com\/palomino\/wp-content\/uploads\/2023\/08\/low3.jpg","contentUrl":"https:\/\/dev.trust-softwares.com\/palomino\/wp-content\/uploads\/2023\/08\/low3.jpg","width":1200,"height":1800,"caption":"run of basket low bessmer"},{"@type":"BreadcrumbList","@id":"https:\/\/dev.trust-softwares.com\/palomino\/produit\/run-of-basket-low-bessmer\/#breadcrumb","itemListElement":[{"@type":"ListItem","position":1,"name":"LES PRODUITS","item":"https:\/\/dev.trust-softwares.com\/palomino\/les-produits\/"},{"@type":"ListItem","position":2,"name":"Run Of &#8211; Basket LOW BESSMER"}]},{"@type":"WebSite","@id":"https:\/\/dev.trust-softwares.com\/palomino\/#website","url":"https:\/\/dev.trust-softwares.com\/palomino\/","name":"Boutique Palomino","description":"V\u00eatements pour femme, chaussures et accessoires","potentialAction":[{"@type":"SearchAction","target":{"@type":"EntryPoint","urlTemplate":"https:\/\/dev.trust-softwares.com\/palomino\/?s={search_term_string}"},"query-input":{"@type":"PropertyValueSpecification","valueRequired":true,"valueName":"search_term_string"}}],"inLanguage":"fr-FR"}]}},"uagb_featured_image_src":{"full":["https:\/\/dev.trust-softwares.com\/palomino\/wp-content\/uploads\/2023\/08\/low3.jpg",1200,1800,false],"thumbnail":["https:\/\/dev.trust-softwares.com\/palomino\/wp-content\/uploads\/2023\/08\/low3.jpg",100,150,false],"medium":["https:\/\/dev.trust-softwares.com\/palomino\/wp-content\/uploads\/2023\/08\/low3.jpg",200,300,false],"medium_large":["https:\/\/dev.trust-softwares.com\/palomino\/wp-content\/uploads\/2023\/08\/low3.jpg",768,1152,false],"large":["https:\/\/dev.trust-softwares.com\/palomino\/wp-content\/uploads\/2023\/08\/low3.jpg",683,1024,false],"1536x1536":["https:\/\/dev.trust-softwares.com\/palomino\/wp-content\/uploads\/2023\/08\/low3.jpg",1024,1536,false],"2048x2048":["https:\/\/dev.trust-softwares.com\/palomino\/wp-content\/uploads\/2023\/08\/low3.jpg",1200,1800,false],"et-pb-post-main-image":["https:\/\/dev.trust-softwares.com\/palomino\/wp-content\/uploads\/2023\/08\/low3.jpg",167,250,false],"et-pb-post-main-image-fullwidth":["https:\/\/dev.trust-softwares.com\/palomino\/wp-content\/uploads\/2023\/08\/low3.jpg",450,675,false],"et-pb-portfolio-image":["https:\/\/dev.trust-softwares.com\/palomino\/wp-content\/uploads\/2023\/08\/low3.jpg",189,284,false],"et-pb-portfolio-module-image":["https:\/\/dev.trust-softwares.com\/palomino\/wp-content\/uploads\/2023\/08\/low3.jpg",255,382,false],"et-pb-portfolio-image-single":["https:\/\/dev.trust-softwares.com\/palomino\/wp-content\/uploads\/2023\/08\/low3.jpg",1080,1620,false],"et-pb-gallery-module-image-portrait":["https:\/\/dev.trust-softwares.com\/palomino\/wp-content\/uploads\/2023\/08\/low3.jpg",344,516,false],"et-pb-post-main-image-fullwidth-large":["https:\/\/dev.trust-softwares.com\/palomino\/wp-content\/uploads\/2023\/08\/low3.jpg",1200,1800,false],"menu-24x24":["https:\/\/dev.trust-softwares.com\/palomino\/wp-content\/uploads\/2023\/08\/low3.jpg",16,24,false],"menu-36x36":["https:\/\/dev.trust-softwares.com\/palomino\/wp-content\/uploads\/2023\/08\/low3.jpg",24,36,false],"menu-16x16":["https:\/\/dev.trust-softwares.com\/palomino\/wp-content\/uploads\/2023\/08\/low3.jpg",11,16,false],"woocommerce_thumbnail":["https:\/\/dev.trust-softwares.com\/palomino\/wp-content\/uploads\/2023\/08\/low3.jpg",1200,1800,false],"woocommerce_single":["https:\/\/dev.trust-softwares.com\/palomino\/wp-content\/uploads\/2023\/08\/low3.jpg",1200,1800,false],"woocommerce_gallery_thumbnail":["https:\/\/dev.trust-softwares.com\/palomino\/wp-content\/uploads\/2023\/08\/low3-100x100.jpg",100,100,true],"variation_swatches_image_size":["https:\/\/dev.trust-softwares.com\/palomino\/wp-content\/uploads\/2023\/08\/low3.jpg",33,50,false],"variation_swatches_tooltip_size":["https:\/\/dev.trust-softwares.com\/palomino\/wp-content\/uploads\/2023\/08\/low3.jpg",67,100,false],"dgwt-wcas-product-suggestion":["https:\/\/dev.trust-softwares.com\/palomino\/wp-content\/uploads\/2023\/08\/low3.jpg",64,96,false]},"uagb_author_info":{"display_name":"Gr\u00e9gory Siloret","author_link":"https:\/\/dev.trust-softwares.com\/palomino\/author\/"},"uagb_comment_info":0,"uagb_excerpt":"Run Of - Basket LOW BESSMER en cuir kaki cuir lamin\u00e9 nubuck semelle en caoutchouc recycl\u00e9 semelle int\u00e9rieure \u00e0 m\u00e9moire de forme en gel Fabriqu\u00e9 en Italie Chez Palomino retrouvez les v\u00eatements tendances du moment !","_links":{"self":[{"href":"https:\/\/dev.trust-softwares.com\/palomino\/wp-json\/wp\/v2\/product\/258252","targetHints":{"allow":["GET"]}}],"collection":[{"href":"https:\/\/dev.trust-softwares.com\/palomino\/wp-json\/wp\/v2\/product"}],"about":[{"href":"https:\/\/dev.trust-softwares.com\/palomino\/wp-json\/wp\/v2\/types\/product"}],"replies":[{"embeddable":true,"href":"https:\/\/dev.trust-softwares.com\/palomino\/wp-json\/wp\/v2\/comments?post=258252"}],"wp:featuredmedia":[{"embeddable":true,"href":"https:\/\/dev.trust-softwares.com\/palomino\/wp-json\/wp\/v2\/media\/258274"}],"wp:attachment":[{"href":"https:\/\/dev.trust-softwares.com\/palomino\/wp-json\/wp\/v2\/media?parent=258252"}],"wp:term":[{"taxonomy":"product_brand","embeddable":true,"href":"https:\/\/dev.trust-softwares.com\/palomino\/wp-json\/wp\/v2\/product_brand?post=258252"},{"taxonomy":"product_cat","embeddable":true,"href":"https:\/\/dev.trust-softwares.com\/palomino\/wp-json\/wp\/v2\/product_cat?post=258252"},{"taxonomy":"product_tag","embeddable":true,"href":"https:\/\/dev.trust-softwares.com\/palomino\/wp-json\/wp\/v2\/product_tag?post=258252"}],"curies":[{"name":"wp","href":"https:\/\/api.w.org\/{rel}","templated":true}]}}