{"id":263059,"date":"2024-05-08T07:55:55","date_gmt":"2024-05-08T06:55:55","guid":{"rendered":"https:\/\/dev.trust-softwares.com\/palomino\/produit\/mi-mai-sandale-carpi\/"},"modified":"2024-11-27T16:23:36","modified_gmt":"2024-11-27T15:23:36","slug":"mi-mai-sandale-carpi","status":"publish","type":"product","link":"https:\/\/dev.trust-softwares.com\/palomino\/produit\/mi-mai-sandale-carpi\/","title":{"rendered":"MI\/MAI &#8211; Sandales CAPRI"},"content":{"rendered":"","protected":false},"excerpt":{"rendered":"<p><strong>MI\/MAI<\/strong> &#8211; Sandales CAPRI, sandales noir \u00e0 strass<\/p>\n<ul>\n<li>Tige en ch\u00e8vre velours et strass<\/li>\n<li>Doublure en chevreau<\/li>\n<li>Semelle en cuir<\/li>\n<\/ul>\n<p>Talon de 7cm<\/p>\n<p>Fabriqu\u00e9 au Portugal<\/p>\n<p>Chez Palomino retrouvez les v\u00eatements tendances du moment !<\/p>\n","protected":false},"featured_media":264764,"comment_status":"open","ping_status":"closed","template":"","meta":{"_seopress_robots_primary_cat":"none","_seopress_titles_title":"","_seopress_titles_desc":"","_seopress_robots_index":"","_et_pb_use_builder":"","_et_pb_old_content":"","_et_gb_content_width":"","_uag_custom_page_level_css":""},"product_brand":[],"product_cat":[80,107,269,206,128,308],"product_tag":[205],"class_list":{"0":"post-263059","1":"product","2":"type-product","3":"status-publish","4":"has-post-thumbnail","6":"product_cat-chaussures","7":"product_cat-les-createurs","8":"product_cat-lookbook-ete","9":"product_cat-mi-mai","10":"product_cat-sandales","11":"product_cat-tenues-de-fetes","12":"product_tag-mi-mai","13":"pa_couleur-noir","14":"pa_taille-26","15":"pa_taille-28","16":"pa_taille-29","17":"pa_taille-30","18":"pa_taille-31","19":"pa_taille-41","21":"first","22":"instock","23":"taxable","24":"shipping-taxable","25":"purchasable","26":"product-type-variable","27":"has-default-attributes"},"yoast_head":"<!-- This site is optimized with the Yoast SEO plugin v27.4 - https:\/\/yoast.com\/product\/yoast-seo-wordpress\/ -->\n<title>MI\/MAI - Sandales CAPRI - Boutique Palomino<\/title>\n<meta name=\"robots\" content=\"noindex, follow, max-snippet:-1, max-image-preview:large, max-video-preview:-1\" \/>\n<meta property=\"og:locale\" content=\"fr_FR\" \/>\n<meta property=\"og:type\" content=\"article\" \/>\n<meta property=\"og:title\" content=\"MI\/MAI - Sandales CAPRI - Boutique Palomino\" \/>\n<meta property=\"og:description\" content=\"MI\/MAI - Sandales CAPRI, sandales noir \u00e0 strass   Tige en ch\u00e8vre velours et strass  Doublure en chevreau  Semelle en cuir  Talon de 7cm  Fabriqu\u00e9 au Portugal  Chez Palomino retrouvez les v\u00eatements tendances du moment !\" \/>\n<meta property=\"og:url\" content=\"https:\/\/dev.trust-softwares.com\/palomino\/produit\/mi-mai-sandale-carpi\/\" \/>\n<meta property=\"og:site_name\" content=\"Boutique Palomino\" \/>\n<meta property=\"article:modified_time\" content=\"2024-11-27T15:23:36+00:00\" \/>\n<meta property=\"og:image\" content=\"https:\/\/dev.trust-softwares.com\/palomino\/wp-content\/uploads\/2024\/04\/MI-MAI-Sandales-CAPRI_-1-2.jpg\" \/>\n\t<meta property=\"og:image:width\" content=\"1200\" \/>\n\t<meta property=\"og:image:height\" content=\"1800\" \/>\n\t<meta property=\"og:image:type\" content=\"image\/jpeg\" \/>\n<meta name=\"twitter:card\" content=\"summary_large_image\" \/>\n<meta name=\"twitter:label1\" content=\"Dur\u00e9e de lecture estim\u00e9e\" \/>\n\t<meta name=\"twitter:data1\" content=\"1 minute\" \/>\n<script type=\"application\/ld+json\" class=\"yoast-schema-graph\">{\"@context\":\"https:\\\/\\\/schema.org\",\"@graph\":[{\"@type\":\"WebPage\",\"@id\":\"https:\\\/\\\/dev.trust-softwares.com\\\/palomino\\\/produit\\\/mi-mai-sandale-carpi\\\/\",\"url\":\"https:\\\/\\\/dev.trust-softwares.com\\\/palomino\\\/produit\\\/mi-mai-sandale-carpi\\\/\",\"name\":\"MI\\\/MAI - Sandales CAPRI - Boutique Palomino\",\"isPartOf\":{\"@id\":\"https:\\\/\\\/dev.trust-softwares.com\\\/palomino\\\/#website\"},\"primaryImageOfPage\":{\"@id\":\"https:\\\/\\\/dev.trust-softwares.com\\\/palomino\\\/produit\\\/mi-mai-sandale-carpi\\\/#primaryimage\"},\"image\":{\"@id\":\"https:\\\/\\\/dev.trust-softwares.com\\\/palomino\\\/produit\\\/mi-mai-sandale-carpi\\\/#primaryimage\"},\"thumbnailUrl\":\"https:\\\/\\\/dev.trust-softwares.com\\\/palomino\\\/wp-content\\\/uploads\\\/2024\\\/04\\\/MI-MAI-Sandales-CAPRI_-1-2.jpg\",\"datePublished\":\"2024-05-08T06:55:55+00:00\",\"dateModified\":\"2024-11-27T15:23:36+00:00\",\"breadcrumb\":{\"@id\":\"https:\\\/\\\/dev.trust-softwares.com\\\/palomino\\\/produit\\\/mi-mai-sandale-carpi\\\/#breadcrumb\"},\"inLanguage\":\"fr-FR\",\"potentialAction\":[{\"@type\":\"ReadAction\",\"target\":[\"https:\\\/\\\/dev.trust-softwares.com\\\/palomino\\\/produit\\\/mi-mai-sandale-carpi\\\/\"]}]},{\"@type\":\"ImageObject\",\"inLanguage\":\"fr-FR\",\"@id\":\"https:\\\/\\\/dev.trust-softwares.com\\\/palomino\\\/produit\\\/mi-mai-sandale-carpi\\\/#primaryimage\",\"url\":\"https:\\\/\\\/dev.trust-softwares.com\\\/palomino\\\/wp-content\\\/uploads\\\/2024\\\/04\\\/MI-MAI-Sandales-CAPRI_-1-2.jpg\",\"contentUrl\":\"https:\\\/\\\/dev.trust-softwares.com\\\/palomino\\\/wp-content\\\/uploads\\\/2024\\\/04\\\/MI-MAI-Sandales-CAPRI_-1-2.jpg\",\"width\":1200,\"height\":1800,\"caption\":\"mi\\\/mai sandales capri\"},{\"@type\":\"BreadcrumbList\",\"@id\":\"https:\\\/\\\/dev.trust-softwares.com\\\/palomino\\\/produit\\\/mi-mai-sandale-carpi\\\/#breadcrumb\",\"itemListElement\":[{\"@type\":\"ListItem\",\"position\":1,\"name\":\"LES PRODUITS\",\"item\":\"https:\\\/\\\/dev.trust-softwares.com\\\/palomino\\\/les-produits\\\/\"},{\"@type\":\"ListItem\",\"position\":2,\"name\":\"MI\\\/MAI &#8211; Sandales CAPRI\"}]},{\"@type\":\"WebSite\",\"@id\":\"https:\\\/\\\/dev.trust-softwares.com\\\/palomino\\\/#website\",\"url\":\"https:\\\/\\\/dev.trust-softwares.com\\\/palomino\\\/\",\"name\":\"Boutique Palomino\",\"description\":\"V\u00eatements pour femme, chaussures et accessoires\",\"potentialAction\":[{\"@type\":\"SearchAction\",\"target\":{\"@type\":\"EntryPoint\",\"urlTemplate\":\"https:\\\/\\\/dev.trust-softwares.com\\\/palomino\\\/?s={search_term_string}\"},\"query-input\":{\"@type\":\"PropertyValueSpecification\",\"valueRequired\":true,\"valueName\":\"search_term_string\"}}],\"inLanguage\":\"fr-FR\"}]}<\/script>\n<!-- \/ Yoast SEO plugin. -->","yoast_head_json":{"title":"MI\/MAI - Sandales CAPRI - Boutique Palomino","robots":{"index":"noindex","follow":"follow","max-snippet":"max-snippet:-1","max-image-preview":"max-image-preview:large","max-video-preview":"max-video-preview:-1"},"og_locale":"fr_FR","og_type":"article","og_title":"MI\/MAI - Sandales CAPRI - Boutique Palomino","og_description":"MI\/MAI - Sandales CAPRI, sandales noir \u00e0 strass   Tige en ch\u00e8vre velours et strass  Doublure en chevreau  Semelle en cuir  Talon de 7cm  Fabriqu\u00e9 au Portugal  Chez Palomino retrouvez les v\u00eatements tendances du moment !","og_url":"https:\/\/dev.trust-softwares.com\/palomino\/produit\/mi-mai-sandale-carpi\/","og_site_name":"Boutique Palomino","article_modified_time":"2024-11-27T15:23:36+00:00","og_image":[{"width":1200,"height":1800,"url":"https:\/\/dev.trust-softwares.com\/palomino\/wp-content\/uploads\/2024\/04\/MI-MAI-Sandales-CAPRI_-1-2.jpg","type":"image\/jpeg"}],"twitter_card":"summary_large_image","twitter_misc":{"Dur\u00e9e de lecture estim\u00e9e":"1 minute"},"schema":{"@context":"https:\/\/schema.org","@graph":[{"@type":"WebPage","@id":"https:\/\/dev.trust-softwares.com\/palomino\/produit\/mi-mai-sandale-carpi\/","url":"https:\/\/dev.trust-softwares.com\/palomino\/produit\/mi-mai-sandale-carpi\/","name":"MI\/MAI - Sandales CAPRI - Boutique Palomino","isPartOf":{"@id":"https:\/\/dev.trust-softwares.com\/palomino\/#website"},"primaryImageOfPage":{"@id":"https:\/\/dev.trust-softwares.com\/palomino\/produit\/mi-mai-sandale-carpi\/#primaryimage"},"image":{"@id":"https:\/\/dev.trust-softwares.com\/palomino\/produit\/mi-mai-sandale-carpi\/#primaryimage"},"thumbnailUrl":"https:\/\/dev.trust-softwares.com\/palomino\/wp-content\/uploads\/2024\/04\/MI-MAI-Sandales-CAPRI_-1-2.jpg","datePublished":"2024-05-08T06:55:55+00:00","dateModified":"2024-11-27T15:23:36+00:00","breadcrumb":{"@id":"https:\/\/dev.trust-softwares.com\/palomino\/produit\/mi-mai-sandale-carpi\/#breadcrumb"},"inLanguage":"fr-FR","potentialAction":[{"@type":"ReadAction","target":["https:\/\/dev.trust-softwares.com\/palomino\/produit\/mi-mai-sandale-carpi\/"]}]},{"@type":"ImageObject","inLanguage":"fr-FR","@id":"https:\/\/dev.trust-softwares.com\/palomino\/produit\/mi-mai-sandale-carpi\/#primaryimage","url":"https:\/\/dev.trust-softwares.com\/palomino\/wp-content\/uploads\/2024\/04\/MI-MAI-Sandales-CAPRI_-1-2.jpg","contentUrl":"https:\/\/dev.trust-softwares.com\/palomino\/wp-content\/uploads\/2024\/04\/MI-MAI-Sandales-CAPRI_-1-2.jpg","width":1200,"height":1800,"caption":"mi\/mai sandales capri"},{"@type":"BreadcrumbList","@id":"https:\/\/dev.trust-softwares.com\/palomino\/produit\/mi-mai-sandale-carpi\/#breadcrumb","itemListElement":[{"@type":"ListItem","position":1,"name":"LES PRODUITS","item":"https:\/\/dev.trust-softwares.com\/palomino\/les-produits\/"},{"@type":"ListItem","position":2,"name":"MI\/MAI &#8211; Sandales CAPRI"}]},{"@type":"WebSite","@id":"https:\/\/dev.trust-softwares.com\/palomino\/#website","url":"https:\/\/dev.trust-softwares.com\/palomino\/","name":"Boutique Palomino","description":"V\u00eatements pour femme, chaussures et accessoires","potentialAction":[{"@type":"SearchAction","target":{"@type":"EntryPoint","urlTemplate":"https:\/\/dev.trust-softwares.com\/palomino\/?s={search_term_string}"},"query-input":{"@type":"PropertyValueSpecification","valueRequired":true,"valueName":"search_term_string"}}],"inLanguage":"fr-FR"}]}},"uagb_featured_image_src":{"full":["https:\/\/dev.trust-softwares.com\/palomino\/wp-content\/uploads\/2024\/04\/MI-MAI-Sandales-CAPRI_-1-2.jpg",1200,1800,false],"thumbnail":["https:\/\/dev.trust-softwares.com\/palomino\/wp-content\/uploads\/2024\/04\/MI-MAI-Sandales-CAPRI_-1-2.jpg",100,150,false],"medium":["https:\/\/dev.trust-softwares.com\/palomino\/wp-content\/uploads\/2024\/04\/MI-MAI-Sandales-CAPRI_-1-2.jpg",200,300,false],"medium_large":["https:\/\/dev.trust-softwares.com\/palomino\/wp-content\/uploads\/2024\/04\/MI-MAI-Sandales-CAPRI_-1-2.jpg",768,1152,false],"large":["https:\/\/dev.trust-softwares.com\/palomino\/wp-content\/uploads\/2024\/04\/MI-MAI-Sandales-CAPRI_-1-2.jpg",683,1024,false],"1536x1536":["https:\/\/dev.trust-softwares.com\/palomino\/wp-content\/uploads\/2024\/04\/MI-MAI-Sandales-CAPRI_-1-2.jpg",1024,1536,false],"2048x2048":["https:\/\/dev.trust-softwares.com\/palomino\/wp-content\/uploads\/2024\/04\/MI-MAI-Sandales-CAPRI_-1-2.jpg",1200,1800,false],"et-pb-post-main-image":["https:\/\/dev.trust-softwares.com\/palomino\/wp-content\/uploads\/2024\/04\/MI-MAI-Sandales-CAPRI_-1-2.jpg",167,250,false],"et-pb-post-main-image-fullwidth":["https:\/\/dev.trust-softwares.com\/palomino\/wp-content\/uploads\/2024\/04\/MI-MAI-Sandales-CAPRI_-1-2.jpg",450,675,false],"et-pb-portfolio-image":["https:\/\/dev.trust-softwares.com\/palomino\/wp-content\/uploads\/2024\/04\/MI-MAI-Sandales-CAPRI_-1-2.jpg",189,284,false],"et-pb-portfolio-module-image":["https:\/\/dev.trust-softwares.com\/palomino\/wp-content\/uploads\/2024\/04\/MI-MAI-Sandales-CAPRI_-1-2.jpg",255,382,false],"et-pb-portfolio-image-single":["https:\/\/dev.trust-softwares.com\/palomino\/wp-content\/uploads\/2024\/04\/MI-MAI-Sandales-CAPRI_-1-2.jpg",1080,1620,false],"et-pb-gallery-module-image-portrait":["https:\/\/dev.trust-softwares.com\/palomino\/wp-content\/uploads\/2024\/04\/MI-MAI-Sandales-CAPRI_-1-2.jpg",344,516,false],"et-pb-post-main-image-fullwidth-large":["https:\/\/dev.trust-softwares.com\/palomino\/wp-content\/uploads\/2024\/04\/MI-MAI-Sandales-CAPRI_-1-2.jpg",1200,1800,false],"menu-24x24":["https:\/\/dev.trust-softwares.com\/palomino\/wp-content\/uploads\/2024\/04\/MI-MAI-Sandales-CAPRI_-1-2.jpg",16,24,false],"menu-36x36":["https:\/\/dev.trust-softwares.com\/palomino\/wp-content\/uploads\/2024\/04\/MI-MAI-Sandales-CAPRI_-1-2.jpg",24,36,false],"menu-16x16":["https:\/\/dev.trust-softwares.com\/palomino\/wp-content\/uploads\/2024\/04\/MI-MAI-Sandales-CAPRI_-1-2.jpg",11,16,false],"woocommerce_thumbnail":["https:\/\/dev.trust-softwares.com\/palomino\/wp-content\/uploads\/2024\/04\/MI-MAI-Sandales-CAPRI_-1-2.jpg",1200,1800,false],"woocommerce_single":["https:\/\/dev.trust-softwares.com\/palomino\/wp-content\/uploads\/2024\/04\/MI-MAI-Sandales-CAPRI_-1-2.jpg",1200,1800,false],"woocommerce_gallery_thumbnail":["https:\/\/dev.trust-softwares.com\/palomino\/wp-content\/uploads\/2024\/04\/MI-MAI-Sandales-CAPRI_-1-2-100x100.jpg",100,100,true],"variation_swatches_image_size":["https:\/\/dev.trust-softwares.com\/palomino\/wp-content\/uploads\/2024\/04\/MI-MAI-Sandales-CAPRI_-1-2.jpg",33,50,false],"variation_swatches_tooltip_size":["https:\/\/dev.trust-softwares.com\/palomino\/wp-content\/uploads\/2024\/04\/MI-MAI-Sandales-CAPRI_-1-2.jpg",67,100,false],"dgwt-wcas-product-suggestion":["https:\/\/dev.trust-softwares.com\/palomino\/wp-content\/uploads\/2024\/04\/MI-MAI-Sandales-CAPRI_-1-2.jpg",64,96,false]},"uagb_author_info":{"display_name":"Gr\u00e9gory Siloret","author_link":"https:\/\/dev.trust-softwares.com\/palomino\/author\/"},"uagb_comment_info":0,"uagb_excerpt":"MI\/MAI - Sandales CAPRI, sandales noir \u00e0 strass Tige en ch\u00e8vre velours et strass Doublure en chevreau Semelle en cuir Talon de 7cm Fabriqu\u00e9 au Portugal Chez Palomino retrouvez les v\u00eatements tendances du moment !","_links":{"self":[{"href":"https:\/\/dev.trust-softwares.com\/palomino\/wp-json\/wp\/v2\/product\/263059","targetHints":{"allow":["GET"]}}],"collection":[{"href":"https:\/\/dev.trust-softwares.com\/palomino\/wp-json\/wp\/v2\/product"}],"about":[{"href":"https:\/\/dev.trust-softwares.com\/palomino\/wp-json\/wp\/v2\/types\/product"}],"replies":[{"embeddable":true,"href":"https:\/\/dev.trust-softwares.com\/palomino\/wp-json\/wp\/v2\/comments?post=263059"}],"wp:featuredmedia":[{"embeddable":true,"href":"https:\/\/dev.trust-softwares.com\/palomino\/wp-json\/wp\/v2\/media\/264764"}],"wp:attachment":[{"href":"https:\/\/dev.trust-softwares.com\/palomino\/wp-json\/wp\/v2\/media?parent=263059"}],"wp:term":[{"taxonomy":"product_brand","embeddable":true,"href":"https:\/\/dev.trust-softwares.com\/palomino\/wp-json\/wp\/v2\/product_brand?post=263059"},{"taxonomy":"product_cat","embeddable":true,"href":"https:\/\/dev.trust-softwares.com\/palomino\/wp-json\/wp\/v2\/product_cat?post=263059"},{"taxonomy":"product_tag","embeddable":true,"href":"https:\/\/dev.trust-softwares.com\/palomino\/wp-json\/wp\/v2\/product_tag?post=263059"}],"curies":[{"name":"wp","href":"https:\/\/api.w.org\/{rel}","templated":true}]}}