{"id":263921,"date":"2024-04-02T14:15:23","date_gmt":"2024-04-02T13:15:23","guid":{"rendered":"https:\/\/dev.trust-softwares.com\/palomino\/produit\/anine-bing-t-shirt-colby-tee-bing-new-york\/"},"modified":"2025-02-07T00:16:59","modified_gmt":"2025-02-06T23:16:59","slug":"anine-bing-t-shirt-colby-tee-bing-new-york","status":"publish","type":"product","link":"https:\/\/dev.trust-softwares.com\/palomino\/produit\/anine-bing-t-shirt-colby-tee-bing-new-york\/","title":{"rendered":"Anine Bing &#8211; T-shirt COLBY TEE BING NEW YORK"},"content":{"rendered":"","protected":false},"excerpt":{"rendered":"<p><strong>Anine Bing<\/strong> &#8211; T-shirt COLBY TEE BING NEW YORK, t-shirt oversize en noir d\u00e9lav\u00e9, s\u00e9rigraphie \u00ab\u00a0Anine bing 2012 New York\u00a0\u00bb<\/p>\n<ul>\n<li>100% coton<\/li>\n<\/ul>\n<p>Fabriqu\u00e9 en Turquie<\/p>\n<p>Lavage en machine<\/p>\n<div class=\"et_pb_section et_pb_section_0_tb_body et_section_regular\">\n<div class=\"et_pb_row et_pb_row_0_tb_body\">\n<div class=\"et_pb_column et_pb_column_1_2 et_pb_column_1_tb_body et_pb_css_mix_blend_mode_passthrough et-last-child\">\n<div class=\"et_pb_module et_pb_wc_description et_pb_wc_description_0_tb_body et_pb_bg_layout_light et_pb_text_align_left\">\n<div class=\"et_pb_module_inner\">\n<p>Chez Palomino retrouvez les v\u00eatements tendances du moment !<\/p>\n<\/div>\n<\/div>\n<\/div>\n<\/div>\n<\/div>\n<div class=\"et_pb_section et_pb_section_1_tb_body et_section_regular\"><\/div>\n","protected":false},"featured_media":263942,"comment_status":"open","ping_status":"closed","template":"","meta":{"_seopress_robots_primary_cat":"none","_seopress_titles_title":"","_seopress_titles_desc":"","_seopress_robots_index":"","_et_pb_use_builder":"","_et_pb_old_content":"","_et_gb_content_width":"","_uag_custom_page_level_css":""},"product_brand":[],"product_cat":[115,78,23,107,92,200],"product_tag":[153],"class_list":{"0":"post-263921","1":"product","2":"type-product","3":"status-publish","4":"has-post-thumbnail","6":"product_cat-anine-bing","7":"product_cat-hauts","8":"product_cat-last-chance","9":"product_cat-les-createurs","10":"product_cat-t-shirts","11":"product_cat-ventes-privees","12":"product_tag-anine-bing","13":"pa_couleur-noir","14":"pa_taille-l","15":"pa_taille-m","16":"pa_taille-s","17":"pa_taille-xl","18":"pa_taille-xs","19":"pa_taille-xxl","21":"first","22":"instock","23":"taxable","24":"shipping-taxable","25":"purchasable","26":"product-type-variable","27":"has-default-attributes"},"yoast_head":"<!-- This site is optimized with the Yoast SEO plugin v27.3 - https:\/\/yoast.com\/product\/yoast-seo-wordpress\/ -->\n<title>Anine Bing - T-shirt COLBY TEE BING NEW YORK - Boutique Palomino<\/title>\n<meta name=\"robots\" content=\"noindex, follow, max-snippet:-1, max-image-preview:large, max-video-preview:-1\" \/>\n<meta property=\"og:locale\" content=\"fr_FR\" \/>\n<meta property=\"og:type\" content=\"article\" \/>\n<meta property=\"og:title\" content=\"Anine Bing - T-shirt COLBY TEE BING NEW YORK - Boutique Palomino\" \/>\n<meta property=\"og:description\" content=\"Anine Bing - T-shirt COLBY TEE BING NEW YORK, t-shirt oversize en noir d\u00e9lav\u00e9, s\u00e9rigraphie &quot;Anine bing 2012 New York&quot;   100% coton  Fabriqu\u00e9 en Turquie  Lavage en machine       Chez Palomino retrouvez les v\u00eatements tendances du moment !\" \/>\n<meta property=\"og:url\" content=\"https:\/\/dev.trust-softwares.com\/palomino\/produit\/anine-bing-t-shirt-colby-tee-bing-new-york\/\" \/>\n<meta property=\"og:site_name\" content=\"Boutique Palomino\" \/>\n<meta property=\"article:modified_time\" content=\"2025-02-06T23:16:59+00:00\" \/>\n<meta property=\"og:image\" content=\"https:\/\/dev.trust-softwares.com\/palomino\/wp-content\/uploads\/2024\/04\/Anine-Bing-T-shirt-COLBY-TEE-BING-NEW-YORK.jpg\" \/>\n\t<meta property=\"og:image:width\" content=\"1200\" \/>\n\t<meta property=\"og:image:height\" content=\"1767\" \/>\n\t<meta property=\"og:image:type\" content=\"image\/jpeg\" \/>\n<meta name=\"twitter:card\" content=\"summary_large_image\" \/>\n<meta name=\"twitter:label1\" content=\"Dur\u00e9e de lecture estim\u00e9e\" \/>\n\t<meta name=\"twitter:data1\" content=\"1 minute\" \/>\n<script type=\"application\/ld+json\" class=\"yoast-schema-graph\">{\"@context\":\"https:\\\/\\\/schema.org\",\"@graph\":[{\"@type\":\"WebPage\",\"@id\":\"https:\\\/\\\/dev.trust-softwares.com\\\/palomino\\\/produit\\\/anine-bing-t-shirt-colby-tee-bing-new-york\\\/\",\"url\":\"https:\\\/\\\/dev.trust-softwares.com\\\/palomino\\\/produit\\\/anine-bing-t-shirt-colby-tee-bing-new-york\\\/\",\"name\":\"Anine Bing - T-shirt COLBY TEE BING NEW YORK - Boutique Palomino\",\"isPartOf\":{\"@id\":\"https:\\\/\\\/dev.trust-softwares.com\\\/palomino\\\/#website\"},\"primaryImageOfPage\":{\"@id\":\"https:\\\/\\\/dev.trust-softwares.com\\\/palomino\\\/produit\\\/anine-bing-t-shirt-colby-tee-bing-new-york\\\/#primaryimage\"},\"image\":{\"@id\":\"https:\\\/\\\/dev.trust-softwares.com\\\/palomino\\\/produit\\\/anine-bing-t-shirt-colby-tee-bing-new-york\\\/#primaryimage\"},\"thumbnailUrl\":\"https:\\\/\\\/dev.trust-softwares.com\\\/palomino\\\/wp-content\\\/uploads\\\/2024\\\/04\\\/Anine-Bing-T-shirt-COLBY-TEE-BING-NEW-YORK.jpg\",\"datePublished\":\"2024-04-02T13:15:23+00:00\",\"dateModified\":\"2025-02-06T23:16:59+00:00\",\"breadcrumb\":{\"@id\":\"https:\\\/\\\/dev.trust-softwares.com\\\/palomino\\\/produit\\\/anine-bing-t-shirt-colby-tee-bing-new-york\\\/#breadcrumb\"},\"inLanguage\":\"fr-FR\",\"potentialAction\":[{\"@type\":\"ReadAction\",\"target\":[\"https:\\\/\\\/dev.trust-softwares.com\\\/palomino\\\/produit\\\/anine-bing-t-shirt-colby-tee-bing-new-york\\\/\"]}]},{\"@type\":\"ImageObject\",\"inLanguage\":\"fr-FR\",\"@id\":\"https:\\\/\\\/dev.trust-softwares.com\\\/palomino\\\/produit\\\/anine-bing-t-shirt-colby-tee-bing-new-york\\\/#primaryimage\",\"url\":\"https:\\\/\\\/dev.trust-softwares.com\\\/palomino\\\/wp-content\\\/uploads\\\/2024\\\/04\\\/Anine-Bing-T-shirt-COLBY-TEE-BING-NEW-YORK.jpg\",\"contentUrl\":\"https:\\\/\\\/dev.trust-softwares.com\\\/palomino\\\/wp-content\\\/uploads\\\/2024\\\/04\\\/Anine-Bing-T-shirt-COLBY-TEE-BING-NEW-YORK.jpg\",\"width\":1200,\"height\":1767,\"caption\":\"anine bing t shirt colby tee bing new york\"},{\"@type\":\"BreadcrumbList\",\"@id\":\"https:\\\/\\\/dev.trust-softwares.com\\\/palomino\\\/produit\\\/anine-bing-t-shirt-colby-tee-bing-new-york\\\/#breadcrumb\",\"itemListElement\":[{\"@type\":\"ListItem\",\"position\":1,\"name\":\"LES PRODUITS\",\"item\":\"https:\\\/\\\/dev.trust-softwares.com\\\/palomino\\\/les-produits\\\/\"},{\"@type\":\"ListItem\",\"position\":2,\"name\":\"Anine Bing &#8211; T-shirt COLBY TEE BING NEW YORK\"}]},{\"@type\":\"WebSite\",\"@id\":\"https:\\\/\\\/dev.trust-softwares.com\\\/palomino\\\/#website\",\"url\":\"https:\\\/\\\/dev.trust-softwares.com\\\/palomino\\\/\",\"name\":\"Boutique Palomino\",\"description\":\"V\u00eatements pour femme, chaussures et accessoires\",\"potentialAction\":[{\"@type\":\"SearchAction\",\"target\":{\"@type\":\"EntryPoint\",\"urlTemplate\":\"https:\\\/\\\/dev.trust-softwares.com\\\/palomino\\\/?s={search_term_string}\"},\"query-input\":{\"@type\":\"PropertyValueSpecification\",\"valueRequired\":true,\"valueName\":\"search_term_string\"}}],\"inLanguage\":\"fr-FR\"}]}<\/script>\n<!-- \/ Yoast SEO plugin. -->","yoast_head_json":{"title":"Anine Bing - T-shirt COLBY TEE BING NEW YORK - Boutique Palomino","robots":{"index":"noindex","follow":"follow","max-snippet":"max-snippet:-1","max-image-preview":"max-image-preview:large","max-video-preview":"max-video-preview:-1"},"og_locale":"fr_FR","og_type":"article","og_title":"Anine Bing - T-shirt COLBY TEE BING NEW YORK - Boutique Palomino","og_description":"Anine Bing - T-shirt COLBY TEE BING NEW YORK, t-shirt oversize en noir d\u00e9lav\u00e9, s\u00e9rigraphie \"Anine bing 2012 New York\"   100% coton  Fabriqu\u00e9 en Turquie  Lavage en machine       Chez Palomino retrouvez les v\u00eatements tendances du moment !","og_url":"https:\/\/dev.trust-softwares.com\/palomino\/produit\/anine-bing-t-shirt-colby-tee-bing-new-york\/","og_site_name":"Boutique Palomino","article_modified_time":"2025-02-06T23:16:59+00:00","og_image":[{"width":1200,"height":1767,"url":"https:\/\/dev.trust-softwares.com\/palomino\/wp-content\/uploads\/2024\/04\/Anine-Bing-T-shirt-COLBY-TEE-BING-NEW-YORK.jpg","type":"image\/jpeg"}],"twitter_card":"summary_large_image","twitter_misc":{"Dur\u00e9e de lecture estim\u00e9e":"1 minute"},"schema":{"@context":"https:\/\/schema.org","@graph":[{"@type":"WebPage","@id":"https:\/\/dev.trust-softwares.com\/palomino\/produit\/anine-bing-t-shirt-colby-tee-bing-new-york\/","url":"https:\/\/dev.trust-softwares.com\/palomino\/produit\/anine-bing-t-shirt-colby-tee-bing-new-york\/","name":"Anine Bing - T-shirt COLBY TEE BING NEW YORK - Boutique Palomino","isPartOf":{"@id":"https:\/\/dev.trust-softwares.com\/palomino\/#website"},"primaryImageOfPage":{"@id":"https:\/\/dev.trust-softwares.com\/palomino\/produit\/anine-bing-t-shirt-colby-tee-bing-new-york\/#primaryimage"},"image":{"@id":"https:\/\/dev.trust-softwares.com\/palomino\/produit\/anine-bing-t-shirt-colby-tee-bing-new-york\/#primaryimage"},"thumbnailUrl":"https:\/\/dev.trust-softwares.com\/palomino\/wp-content\/uploads\/2024\/04\/Anine-Bing-T-shirt-COLBY-TEE-BING-NEW-YORK.jpg","datePublished":"2024-04-02T13:15:23+00:00","dateModified":"2025-02-06T23:16:59+00:00","breadcrumb":{"@id":"https:\/\/dev.trust-softwares.com\/palomino\/produit\/anine-bing-t-shirt-colby-tee-bing-new-york\/#breadcrumb"},"inLanguage":"fr-FR","potentialAction":[{"@type":"ReadAction","target":["https:\/\/dev.trust-softwares.com\/palomino\/produit\/anine-bing-t-shirt-colby-tee-bing-new-york\/"]}]},{"@type":"ImageObject","inLanguage":"fr-FR","@id":"https:\/\/dev.trust-softwares.com\/palomino\/produit\/anine-bing-t-shirt-colby-tee-bing-new-york\/#primaryimage","url":"https:\/\/dev.trust-softwares.com\/palomino\/wp-content\/uploads\/2024\/04\/Anine-Bing-T-shirt-COLBY-TEE-BING-NEW-YORK.jpg","contentUrl":"https:\/\/dev.trust-softwares.com\/palomino\/wp-content\/uploads\/2024\/04\/Anine-Bing-T-shirt-COLBY-TEE-BING-NEW-YORK.jpg","width":1200,"height":1767,"caption":"anine bing t shirt colby tee bing new york"},{"@type":"BreadcrumbList","@id":"https:\/\/dev.trust-softwares.com\/palomino\/produit\/anine-bing-t-shirt-colby-tee-bing-new-york\/#breadcrumb","itemListElement":[{"@type":"ListItem","position":1,"name":"LES PRODUITS","item":"https:\/\/dev.trust-softwares.com\/palomino\/les-produits\/"},{"@type":"ListItem","position":2,"name":"Anine Bing &#8211; T-shirt COLBY TEE BING NEW YORK"}]},{"@type":"WebSite","@id":"https:\/\/dev.trust-softwares.com\/palomino\/#website","url":"https:\/\/dev.trust-softwares.com\/palomino\/","name":"Boutique Palomino","description":"V\u00eatements pour femme, chaussures et accessoires","potentialAction":[{"@type":"SearchAction","target":{"@type":"EntryPoint","urlTemplate":"https:\/\/dev.trust-softwares.com\/palomino\/?s={search_term_string}"},"query-input":{"@type":"PropertyValueSpecification","valueRequired":true,"valueName":"search_term_string"}}],"inLanguage":"fr-FR"}]}},"uagb_featured_image_src":{"full":["https:\/\/dev.trust-softwares.com\/palomino\/wp-content\/uploads\/2024\/04\/Anine-Bing-T-shirt-COLBY-TEE-BING-NEW-YORK.jpg",1200,1767,false],"thumbnail":["https:\/\/dev.trust-softwares.com\/palomino\/wp-content\/uploads\/2024\/04\/Anine-Bing-T-shirt-COLBY-TEE-BING-NEW-YORK.jpg",102,150,false],"medium":["https:\/\/dev.trust-softwares.com\/palomino\/wp-content\/uploads\/2024\/04\/Anine-Bing-T-shirt-COLBY-TEE-BING-NEW-YORK.jpg",204,300,false],"medium_large":["https:\/\/dev.trust-softwares.com\/palomino\/wp-content\/uploads\/2024\/04\/Anine-Bing-T-shirt-COLBY-TEE-BING-NEW-YORK.jpg",768,1131,false],"large":["https:\/\/dev.trust-softwares.com\/palomino\/wp-content\/uploads\/2024\/04\/Anine-Bing-T-shirt-COLBY-TEE-BING-NEW-YORK.jpg",695,1024,false],"1536x1536":["https:\/\/dev.trust-softwares.com\/palomino\/wp-content\/uploads\/2024\/04\/Anine-Bing-T-shirt-COLBY-TEE-BING-NEW-YORK.jpg",1043,1536,false],"2048x2048":["https:\/\/dev.trust-softwares.com\/palomino\/wp-content\/uploads\/2024\/04\/Anine-Bing-T-shirt-COLBY-TEE-BING-NEW-YORK.jpg",1200,1767,false],"et-pb-post-main-image":["https:\/\/dev.trust-softwares.com\/palomino\/wp-content\/uploads\/2024\/04\/Anine-Bing-T-shirt-COLBY-TEE-BING-NEW-YORK.jpg",170,250,false],"et-pb-post-main-image-fullwidth":["https:\/\/dev.trust-softwares.com\/palomino\/wp-content\/uploads\/2024\/04\/Anine-Bing-T-shirt-COLBY-TEE-BING-NEW-YORK.jpg",458,675,false],"et-pb-portfolio-image":["https:\/\/dev.trust-softwares.com\/palomino\/wp-content\/uploads\/2024\/04\/Anine-Bing-T-shirt-COLBY-TEE-BING-NEW-YORK.jpg",193,284,false],"et-pb-portfolio-module-image":["https:\/\/dev.trust-softwares.com\/palomino\/wp-content\/uploads\/2024\/04\/Anine-Bing-T-shirt-COLBY-TEE-BING-NEW-YORK.jpg",259,382,false],"et-pb-portfolio-image-single":["https:\/\/dev.trust-softwares.com\/palomino\/wp-content\/uploads\/2024\/04\/Anine-Bing-T-shirt-COLBY-TEE-BING-NEW-YORK.jpg",1080,1590,false],"et-pb-gallery-module-image-portrait":["https:\/\/dev.trust-softwares.com\/palomino\/wp-content\/uploads\/2024\/04\/Anine-Bing-T-shirt-COLBY-TEE-BING-NEW-YORK.jpg",350,516,false],"et-pb-post-main-image-fullwidth-large":["https:\/\/dev.trust-softwares.com\/palomino\/wp-content\/uploads\/2024\/04\/Anine-Bing-T-shirt-COLBY-TEE-BING-NEW-YORK.jpg",1200,1767,false],"menu-24x24":["https:\/\/dev.trust-softwares.com\/palomino\/wp-content\/uploads\/2024\/04\/Anine-Bing-T-shirt-COLBY-TEE-BING-NEW-YORK.jpg",16,24,false],"menu-36x36":["https:\/\/dev.trust-softwares.com\/palomino\/wp-content\/uploads\/2024\/04\/Anine-Bing-T-shirt-COLBY-TEE-BING-NEW-YORK.jpg",24,36,false],"menu-16x16":["https:\/\/dev.trust-softwares.com\/palomino\/wp-content\/uploads\/2024\/04\/Anine-Bing-T-shirt-COLBY-TEE-BING-NEW-YORK.jpg",11,16,false],"woocommerce_thumbnail":["https:\/\/dev.trust-softwares.com\/palomino\/wp-content\/uploads\/2024\/04\/Anine-Bing-T-shirt-COLBY-TEE-BING-NEW-YORK.jpg",1200,1767,false],"woocommerce_single":["https:\/\/dev.trust-softwares.com\/palomino\/wp-content\/uploads\/2024\/04\/Anine-Bing-T-shirt-COLBY-TEE-BING-NEW-YORK.jpg",1200,1767,false],"woocommerce_gallery_thumbnail":["https:\/\/dev.trust-softwares.com\/palomino\/wp-content\/uploads\/2024\/04\/Anine-Bing-T-shirt-COLBY-TEE-BING-NEW-YORK-100x100.jpg",100,100,true],"variation_swatches_image_size":["https:\/\/dev.trust-softwares.com\/palomino\/wp-content\/uploads\/2024\/04\/Anine-Bing-T-shirt-COLBY-TEE-BING-NEW-YORK.jpg",34,50,false],"variation_swatches_tooltip_size":["https:\/\/dev.trust-softwares.com\/palomino\/wp-content\/uploads\/2024\/04\/Anine-Bing-T-shirt-COLBY-TEE-BING-NEW-YORK.jpg",68,100,false],"dgwt-wcas-product-suggestion":["https:\/\/dev.trust-softwares.com\/palomino\/wp-content\/uploads\/2024\/04\/Anine-Bing-T-shirt-COLBY-TEE-BING-NEW-YORK.jpg",64,94,false]},"uagb_author_info":{"display_name":"Gr\u00e9gory Siloret","author_link":"https:\/\/dev.trust-softwares.com\/palomino\/author\/"},"uagb_comment_info":0,"uagb_excerpt":"Anine Bing - T-shirt COLBY TEE BING NEW YORK, t-shirt oversize en noir d\u00e9lav\u00e9, s\u00e9rigraphie \"Anine bing 2012 New York\" 100% coton Fabriqu\u00e9 en Turquie Lavage en machine Chez Palomino retrouvez les v\u00eatements tendances du moment !","_links":{"self":[{"href":"https:\/\/dev.trust-softwares.com\/palomino\/wp-json\/wp\/v2\/product\/263921","targetHints":{"allow":["GET"]}}],"collection":[{"href":"https:\/\/dev.trust-softwares.com\/palomino\/wp-json\/wp\/v2\/product"}],"about":[{"href":"https:\/\/dev.trust-softwares.com\/palomino\/wp-json\/wp\/v2\/types\/product"}],"replies":[{"embeddable":true,"href":"https:\/\/dev.trust-softwares.com\/palomino\/wp-json\/wp\/v2\/comments?post=263921"}],"wp:featuredmedia":[{"embeddable":true,"href":"https:\/\/dev.trust-softwares.com\/palomino\/wp-json\/wp\/v2\/media\/263942"}],"wp:attachment":[{"href":"https:\/\/dev.trust-softwares.com\/palomino\/wp-json\/wp\/v2\/media?parent=263921"}],"wp:term":[{"taxonomy":"product_brand","embeddable":true,"href":"https:\/\/dev.trust-softwares.com\/palomino\/wp-json\/wp\/v2\/product_brand?post=263921"},{"taxonomy":"product_cat","embeddable":true,"href":"https:\/\/dev.trust-softwares.com\/palomino\/wp-json\/wp\/v2\/product_cat?post=263921"},{"taxonomy":"product_tag","embeddable":true,"href":"https:\/\/dev.trust-softwares.com\/palomino\/wp-json\/wp\/v2\/product_tag?post=263921"}],"curies":[{"name":"wp","href":"https:\/\/api.w.org\/{rel}","templated":true}]}}