{"id":268879,"date":"2024-08-19T15:32:15","date_gmt":"2024-08-19T14:32:15","guid":{"rendered":"https:\/\/dev.trust-softwares.com\/palomino\/produit\/vanessa-bruno-petit-sac-moon-cuir-tresse\/"},"modified":"2025-01-10T11:44:01","modified_gmt":"2025-01-10T10:44:01","slug":"vanessa-bruno-petit-sac-moon-cuir-tresse","status":"publish","type":"product","link":"https:\/\/dev.trust-softwares.com\/palomino\/produit\/vanessa-bruno-petit-sac-moon-cuir-tresse\/","title":{"rendered":"Vanessa Bruno &#8211; Petit Sac MOON CUIR TRESSE"},"content":{"rendered":"","protected":false},"excerpt":{"rendered":"<div class=\"et_pb_section et_pb_section_0_tb_body et_section_regular\">\n<div class=\"et_pb_row et_pb_row_0_tb_body\">\n<div class=\"et_pb_column et_pb_column_1_2 et_pb_column_1_tb_body  et_pb_css_mix_blend_mode_passthrough et-last-child\">\n<div class=\"et_pb_module et_pb_wc_description et_pb_wc_description_0_tb_body et_pb_bg_layout_light  et_pb_text_align_left\">\n<div class=\"et_pb_module_inner\">\n<div class=\"charact\">\n<div class=\"product_detail_txt\"><strong>Vanessa Bruno<\/strong> &#8211; Petit Sac MOON CUIR TRESSE, sac marron fonc\u00e9, bandouli\u00e8re ajustable en cha\u00eene dor\u00e9.<\/div>\n<div><\/div>\n<\/div>\n<div class=\"charact\">\n<ul>\n<li class=\"product_detail_txt\">Mati\u00e8re Principale : 100% cuir agneau<\/li>\n<li class=\"product_detail_txt\">Doublure : 100% coton<\/li>\n<\/ul>\n<\/div>\n<div class=\"charact\">\n<div class=\"charact_icon\">Dimensions : 11 cm x 18 cm x 4.5 cm \/ Hauteur Anses port\u00e9 \u00e9paule : 28 cm \/ Hauteur Anses bandouli\u00e8re : 54 cm<\/div>\n<div><\/div>\n<div class=\"product_detail_txt\">Fabriqu\u00e9 en Inde<\/div>\n<\/div>\n<p>Chez Palomino retrouvez les v\u00eatements tendances du moment !<\/p>\n<\/div>\n<\/div>\n<div>\n<div id=\"alma-payment-plans\" data-settings=\"{&quot;hasExcludedProducts&quot;:false,&quot;merchantId&quot;:&quot;merchant_11xmKdz3BTSf3hq4Pwm6mdDrOhrPW6n3GO&quot;,&quot;apiMode&quot;:&quot;live&quot;,&quot;amount&quot;:37500,&quot;enabledPlans&quot;:[{&quot;installments_count&quot;:3,&quot;min_amount&quot;:10000,&quot;max_amount&quot;:200000,&quot;deferred_days&quot;:0,&quot;deferred_months&quot;:0}],&quot;amountQuerySelector&quot;:&quot;form.variations_form div.woocommerce-variation-price span.woocommerce-Price-amount bdi&quot;,&quot;amountSalePriceQuerySelector&quot;:&quot;form.variations_form div.woocommerce-variation-price ins span.woocommerce-Price-amount bdi&quot;,&quot;jqueryUpdateEvent&quot;:&quot;check_variations&quot;,&quot;firstRender&quot;:true,&quot;decimalSeparator&quot;:&quot;,&quot;,&quot;thousandSeparator&quot;:&quot;&quot;,&quot;locale&quot;:&quot;fr&quot;}\"><\/div>\n<\/div>\n<\/div>\n<\/div>\n<\/div>\n<div class=\"et_pb_section et_pb_section_1_tb_body et_section_regular\">\n<div class=\"et_pb_row et_pb_row_1_tb_body\">\n<div class=\"et_pb_column et_pb_column_4_4 et_pb_column_2_tb_body  et_pb_css_mix_blend_mode_passthrough et-last-child\">\n<div class=\"et_pb_module et_pb_text et_pb_text_1_tb_body  et_pb_text_align_left et_pb_bg_layout_light\">\n<div class=\"et_pb_text_inner\"><\/div>\n<\/div>\n<\/div>\n<\/div>\n<\/div>\n","protected":false},"featured_media":268898,"comment_status":"open","ping_status":"closed","template":"","meta":{"_seopress_robots_primary_cat":"none","_seopress_titles_title":"","_seopress_titles_desc":"","_seopress_robots_index":"","_et_pb_use_builder":"","_et_pb_old_content":"","_et_gb_content_width":"","_uag_custom_page_level_css":""},"product_brand":[],"product_cat":[304,107,313,77,302,117],"product_tag":[134],"class_list":{"0":"post-268879","1":"product","2":"type-product","3":"status-publish","4":"has-post-thumbnail","6":"product_cat-la-boutique-de-noel","7":"product_cat-les-createurs","8":"product_cat-pieces-hiver","9":"product_cat-sacs","10":"product_cat-selection-marron-bordeaux","11":"product_cat-vanessa-bruno","12":"product_tag-vanessa-bruno","13":"pa_couleur-marron-fonce","14":"pa_taille-tu","16":"first","17":"instock","18":"taxable","19":"shipping-taxable","20":"purchasable","21":"product-type-variable","22":"has-default-attributes"},"yoast_head":"<!-- This site is optimized with the Yoast SEO plugin v27.3 - https:\/\/yoast.com\/product\/yoast-seo-wordpress\/ -->\n<title>Vanessa Bruno - Petit Sac MOON CUIR TRESSE - Boutique Palomino<\/title>\n<meta name=\"robots\" content=\"noindex, follow, max-snippet:-1, max-image-preview:large, max-video-preview:-1\" \/>\n<meta property=\"og:locale\" content=\"fr_FR\" \/>\n<meta property=\"og:type\" content=\"article\" \/>\n<meta property=\"og:title\" content=\"Vanessa Bruno - Petit Sac MOON CUIR TRESSE - Boutique Palomino\" \/>\n<meta property=\"og:description\" content=\"Vanessa Bruno - Petit Sac MOON CUIR TRESSE, sac marron fonc\u00e9, bandouli\u00e8re ajustable en cha\u00eene dor\u00e9.      Mati\u00e8re Principale : 100% cuir agneau  Doublure : 100% coton    Dimensions : 11 cm x 18 cm x 4.5 cm \/ Hauteur Anses port\u00e9 \u00e9paule : 28 cm \/ Hauteur Anses bandouli\u00e8re : 54 cm  Fabriqu\u00e9 en Inde  Chez Palomino retrouvez les v\u00eatements tendances du moment !\" \/>\n<meta property=\"og:url\" content=\"https:\/\/dev.trust-softwares.com\/palomino\/produit\/vanessa-bruno-petit-sac-moon-cuir-tresse\/\" \/>\n<meta property=\"og:site_name\" content=\"Boutique Palomino\" \/>\n<meta property=\"article:modified_time\" content=\"2025-01-10T10:44:01+00:00\" \/>\n<meta property=\"og:image\" content=\"https:\/\/dev.trust-softwares.com\/palomino\/wp-content\/uploads\/2024\/09\/Vanessa-Bruno-Petit-Sac-MOON-CUIR-TRESSE__.jpg\" \/>\n\t<meta property=\"og:image:width\" content=\"1200\" \/>\n\t<meta property=\"og:image:height\" content=\"1800\" \/>\n\t<meta property=\"og:image:type\" content=\"image\/jpeg\" \/>\n<meta name=\"twitter:card\" content=\"summary_large_image\" \/>\n<meta name=\"twitter:label1\" content=\"Dur\u00e9e de lecture estim\u00e9e\" \/>\n\t<meta name=\"twitter:data1\" content=\"1 minute\" \/>\n<script type=\"application\/ld+json\" class=\"yoast-schema-graph\">{\"@context\":\"https:\\\/\\\/schema.org\",\"@graph\":[{\"@type\":\"WebPage\",\"@id\":\"https:\\\/\\\/dev.trust-softwares.com\\\/palomino\\\/produit\\\/vanessa-bruno-petit-sac-moon-cuir-tresse\\\/\",\"url\":\"https:\\\/\\\/dev.trust-softwares.com\\\/palomino\\\/produit\\\/vanessa-bruno-petit-sac-moon-cuir-tresse\\\/\",\"name\":\"Vanessa Bruno - Petit Sac MOON CUIR TRESSE - Boutique Palomino\",\"isPartOf\":{\"@id\":\"https:\\\/\\\/dev.trust-softwares.com\\\/palomino\\\/#website\"},\"primaryImageOfPage\":{\"@id\":\"https:\\\/\\\/dev.trust-softwares.com\\\/palomino\\\/produit\\\/vanessa-bruno-petit-sac-moon-cuir-tresse\\\/#primaryimage\"},\"image\":{\"@id\":\"https:\\\/\\\/dev.trust-softwares.com\\\/palomino\\\/produit\\\/vanessa-bruno-petit-sac-moon-cuir-tresse\\\/#primaryimage\"},\"thumbnailUrl\":\"https:\\\/\\\/dev.trust-softwares.com\\\/palomino\\\/wp-content\\\/uploads\\\/2024\\\/09\\\/Vanessa-Bruno-Petit-Sac-MOON-CUIR-TRESSE__.jpg\",\"datePublished\":\"2024-08-19T14:32:15+00:00\",\"dateModified\":\"2025-01-10T10:44:01+00:00\",\"breadcrumb\":{\"@id\":\"https:\\\/\\\/dev.trust-softwares.com\\\/palomino\\\/produit\\\/vanessa-bruno-petit-sac-moon-cuir-tresse\\\/#breadcrumb\"},\"inLanguage\":\"fr-FR\",\"potentialAction\":[{\"@type\":\"ReadAction\",\"target\":[\"https:\\\/\\\/dev.trust-softwares.com\\\/palomino\\\/produit\\\/vanessa-bruno-petit-sac-moon-cuir-tresse\\\/\"]}]},{\"@type\":\"ImageObject\",\"inLanguage\":\"fr-FR\",\"@id\":\"https:\\\/\\\/dev.trust-softwares.com\\\/palomino\\\/produit\\\/vanessa-bruno-petit-sac-moon-cuir-tresse\\\/#primaryimage\",\"url\":\"https:\\\/\\\/dev.trust-softwares.com\\\/palomino\\\/wp-content\\\/uploads\\\/2024\\\/09\\\/Vanessa-Bruno-Petit-Sac-MOON-CUIR-TRESSE__.jpg\",\"contentUrl\":\"https:\\\/\\\/dev.trust-softwares.com\\\/palomino\\\/wp-content\\\/uploads\\\/2024\\\/09\\\/Vanessa-Bruno-Petit-Sac-MOON-CUIR-TRESSE__.jpg\",\"width\":1200,\"height\":1800,\"caption\":\"vanessa bruno petit sac moon cuir tresse\"},{\"@type\":\"BreadcrumbList\",\"@id\":\"https:\\\/\\\/dev.trust-softwares.com\\\/palomino\\\/produit\\\/vanessa-bruno-petit-sac-moon-cuir-tresse\\\/#breadcrumb\",\"itemListElement\":[{\"@type\":\"ListItem\",\"position\":1,\"name\":\"LES PRODUITS\",\"item\":\"https:\\\/\\\/dev.trust-softwares.com\\\/palomino\\\/les-produits\\\/\"},{\"@type\":\"ListItem\",\"position\":2,\"name\":\"Vanessa Bruno &#8211; Petit Sac MOON CUIR TRESSE\"}]},{\"@type\":\"WebSite\",\"@id\":\"https:\\\/\\\/dev.trust-softwares.com\\\/palomino\\\/#website\",\"url\":\"https:\\\/\\\/dev.trust-softwares.com\\\/palomino\\\/\",\"name\":\"Boutique Palomino\",\"description\":\"V\u00eatements pour femme, chaussures et accessoires\",\"potentialAction\":[{\"@type\":\"SearchAction\",\"target\":{\"@type\":\"EntryPoint\",\"urlTemplate\":\"https:\\\/\\\/dev.trust-softwares.com\\\/palomino\\\/?s={search_term_string}\"},\"query-input\":{\"@type\":\"PropertyValueSpecification\",\"valueRequired\":true,\"valueName\":\"search_term_string\"}}],\"inLanguage\":\"fr-FR\"}]}<\/script>\n<!-- \/ Yoast SEO plugin. -->","yoast_head_json":{"title":"Vanessa Bruno - Petit Sac MOON CUIR TRESSE - Boutique Palomino","robots":{"index":"noindex","follow":"follow","max-snippet":"max-snippet:-1","max-image-preview":"max-image-preview:large","max-video-preview":"max-video-preview:-1"},"og_locale":"fr_FR","og_type":"article","og_title":"Vanessa Bruno - Petit Sac MOON CUIR TRESSE - Boutique Palomino","og_description":"Vanessa Bruno - Petit Sac MOON CUIR TRESSE, sac marron fonc\u00e9, bandouli\u00e8re ajustable en cha\u00eene dor\u00e9.      Mati\u00e8re Principale : 100% cuir agneau  Doublure : 100% coton    Dimensions : 11 cm x 18 cm x 4.5 cm \/ Hauteur Anses port\u00e9 \u00e9paule : 28 cm \/ Hauteur Anses bandouli\u00e8re : 54 cm  Fabriqu\u00e9 en Inde  Chez Palomino retrouvez les v\u00eatements tendances du moment !","og_url":"https:\/\/dev.trust-softwares.com\/palomino\/produit\/vanessa-bruno-petit-sac-moon-cuir-tresse\/","og_site_name":"Boutique Palomino","article_modified_time":"2025-01-10T10:44:01+00:00","og_image":[{"width":1200,"height":1800,"url":"https:\/\/dev.trust-softwares.com\/palomino\/wp-content\/uploads\/2024\/09\/Vanessa-Bruno-Petit-Sac-MOON-CUIR-TRESSE__.jpg","type":"image\/jpeg"}],"twitter_card":"summary_large_image","twitter_misc":{"Dur\u00e9e de lecture estim\u00e9e":"1 minute"},"schema":{"@context":"https:\/\/schema.org","@graph":[{"@type":"WebPage","@id":"https:\/\/dev.trust-softwares.com\/palomino\/produit\/vanessa-bruno-petit-sac-moon-cuir-tresse\/","url":"https:\/\/dev.trust-softwares.com\/palomino\/produit\/vanessa-bruno-petit-sac-moon-cuir-tresse\/","name":"Vanessa Bruno - Petit Sac MOON CUIR TRESSE - Boutique Palomino","isPartOf":{"@id":"https:\/\/dev.trust-softwares.com\/palomino\/#website"},"primaryImageOfPage":{"@id":"https:\/\/dev.trust-softwares.com\/palomino\/produit\/vanessa-bruno-petit-sac-moon-cuir-tresse\/#primaryimage"},"image":{"@id":"https:\/\/dev.trust-softwares.com\/palomino\/produit\/vanessa-bruno-petit-sac-moon-cuir-tresse\/#primaryimage"},"thumbnailUrl":"https:\/\/dev.trust-softwares.com\/palomino\/wp-content\/uploads\/2024\/09\/Vanessa-Bruno-Petit-Sac-MOON-CUIR-TRESSE__.jpg","datePublished":"2024-08-19T14:32:15+00:00","dateModified":"2025-01-10T10:44:01+00:00","breadcrumb":{"@id":"https:\/\/dev.trust-softwares.com\/palomino\/produit\/vanessa-bruno-petit-sac-moon-cuir-tresse\/#breadcrumb"},"inLanguage":"fr-FR","potentialAction":[{"@type":"ReadAction","target":["https:\/\/dev.trust-softwares.com\/palomino\/produit\/vanessa-bruno-petit-sac-moon-cuir-tresse\/"]}]},{"@type":"ImageObject","inLanguage":"fr-FR","@id":"https:\/\/dev.trust-softwares.com\/palomino\/produit\/vanessa-bruno-petit-sac-moon-cuir-tresse\/#primaryimage","url":"https:\/\/dev.trust-softwares.com\/palomino\/wp-content\/uploads\/2024\/09\/Vanessa-Bruno-Petit-Sac-MOON-CUIR-TRESSE__.jpg","contentUrl":"https:\/\/dev.trust-softwares.com\/palomino\/wp-content\/uploads\/2024\/09\/Vanessa-Bruno-Petit-Sac-MOON-CUIR-TRESSE__.jpg","width":1200,"height":1800,"caption":"vanessa bruno petit sac moon cuir tresse"},{"@type":"BreadcrumbList","@id":"https:\/\/dev.trust-softwares.com\/palomino\/produit\/vanessa-bruno-petit-sac-moon-cuir-tresse\/#breadcrumb","itemListElement":[{"@type":"ListItem","position":1,"name":"LES PRODUITS","item":"https:\/\/dev.trust-softwares.com\/palomino\/les-produits\/"},{"@type":"ListItem","position":2,"name":"Vanessa Bruno &#8211; Petit Sac MOON CUIR TRESSE"}]},{"@type":"WebSite","@id":"https:\/\/dev.trust-softwares.com\/palomino\/#website","url":"https:\/\/dev.trust-softwares.com\/palomino\/","name":"Boutique Palomino","description":"V\u00eatements pour femme, chaussures et accessoires","potentialAction":[{"@type":"SearchAction","target":{"@type":"EntryPoint","urlTemplate":"https:\/\/dev.trust-softwares.com\/palomino\/?s={search_term_string}"},"query-input":{"@type":"PropertyValueSpecification","valueRequired":true,"valueName":"search_term_string"}}],"inLanguage":"fr-FR"}]}},"uagb_featured_image_src":{"full":["https:\/\/dev.trust-softwares.com\/palomino\/wp-content\/uploads\/2024\/09\/Vanessa-Bruno-Petit-Sac-MOON-CUIR-TRESSE__.jpg",1200,1800,false],"thumbnail":["https:\/\/dev.trust-softwares.com\/palomino\/wp-content\/uploads\/2024\/09\/Vanessa-Bruno-Petit-Sac-MOON-CUIR-TRESSE__.jpg",100,150,false],"medium":["https:\/\/dev.trust-softwares.com\/palomino\/wp-content\/uploads\/2024\/09\/Vanessa-Bruno-Petit-Sac-MOON-CUIR-TRESSE__.jpg",200,300,false],"medium_large":["https:\/\/dev.trust-softwares.com\/palomino\/wp-content\/uploads\/2024\/09\/Vanessa-Bruno-Petit-Sac-MOON-CUIR-TRESSE__.jpg",768,1152,false],"large":["https:\/\/dev.trust-softwares.com\/palomino\/wp-content\/uploads\/2024\/09\/Vanessa-Bruno-Petit-Sac-MOON-CUIR-TRESSE__.jpg",683,1024,false],"1536x1536":["https:\/\/dev.trust-softwares.com\/palomino\/wp-content\/uploads\/2024\/09\/Vanessa-Bruno-Petit-Sac-MOON-CUIR-TRESSE__.jpg",1024,1536,false],"2048x2048":["https:\/\/dev.trust-softwares.com\/palomino\/wp-content\/uploads\/2024\/09\/Vanessa-Bruno-Petit-Sac-MOON-CUIR-TRESSE__.jpg",1200,1800,false],"et-pb-post-main-image":["https:\/\/dev.trust-softwares.com\/palomino\/wp-content\/uploads\/2024\/09\/Vanessa-Bruno-Petit-Sac-MOON-CUIR-TRESSE__.jpg",167,250,false],"et-pb-post-main-image-fullwidth":["https:\/\/dev.trust-softwares.com\/palomino\/wp-content\/uploads\/2024\/09\/Vanessa-Bruno-Petit-Sac-MOON-CUIR-TRESSE__.jpg",450,675,false],"et-pb-portfolio-image":["https:\/\/dev.trust-softwares.com\/palomino\/wp-content\/uploads\/2024\/09\/Vanessa-Bruno-Petit-Sac-MOON-CUIR-TRESSE__.jpg",189,284,false],"et-pb-portfolio-module-image":["https:\/\/dev.trust-softwares.com\/palomino\/wp-content\/uploads\/2024\/09\/Vanessa-Bruno-Petit-Sac-MOON-CUIR-TRESSE__.jpg",255,382,false],"et-pb-portfolio-image-single":["https:\/\/dev.trust-softwares.com\/palomino\/wp-content\/uploads\/2024\/09\/Vanessa-Bruno-Petit-Sac-MOON-CUIR-TRESSE__.jpg",1080,1620,false],"et-pb-gallery-module-image-portrait":["https:\/\/dev.trust-softwares.com\/palomino\/wp-content\/uploads\/2024\/09\/Vanessa-Bruno-Petit-Sac-MOON-CUIR-TRESSE__.jpg",344,516,false],"et-pb-post-main-image-fullwidth-large":["https:\/\/dev.trust-softwares.com\/palomino\/wp-content\/uploads\/2024\/09\/Vanessa-Bruno-Petit-Sac-MOON-CUIR-TRESSE__.jpg",1200,1800,false],"menu-24x24":["https:\/\/dev.trust-softwares.com\/palomino\/wp-content\/uploads\/2024\/09\/Vanessa-Bruno-Petit-Sac-MOON-CUIR-TRESSE__.jpg",16,24,false],"menu-36x36":["https:\/\/dev.trust-softwares.com\/palomino\/wp-content\/uploads\/2024\/09\/Vanessa-Bruno-Petit-Sac-MOON-CUIR-TRESSE__.jpg",24,36,false],"menu-16x16":["https:\/\/dev.trust-softwares.com\/palomino\/wp-content\/uploads\/2024\/09\/Vanessa-Bruno-Petit-Sac-MOON-CUIR-TRESSE__.jpg",11,16,false],"woocommerce_thumbnail":["https:\/\/dev.trust-softwares.com\/palomino\/wp-content\/uploads\/2024\/09\/Vanessa-Bruno-Petit-Sac-MOON-CUIR-TRESSE__.jpg",1200,1800,false],"woocommerce_single":["https:\/\/dev.trust-softwares.com\/palomino\/wp-content\/uploads\/2024\/09\/Vanessa-Bruno-Petit-Sac-MOON-CUIR-TRESSE__.jpg",1200,1800,false],"woocommerce_gallery_thumbnail":["https:\/\/dev.trust-softwares.com\/palomino\/wp-content\/uploads\/2024\/09\/Vanessa-Bruno-Petit-Sac-MOON-CUIR-TRESSE__-100x100.jpg",100,100,true],"variation_swatches_image_size":["https:\/\/dev.trust-softwares.com\/palomino\/wp-content\/uploads\/2024\/09\/Vanessa-Bruno-Petit-Sac-MOON-CUIR-TRESSE__.jpg",33,50,false],"variation_swatches_tooltip_size":["https:\/\/dev.trust-softwares.com\/palomino\/wp-content\/uploads\/2024\/09\/Vanessa-Bruno-Petit-Sac-MOON-CUIR-TRESSE__.jpg",67,100,false],"dgwt-wcas-product-suggestion":["https:\/\/dev.trust-softwares.com\/palomino\/wp-content\/uploads\/2024\/09\/Vanessa-Bruno-Petit-Sac-MOON-CUIR-TRESSE__.jpg",64,96,false]},"uagb_author_info":{"display_name":"Gr\u00e9gory Siloret","author_link":"https:\/\/dev.trust-softwares.com\/palomino\/author\/"},"uagb_comment_info":0,"uagb_excerpt":"Vanessa Bruno - Petit Sac MOON CUIR TRESSE, sac marron fonc\u00e9, bandouli\u00e8re ajustable en cha\u00eene dor\u00e9. Mati\u00e8re Principale : 100% cuir agneau Doublure : 100% coton Dimensions : 11 cm x 18 cm x 4.5 cm \/ Hauteur Anses port\u00e9 \u00e9paule : 28 cm \/ Hauteur Anses bandouli\u00e8re : 54 cm Fabriqu\u00e9 en Inde Chez\u2026","_links":{"self":[{"href":"https:\/\/dev.trust-softwares.com\/palomino\/wp-json\/wp\/v2\/product\/268879","targetHints":{"allow":["GET"]}}],"collection":[{"href":"https:\/\/dev.trust-softwares.com\/palomino\/wp-json\/wp\/v2\/product"}],"about":[{"href":"https:\/\/dev.trust-softwares.com\/palomino\/wp-json\/wp\/v2\/types\/product"}],"replies":[{"embeddable":true,"href":"https:\/\/dev.trust-softwares.com\/palomino\/wp-json\/wp\/v2\/comments?post=268879"}],"wp:featuredmedia":[{"embeddable":true,"href":"https:\/\/dev.trust-softwares.com\/palomino\/wp-json\/wp\/v2\/media\/268898"}],"wp:attachment":[{"href":"https:\/\/dev.trust-softwares.com\/palomino\/wp-json\/wp\/v2\/media?parent=268879"}],"wp:term":[{"taxonomy":"product_brand","embeddable":true,"href":"https:\/\/dev.trust-softwares.com\/palomino\/wp-json\/wp\/v2\/product_brand?post=268879"},{"taxonomy":"product_cat","embeddable":true,"href":"https:\/\/dev.trust-softwares.com\/palomino\/wp-json\/wp\/v2\/product_cat?post=268879"},{"taxonomy":"product_tag","embeddable":true,"href":"https:\/\/dev.trust-softwares.com\/palomino\/wp-json\/wp\/v2\/product_tag?post=268879"}],"curies":[{"name":"wp","href":"https:\/\/api.w.org\/{rel}","templated":true}]}}