{"id":269525,"date":"2024-10-15T14:07:57","date_gmt":"2024-10-15T13:07:57","guid":{"rendered":"https:\/\/dev.trust-softwares.com\/palomino\/produit\/from-future-pull-col-rond-basique\/"},"modified":"2025-01-14T16:52:54","modified_gmt":"2025-01-14T15:52:54","slug":"from-future-pull-col-rond-basique","status":"publish","type":"product","link":"https:\/\/dev.trust-softwares.com\/palomino\/produit\/from-future-pull-col-rond-basique\/","title":{"rendered":"From Future &#8211; Pull COL ROND BASIQUE"},"content":{"rendered":"","protected":false},"excerpt":{"rendered":"<p><strong>From Future<\/strong> &#8211; Pull COL ROND BASIQUE, pull noir<\/p>\n<ul>\n<li>100% Cachemire certifi\u00e9 GCS<\/li>\n<\/ul>\n<p>Lavage \u00e0 la main \u00e0 l&rsquo;eau froide recommand\u00e9<\/p>\n<p>Chez Palomino retrouvez les v\u00eatements tendances du moment !<\/p>\n","protected":false},"featured_media":271452,"comment_status":"open","ping_status":"closed","template":"","meta":{"_seopress_robots_primary_cat":"none","_seopress_titles_title":"","_seopress_titles_desc":"","_seopress_robots_index":"","_et_pb_use_builder":"","_et_pb_old_content":"","_et_gb_content_width":"","_uag_custom_page_level_css":""},"product_brand":[],"product_cat":[283,78,107,313,91],"product_tag":[282],"class_list":{"0":"post-269525","1":"product","2":"type-product","3":"status-publish","4":"has-post-thumbnail","6":"product_cat-from-future","7":"product_cat-hauts","8":"product_cat-les-createurs","9":"product_cat-pieces-hiver","10":"product_cat-pulls","11":"product_tag-from-future","12":"pa_couleur-noir","13":"pa_taille-l","14":"pa_taille-m","15":"pa_taille-s","16":"pa_taille-xl","17":"pa_taille-xs","18":"pa_taille-xxl","20":"first","21":"instock","22":"taxable","23":"shipping-taxable","24":"purchasable","25":"product-type-variable","26":"has-default-attributes"},"yoast_head":"<!-- This site is optimized with the Yoast SEO plugin v27.3 - https:\/\/yoast.com\/product\/yoast-seo-wordpress\/ -->\n<title>From Future - Pull COL ROND BASIQUE - Boutique Palomino<\/title>\n<meta name=\"robots\" content=\"noindex, follow, max-snippet:-1, max-image-preview:large, max-video-preview:-1\" \/>\n<meta property=\"og:locale\" content=\"fr_FR\" \/>\n<meta property=\"og:type\" content=\"article\" \/>\n<meta property=\"og:title\" content=\"From Future - Pull COL ROND BASIQUE - Boutique Palomino\" \/>\n<meta property=\"og:description\" content=\"From Future - Pull COL ROND BASIQUE, pull noir   100% Cachemire certifi\u00e9 GCS  Lavage \u00e0 la main \u00e0 l&#039;eau froide recommand\u00e9  Chez Palomino retrouvez les v\u00eatements tendances du moment !\" \/>\n<meta property=\"og:url\" content=\"https:\/\/dev.trust-softwares.com\/palomino\/produit\/from-future-pull-col-rond-basique\/\" \/>\n<meta property=\"og:site_name\" content=\"Boutique Palomino\" \/>\n<meta property=\"article:modified_time\" content=\"2025-01-14T15:52:54+00:00\" \/>\n<meta property=\"og:image\" content=\"https:\/\/dev.trust-softwares.com\/palomino\/wp-content\/uploads\/2024\/10\/From-Future-Pull-COL-ROND-BASIQUEnoir-1.jpg\" \/>\n\t<meta property=\"og:image:width\" content=\"1200\" \/>\n\t<meta property=\"og:image:height\" content=\"1800\" \/>\n\t<meta property=\"og:image:type\" content=\"image\/jpeg\" \/>\n<meta name=\"twitter:card\" content=\"summary_large_image\" \/>\n<script type=\"application\/ld+json\" class=\"yoast-schema-graph\">{\"@context\":\"https:\\\/\\\/schema.org\",\"@graph\":[{\"@type\":\"WebPage\",\"@id\":\"https:\\\/\\\/dev.trust-softwares.com\\\/palomino\\\/produit\\\/from-future-pull-col-rond-basique\\\/\",\"url\":\"https:\\\/\\\/dev.trust-softwares.com\\\/palomino\\\/produit\\\/from-future-pull-col-rond-basique\\\/\",\"name\":\"From Future - Pull COL ROND BASIQUE - Boutique Palomino\",\"isPartOf\":{\"@id\":\"https:\\\/\\\/dev.trust-softwares.com\\\/palomino\\\/#website\"},\"primaryImageOfPage\":{\"@id\":\"https:\\\/\\\/dev.trust-softwares.com\\\/palomino\\\/produit\\\/from-future-pull-col-rond-basique\\\/#primaryimage\"},\"image\":{\"@id\":\"https:\\\/\\\/dev.trust-softwares.com\\\/palomino\\\/produit\\\/from-future-pull-col-rond-basique\\\/#primaryimage\"},\"thumbnailUrl\":\"https:\\\/\\\/dev.trust-softwares.com\\\/palomino\\\/wp-content\\\/uploads\\\/2024\\\/10\\\/From-Future-Pull-COL-ROND-BASIQUEnoir-1.jpg\",\"datePublished\":\"2024-10-15T13:07:57+00:00\",\"dateModified\":\"2025-01-14T15:52:54+00:00\",\"breadcrumb\":{\"@id\":\"https:\\\/\\\/dev.trust-softwares.com\\\/palomino\\\/produit\\\/from-future-pull-col-rond-basique\\\/#breadcrumb\"},\"inLanguage\":\"fr-FR\",\"potentialAction\":[{\"@type\":\"ReadAction\",\"target\":[\"https:\\\/\\\/dev.trust-softwares.com\\\/palomino\\\/produit\\\/from-future-pull-col-rond-basique\\\/\"]}]},{\"@type\":\"ImageObject\",\"inLanguage\":\"fr-FR\",\"@id\":\"https:\\\/\\\/dev.trust-softwares.com\\\/palomino\\\/produit\\\/from-future-pull-col-rond-basique\\\/#primaryimage\",\"url\":\"https:\\\/\\\/dev.trust-softwares.com\\\/palomino\\\/wp-content\\\/uploads\\\/2024\\\/10\\\/From-Future-Pull-COL-ROND-BASIQUEnoir-1.jpg\",\"contentUrl\":\"https:\\\/\\\/dev.trust-softwares.com\\\/palomino\\\/wp-content\\\/uploads\\\/2024\\\/10\\\/From-Future-Pull-COL-ROND-BASIQUEnoir-1.jpg\",\"width\":1200,\"height\":1800,\"caption\":\"from future pull col rond basique\"},{\"@type\":\"BreadcrumbList\",\"@id\":\"https:\\\/\\\/dev.trust-softwares.com\\\/palomino\\\/produit\\\/from-future-pull-col-rond-basique\\\/#breadcrumb\",\"itemListElement\":[{\"@type\":\"ListItem\",\"position\":1,\"name\":\"LES PRODUITS\",\"item\":\"https:\\\/\\\/dev.trust-softwares.com\\\/palomino\\\/les-produits\\\/\"},{\"@type\":\"ListItem\",\"position\":2,\"name\":\"From Future &#8211; Pull COL ROND BASIQUE\"}]},{\"@type\":\"WebSite\",\"@id\":\"https:\\\/\\\/dev.trust-softwares.com\\\/palomino\\\/#website\",\"url\":\"https:\\\/\\\/dev.trust-softwares.com\\\/palomino\\\/\",\"name\":\"Boutique Palomino\",\"description\":\"V\u00eatements pour femme, chaussures et accessoires\",\"potentialAction\":[{\"@type\":\"SearchAction\",\"target\":{\"@type\":\"EntryPoint\",\"urlTemplate\":\"https:\\\/\\\/dev.trust-softwares.com\\\/palomino\\\/?s={search_term_string}\"},\"query-input\":{\"@type\":\"PropertyValueSpecification\",\"valueRequired\":true,\"valueName\":\"search_term_string\"}}],\"inLanguage\":\"fr-FR\"}]}<\/script>\n<!-- \/ Yoast SEO plugin. -->","yoast_head_json":{"title":"From Future - Pull COL ROND BASIQUE - Boutique Palomino","robots":{"index":"noindex","follow":"follow","max-snippet":"max-snippet:-1","max-image-preview":"max-image-preview:large","max-video-preview":"max-video-preview:-1"},"og_locale":"fr_FR","og_type":"article","og_title":"From Future - Pull COL ROND BASIQUE - Boutique Palomino","og_description":"From Future - Pull COL ROND BASIQUE, pull noir   100% Cachemire certifi\u00e9 GCS  Lavage \u00e0 la main \u00e0 l'eau froide recommand\u00e9  Chez Palomino retrouvez les v\u00eatements tendances du moment !","og_url":"https:\/\/dev.trust-softwares.com\/palomino\/produit\/from-future-pull-col-rond-basique\/","og_site_name":"Boutique Palomino","article_modified_time":"2025-01-14T15:52:54+00:00","og_image":[{"width":1200,"height":1800,"url":"https:\/\/dev.trust-softwares.com\/palomino\/wp-content\/uploads\/2024\/10\/From-Future-Pull-COL-ROND-BASIQUEnoir-1.jpg","type":"image\/jpeg"}],"twitter_card":"summary_large_image","schema":{"@context":"https:\/\/schema.org","@graph":[{"@type":"WebPage","@id":"https:\/\/dev.trust-softwares.com\/palomino\/produit\/from-future-pull-col-rond-basique\/","url":"https:\/\/dev.trust-softwares.com\/palomino\/produit\/from-future-pull-col-rond-basique\/","name":"From Future - Pull COL ROND BASIQUE - Boutique Palomino","isPartOf":{"@id":"https:\/\/dev.trust-softwares.com\/palomino\/#website"},"primaryImageOfPage":{"@id":"https:\/\/dev.trust-softwares.com\/palomino\/produit\/from-future-pull-col-rond-basique\/#primaryimage"},"image":{"@id":"https:\/\/dev.trust-softwares.com\/palomino\/produit\/from-future-pull-col-rond-basique\/#primaryimage"},"thumbnailUrl":"https:\/\/dev.trust-softwares.com\/palomino\/wp-content\/uploads\/2024\/10\/From-Future-Pull-COL-ROND-BASIQUEnoir-1.jpg","datePublished":"2024-10-15T13:07:57+00:00","dateModified":"2025-01-14T15:52:54+00:00","breadcrumb":{"@id":"https:\/\/dev.trust-softwares.com\/palomino\/produit\/from-future-pull-col-rond-basique\/#breadcrumb"},"inLanguage":"fr-FR","potentialAction":[{"@type":"ReadAction","target":["https:\/\/dev.trust-softwares.com\/palomino\/produit\/from-future-pull-col-rond-basique\/"]}]},{"@type":"ImageObject","inLanguage":"fr-FR","@id":"https:\/\/dev.trust-softwares.com\/palomino\/produit\/from-future-pull-col-rond-basique\/#primaryimage","url":"https:\/\/dev.trust-softwares.com\/palomino\/wp-content\/uploads\/2024\/10\/From-Future-Pull-COL-ROND-BASIQUEnoir-1.jpg","contentUrl":"https:\/\/dev.trust-softwares.com\/palomino\/wp-content\/uploads\/2024\/10\/From-Future-Pull-COL-ROND-BASIQUEnoir-1.jpg","width":1200,"height":1800,"caption":"from future pull col rond basique"},{"@type":"BreadcrumbList","@id":"https:\/\/dev.trust-softwares.com\/palomino\/produit\/from-future-pull-col-rond-basique\/#breadcrumb","itemListElement":[{"@type":"ListItem","position":1,"name":"LES PRODUITS","item":"https:\/\/dev.trust-softwares.com\/palomino\/les-produits\/"},{"@type":"ListItem","position":2,"name":"From Future &#8211; Pull COL ROND BASIQUE"}]},{"@type":"WebSite","@id":"https:\/\/dev.trust-softwares.com\/palomino\/#website","url":"https:\/\/dev.trust-softwares.com\/palomino\/","name":"Boutique Palomino","description":"V\u00eatements pour femme, chaussures et accessoires","potentialAction":[{"@type":"SearchAction","target":{"@type":"EntryPoint","urlTemplate":"https:\/\/dev.trust-softwares.com\/palomino\/?s={search_term_string}"},"query-input":{"@type":"PropertyValueSpecification","valueRequired":true,"valueName":"search_term_string"}}],"inLanguage":"fr-FR"}]}},"uagb_featured_image_src":{"full":["https:\/\/dev.trust-softwares.com\/palomino\/wp-content\/uploads\/2024\/10\/From-Future-Pull-COL-ROND-BASIQUEnoir-1.jpg",1200,1800,false],"thumbnail":["https:\/\/dev.trust-softwares.com\/palomino\/wp-content\/uploads\/2024\/10\/From-Future-Pull-COL-ROND-BASIQUEnoir-1.jpg",100,150,false],"medium":["https:\/\/dev.trust-softwares.com\/palomino\/wp-content\/uploads\/2024\/10\/From-Future-Pull-COL-ROND-BASIQUEnoir-1.jpg",200,300,false],"medium_large":["https:\/\/dev.trust-softwares.com\/palomino\/wp-content\/uploads\/2024\/10\/From-Future-Pull-COL-ROND-BASIQUEnoir-1.jpg",768,1152,false],"large":["https:\/\/dev.trust-softwares.com\/palomino\/wp-content\/uploads\/2024\/10\/From-Future-Pull-COL-ROND-BASIQUEnoir-1.jpg",683,1024,false],"1536x1536":["https:\/\/dev.trust-softwares.com\/palomino\/wp-content\/uploads\/2024\/10\/From-Future-Pull-COL-ROND-BASIQUEnoir-1.jpg",1024,1536,false],"2048x2048":["https:\/\/dev.trust-softwares.com\/palomino\/wp-content\/uploads\/2024\/10\/From-Future-Pull-COL-ROND-BASIQUEnoir-1.jpg",1200,1800,false],"et-pb-post-main-image":["https:\/\/dev.trust-softwares.com\/palomino\/wp-content\/uploads\/2024\/10\/From-Future-Pull-COL-ROND-BASIQUEnoir-1.jpg",167,250,false],"et-pb-post-main-image-fullwidth":["https:\/\/dev.trust-softwares.com\/palomino\/wp-content\/uploads\/2024\/10\/From-Future-Pull-COL-ROND-BASIQUEnoir-1.jpg",450,675,false],"et-pb-portfolio-image":["https:\/\/dev.trust-softwares.com\/palomino\/wp-content\/uploads\/2024\/10\/From-Future-Pull-COL-ROND-BASIQUEnoir-1.jpg",189,284,false],"et-pb-portfolio-module-image":["https:\/\/dev.trust-softwares.com\/palomino\/wp-content\/uploads\/2024\/10\/From-Future-Pull-COL-ROND-BASIQUEnoir-1.jpg",255,382,false],"et-pb-portfolio-image-single":["https:\/\/dev.trust-softwares.com\/palomino\/wp-content\/uploads\/2024\/10\/From-Future-Pull-COL-ROND-BASIQUEnoir-1.jpg",1080,1620,false],"et-pb-gallery-module-image-portrait":["https:\/\/dev.trust-softwares.com\/palomino\/wp-content\/uploads\/2024\/10\/From-Future-Pull-COL-ROND-BASIQUEnoir-1.jpg",344,516,false],"et-pb-post-main-image-fullwidth-large":["https:\/\/dev.trust-softwares.com\/palomino\/wp-content\/uploads\/2024\/10\/From-Future-Pull-COL-ROND-BASIQUEnoir-1.jpg",1200,1800,false],"menu-24x24":["https:\/\/dev.trust-softwares.com\/palomino\/wp-content\/uploads\/2024\/10\/From-Future-Pull-COL-ROND-BASIQUEnoir-1.jpg",16,24,false],"menu-36x36":["https:\/\/dev.trust-softwares.com\/palomino\/wp-content\/uploads\/2024\/10\/From-Future-Pull-COL-ROND-BASIQUEnoir-1.jpg",24,36,false],"menu-16x16":["https:\/\/dev.trust-softwares.com\/palomino\/wp-content\/uploads\/2024\/10\/From-Future-Pull-COL-ROND-BASIQUEnoir-1.jpg",11,16,false],"woocommerce_thumbnail":["https:\/\/dev.trust-softwares.com\/palomino\/wp-content\/uploads\/2024\/10\/From-Future-Pull-COL-ROND-BASIQUEnoir-1.jpg",1200,1800,false],"woocommerce_single":["https:\/\/dev.trust-softwares.com\/palomino\/wp-content\/uploads\/2024\/10\/From-Future-Pull-COL-ROND-BASIQUEnoir-1.jpg",1200,1800,false],"woocommerce_gallery_thumbnail":["https:\/\/dev.trust-softwares.com\/palomino\/wp-content\/uploads\/2024\/10\/From-Future-Pull-COL-ROND-BASIQUEnoir-1-100x100.jpg",100,100,true],"variation_swatches_image_size":["https:\/\/dev.trust-softwares.com\/palomino\/wp-content\/uploads\/2024\/10\/From-Future-Pull-COL-ROND-BASIQUEnoir-1.jpg",33,50,false],"variation_swatches_tooltip_size":["https:\/\/dev.trust-softwares.com\/palomino\/wp-content\/uploads\/2024\/10\/From-Future-Pull-COL-ROND-BASIQUEnoir-1.jpg",67,100,false],"dgwt-wcas-product-suggestion":["https:\/\/dev.trust-softwares.com\/palomino\/wp-content\/uploads\/2024\/10\/From-Future-Pull-COL-ROND-BASIQUEnoir-1.jpg",64,96,false]},"uagb_author_info":{"display_name":"Gr\u00e9gory Siloret","author_link":"https:\/\/dev.trust-softwares.com\/palomino\/author\/"},"uagb_comment_info":0,"uagb_excerpt":"From Future - Pull COL ROND BASIQUE, pull noir 100% Cachemire certifi\u00e9 GCS Lavage \u00e0 la main \u00e0 l'eau froide recommand\u00e9 Chez Palomino retrouvez les v\u00eatements tendances du moment !","_links":{"self":[{"href":"https:\/\/dev.trust-softwares.com\/palomino\/wp-json\/wp\/v2\/product\/269525","targetHints":{"allow":["GET"]}}],"collection":[{"href":"https:\/\/dev.trust-softwares.com\/palomino\/wp-json\/wp\/v2\/product"}],"about":[{"href":"https:\/\/dev.trust-softwares.com\/palomino\/wp-json\/wp\/v2\/types\/product"}],"replies":[{"embeddable":true,"href":"https:\/\/dev.trust-softwares.com\/palomino\/wp-json\/wp\/v2\/comments?post=269525"}],"wp:featuredmedia":[{"embeddable":true,"href":"https:\/\/dev.trust-softwares.com\/palomino\/wp-json\/wp\/v2\/media\/271452"}],"wp:attachment":[{"href":"https:\/\/dev.trust-softwares.com\/palomino\/wp-json\/wp\/v2\/media?parent=269525"}],"wp:term":[{"taxonomy":"product_brand","embeddable":true,"href":"https:\/\/dev.trust-softwares.com\/palomino\/wp-json\/wp\/v2\/product_brand?post=269525"},{"taxonomy":"product_cat","embeddable":true,"href":"https:\/\/dev.trust-softwares.com\/palomino\/wp-json\/wp\/v2\/product_cat?post=269525"},{"taxonomy":"product_tag","embeddable":true,"href":"https:\/\/dev.trust-softwares.com\/palomino\/wp-json\/wp\/v2\/product_tag?post=269525"}],"curies":[{"name":"wp","href":"https:\/\/api.w.org\/{rel}","templated":true}]}}