{"id":269635,"date":"2024-10-15T15:59:12","date_gmt":"2024-10-15T14:59:12","guid":{"rendered":"https:\/\/dev.trust-softwares.com\/palomino\/produit\/vanessa-bruno-sac-grand-daily-2\/"},"modified":"2025-01-28T14:34:29","modified_gmt":"2025-01-28T13:34:29","slug":"vanessa-bruno-sac-grand-daily-2","status":"publish","type":"product","link":"https:\/\/dev.trust-softwares.com\/palomino\/produit\/vanessa-bruno-sac-grand-daily-2\/","title":{"rendered":"Vanessa Bruno &#8211; Sac GRAND DAILY"},"content":{"rendered":"","protected":false},"excerpt":{"rendered":"<p><strong>Vanessa Bruno<\/strong> &#8211; Sac GRAND DAILY, sac demi-lune bi mati\u00e8re, couleur caramel, ouverture aimant\u00e9, anse courte amovible et bandouli\u00e8re ajustable. Pochette zipp\u00e9e int\u00e9rieure int\u00e9gr\u00e9e<\/p>\n<ul>\n<li>100% cuir vachette<\/li>\n<li>doublure 50% nylon<\/li>\n<li>50% polyur\u00e9thane<\/li>\n<\/ul>\n<p>Dimensions : 17 x 21 x 6,5 cm<\/p>\n<p>Hauteur anses : 23 cm<\/p>\n<p>Hauteur bandouli\u00e8re : 54 cm<\/p>\n<p>Fabriqu\u00e9 en Inde<\/p>\n<div class=\"et_pb_module et_pb_wc_description et_pb_wc_description_0_tb_body et_pb_bg_layout_light et_pb_text_align_left\">\n<div class=\"et_pb_module_inner\">\n<p>Chez Palomino retrouvez les v\u00eatements tendances du moment !<\/p>\n<\/div>\n<\/div>\n<div>\n<div id=\"alma-payment-plans\" data-settings=\"{&quot;hasExcludedProducts&quot;:false,&quot;merchantId&quot;:&quot;merchant_11xmKdz3BTSf3hq4Pwm6mdDrOhrPW6n3GO&quot;,&quot;apiMode&quot;:&quot;live&quot;,&quot;amount&quot;:26500,&quot;enabledPlans&quot;:[{&quot;installments_count&quot;:3,&quot;min_amount&quot;:10000,&quot;max_amount&quot;:200000,&quot;deferred_days&quot;:0,&quot;deferred_months&quot;:0}],&quot;amountQuerySelector&quot;:&quot;form.variations_form div.woocommerce-variation-price span.woocommerce-Price-amount bdi&quot;,&quot;amountSalePriceQuerySelector&quot;:&quot;form.variations_form div.woocommerce-variation-price ins span.woocommerce-Price-amount bdi&quot;,&quot;jqueryUpdateEvent&quot;:&quot;check_variations&quot;,&quot;firstRender&quot;:true,&quot;decimalSeparator&quot;:&quot;,&quot;,&quot;thousandSeparator&quot;:&quot;&quot;,&quot;locale&quot;:&quot;fr&quot;}\">\n<div class=\"_TSkFv _UksZa alma-payment-plans-container\" data-testid=\"widget-button\">\n<div class=\"_bMClc alma-payment-plans-eligibility-line\">\n<div class=\"_17c_S alma-payment-plans-eligibility-options\"><\/div>\n<\/div>\n<\/div>\n<\/div>\n<\/div>\n","protected":false},"featured_media":269726,"comment_status":"open","ping_status":"closed","template":"","meta":{"_seopress_robots_primary_cat":"none","_seopress_titles_title":"","_seopress_titles_desc":"","_seopress_robots_index":"","_et_pb_use_builder":"","_et_pb_old_content":"","_et_gb_content_width":"","_uag_custom_page_level_css":""},"product_brand":[],"product_cat":[232,23,107,313,77,308,117],"product_tag":[134],"class_list":{"0":"post-269635","1":"product","2":"type-product","3":"status-publish","4":"has-post-thumbnail","6":"product_cat-black-friday","7":"product_cat-last-chance","8":"product_cat-les-createurs","9":"product_cat-pieces-hiver","10":"product_cat-sacs","11":"product_cat-tenues-de-fetes","12":"product_cat-vanessa-bruno","13":"product_tag-vanessa-bruno","14":"pa_couleur-caramel","15":"pa_taille-tu","17":"first","18":"instock","19":"sale","20":"taxable","21":"shipping-taxable","22":"purchasable","23":"product-type-variable","24":"has-default-attributes"},"yoast_head":"<!-- This site is optimized with the Yoast SEO plugin v27.4 - https:\/\/yoast.com\/product\/yoast-seo-wordpress\/ -->\n<title>Vanessa Bruno - Sac GRAND DAILY - Boutique Palomino<\/title>\n<meta name=\"robots\" content=\"noindex, follow, max-snippet:-1, max-image-preview:large, max-video-preview:-1\" \/>\n<meta property=\"og:locale\" content=\"fr_FR\" \/>\n<meta property=\"og:type\" content=\"article\" \/>\n<meta property=\"og:title\" content=\"Vanessa Bruno - Sac GRAND DAILY - Boutique Palomino\" \/>\n<meta property=\"og:description\" content=\"Vanessa Bruno - Sac GRAND DAILY, sac demi-lune bi mati\u00e8re, couleur caramel, ouverture aimant\u00e9, anse courte amovible et bandouli\u00e8re ajustable. Pochette zipp\u00e9e int\u00e9rieure int\u00e9gr\u00e9e   100% cuir vachette  doublure 50% nylon  50% polyur\u00e9thane  Dimensions : 17 x 21 x 6,5 cm  Hauteur anses : 23 cm  Hauteur bandouli\u00e8re : 54 cm  Fabriqu\u00e9 en Inde    Chez Palomino retrouvez les v\u00eatements tendances du moment !\" \/>\n<meta property=\"og:url\" content=\"https:\/\/dev.trust-softwares.com\/palomino\/produit\/vanessa-bruno-sac-grand-daily-2\/\" \/>\n<meta property=\"og:site_name\" content=\"Boutique Palomino\" \/>\n<meta property=\"article:modified_time\" content=\"2025-01-28T13:34:29+00:00\" \/>\n<meta property=\"og:image\" content=\"https:\/\/dev.trust-softwares.com\/palomino\/wp-content\/uploads\/2024\/10\/Vanessa-Bruno-Sac-GRAND-DAILY.jpg\" \/>\n\t<meta property=\"og:image:width\" content=\"1200\" \/>\n\t<meta property=\"og:image:height\" content=\"1800\" \/>\n\t<meta property=\"og:image:type\" content=\"image\/jpeg\" \/>\n<meta name=\"twitter:card\" content=\"summary_large_image\" \/>\n<meta name=\"twitter:label1\" content=\"Dur\u00e9e de lecture estim\u00e9e\" \/>\n\t<meta name=\"twitter:data1\" content=\"1 minute\" \/>\n<script type=\"application\/ld+json\" class=\"yoast-schema-graph\">{\"@context\":\"https:\\\/\\\/schema.org\",\"@graph\":[{\"@type\":\"WebPage\",\"@id\":\"https:\\\/\\\/dev.trust-softwares.com\\\/palomino\\\/produit\\\/vanessa-bruno-sac-grand-daily-2\\\/\",\"url\":\"https:\\\/\\\/dev.trust-softwares.com\\\/palomino\\\/produit\\\/vanessa-bruno-sac-grand-daily-2\\\/\",\"name\":\"Vanessa Bruno - Sac GRAND DAILY - Boutique Palomino\",\"isPartOf\":{\"@id\":\"https:\\\/\\\/dev.trust-softwares.com\\\/palomino\\\/#website\"},\"primaryImageOfPage\":{\"@id\":\"https:\\\/\\\/dev.trust-softwares.com\\\/palomino\\\/produit\\\/vanessa-bruno-sac-grand-daily-2\\\/#primaryimage\"},\"image\":{\"@id\":\"https:\\\/\\\/dev.trust-softwares.com\\\/palomino\\\/produit\\\/vanessa-bruno-sac-grand-daily-2\\\/#primaryimage\"},\"thumbnailUrl\":\"https:\\\/\\\/dev.trust-softwares.com\\\/palomino\\\/wp-content\\\/uploads\\\/2024\\\/10\\\/Vanessa-Bruno-Sac-GRAND-DAILY.jpg\",\"datePublished\":\"2024-10-15T14:59:12+00:00\",\"dateModified\":\"2025-01-28T13:34:29+00:00\",\"breadcrumb\":{\"@id\":\"https:\\\/\\\/dev.trust-softwares.com\\\/palomino\\\/produit\\\/vanessa-bruno-sac-grand-daily-2\\\/#breadcrumb\"},\"inLanguage\":\"fr-FR\",\"potentialAction\":[{\"@type\":\"ReadAction\",\"target\":[\"https:\\\/\\\/dev.trust-softwares.com\\\/palomino\\\/produit\\\/vanessa-bruno-sac-grand-daily-2\\\/\"]}]},{\"@type\":\"ImageObject\",\"inLanguage\":\"fr-FR\",\"@id\":\"https:\\\/\\\/dev.trust-softwares.com\\\/palomino\\\/produit\\\/vanessa-bruno-sac-grand-daily-2\\\/#primaryimage\",\"url\":\"https:\\\/\\\/dev.trust-softwares.com\\\/palomino\\\/wp-content\\\/uploads\\\/2024\\\/10\\\/Vanessa-Bruno-Sac-GRAND-DAILY.jpg\",\"contentUrl\":\"https:\\\/\\\/dev.trust-softwares.com\\\/palomino\\\/wp-content\\\/uploads\\\/2024\\\/10\\\/Vanessa-Bruno-Sac-GRAND-DAILY.jpg\",\"width\":1200,\"height\":1800,\"caption\":\"vanessa bruno sac grand daily\"},{\"@type\":\"BreadcrumbList\",\"@id\":\"https:\\\/\\\/dev.trust-softwares.com\\\/palomino\\\/produit\\\/vanessa-bruno-sac-grand-daily-2\\\/#breadcrumb\",\"itemListElement\":[{\"@type\":\"ListItem\",\"position\":1,\"name\":\"LES PRODUITS\",\"item\":\"https:\\\/\\\/dev.trust-softwares.com\\\/palomino\\\/les-produits\\\/\"},{\"@type\":\"ListItem\",\"position\":2,\"name\":\"Vanessa Bruno &#8211; Sac GRAND DAILY\"}]},{\"@type\":\"WebSite\",\"@id\":\"https:\\\/\\\/dev.trust-softwares.com\\\/palomino\\\/#website\",\"url\":\"https:\\\/\\\/dev.trust-softwares.com\\\/palomino\\\/\",\"name\":\"Boutique Palomino\",\"description\":\"V\u00eatements pour femme, chaussures et accessoires\",\"potentialAction\":[{\"@type\":\"SearchAction\",\"target\":{\"@type\":\"EntryPoint\",\"urlTemplate\":\"https:\\\/\\\/dev.trust-softwares.com\\\/palomino\\\/?s={search_term_string}\"},\"query-input\":{\"@type\":\"PropertyValueSpecification\",\"valueRequired\":true,\"valueName\":\"search_term_string\"}}],\"inLanguage\":\"fr-FR\"}]}<\/script>\n<!-- \/ Yoast SEO plugin. -->","yoast_head_json":{"title":"Vanessa Bruno - Sac GRAND DAILY - Boutique Palomino","robots":{"index":"noindex","follow":"follow","max-snippet":"max-snippet:-1","max-image-preview":"max-image-preview:large","max-video-preview":"max-video-preview:-1"},"og_locale":"fr_FR","og_type":"article","og_title":"Vanessa Bruno - Sac GRAND DAILY - Boutique Palomino","og_description":"Vanessa Bruno - Sac GRAND DAILY, sac demi-lune bi mati\u00e8re, couleur caramel, ouverture aimant\u00e9, anse courte amovible et bandouli\u00e8re ajustable. Pochette zipp\u00e9e int\u00e9rieure int\u00e9gr\u00e9e   100% cuir vachette  doublure 50% nylon  50% polyur\u00e9thane  Dimensions : 17 x 21 x 6,5 cm  Hauteur anses : 23 cm  Hauteur bandouli\u00e8re : 54 cm  Fabriqu\u00e9 en Inde    Chez Palomino retrouvez les v\u00eatements tendances du moment !","og_url":"https:\/\/dev.trust-softwares.com\/palomino\/produit\/vanessa-bruno-sac-grand-daily-2\/","og_site_name":"Boutique Palomino","article_modified_time":"2025-01-28T13:34:29+00:00","og_image":[{"width":1200,"height":1800,"url":"https:\/\/dev.trust-softwares.com\/palomino\/wp-content\/uploads\/2024\/10\/Vanessa-Bruno-Sac-GRAND-DAILY.jpg","type":"image\/jpeg"}],"twitter_card":"summary_large_image","twitter_misc":{"Dur\u00e9e de lecture estim\u00e9e":"1 minute"},"schema":{"@context":"https:\/\/schema.org","@graph":[{"@type":"WebPage","@id":"https:\/\/dev.trust-softwares.com\/palomino\/produit\/vanessa-bruno-sac-grand-daily-2\/","url":"https:\/\/dev.trust-softwares.com\/palomino\/produit\/vanessa-bruno-sac-grand-daily-2\/","name":"Vanessa Bruno - Sac GRAND DAILY - Boutique Palomino","isPartOf":{"@id":"https:\/\/dev.trust-softwares.com\/palomino\/#website"},"primaryImageOfPage":{"@id":"https:\/\/dev.trust-softwares.com\/palomino\/produit\/vanessa-bruno-sac-grand-daily-2\/#primaryimage"},"image":{"@id":"https:\/\/dev.trust-softwares.com\/palomino\/produit\/vanessa-bruno-sac-grand-daily-2\/#primaryimage"},"thumbnailUrl":"https:\/\/dev.trust-softwares.com\/palomino\/wp-content\/uploads\/2024\/10\/Vanessa-Bruno-Sac-GRAND-DAILY.jpg","datePublished":"2024-10-15T14:59:12+00:00","dateModified":"2025-01-28T13:34:29+00:00","breadcrumb":{"@id":"https:\/\/dev.trust-softwares.com\/palomino\/produit\/vanessa-bruno-sac-grand-daily-2\/#breadcrumb"},"inLanguage":"fr-FR","potentialAction":[{"@type":"ReadAction","target":["https:\/\/dev.trust-softwares.com\/palomino\/produit\/vanessa-bruno-sac-grand-daily-2\/"]}]},{"@type":"ImageObject","inLanguage":"fr-FR","@id":"https:\/\/dev.trust-softwares.com\/palomino\/produit\/vanessa-bruno-sac-grand-daily-2\/#primaryimage","url":"https:\/\/dev.trust-softwares.com\/palomino\/wp-content\/uploads\/2024\/10\/Vanessa-Bruno-Sac-GRAND-DAILY.jpg","contentUrl":"https:\/\/dev.trust-softwares.com\/palomino\/wp-content\/uploads\/2024\/10\/Vanessa-Bruno-Sac-GRAND-DAILY.jpg","width":1200,"height":1800,"caption":"vanessa bruno sac grand daily"},{"@type":"BreadcrumbList","@id":"https:\/\/dev.trust-softwares.com\/palomino\/produit\/vanessa-bruno-sac-grand-daily-2\/#breadcrumb","itemListElement":[{"@type":"ListItem","position":1,"name":"LES PRODUITS","item":"https:\/\/dev.trust-softwares.com\/palomino\/les-produits\/"},{"@type":"ListItem","position":2,"name":"Vanessa Bruno &#8211; Sac GRAND DAILY"}]},{"@type":"WebSite","@id":"https:\/\/dev.trust-softwares.com\/palomino\/#website","url":"https:\/\/dev.trust-softwares.com\/palomino\/","name":"Boutique Palomino","description":"V\u00eatements pour femme, chaussures et accessoires","potentialAction":[{"@type":"SearchAction","target":{"@type":"EntryPoint","urlTemplate":"https:\/\/dev.trust-softwares.com\/palomino\/?s={search_term_string}"},"query-input":{"@type":"PropertyValueSpecification","valueRequired":true,"valueName":"search_term_string"}}],"inLanguage":"fr-FR"}]}},"uagb_featured_image_src":{"full":["https:\/\/dev.trust-softwares.com\/palomino\/wp-content\/uploads\/2024\/10\/Vanessa-Bruno-Sac-GRAND-DAILY.jpg",1200,1800,false],"thumbnail":["https:\/\/dev.trust-softwares.com\/palomino\/wp-content\/uploads\/2024\/10\/Vanessa-Bruno-Sac-GRAND-DAILY.jpg",100,150,false],"medium":["https:\/\/dev.trust-softwares.com\/palomino\/wp-content\/uploads\/2024\/10\/Vanessa-Bruno-Sac-GRAND-DAILY.jpg",200,300,false],"medium_large":["https:\/\/dev.trust-softwares.com\/palomino\/wp-content\/uploads\/2024\/10\/Vanessa-Bruno-Sac-GRAND-DAILY.jpg",768,1152,false],"large":["https:\/\/dev.trust-softwares.com\/palomino\/wp-content\/uploads\/2024\/10\/Vanessa-Bruno-Sac-GRAND-DAILY.jpg",683,1024,false],"1536x1536":["https:\/\/dev.trust-softwares.com\/palomino\/wp-content\/uploads\/2024\/10\/Vanessa-Bruno-Sac-GRAND-DAILY.jpg",1024,1536,false],"2048x2048":["https:\/\/dev.trust-softwares.com\/palomino\/wp-content\/uploads\/2024\/10\/Vanessa-Bruno-Sac-GRAND-DAILY.jpg",1200,1800,false],"et-pb-post-main-image":["https:\/\/dev.trust-softwares.com\/palomino\/wp-content\/uploads\/2024\/10\/Vanessa-Bruno-Sac-GRAND-DAILY.jpg",167,250,false],"et-pb-post-main-image-fullwidth":["https:\/\/dev.trust-softwares.com\/palomino\/wp-content\/uploads\/2024\/10\/Vanessa-Bruno-Sac-GRAND-DAILY.jpg",450,675,false],"et-pb-portfolio-image":["https:\/\/dev.trust-softwares.com\/palomino\/wp-content\/uploads\/2024\/10\/Vanessa-Bruno-Sac-GRAND-DAILY.jpg",189,284,false],"et-pb-portfolio-module-image":["https:\/\/dev.trust-softwares.com\/palomino\/wp-content\/uploads\/2024\/10\/Vanessa-Bruno-Sac-GRAND-DAILY.jpg",255,382,false],"et-pb-portfolio-image-single":["https:\/\/dev.trust-softwares.com\/palomino\/wp-content\/uploads\/2024\/10\/Vanessa-Bruno-Sac-GRAND-DAILY.jpg",1080,1620,false],"et-pb-gallery-module-image-portrait":["https:\/\/dev.trust-softwares.com\/palomino\/wp-content\/uploads\/2024\/10\/Vanessa-Bruno-Sac-GRAND-DAILY.jpg",344,516,false],"et-pb-post-main-image-fullwidth-large":["https:\/\/dev.trust-softwares.com\/palomino\/wp-content\/uploads\/2024\/10\/Vanessa-Bruno-Sac-GRAND-DAILY.jpg",1200,1800,false],"menu-24x24":["https:\/\/dev.trust-softwares.com\/palomino\/wp-content\/uploads\/2024\/10\/Vanessa-Bruno-Sac-GRAND-DAILY.jpg",16,24,false],"menu-36x36":["https:\/\/dev.trust-softwares.com\/palomino\/wp-content\/uploads\/2024\/10\/Vanessa-Bruno-Sac-GRAND-DAILY.jpg",24,36,false],"menu-16x16":["https:\/\/dev.trust-softwares.com\/palomino\/wp-content\/uploads\/2024\/10\/Vanessa-Bruno-Sac-GRAND-DAILY.jpg",11,16,false],"woocommerce_thumbnail":["https:\/\/dev.trust-softwares.com\/palomino\/wp-content\/uploads\/2024\/10\/Vanessa-Bruno-Sac-GRAND-DAILY.jpg",1200,1800,false],"woocommerce_single":["https:\/\/dev.trust-softwares.com\/palomino\/wp-content\/uploads\/2024\/10\/Vanessa-Bruno-Sac-GRAND-DAILY.jpg",1200,1800,false],"woocommerce_gallery_thumbnail":["https:\/\/dev.trust-softwares.com\/palomino\/wp-content\/uploads\/2024\/10\/Vanessa-Bruno-Sac-GRAND-DAILY-100x100.jpg",100,100,true],"variation_swatches_image_size":["https:\/\/dev.trust-softwares.com\/palomino\/wp-content\/uploads\/2024\/10\/Vanessa-Bruno-Sac-GRAND-DAILY.jpg",33,50,false],"variation_swatches_tooltip_size":["https:\/\/dev.trust-softwares.com\/palomino\/wp-content\/uploads\/2024\/10\/Vanessa-Bruno-Sac-GRAND-DAILY.jpg",67,100,false],"dgwt-wcas-product-suggestion":["https:\/\/dev.trust-softwares.com\/palomino\/wp-content\/uploads\/2024\/10\/Vanessa-Bruno-Sac-GRAND-DAILY.jpg",64,96,false]},"uagb_author_info":{"display_name":"Gr\u00e9gory Siloret","author_link":"https:\/\/dev.trust-softwares.com\/palomino\/author\/"},"uagb_comment_info":0,"uagb_excerpt":"Vanessa Bruno - Sac GRAND DAILY, sac demi-lune bi mati\u00e8re, couleur caramel, ouverture aimant\u00e9, anse courte amovible et bandouli\u00e8re ajustable. Pochette zipp\u00e9e int\u00e9rieure int\u00e9gr\u00e9e 100% cuir vachette doublure 50% nylon 50% polyur\u00e9thane Dimensions : 17 x 21 x 6,5 cm Hauteur anses : 23 cm Hauteur bandouli\u00e8re : 54 cm Fabriqu\u00e9 en Inde Chez Palomino\u2026","_links":{"self":[{"href":"https:\/\/dev.trust-softwares.com\/palomino\/wp-json\/wp\/v2\/product\/269635","targetHints":{"allow":["GET"]}}],"collection":[{"href":"https:\/\/dev.trust-softwares.com\/palomino\/wp-json\/wp\/v2\/product"}],"about":[{"href":"https:\/\/dev.trust-softwares.com\/palomino\/wp-json\/wp\/v2\/types\/product"}],"replies":[{"embeddable":true,"href":"https:\/\/dev.trust-softwares.com\/palomino\/wp-json\/wp\/v2\/comments?post=269635"}],"wp:featuredmedia":[{"embeddable":true,"href":"https:\/\/dev.trust-softwares.com\/palomino\/wp-json\/wp\/v2\/media\/269726"}],"wp:attachment":[{"href":"https:\/\/dev.trust-softwares.com\/palomino\/wp-json\/wp\/v2\/media?parent=269635"}],"wp:term":[{"taxonomy":"product_brand","embeddable":true,"href":"https:\/\/dev.trust-softwares.com\/palomino\/wp-json\/wp\/v2\/product_brand?post=269635"},{"taxonomy":"product_cat","embeddable":true,"href":"https:\/\/dev.trust-softwares.com\/palomino\/wp-json\/wp\/v2\/product_cat?post=269635"},{"taxonomy":"product_tag","embeddable":true,"href":"https:\/\/dev.trust-softwares.com\/palomino\/wp-json\/wp\/v2\/product_tag?post=269635"}],"curies":[{"name":"wp","href":"https:\/\/api.w.org\/{rel}","templated":true}]}}