{"id":270480,"date":"2024-11-06T15:55:27","date_gmt":"2024-11-06T14:55:27","guid":{"rendered":"https:\/\/dev.trust-softwares.com\/palomino\/produit\/anine-bing-robe-veneda-mini\/"},"modified":"2024-11-27T16:40:04","modified_gmt":"2024-11-27T15:40:04","slug":"anine-bing-robe-veneda-mini","status":"publish","type":"product","link":"https:\/\/dev.trust-softwares.com\/palomino\/produit\/anine-bing-robe-veneda-mini\/","title":{"rendered":"Anine Bing &#8211; Robe VENEDA MINI"},"content":{"rendered":"","protected":false},"excerpt":{"rendered":"<div class=\"et_pb_module et_pb_wc_description et_pb_wc_description_0_tb_body et_pb_bg_layout_light et_pb_text_align_left\">\n<div class=\"et_pb_module_inner\">\n<p><strong>Anine Bing<\/strong> &#8211; Robe VENEDA MINI, robe courte argent coupe droite<\/p>\n<ul>\n<li>92 % polyester<\/li>\n<li>8 % \u00e9lasthanne<\/li>\n<\/ul>\n<p>Lavage en machine<\/p>\n<p>Fabriqu\u00e9 en Chine<\/p>\n<p>Chez Palomino retrouvez les v\u00eatements tendances du moment !<\/p>\n<\/div>\n<\/div>\n<div>\n<div id=\"alma-payment-plans\" data-settings=\"{&quot;hasExcludedProducts&quot;:false,&quot;merchantId&quot;:&quot;merchant_11xmKdz3BTSf3hq4Pwm6mdDrOhrPW6n3GO&quot;,&quot;apiMode&quot;:&quot;live&quot;,&quot;amount&quot;:48900,&quot;enabledPlans&quot;:[{&quot;installments_count&quot;:3,&quot;min_amount&quot;:10000,&quot;max_amount&quot;:200000,&quot;deferred_days&quot;:0,&quot;deferred_months&quot;:0}],&quot;amountQuerySelector&quot;:&quot;form.variations_form div.woocommerce-variation-price span.woocommerce-Price-amount bdi&quot;,&quot;amountSalePriceQuerySelector&quot;:&quot;form.variations_form div.woocommerce-variation-price ins span.woocommerce-Price-amount bdi&quot;,&quot;jqueryUpdateEvent&quot;:&quot;check_variations&quot;,&quot;firstRender&quot;:true,&quot;decimalSeparator&quot;:&quot;,&quot;,&quot;thousandSeparator&quot;:&quot;&quot;,&quot;locale&quot;:&quot;fr&quot;}\">\n<div class=\"_TSkFv _UksZa alma-payment-plans-container\" data-testid=\"widget-button\">\n<div class=\"_bMClc alma-payment-plans-eligibility-line\">\n<div class=\"_17c_S alma-payment-plans-eligibility-options\"><\/div>\n<\/div>\n<\/div>\n<\/div>\n<\/div>\n","protected":false},"featured_media":270548,"comment_status":"open","ping_status":"closed","template":"","meta":{"_seopress_robots_primary_cat":"none","_seopress_titles_title":"","_seopress_titles_desc":"","_seopress_robots_index":"","_et_pb_use_builder":"","_et_pb_old_content":"","_et_gb_content_width":"","_uag_custom_page_level_css":""},"product_brand":[],"product_cat":[115,304,107,86,308],"product_tag":[153],"class_list":{"0":"post-270480","1":"product","2":"type-product","3":"status-publish","4":"has-post-thumbnail","6":"product_cat-anine-bing","7":"product_cat-la-boutique-de-noel","8":"product_cat-les-createurs","9":"product_cat-robes","10":"product_cat-tenues-de-fetes","11":"product_tag-anine-bing","12":"pa_couleur-argent","13":"pa_taille-l","14":"pa_taille-m","15":"pa_taille-s","16":"pa_taille-xl","17":"pa_taille-xs","18":"pa_taille-xxl","20":"first","21":"instock","22":"taxable","23":"shipping-taxable","24":"purchasable","25":"product-type-variable","26":"has-default-attributes"},"yoast_head":"<!-- This site is optimized with the Yoast SEO plugin v27.3 - https:\/\/yoast.com\/product\/yoast-seo-wordpress\/ -->\n<title>Anine Bing - Robe VENEDA MINI - Boutique Palomino<\/title>\n<meta name=\"robots\" content=\"noindex, follow, max-snippet:-1, max-image-preview:large, max-video-preview:-1\" \/>\n<meta property=\"og:locale\" content=\"fr_FR\" \/>\n<meta property=\"og:type\" content=\"article\" \/>\n<meta property=\"og:title\" content=\"Anine Bing - Robe VENEDA MINI - Boutique Palomino\" \/>\n<meta property=\"og:description\" content=\"Anine Bing - Robe VENEDA MINI, robe courte argent coupe droite   92 % polyester  8 % \u00e9lasthanne  Lavage en machine  Fabriqu\u00e9 en Chine  Chez Palomino retrouvez les v\u00eatements tendances du moment !\" \/>\n<meta property=\"og:url\" content=\"https:\/\/dev.trust-softwares.com\/palomino\/produit\/anine-bing-robe-veneda-mini\/\" \/>\n<meta property=\"og:site_name\" content=\"Boutique Palomino\" \/>\n<meta property=\"article:modified_time\" content=\"2024-11-27T15:40:04+00:00\" \/>\n<meta property=\"og:image\" content=\"https:\/\/dev.trust-softwares.com\/palomino\/wp-content\/uploads\/2024\/11\/AB_VENEDA-DRESS_SILVER-SEQUIN_A-02-10324-SLV15_PACKSHOT_FRONT-VIEW_01_985x.webp\" \/>\n\t<meta property=\"og:image:width\" content=\"985\" \/>\n\t<meta property=\"og:image:height\" content=\"1481\" \/>\n\t<meta property=\"og:image:type\" content=\"image\/webp\" \/>\n<meta name=\"twitter:card\" content=\"summary_large_image\" \/>\n<meta name=\"twitter:label1\" content=\"Dur\u00e9e de lecture estim\u00e9e\" \/>\n\t<meta name=\"twitter:data1\" content=\"1 minute\" \/>\n<script type=\"application\/ld+json\" class=\"yoast-schema-graph\">{\"@context\":\"https:\\\/\\\/schema.org\",\"@graph\":[{\"@type\":\"WebPage\",\"@id\":\"https:\\\/\\\/dev.trust-softwares.com\\\/palomino\\\/produit\\\/anine-bing-robe-veneda-mini\\\/\",\"url\":\"https:\\\/\\\/dev.trust-softwares.com\\\/palomino\\\/produit\\\/anine-bing-robe-veneda-mini\\\/\",\"name\":\"Anine Bing - Robe VENEDA MINI - Boutique Palomino\",\"isPartOf\":{\"@id\":\"https:\\\/\\\/dev.trust-softwares.com\\\/palomino\\\/#website\"},\"primaryImageOfPage\":{\"@id\":\"https:\\\/\\\/dev.trust-softwares.com\\\/palomino\\\/produit\\\/anine-bing-robe-veneda-mini\\\/#primaryimage\"},\"image\":{\"@id\":\"https:\\\/\\\/dev.trust-softwares.com\\\/palomino\\\/produit\\\/anine-bing-robe-veneda-mini\\\/#primaryimage\"},\"thumbnailUrl\":\"https:\\\/\\\/dev.trust-softwares.com\\\/palomino\\\/wp-content\\\/uploads\\\/2024\\\/11\\\/AB_VENEDA-DRESS_SILVER-SEQUIN_A-02-10324-SLV15_PACKSHOT_FRONT-VIEW_01_985x.webp\",\"datePublished\":\"2024-11-06T14:55:27+00:00\",\"dateModified\":\"2024-11-27T15:40:04+00:00\",\"breadcrumb\":{\"@id\":\"https:\\\/\\\/dev.trust-softwares.com\\\/palomino\\\/produit\\\/anine-bing-robe-veneda-mini\\\/#breadcrumb\"},\"inLanguage\":\"fr-FR\",\"potentialAction\":[{\"@type\":\"ReadAction\",\"target\":[\"https:\\\/\\\/dev.trust-softwares.com\\\/palomino\\\/produit\\\/anine-bing-robe-veneda-mini\\\/\"]}]},{\"@type\":\"ImageObject\",\"inLanguage\":\"fr-FR\",\"@id\":\"https:\\\/\\\/dev.trust-softwares.com\\\/palomino\\\/produit\\\/anine-bing-robe-veneda-mini\\\/#primaryimage\",\"url\":\"https:\\\/\\\/dev.trust-softwares.com\\\/palomino\\\/wp-content\\\/uploads\\\/2024\\\/11\\\/AB_VENEDA-DRESS_SILVER-SEQUIN_A-02-10324-SLV15_PACKSHOT_FRONT-VIEW_01_985x.webp\",\"contentUrl\":\"https:\\\/\\\/dev.trust-softwares.com\\\/palomino\\\/wp-content\\\/uploads\\\/2024\\\/11\\\/AB_VENEDA-DRESS_SILVER-SEQUIN_A-02-10324-SLV15_PACKSHOT_FRONT-VIEW_01_985x.webp\",\"width\":985,\"height\":1481,\"caption\":\"anine bing robe veneda mini\"},{\"@type\":\"BreadcrumbList\",\"@id\":\"https:\\\/\\\/dev.trust-softwares.com\\\/palomino\\\/produit\\\/anine-bing-robe-veneda-mini\\\/#breadcrumb\",\"itemListElement\":[{\"@type\":\"ListItem\",\"position\":1,\"name\":\"LES PRODUITS\",\"item\":\"https:\\\/\\\/dev.trust-softwares.com\\\/palomino\\\/les-produits\\\/\"},{\"@type\":\"ListItem\",\"position\":2,\"name\":\"Anine Bing &#8211; Robe VENEDA MINI\"}]},{\"@type\":\"WebSite\",\"@id\":\"https:\\\/\\\/dev.trust-softwares.com\\\/palomino\\\/#website\",\"url\":\"https:\\\/\\\/dev.trust-softwares.com\\\/palomino\\\/\",\"name\":\"Boutique Palomino\",\"description\":\"V\u00eatements pour femme, chaussures et accessoires\",\"potentialAction\":[{\"@type\":\"SearchAction\",\"target\":{\"@type\":\"EntryPoint\",\"urlTemplate\":\"https:\\\/\\\/dev.trust-softwares.com\\\/palomino\\\/?s={search_term_string}\"},\"query-input\":{\"@type\":\"PropertyValueSpecification\",\"valueRequired\":true,\"valueName\":\"search_term_string\"}}],\"inLanguage\":\"fr-FR\"}]}<\/script>\n<!-- \/ Yoast SEO plugin. -->","yoast_head_json":{"title":"Anine Bing - Robe VENEDA MINI - Boutique Palomino","robots":{"index":"noindex","follow":"follow","max-snippet":"max-snippet:-1","max-image-preview":"max-image-preview:large","max-video-preview":"max-video-preview:-1"},"og_locale":"fr_FR","og_type":"article","og_title":"Anine Bing - Robe VENEDA MINI - Boutique Palomino","og_description":"Anine Bing - Robe VENEDA MINI, robe courte argent coupe droite   92 % polyester  8 % \u00e9lasthanne  Lavage en machine  Fabriqu\u00e9 en Chine  Chez Palomino retrouvez les v\u00eatements tendances du moment !","og_url":"https:\/\/dev.trust-softwares.com\/palomino\/produit\/anine-bing-robe-veneda-mini\/","og_site_name":"Boutique Palomino","article_modified_time":"2024-11-27T15:40:04+00:00","og_image":[{"width":985,"height":1481,"url":"https:\/\/dev.trust-softwares.com\/palomino\/wp-content\/uploads\/2024\/11\/AB_VENEDA-DRESS_SILVER-SEQUIN_A-02-10324-SLV15_PACKSHOT_FRONT-VIEW_01_985x.webp","type":"image\/webp"}],"twitter_card":"summary_large_image","twitter_misc":{"Dur\u00e9e de lecture estim\u00e9e":"1 minute"},"schema":{"@context":"https:\/\/schema.org","@graph":[{"@type":"WebPage","@id":"https:\/\/dev.trust-softwares.com\/palomino\/produit\/anine-bing-robe-veneda-mini\/","url":"https:\/\/dev.trust-softwares.com\/palomino\/produit\/anine-bing-robe-veneda-mini\/","name":"Anine Bing - Robe VENEDA MINI - Boutique Palomino","isPartOf":{"@id":"https:\/\/dev.trust-softwares.com\/palomino\/#website"},"primaryImageOfPage":{"@id":"https:\/\/dev.trust-softwares.com\/palomino\/produit\/anine-bing-robe-veneda-mini\/#primaryimage"},"image":{"@id":"https:\/\/dev.trust-softwares.com\/palomino\/produit\/anine-bing-robe-veneda-mini\/#primaryimage"},"thumbnailUrl":"https:\/\/dev.trust-softwares.com\/palomino\/wp-content\/uploads\/2024\/11\/AB_VENEDA-DRESS_SILVER-SEQUIN_A-02-10324-SLV15_PACKSHOT_FRONT-VIEW_01_985x.webp","datePublished":"2024-11-06T14:55:27+00:00","dateModified":"2024-11-27T15:40:04+00:00","breadcrumb":{"@id":"https:\/\/dev.trust-softwares.com\/palomino\/produit\/anine-bing-robe-veneda-mini\/#breadcrumb"},"inLanguage":"fr-FR","potentialAction":[{"@type":"ReadAction","target":["https:\/\/dev.trust-softwares.com\/palomino\/produit\/anine-bing-robe-veneda-mini\/"]}]},{"@type":"ImageObject","inLanguage":"fr-FR","@id":"https:\/\/dev.trust-softwares.com\/palomino\/produit\/anine-bing-robe-veneda-mini\/#primaryimage","url":"https:\/\/dev.trust-softwares.com\/palomino\/wp-content\/uploads\/2024\/11\/AB_VENEDA-DRESS_SILVER-SEQUIN_A-02-10324-SLV15_PACKSHOT_FRONT-VIEW_01_985x.webp","contentUrl":"https:\/\/dev.trust-softwares.com\/palomino\/wp-content\/uploads\/2024\/11\/AB_VENEDA-DRESS_SILVER-SEQUIN_A-02-10324-SLV15_PACKSHOT_FRONT-VIEW_01_985x.webp","width":985,"height":1481,"caption":"anine bing robe veneda mini"},{"@type":"BreadcrumbList","@id":"https:\/\/dev.trust-softwares.com\/palomino\/produit\/anine-bing-robe-veneda-mini\/#breadcrumb","itemListElement":[{"@type":"ListItem","position":1,"name":"LES PRODUITS","item":"https:\/\/dev.trust-softwares.com\/palomino\/les-produits\/"},{"@type":"ListItem","position":2,"name":"Anine Bing &#8211; Robe VENEDA MINI"}]},{"@type":"WebSite","@id":"https:\/\/dev.trust-softwares.com\/palomino\/#website","url":"https:\/\/dev.trust-softwares.com\/palomino\/","name":"Boutique Palomino","description":"V\u00eatements pour femme, chaussures et accessoires","potentialAction":[{"@type":"SearchAction","target":{"@type":"EntryPoint","urlTemplate":"https:\/\/dev.trust-softwares.com\/palomino\/?s={search_term_string}"},"query-input":{"@type":"PropertyValueSpecification","valueRequired":true,"valueName":"search_term_string"}}],"inLanguage":"fr-FR"}]}},"uagb_featured_image_src":{"full":["https:\/\/dev.trust-softwares.com\/palomino\/wp-content\/uploads\/2024\/11\/AB_VENEDA-DRESS_SILVER-SEQUIN_A-02-10324-SLV15_PACKSHOT_FRONT-VIEW_01_985x.webp",985,1481,false],"thumbnail":["https:\/\/dev.trust-softwares.com\/palomino\/wp-content\/uploads\/2024\/11\/AB_VENEDA-DRESS_SILVER-SEQUIN_A-02-10324-SLV15_PACKSHOT_FRONT-VIEW_01_985x.webp",100,150,false],"medium":["https:\/\/dev.trust-softwares.com\/palomino\/wp-content\/uploads\/2024\/11\/AB_VENEDA-DRESS_SILVER-SEQUIN_A-02-10324-SLV15_PACKSHOT_FRONT-VIEW_01_985x.webp",200,300,false],"medium_large":["https:\/\/dev.trust-softwares.com\/palomino\/wp-content\/uploads\/2024\/11\/AB_VENEDA-DRESS_SILVER-SEQUIN_A-02-10324-SLV15_PACKSHOT_FRONT-VIEW_01_985x.webp",768,1155,false],"large":["https:\/\/dev.trust-softwares.com\/palomino\/wp-content\/uploads\/2024\/11\/AB_VENEDA-DRESS_SILVER-SEQUIN_A-02-10324-SLV15_PACKSHOT_FRONT-VIEW_01_985x.webp",681,1024,false],"1536x1536":["https:\/\/dev.trust-softwares.com\/palomino\/wp-content\/uploads\/2024\/11\/AB_VENEDA-DRESS_SILVER-SEQUIN_A-02-10324-SLV15_PACKSHOT_FRONT-VIEW_01_985x.webp",985,1481,false],"2048x2048":["https:\/\/dev.trust-softwares.com\/palomino\/wp-content\/uploads\/2024\/11\/AB_VENEDA-DRESS_SILVER-SEQUIN_A-02-10324-SLV15_PACKSHOT_FRONT-VIEW_01_985x.webp",985,1481,false],"et-pb-post-main-image":["https:\/\/dev.trust-softwares.com\/palomino\/wp-content\/uploads\/2024\/11\/AB_VENEDA-DRESS_SILVER-SEQUIN_A-02-10324-SLV15_PACKSHOT_FRONT-VIEW_01_985x.webp",166,250,false],"et-pb-post-main-image-fullwidth":["https:\/\/dev.trust-softwares.com\/palomino\/wp-content\/uploads\/2024\/11\/AB_VENEDA-DRESS_SILVER-SEQUIN_A-02-10324-SLV15_PACKSHOT_FRONT-VIEW_01_985x.webp",449,675,false],"et-pb-portfolio-image":["https:\/\/dev.trust-softwares.com\/palomino\/wp-content\/uploads\/2024\/11\/AB_VENEDA-DRESS_SILVER-SEQUIN_A-02-10324-SLV15_PACKSHOT_FRONT-VIEW_01_985x.webp",189,284,false],"et-pb-portfolio-module-image":["https:\/\/dev.trust-softwares.com\/palomino\/wp-content\/uploads\/2024\/11\/AB_VENEDA-DRESS_SILVER-SEQUIN_A-02-10324-SLV15_PACKSHOT_FRONT-VIEW_01_985x.webp",254,382,false],"et-pb-portfolio-image-single":["https:\/\/dev.trust-softwares.com\/palomino\/wp-content\/uploads\/2024\/11\/AB_VENEDA-DRESS_SILVER-SEQUIN_A-02-10324-SLV15_PACKSHOT_FRONT-VIEW_01_985x.webp",985,1481,false],"et-pb-gallery-module-image-portrait":["https:\/\/dev.trust-softwares.com\/palomino\/wp-content\/uploads\/2024\/11\/AB_VENEDA-DRESS_SILVER-SEQUIN_A-02-10324-SLV15_PACKSHOT_FRONT-VIEW_01_985x.webp",343,516,false],"et-pb-post-main-image-fullwidth-large":["https:\/\/dev.trust-softwares.com\/palomino\/wp-content\/uploads\/2024\/11\/AB_VENEDA-DRESS_SILVER-SEQUIN_A-02-10324-SLV15_PACKSHOT_FRONT-VIEW_01_985x.webp",985,1481,false],"menu-24x24":["https:\/\/dev.trust-softwares.com\/palomino\/wp-content\/uploads\/2024\/11\/AB_VENEDA-DRESS_SILVER-SEQUIN_A-02-10324-SLV15_PACKSHOT_FRONT-VIEW_01_985x.webp",16,24,false],"menu-36x36":["https:\/\/dev.trust-softwares.com\/palomino\/wp-content\/uploads\/2024\/11\/AB_VENEDA-DRESS_SILVER-SEQUIN_A-02-10324-SLV15_PACKSHOT_FRONT-VIEW_01_985x.webp",24,36,false],"menu-16x16":["https:\/\/dev.trust-softwares.com\/palomino\/wp-content\/uploads\/2024\/11\/AB_VENEDA-DRESS_SILVER-SEQUIN_A-02-10324-SLV15_PACKSHOT_FRONT-VIEW_01_985x.webp",11,16,false],"woocommerce_thumbnail":["https:\/\/dev.trust-softwares.com\/palomino\/wp-content\/uploads\/2024\/11\/AB_VENEDA-DRESS_SILVER-SEQUIN_A-02-10324-SLV15_PACKSHOT_FRONT-VIEW_01_985x.webp",985,1481,false],"woocommerce_single":["https:\/\/dev.trust-softwares.com\/palomino\/wp-content\/uploads\/2024\/11\/AB_VENEDA-DRESS_SILVER-SEQUIN_A-02-10324-SLV15_PACKSHOT_FRONT-VIEW_01_985x.webp",985,1481,false],"woocommerce_gallery_thumbnail":["https:\/\/dev.trust-softwares.com\/palomino\/wp-content\/uploads\/2024\/11\/AB_VENEDA-DRESS_SILVER-SEQUIN_A-02-10324-SLV15_PACKSHOT_FRONT-VIEW_01_985x-100x100.webp",100,100,true],"variation_swatches_image_size":["https:\/\/dev.trust-softwares.com\/palomino\/wp-content\/uploads\/2024\/11\/AB_VENEDA-DRESS_SILVER-SEQUIN_A-02-10324-SLV15_PACKSHOT_FRONT-VIEW_01_985x.webp",33,50,false],"variation_swatches_tooltip_size":["https:\/\/dev.trust-softwares.com\/palomino\/wp-content\/uploads\/2024\/11\/AB_VENEDA-DRESS_SILVER-SEQUIN_A-02-10324-SLV15_PACKSHOT_FRONT-VIEW_01_985x.webp",67,100,false],"dgwt-wcas-product-suggestion":["https:\/\/dev.trust-softwares.com\/palomino\/wp-content\/uploads\/2024\/11\/AB_VENEDA-DRESS_SILVER-SEQUIN_A-02-10324-SLV15_PACKSHOT_FRONT-VIEW_01_985x.webp",64,96,false]},"uagb_author_info":{"display_name":"Gr\u00e9gory Siloret","author_link":"https:\/\/dev.trust-softwares.com\/palomino\/author\/"},"uagb_comment_info":0,"uagb_excerpt":"Anine Bing - Robe VENEDA MINI, robe courte argent coupe droite 92 % polyester 8 % \u00e9lasthanne Lavage en machine Fabriqu\u00e9 en Chine Chez Palomino retrouvez les v\u00eatements tendances du moment !","_links":{"self":[{"href":"https:\/\/dev.trust-softwares.com\/palomino\/wp-json\/wp\/v2\/product\/270480","targetHints":{"allow":["GET"]}}],"collection":[{"href":"https:\/\/dev.trust-softwares.com\/palomino\/wp-json\/wp\/v2\/product"}],"about":[{"href":"https:\/\/dev.trust-softwares.com\/palomino\/wp-json\/wp\/v2\/types\/product"}],"replies":[{"embeddable":true,"href":"https:\/\/dev.trust-softwares.com\/palomino\/wp-json\/wp\/v2\/comments?post=270480"}],"wp:featuredmedia":[{"embeddable":true,"href":"https:\/\/dev.trust-softwares.com\/palomino\/wp-json\/wp\/v2\/media\/270548"}],"wp:attachment":[{"href":"https:\/\/dev.trust-softwares.com\/palomino\/wp-json\/wp\/v2\/media?parent=270480"}],"wp:term":[{"taxonomy":"product_brand","embeddable":true,"href":"https:\/\/dev.trust-softwares.com\/palomino\/wp-json\/wp\/v2\/product_brand?post=270480"},{"taxonomy":"product_cat","embeddable":true,"href":"https:\/\/dev.trust-softwares.com\/palomino\/wp-json\/wp\/v2\/product_cat?post=270480"},{"taxonomy":"product_tag","embeddable":true,"href":"https:\/\/dev.trust-softwares.com\/palomino\/wp-json\/wp\/v2\/product_tag?post=270480"}],"curies":[{"name":"wp","href":"https:\/\/api.w.org\/{rel}","templated":true}]}}