{"id":271828,"date":"2024-12-03T16:54:38","date_gmt":"2024-12-03T15:54:38","guid":{"rendered":"https:\/\/dev.trust-softwares.com\/palomino\/produit\/rouje-la-palette-visage\/"},"modified":"2024-12-24T17:40:37","modified_gmt":"2024-12-24T16:40:37","slug":"rouje-la-palette-visage","status":"publish","type":"product","link":"https:\/\/dev.trust-softwares.com\/palomino\/produit\/rouje-la-palette-visage\/","title":{"rendered":"Les Filles En Rouje &#8211; La Palette Visage"},"content":{"rendered":"","protected":false},"excerpt":{"rendered":"<div class=\"et_pb_section et_pb_section_0_tb_body et_section_regular\">\n<div class=\"et_pb_row et_pb_row_0_tb_body\">\n<div class=\"et_pb_column et_pb_column_1_2 et_pb_column_1_tb_body et_pb_css_mix_blend_mode_passthrough et-last-child\">\n<div class=\"et_pb_module et_pb_wc_description et_pb_wc_description_0_tb_body et_pb_bg_layout_light et_pb_text_align_left\">\n<div class=\"et_pb_module_inner\">\n<div class=\"et_pb_module et_pb_wc_description et_pb_wc_description_0_tb_body et_pb_bg_layout_light et_pb_text_align_left\">\n<div class=\"et_pb_module_inner\">\n<p><strong>Les Filles En Rouje<\/strong> &#8211; La Palette Visage, palette pour le visage, modulable, multi-usage et universelle. Elle est compos\u00e9e d&rsquo;ingr\u00e9dients d&rsquo;origine naturelle pour cr\u00e9er des textures fondantes, nourrissantes et faciles \u00e0 appliquer.<\/p>\n<p>Trois blushs qui fondent sur la peau pour un effet frais naturel tout au long de la journ\u00e9e.<\/p>\n<p>Trois highlighters concentr\u00e9s en nacres pour moduler le glow, d\u2019un \u00e9clat discret jusqu&rsquo;au flash de lumi\u00e8re.<\/p>\n<ul>\n<li>BLUSH:<br \/>\nCAPRYLIC\/CAPRIC TRIGLYCERIDE, RICINUS COMMUNIS SEED OIL\/RICINUS COMMUNIS (CASTOR) SEED OIL, BIS-DIGLYCERYL POLYACYLADIPATE-2, NYLON-12, CERA ALBA\/BEESWAX, C18-36 ACID GLYCOL ESTER, DICALCIUM PHOSPHATE, SILICA DIMETHYL SILYLATE, POLYHYDROXYSTEARIC ACID, TOCOPHEROL, GLYCINE SOJA OIL\/GLYCINE SOJA (SOYBEAN) OIL.<br \/>\n[+\/-] \/ MAY CONTAIN:<br \/>\nCI 15850\/RED 7 LAKE, CI 15850\/RED 6, CI 42090\/BLUE 1 LAKE, CI 45380\/RED 22 LAKE, CI 45410\/RED 28 LAKE, CI 77491\/IRON OXIDES, CI 77492\/IRON OXIDES, CI 77499\/IRON OXIDES, CI 77891\/TITANIUM DIOXIDE.<\/li>\n<\/ul>\n<p>&nbsp;<\/p>\n<ul>\n<li>HIGHLIGHTER:<br \/>\nRICINUS COMMUNIS SEED OIL\/RICINUS COMMUNIS (CASTOR) SEED OIL, COCOS NUCIFERA OIL\/COCOS NUCIFERA (COCONUT) OIL, CERA ALBA\/BEESWAX, MICA, SIMMONDSIA CHINENSIS SEED OIL\/SIMMONDSIA CHINENSIS (JOJOBA) SEED OIL, THEOBROMA CACAO SEED BUTTER\/THEOBROMA CACAO (COCOA) SEED BUTTER, TOCOPHEROL, TIN OXIDE.<br \/>\n[+\/-] \/ MAY CONTAIN:<br \/>\nCI 77491\/IRON OXIDES, CI 77499\/IRON OXIDES, CI 77891\/TITANIUM DIOXIDE.<\/li>\n<\/ul>\n<p>Contenu : 3 x 1g. 0.03 oz net wt. 3 x 3g. 0.10 oz net wt.<\/p>\n<p>Fabriqu\u00e9 en Italie<\/p>\n<p>Chez Palomino retrouvez les v\u00eatements tendances du moment !<\/p>\n<\/div>\n<\/div>\n<div>\n<div id=\"alma-payment-plans\" data-settings=\"{&quot;hasExcludedProducts&quot;:false,&quot;merchantId&quot;:&quot;merchant_11xmKdz3BTSf3hq4Pwm6mdDrOhrPW6n3GO&quot;,&quot;apiMode&quot;:&quot;live&quot;,&quot;amount&quot;:26500,&quot;enabledPlans&quot;:[{&quot;installments_count&quot;:3,&quot;min_amount&quot;:10000,&quot;max_amount&quot;:200000,&quot;deferred_days&quot;:0,&quot;deferred_months&quot;:0}],&quot;amountQuerySelector&quot;:&quot;form.variations_form div.woocommerce-variation-price span.woocommerce-Price-amount bdi&quot;,&quot;amountSalePriceQuerySelector&quot;:&quot;form.variations_form div.woocommerce-variation-price ins span.woocommerce-Price-amount bdi&quot;,&quot;jqueryUpdateEvent&quot;:&quot;check_variations&quot;,&quot;firstRender&quot;:true,&quot;decimalSeparator&quot;:&quot;,&quot;,&quot;thousandSeparator&quot;:&quot;&quot;,&quot;locale&quot;:&quot;fr&quot;}\">\n<div class=\"_TSkFv _UksZa alma-payment-plans-container\" data-testid=\"widget-button\">\n<div class=\"_bMClc alma-payment-plans-eligibility-line\">\n<div class=\"_17c_S alma-payment-plans-eligibility-options\"><\/div>\n<\/div>\n<\/div>\n<\/div>\n<\/div>\n<\/div>\n<\/div>\n<\/div>\n<\/div>\n<\/div>\n<div class=\"et_pb_section et_pb_section_1_tb_body et_section_regular\">\n<div class=\"et_pb_row et_pb_row_1_tb_body\">\n<div class=\"et_pb_column et_pb_column_4_4 et_pb_column_2_tb_body et_pb_css_mix_blend_mode_passthrough et-last-child\">\n<div class=\"et_pb_module et_pb_text et_pb_text_1_tb_body et_pb_text_align_left et_pb_bg_layout_light\">\n<div class=\"et_pb_text_inner\"><\/div>\n<\/div>\n<\/div>\n<\/div>\n<\/div>\n","protected":false},"featured_media":271851,"comment_status":"open","ping_status":"closed","template":"","meta":{"_seopress_robots_primary_cat":"none","_seopress_titles_title":"","_seopress_titles_desc":"","_seopress_robots_index":"","_et_pb_use_builder":"","_et_pb_old_content":"","_et_gb_content_width":"","_uag_custom_page_level_css":""},"product_brand":[],"product_cat":[81,309,304,107,311],"product_tag":[310],"class_list":{"0":"post-271828","1":"product","2":"type-product","3":"status-publish","4":"has-post-thumbnail","6":"product_cat-accessoires","7":"product_cat-cosmetiques","8":"product_cat-la-boutique-de-noel","9":"product_cat-les-createurs","10":"product_cat-les-filles-en-rouje","11":"product_tag-les-filles-en-rouje","12":"pa_couleur-make-up","13":"pa_taille-tu","15":"first","16":"instock","17":"taxable","18":"shipping-taxable","19":"purchasable","20":"product-type-variable","21":"has-default-attributes"},"yoast_head":"<!-- This site is optimized with the Yoast SEO plugin v27.3 - https:\/\/yoast.com\/product\/yoast-seo-wordpress\/ -->\n<title>Les Filles En Rouje - La Palette Visage - Boutique Palomino<\/title>\n<meta name=\"robots\" content=\"noindex, follow, max-snippet:-1, max-image-preview:large, max-video-preview:-1\" \/>\n<meta property=\"og:locale\" content=\"fr_FR\" \/>\n<meta property=\"og:type\" content=\"article\" \/>\n<meta property=\"og:title\" content=\"Les Filles En Rouje - La Palette Visage - Boutique Palomino\" \/>\n<meta property=\"og:description\" content=\"Les Filles En Rouje - La Palette Visage, palette pour le visage, modulable, multi-usage et universelle. Elle est compos\u00e9e d&#039;ingr\u00e9dients d&#039;origine naturelle pour cr\u00e9er des textures fondantes, nourrissantes et faciles \u00e0 appliquer.  Trois blushs qui fondent sur la peau pour un effet frais naturel tout au long de la journ\u00e9e.  Trois highlighters concentr\u00e9s en nacres pour moduler le glow, d\u2019un \u00e9clat discret jusqu&#039;au flash de lumi\u00e8re.   BLUSH: CAPRYLIC\/CAPRIC TRIGLYCERIDE, RICINUS COMMUNIS SEED OIL\/RICINUS COMMUNIS (CASTOR) SEED OIL, BIS-DIGLYCERYL POLYACYLADIPATE-2, NYLON-12, CERA ALBA\/BEESWAX, C18-36 ACID GLYCOL ESTER, DICALCIUM PHOSPHATE, SILICA DIMETHYL SILYLATE, POLYHYDROXYSTEARIC ACID, TOCOPHEROL, GLYCINE SOJA OIL\/GLYCINE SOJA (SOYBEAN) OIL. [+\/-] \/ MAY CONTAIN: CI 15850\/RED 7 LAKE, CI 15850\/RED 6, CI 42090\/BLUE 1 LAKE, CI 45380\/RED 22 LAKE, CI 45410\/RED 28 LAKE, CI 77491\/IRON OXIDES, CI 77492\/IRON OXIDES, CI 77499\/IRON OXIDES, CI 77891\/TITANIUM DIOXIDE.  &nbsp;   HIGHLIGHTER: RICINUS COMMUNIS SEED OIL\/RICINUS COMMUNIS (CASTOR) SEED OIL, COCOS NUCIFERA OIL\/COCOS NUCIFERA (COCONUT) OIL, CERA ALBA\/BEESWAX, MICA, SIMMONDSIA CHINENSIS SEED OIL\/SIMMONDSIA CHINENSIS (JOJOBA) SEED OIL, THEOBROMA CACAO SEED BUTTER\/THEOBROMA CACAO (COCOA) SEED BUTTER, TOCOPHEROL, TIN OXIDE. [+\/-] \/ MAY CONTAIN: CI 77491\/IRON OXIDES, CI 77499\/IRON OXIDES, CI 77891\/TITANIUM DIOXIDE.  Contenu : 3 x 1g. 0.03 oz net wt. 3 x 3g. 0.10 oz net wt.  Fabriqu\u00e9 en Italie  Chez Palomino retrouvez les v\u00eatements tendances du moment !\" \/>\n<meta property=\"og:url\" content=\"https:\/\/dev.trust-softwares.com\/palomino\/produit\/rouje-la-palette-visage\/\" \/>\n<meta property=\"og:site_name\" content=\"Boutique Palomino\" \/>\n<meta property=\"article:modified_time\" content=\"2024-12-24T16:40:37+00:00\" \/>\n<meta property=\"og:image\" content=\"https:\/\/dev.trust-softwares.com\/palomino\/wp-content\/uploads\/2024\/12\/Les-Filles-En-Rouje-La-Palette-Visage.jpg\" \/>\n\t<meta property=\"og:image:width\" content=\"1200\" \/>\n\t<meta property=\"og:image:height\" content=\"1800\" \/>\n\t<meta property=\"og:image:type\" content=\"image\/jpeg\" \/>\n<meta name=\"twitter:card\" content=\"summary_large_image\" \/>\n<meta name=\"twitter:label1\" content=\"Dur\u00e9e de lecture estim\u00e9e\" \/>\n\t<meta name=\"twitter:data1\" content=\"1 minute\" \/>\n<script type=\"application\/ld+json\" class=\"yoast-schema-graph\">{\"@context\":\"https:\\\/\\\/schema.org\",\"@graph\":[{\"@type\":\"WebPage\",\"@id\":\"https:\\\/\\\/dev.trust-softwares.com\\\/palomino\\\/produit\\\/rouje-la-palette-visage\\\/\",\"url\":\"https:\\\/\\\/dev.trust-softwares.com\\\/palomino\\\/produit\\\/rouje-la-palette-visage\\\/\",\"name\":\"Les Filles En Rouje - La Palette Visage - Boutique Palomino\",\"isPartOf\":{\"@id\":\"https:\\\/\\\/dev.trust-softwares.com\\\/palomino\\\/#website\"},\"primaryImageOfPage\":{\"@id\":\"https:\\\/\\\/dev.trust-softwares.com\\\/palomino\\\/produit\\\/rouje-la-palette-visage\\\/#primaryimage\"},\"image\":{\"@id\":\"https:\\\/\\\/dev.trust-softwares.com\\\/palomino\\\/produit\\\/rouje-la-palette-visage\\\/#primaryimage\"},\"thumbnailUrl\":\"https:\\\/\\\/dev.trust-softwares.com\\\/palomino\\\/wp-content\\\/uploads\\\/2024\\\/12\\\/Les-Filles-En-Rouje-La-Palette-Visage.jpg\",\"datePublished\":\"2024-12-03T15:54:38+00:00\",\"dateModified\":\"2024-12-24T16:40:37+00:00\",\"breadcrumb\":{\"@id\":\"https:\\\/\\\/dev.trust-softwares.com\\\/palomino\\\/produit\\\/rouje-la-palette-visage\\\/#breadcrumb\"},\"inLanguage\":\"fr-FR\",\"potentialAction\":[{\"@type\":\"ReadAction\",\"target\":[\"https:\\\/\\\/dev.trust-softwares.com\\\/palomino\\\/produit\\\/rouje-la-palette-visage\\\/\"]}]},{\"@type\":\"ImageObject\",\"inLanguage\":\"fr-FR\",\"@id\":\"https:\\\/\\\/dev.trust-softwares.com\\\/palomino\\\/produit\\\/rouje-la-palette-visage\\\/#primaryimage\",\"url\":\"https:\\\/\\\/dev.trust-softwares.com\\\/palomino\\\/wp-content\\\/uploads\\\/2024\\\/12\\\/Les-Filles-En-Rouje-La-Palette-Visage.jpg\",\"contentUrl\":\"https:\\\/\\\/dev.trust-softwares.com\\\/palomino\\\/wp-content\\\/uploads\\\/2024\\\/12\\\/Les-Filles-En-Rouje-La-Palette-Visage.jpg\",\"width\":1200,\"height\":1800,\"caption\":\"les filles en rouje la palette visage\"},{\"@type\":\"BreadcrumbList\",\"@id\":\"https:\\\/\\\/dev.trust-softwares.com\\\/palomino\\\/produit\\\/rouje-la-palette-visage\\\/#breadcrumb\",\"itemListElement\":[{\"@type\":\"ListItem\",\"position\":1,\"name\":\"LES PRODUITS\",\"item\":\"https:\\\/\\\/dev.trust-softwares.com\\\/palomino\\\/les-produits\\\/\"},{\"@type\":\"ListItem\",\"position\":2,\"name\":\"Les Filles En Rouje &#8211; La Palette Visage\"}]},{\"@type\":\"WebSite\",\"@id\":\"https:\\\/\\\/dev.trust-softwares.com\\\/palomino\\\/#website\",\"url\":\"https:\\\/\\\/dev.trust-softwares.com\\\/palomino\\\/\",\"name\":\"Boutique Palomino\",\"description\":\"V\u00eatements pour femme, chaussures et accessoires\",\"potentialAction\":[{\"@type\":\"SearchAction\",\"target\":{\"@type\":\"EntryPoint\",\"urlTemplate\":\"https:\\\/\\\/dev.trust-softwares.com\\\/palomino\\\/?s={search_term_string}\"},\"query-input\":{\"@type\":\"PropertyValueSpecification\",\"valueRequired\":true,\"valueName\":\"search_term_string\"}}],\"inLanguage\":\"fr-FR\"}]}<\/script>\n<!-- \/ Yoast SEO plugin. -->","yoast_head_json":{"title":"Les Filles En Rouje - La Palette Visage - Boutique Palomino","robots":{"index":"noindex","follow":"follow","max-snippet":"max-snippet:-1","max-image-preview":"max-image-preview:large","max-video-preview":"max-video-preview:-1"},"og_locale":"fr_FR","og_type":"article","og_title":"Les Filles En Rouje - La Palette Visage - Boutique Palomino","og_description":"Les Filles En Rouje - La Palette Visage, palette pour le visage, modulable, multi-usage et universelle. Elle est compos\u00e9e d'ingr\u00e9dients d'origine naturelle pour cr\u00e9er des textures fondantes, nourrissantes et faciles \u00e0 appliquer.  Trois blushs qui fondent sur la peau pour un effet frais naturel tout au long de la journ\u00e9e.  Trois highlighters concentr\u00e9s en nacres pour moduler le glow, d\u2019un \u00e9clat discret jusqu'au flash de lumi\u00e8re.   BLUSH: CAPRYLIC\/CAPRIC TRIGLYCERIDE, RICINUS COMMUNIS SEED OIL\/RICINUS COMMUNIS (CASTOR) SEED OIL, BIS-DIGLYCERYL POLYACYLADIPATE-2, NYLON-12, CERA ALBA\/BEESWAX, C18-36 ACID GLYCOL ESTER, DICALCIUM PHOSPHATE, SILICA DIMETHYL SILYLATE, POLYHYDROXYSTEARIC ACID, TOCOPHEROL, GLYCINE SOJA OIL\/GLYCINE SOJA (SOYBEAN) OIL. [+\/-] \/ MAY CONTAIN: CI 15850\/RED 7 LAKE, CI 15850\/RED 6, CI 42090\/BLUE 1 LAKE, CI 45380\/RED 22 LAKE, CI 45410\/RED 28 LAKE, CI 77491\/IRON OXIDES, CI 77492\/IRON OXIDES, CI 77499\/IRON OXIDES, CI 77891\/TITANIUM DIOXIDE.  &nbsp;   HIGHLIGHTER: RICINUS COMMUNIS SEED OIL\/RICINUS COMMUNIS (CASTOR) SEED OIL, COCOS NUCIFERA OIL\/COCOS NUCIFERA (COCONUT) OIL, CERA ALBA\/BEESWAX, MICA, SIMMONDSIA CHINENSIS SEED OIL\/SIMMONDSIA CHINENSIS (JOJOBA) SEED OIL, THEOBROMA CACAO SEED BUTTER\/THEOBROMA CACAO (COCOA) SEED BUTTER, TOCOPHEROL, TIN OXIDE. [+\/-] \/ MAY CONTAIN: CI 77491\/IRON OXIDES, CI 77499\/IRON OXIDES, CI 77891\/TITANIUM DIOXIDE.  Contenu : 3 x 1g. 0.03 oz net wt. 3 x 3g. 0.10 oz net wt.  Fabriqu\u00e9 en Italie  Chez Palomino retrouvez les v\u00eatements tendances du moment !","og_url":"https:\/\/dev.trust-softwares.com\/palomino\/produit\/rouje-la-palette-visage\/","og_site_name":"Boutique Palomino","article_modified_time":"2024-12-24T16:40:37+00:00","og_image":[{"width":1200,"height":1800,"url":"https:\/\/dev.trust-softwares.com\/palomino\/wp-content\/uploads\/2024\/12\/Les-Filles-En-Rouje-La-Palette-Visage.jpg","type":"image\/jpeg"}],"twitter_card":"summary_large_image","twitter_misc":{"Dur\u00e9e de lecture estim\u00e9e":"1 minute"},"schema":{"@context":"https:\/\/schema.org","@graph":[{"@type":"WebPage","@id":"https:\/\/dev.trust-softwares.com\/palomino\/produit\/rouje-la-palette-visage\/","url":"https:\/\/dev.trust-softwares.com\/palomino\/produit\/rouje-la-palette-visage\/","name":"Les Filles En Rouje - La Palette Visage - Boutique Palomino","isPartOf":{"@id":"https:\/\/dev.trust-softwares.com\/palomino\/#website"},"primaryImageOfPage":{"@id":"https:\/\/dev.trust-softwares.com\/palomino\/produit\/rouje-la-palette-visage\/#primaryimage"},"image":{"@id":"https:\/\/dev.trust-softwares.com\/palomino\/produit\/rouje-la-palette-visage\/#primaryimage"},"thumbnailUrl":"https:\/\/dev.trust-softwares.com\/palomino\/wp-content\/uploads\/2024\/12\/Les-Filles-En-Rouje-La-Palette-Visage.jpg","datePublished":"2024-12-03T15:54:38+00:00","dateModified":"2024-12-24T16:40:37+00:00","breadcrumb":{"@id":"https:\/\/dev.trust-softwares.com\/palomino\/produit\/rouje-la-palette-visage\/#breadcrumb"},"inLanguage":"fr-FR","potentialAction":[{"@type":"ReadAction","target":["https:\/\/dev.trust-softwares.com\/palomino\/produit\/rouje-la-palette-visage\/"]}]},{"@type":"ImageObject","inLanguage":"fr-FR","@id":"https:\/\/dev.trust-softwares.com\/palomino\/produit\/rouje-la-palette-visage\/#primaryimage","url":"https:\/\/dev.trust-softwares.com\/palomino\/wp-content\/uploads\/2024\/12\/Les-Filles-En-Rouje-La-Palette-Visage.jpg","contentUrl":"https:\/\/dev.trust-softwares.com\/palomino\/wp-content\/uploads\/2024\/12\/Les-Filles-En-Rouje-La-Palette-Visage.jpg","width":1200,"height":1800,"caption":"les filles en rouje la palette visage"},{"@type":"BreadcrumbList","@id":"https:\/\/dev.trust-softwares.com\/palomino\/produit\/rouje-la-palette-visage\/#breadcrumb","itemListElement":[{"@type":"ListItem","position":1,"name":"LES PRODUITS","item":"https:\/\/dev.trust-softwares.com\/palomino\/les-produits\/"},{"@type":"ListItem","position":2,"name":"Les Filles En Rouje &#8211; La Palette Visage"}]},{"@type":"WebSite","@id":"https:\/\/dev.trust-softwares.com\/palomino\/#website","url":"https:\/\/dev.trust-softwares.com\/palomino\/","name":"Boutique Palomino","description":"V\u00eatements pour femme, chaussures et accessoires","potentialAction":[{"@type":"SearchAction","target":{"@type":"EntryPoint","urlTemplate":"https:\/\/dev.trust-softwares.com\/palomino\/?s={search_term_string}"},"query-input":{"@type":"PropertyValueSpecification","valueRequired":true,"valueName":"search_term_string"}}],"inLanguage":"fr-FR"}]}},"uagb_featured_image_src":{"full":["https:\/\/dev.trust-softwares.com\/palomino\/wp-content\/uploads\/2024\/12\/Les-Filles-En-Rouje-La-Palette-Visage.jpg",1200,1800,false],"thumbnail":["https:\/\/dev.trust-softwares.com\/palomino\/wp-content\/uploads\/2024\/12\/Les-Filles-En-Rouje-La-Palette-Visage.jpg",100,150,false],"medium":["https:\/\/dev.trust-softwares.com\/palomino\/wp-content\/uploads\/2024\/12\/Les-Filles-En-Rouje-La-Palette-Visage.jpg",200,300,false],"medium_large":["https:\/\/dev.trust-softwares.com\/palomino\/wp-content\/uploads\/2024\/12\/Les-Filles-En-Rouje-La-Palette-Visage.jpg",768,1152,false],"large":["https:\/\/dev.trust-softwares.com\/palomino\/wp-content\/uploads\/2024\/12\/Les-Filles-En-Rouje-La-Palette-Visage.jpg",683,1024,false],"1536x1536":["https:\/\/dev.trust-softwares.com\/palomino\/wp-content\/uploads\/2024\/12\/Les-Filles-En-Rouje-La-Palette-Visage.jpg",1024,1536,false],"2048x2048":["https:\/\/dev.trust-softwares.com\/palomino\/wp-content\/uploads\/2024\/12\/Les-Filles-En-Rouje-La-Palette-Visage.jpg",1200,1800,false],"et-pb-post-main-image":["https:\/\/dev.trust-softwares.com\/palomino\/wp-content\/uploads\/2024\/12\/Les-Filles-En-Rouje-La-Palette-Visage.jpg",167,250,false],"et-pb-post-main-image-fullwidth":["https:\/\/dev.trust-softwares.com\/palomino\/wp-content\/uploads\/2024\/12\/Les-Filles-En-Rouje-La-Palette-Visage.jpg",450,675,false],"et-pb-portfolio-image":["https:\/\/dev.trust-softwares.com\/palomino\/wp-content\/uploads\/2024\/12\/Les-Filles-En-Rouje-La-Palette-Visage.jpg",189,284,false],"et-pb-portfolio-module-image":["https:\/\/dev.trust-softwares.com\/palomino\/wp-content\/uploads\/2024\/12\/Les-Filles-En-Rouje-La-Palette-Visage.jpg",255,382,false],"et-pb-portfolio-image-single":["https:\/\/dev.trust-softwares.com\/palomino\/wp-content\/uploads\/2024\/12\/Les-Filles-En-Rouje-La-Palette-Visage.jpg",1080,1620,false],"et-pb-gallery-module-image-portrait":["https:\/\/dev.trust-softwares.com\/palomino\/wp-content\/uploads\/2024\/12\/Les-Filles-En-Rouje-La-Palette-Visage.jpg",344,516,false],"et-pb-post-main-image-fullwidth-large":["https:\/\/dev.trust-softwares.com\/palomino\/wp-content\/uploads\/2024\/12\/Les-Filles-En-Rouje-La-Palette-Visage.jpg",1200,1800,false],"menu-24x24":["https:\/\/dev.trust-softwares.com\/palomino\/wp-content\/uploads\/2024\/12\/Les-Filles-En-Rouje-La-Palette-Visage.jpg",16,24,false],"menu-36x36":["https:\/\/dev.trust-softwares.com\/palomino\/wp-content\/uploads\/2024\/12\/Les-Filles-En-Rouje-La-Palette-Visage.jpg",24,36,false],"menu-16x16":["https:\/\/dev.trust-softwares.com\/palomino\/wp-content\/uploads\/2024\/12\/Les-Filles-En-Rouje-La-Palette-Visage.jpg",11,16,false],"woocommerce_thumbnail":["https:\/\/dev.trust-softwares.com\/palomino\/wp-content\/uploads\/2024\/12\/Les-Filles-En-Rouje-La-Palette-Visage.jpg",1200,1800,false],"woocommerce_single":["https:\/\/dev.trust-softwares.com\/palomino\/wp-content\/uploads\/2024\/12\/Les-Filles-En-Rouje-La-Palette-Visage.jpg",1200,1800,false],"woocommerce_gallery_thumbnail":["https:\/\/dev.trust-softwares.com\/palomino\/wp-content\/uploads\/2024\/12\/Les-Filles-En-Rouje-La-Palette-Visage-100x100.jpg",100,100,true],"variation_swatches_image_size":["https:\/\/dev.trust-softwares.com\/palomino\/wp-content\/uploads\/2024\/12\/Les-Filles-En-Rouje-La-Palette-Visage.jpg",33,50,false],"variation_swatches_tooltip_size":["https:\/\/dev.trust-softwares.com\/palomino\/wp-content\/uploads\/2024\/12\/Les-Filles-En-Rouje-La-Palette-Visage.jpg",67,100,false],"dgwt-wcas-product-suggestion":["https:\/\/dev.trust-softwares.com\/palomino\/wp-content\/uploads\/2024\/12\/Les-Filles-En-Rouje-La-Palette-Visage.jpg",64,96,false]},"uagb_author_info":{"display_name":"Gr\u00e9gory Siloret","author_link":"https:\/\/dev.trust-softwares.com\/palomino\/author\/"},"uagb_comment_info":0,"uagb_excerpt":"Les Filles En Rouje - La Palette Visage, palette pour le visage, modulable, multi-usage et universelle. Elle est compos\u00e9e d'ingr\u00e9dients d'origine naturelle pour cr\u00e9er des textures fondantes, nourrissantes et faciles \u00e0 appliquer. Trois blushs qui fondent sur la peau pour un effet frais naturel tout au long de la journ\u00e9e. Trois highlighters concentr\u00e9s en nacres\u2026","_links":{"self":[{"href":"https:\/\/dev.trust-softwares.com\/palomino\/wp-json\/wp\/v2\/product\/271828","targetHints":{"allow":["GET"]}}],"collection":[{"href":"https:\/\/dev.trust-softwares.com\/palomino\/wp-json\/wp\/v2\/product"}],"about":[{"href":"https:\/\/dev.trust-softwares.com\/palomino\/wp-json\/wp\/v2\/types\/product"}],"replies":[{"embeddable":true,"href":"https:\/\/dev.trust-softwares.com\/palomino\/wp-json\/wp\/v2\/comments?post=271828"}],"wp:featuredmedia":[{"embeddable":true,"href":"https:\/\/dev.trust-softwares.com\/palomino\/wp-json\/wp\/v2\/media\/271851"}],"wp:attachment":[{"href":"https:\/\/dev.trust-softwares.com\/palomino\/wp-json\/wp\/v2\/media?parent=271828"}],"wp:term":[{"taxonomy":"product_brand","embeddable":true,"href":"https:\/\/dev.trust-softwares.com\/palomino\/wp-json\/wp\/v2\/product_brand?post=271828"},{"taxonomy":"product_cat","embeddable":true,"href":"https:\/\/dev.trust-softwares.com\/palomino\/wp-json\/wp\/v2\/product_cat?post=271828"},{"taxonomy":"product_tag","embeddable":true,"href":"https:\/\/dev.trust-softwares.com\/palomino\/wp-json\/wp\/v2\/product_tag?post=271828"}],"curies":[{"name":"wp","href":"https:\/\/api.w.org\/{rel}","templated":true}]}}