{"id":271832,"date":"2024-11-06T16:17:15","date_gmt":"2024-11-06T15:17:15","guid":{"rendered":"https:\/\/dev.trust-softwares.com\/palomino\/produit\/rouje-la-poudre-bonne-mine-sable-dore\/"},"modified":"2025-02-01T16:56:29","modified_gmt":"2025-02-01T15:56:29","slug":"rouje-la-poudre-bonne-mine-sable-dore","status":"publish","type":"product","link":"https:\/\/dev.trust-softwares.com\/palomino\/produit\/rouje-la-poudre-bonne-mine-sable-dore\/","title":{"rendered":"Les Filles En Rouje &#8211; La Poudre Bonne Mine SABLE DORE"},"content":{"rendered":"","protected":false},"excerpt":{"rendered":"<div class=\"et_pb_section et_pb_section_0_tb_body et_section_regular\">\n<div class=\"et_pb_row et_pb_row_0_tb_body\">\n<div class=\"et_pb_column et_pb_column_1_2 et_pb_column_1_tb_body et_pb_css_mix_blend_mode_passthrough et-last-child\">\n<div class=\"et_pb_module et_pb_wc_description et_pb_wc_description_0_tb_body et_pb_bg_layout_light et_pb_text_align_left\">\n<div class=\"et_pb_module_inner\">\n<div class=\"et_pb_module et_pb_wc_description et_pb_wc_description_0_tb_body et_pb_bg_layout_light et_pb_text_align_left\">\n<div class=\"et_pb_module_inner\">\n<p><strong>Les Filles En Rouje<\/strong> &#8211; La Poudre Bonne Mine SABLE DORE, poudre avec une teinte universelle au fini semi-mat, avec une texture l\u00e9g\u00e8re qui fond sur la peau pour r\u00e9chauffer le teint naturellement. Vegan.<\/p>\n<\/div>\n<ul>\n<li>MICAZEOLITE, KAOLIN, CALCIUM CARBONATE, CAPRYLIC\/CAPRIC TRIGLYCERIDE, MAGNESIUM MYRISTATE, ETHYLHEXYL PALMITATE, SILICA, ISONONYL ISONONANOATE, ETHYLHEXYLGLYCERIN, DEHYDROACETIC ACID, BORON NITRIDE, NIGELLA SATIVA SEED OIL, CI 77891 (TITANIUM DIOXIDE), CI 77491 (IRON OXIDES), CI 77492 (IRON OXIDES), CI 77499 (IRON OXIDES).<\/li>\n<\/ul>\n<p>Contenu 8g<\/p>\n<p>Fabriqu\u00e9 en Italie<\/p>\n<div class=\"et_pb_module_inner\">\n<p>Chez Palomino retrouvez les v\u00eatements tendances du moment !<\/p>\n<\/div>\n<\/div>\n<div>\n<div id=\"alma-payment-plans\" data-settings=\"{&quot;hasExcludedProducts&quot;:false,&quot;merchantId&quot;:&quot;merchant_11xmKdz3BTSf3hq4Pwm6mdDrOhrPW6n3GO&quot;,&quot;apiMode&quot;:&quot;live&quot;,&quot;amount&quot;:26500,&quot;enabledPlans&quot;:[{&quot;installments_count&quot;:3,&quot;min_amount&quot;:10000,&quot;max_amount&quot;:200000,&quot;deferred_days&quot;:0,&quot;deferred_months&quot;:0}],&quot;amountQuerySelector&quot;:&quot;form.variations_form div.woocommerce-variation-price span.woocommerce-Price-amount bdi&quot;,&quot;amountSalePriceQuerySelector&quot;:&quot;form.variations_form div.woocommerce-variation-price ins span.woocommerce-Price-amount bdi&quot;,&quot;jqueryUpdateEvent&quot;:&quot;check_variations&quot;,&quot;firstRender&quot;:true,&quot;decimalSeparator&quot;:&quot;,&quot;,&quot;thousandSeparator&quot;:&quot;&quot;,&quot;locale&quot;:&quot;fr&quot;}\">\n<div class=\"_TSkFv _UksZa alma-payment-plans-container\" data-testid=\"widget-button\">\n<div class=\"_bMClc alma-payment-plans-eligibility-line\">\n<div class=\"_17c_S alma-payment-plans-eligibility-options\"><\/div>\n<\/div>\n<\/div>\n<\/div>\n<\/div>\n<\/div>\n<\/div>\n<\/div>\n<\/div>\n<\/div>\n<div class=\"et_pb_section et_pb_section_1_tb_body et_section_regular\">\n<div class=\"et_pb_row et_pb_row_1_tb_body\">\n<div class=\"et_pb_column et_pb_column_4_4 et_pb_column_2_tb_body et_pb_css_mix_blend_mode_passthrough et-last-child\">\n<div class=\"et_pb_module et_pb_text et_pb_text_1_tb_body et_pb_text_align_left et_pb_bg_layout_light\">\n<div class=\"et_pb_text_inner\"><\/div>\n<\/div>\n<\/div>\n<\/div>\n<\/div>\n","protected":false},"featured_media":271838,"comment_status":"open","ping_status":"closed","template":"","meta":{"_seopress_robots_primary_cat":"none","_seopress_titles_title":"","_seopress_titles_desc":"","_seopress_robots_index":"","_et_pb_use_builder":"","_et_pb_old_content":"","_et_gb_content_width":"","_uag_custom_page_level_css":""},"product_brand":[],"product_cat":[81,309,304,107,311],"product_tag":[310],"class_list":{"0":"post-271832","1":"product","2":"type-product","3":"status-publish","4":"has-post-thumbnail","6":"product_cat-accessoires","7":"product_cat-cosmetiques","8":"product_cat-la-boutique-de-noel","9":"product_cat-les-createurs","10":"product_cat-les-filles-en-rouje","11":"product_tag-les-filles-en-rouje","12":"pa_couleur-make-up","13":"pa_taille-tu","15":"first","16":"instock","17":"taxable","18":"shipping-taxable","19":"purchasable","20":"product-type-variable","21":"has-default-attributes"},"yoast_head":"<!-- This site is optimized with the Yoast SEO plugin v27.4 - https:\/\/yoast.com\/product\/yoast-seo-wordpress\/ -->\n<title>Les Filles En Rouje - La Poudre Bonne Mine SABLE DORE - Boutique Palomino<\/title>\n<meta name=\"robots\" content=\"noindex, follow, max-snippet:-1, max-image-preview:large, max-video-preview:-1\" \/>\n<meta property=\"og:locale\" content=\"fr_FR\" \/>\n<meta property=\"og:type\" content=\"article\" \/>\n<meta property=\"og:title\" content=\"Les Filles En Rouje - La Poudre Bonne Mine SABLE DORE - Boutique Palomino\" \/>\n<meta property=\"og:description\" content=\"Les Filles En Rouje - La Poudre Bonne Mine SABLE DORE, poudre avec une teinte universelle au fini semi-mat, avec une texture l\u00e9g\u00e8re qui fond sur la peau pour r\u00e9chauffer le teint naturellement. Vegan.     MICAZEOLITE, KAOLIN, CALCIUM CARBONATE, CAPRYLIC\/CAPRIC TRIGLYCERIDE, MAGNESIUM MYRISTATE, ETHYLHEXYL PALMITATE, SILICA, ISONONYL ISONONANOATE, ETHYLHEXYLGLYCERIN, DEHYDROACETIC ACID, BORON NITRIDE, NIGELLA SATIVA SEED OIL, CI 77891 (TITANIUM DIOXIDE), CI 77491 (IRON OXIDES), CI 77492 (IRON OXIDES), CI 77499 (IRON OXIDES).  Contenu 8g  Fabriqu\u00e9 en Italie   Chez Palomino retrouvez les v\u00eatements tendances du moment !\" \/>\n<meta property=\"og:url\" content=\"https:\/\/dev.trust-softwares.com\/palomino\/produit\/rouje-la-poudre-bonne-mine-sable-dore\/\" \/>\n<meta property=\"og:site_name\" content=\"Boutique Palomino\" \/>\n<meta property=\"article:modified_time\" content=\"2025-02-01T15:56:29+00:00\" \/>\n<meta property=\"og:image\" content=\"https:\/\/dev.trust-softwares.com\/palomino\/wp-content\/uploads\/2024\/12\/Les-Filles-En-Rouje-La-Poudre-Bonne-Mine-SABLE-DORE-_.jpg\" \/>\n\t<meta property=\"og:image:width\" content=\"1200\" \/>\n\t<meta property=\"og:image:height\" content=\"1800\" \/>\n\t<meta property=\"og:image:type\" content=\"image\/jpeg\" \/>\n<meta name=\"twitter:card\" content=\"summary_large_image\" \/>\n<meta name=\"twitter:label1\" content=\"Dur\u00e9e de lecture estim\u00e9e\" \/>\n\t<meta name=\"twitter:data1\" content=\"1 minute\" \/>\n<script type=\"application\/ld+json\" class=\"yoast-schema-graph\">{\"@context\":\"https:\\\/\\\/schema.org\",\"@graph\":[{\"@type\":\"WebPage\",\"@id\":\"https:\\\/\\\/dev.trust-softwares.com\\\/palomino\\\/produit\\\/rouje-la-poudre-bonne-mine-sable-dore\\\/\",\"url\":\"https:\\\/\\\/dev.trust-softwares.com\\\/palomino\\\/produit\\\/rouje-la-poudre-bonne-mine-sable-dore\\\/\",\"name\":\"Les Filles En Rouje - La Poudre Bonne Mine SABLE DORE - Boutique Palomino\",\"isPartOf\":{\"@id\":\"https:\\\/\\\/dev.trust-softwares.com\\\/palomino\\\/#website\"},\"primaryImageOfPage\":{\"@id\":\"https:\\\/\\\/dev.trust-softwares.com\\\/palomino\\\/produit\\\/rouje-la-poudre-bonne-mine-sable-dore\\\/#primaryimage\"},\"image\":{\"@id\":\"https:\\\/\\\/dev.trust-softwares.com\\\/palomino\\\/produit\\\/rouje-la-poudre-bonne-mine-sable-dore\\\/#primaryimage\"},\"thumbnailUrl\":\"https:\\\/\\\/dev.trust-softwares.com\\\/palomino\\\/wp-content\\\/uploads\\\/2024\\\/12\\\/Les-Filles-En-Rouje-La-Poudre-Bonne-Mine-SABLE-DORE-_.jpg\",\"datePublished\":\"2024-11-06T15:17:15+00:00\",\"dateModified\":\"2025-02-01T15:56:29+00:00\",\"breadcrumb\":{\"@id\":\"https:\\\/\\\/dev.trust-softwares.com\\\/palomino\\\/produit\\\/rouje-la-poudre-bonne-mine-sable-dore\\\/#breadcrumb\"},\"inLanguage\":\"fr-FR\",\"potentialAction\":[{\"@type\":\"ReadAction\",\"target\":[\"https:\\\/\\\/dev.trust-softwares.com\\\/palomino\\\/produit\\\/rouje-la-poudre-bonne-mine-sable-dore\\\/\"]}]},{\"@type\":\"ImageObject\",\"inLanguage\":\"fr-FR\",\"@id\":\"https:\\\/\\\/dev.trust-softwares.com\\\/palomino\\\/produit\\\/rouje-la-poudre-bonne-mine-sable-dore\\\/#primaryimage\",\"url\":\"https:\\\/\\\/dev.trust-softwares.com\\\/palomino\\\/wp-content\\\/uploads\\\/2024\\\/12\\\/Les-Filles-En-Rouje-La-Poudre-Bonne-Mine-SABLE-DORE-_.jpg\",\"contentUrl\":\"https:\\\/\\\/dev.trust-softwares.com\\\/palomino\\\/wp-content\\\/uploads\\\/2024\\\/12\\\/Les-Filles-En-Rouje-La-Poudre-Bonne-Mine-SABLE-DORE-_.jpg\",\"width\":1200,\"height\":1800,\"caption\":\"les filles en rouje la poudre bonne mine sable dore\"},{\"@type\":\"BreadcrumbList\",\"@id\":\"https:\\\/\\\/dev.trust-softwares.com\\\/palomino\\\/produit\\\/rouje-la-poudre-bonne-mine-sable-dore\\\/#breadcrumb\",\"itemListElement\":[{\"@type\":\"ListItem\",\"position\":1,\"name\":\"LES PRODUITS\",\"item\":\"https:\\\/\\\/dev.trust-softwares.com\\\/palomino\\\/les-produits\\\/\"},{\"@type\":\"ListItem\",\"position\":2,\"name\":\"Les Filles En Rouje &#8211; La Poudre Bonne Mine SABLE DORE\"}]},{\"@type\":\"WebSite\",\"@id\":\"https:\\\/\\\/dev.trust-softwares.com\\\/palomino\\\/#website\",\"url\":\"https:\\\/\\\/dev.trust-softwares.com\\\/palomino\\\/\",\"name\":\"Boutique Palomino\",\"description\":\"V\u00eatements pour femme, chaussures et accessoires\",\"potentialAction\":[{\"@type\":\"SearchAction\",\"target\":{\"@type\":\"EntryPoint\",\"urlTemplate\":\"https:\\\/\\\/dev.trust-softwares.com\\\/palomino\\\/?s={search_term_string}\"},\"query-input\":{\"@type\":\"PropertyValueSpecification\",\"valueRequired\":true,\"valueName\":\"search_term_string\"}}],\"inLanguage\":\"fr-FR\"}]}<\/script>\n<!-- \/ Yoast SEO plugin. -->","yoast_head_json":{"title":"Les Filles En Rouje - La Poudre Bonne Mine SABLE DORE - Boutique Palomino","robots":{"index":"noindex","follow":"follow","max-snippet":"max-snippet:-1","max-image-preview":"max-image-preview:large","max-video-preview":"max-video-preview:-1"},"og_locale":"fr_FR","og_type":"article","og_title":"Les Filles En Rouje - La Poudre Bonne Mine SABLE DORE - Boutique Palomino","og_description":"Les Filles En Rouje - La Poudre Bonne Mine SABLE DORE, poudre avec une teinte universelle au fini semi-mat, avec une texture l\u00e9g\u00e8re qui fond sur la peau pour r\u00e9chauffer le teint naturellement. Vegan.     MICAZEOLITE, KAOLIN, CALCIUM CARBONATE, CAPRYLIC\/CAPRIC TRIGLYCERIDE, MAGNESIUM MYRISTATE, ETHYLHEXYL PALMITATE, SILICA, ISONONYL ISONONANOATE, ETHYLHEXYLGLYCERIN, DEHYDROACETIC ACID, BORON NITRIDE, NIGELLA SATIVA SEED OIL, CI 77891 (TITANIUM DIOXIDE), CI 77491 (IRON OXIDES), CI 77492 (IRON OXIDES), CI 77499 (IRON OXIDES).  Contenu 8g  Fabriqu\u00e9 en Italie   Chez Palomino retrouvez les v\u00eatements tendances du moment !","og_url":"https:\/\/dev.trust-softwares.com\/palomino\/produit\/rouje-la-poudre-bonne-mine-sable-dore\/","og_site_name":"Boutique Palomino","article_modified_time":"2025-02-01T15:56:29+00:00","og_image":[{"width":1200,"height":1800,"url":"https:\/\/dev.trust-softwares.com\/palomino\/wp-content\/uploads\/2024\/12\/Les-Filles-En-Rouje-La-Poudre-Bonne-Mine-SABLE-DORE-_.jpg","type":"image\/jpeg"}],"twitter_card":"summary_large_image","twitter_misc":{"Dur\u00e9e de lecture estim\u00e9e":"1 minute"},"schema":{"@context":"https:\/\/schema.org","@graph":[{"@type":"WebPage","@id":"https:\/\/dev.trust-softwares.com\/palomino\/produit\/rouje-la-poudre-bonne-mine-sable-dore\/","url":"https:\/\/dev.trust-softwares.com\/palomino\/produit\/rouje-la-poudre-bonne-mine-sable-dore\/","name":"Les Filles En Rouje - La Poudre Bonne Mine SABLE DORE - Boutique Palomino","isPartOf":{"@id":"https:\/\/dev.trust-softwares.com\/palomino\/#website"},"primaryImageOfPage":{"@id":"https:\/\/dev.trust-softwares.com\/palomino\/produit\/rouje-la-poudre-bonne-mine-sable-dore\/#primaryimage"},"image":{"@id":"https:\/\/dev.trust-softwares.com\/palomino\/produit\/rouje-la-poudre-bonne-mine-sable-dore\/#primaryimage"},"thumbnailUrl":"https:\/\/dev.trust-softwares.com\/palomino\/wp-content\/uploads\/2024\/12\/Les-Filles-En-Rouje-La-Poudre-Bonne-Mine-SABLE-DORE-_.jpg","datePublished":"2024-11-06T15:17:15+00:00","dateModified":"2025-02-01T15:56:29+00:00","breadcrumb":{"@id":"https:\/\/dev.trust-softwares.com\/palomino\/produit\/rouje-la-poudre-bonne-mine-sable-dore\/#breadcrumb"},"inLanguage":"fr-FR","potentialAction":[{"@type":"ReadAction","target":["https:\/\/dev.trust-softwares.com\/palomino\/produit\/rouje-la-poudre-bonne-mine-sable-dore\/"]}]},{"@type":"ImageObject","inLanguage":"fr-FR","@id":"https:\/\/dev.trust-softwares.com\/palomino\/produit\/rouje-la-poudre-bonne-mine-sable-dore\/#primaryimage","url":"https:\/\/dev.trust-softwares.com\/palomino\/wp-content\/uploads\/2024\/12\/Les-Filles-En-Rouje-La-Poudre-Bonne-Mine-SABLE-DORE-_.jpg","contentUrl":"https:\/\/dev.trust-softwares.com\/palomino\/wp-content\/uploads\/2024\/12\/Les-Filles-En-Rouje-La-Poudre-Bonne-Mine-SABLE-DORE-_.jpg","width":1200,"height":1800,"caption":"les filles en rouje la poudre bonne mine sable dore"},{"@type":"BreadcrumbList","@id":"https:\/\/dev.trust-softwares.com\/palomino\/produit\/rouje-la-poudre-bonne-mine-sable-dore\/#breadcrumb","itemListElement":[{"@type":"ListItem","position":1,"name":"LES PRODUITS","item":"https:\/\/dev.trust-softwares.com\/palomino\/les-produits\/"},{"@type":"ListItem","position":2,"name":"Les Filles En Rouje &#8211; La Poudre Bonne Mine SABLE DORE"}]},{"@type":"WebSite","@id":"https:\/\/dev.trust-softwares.com\/palomino\/#website","url":"https:\/\/dev.trust-softwares.com\/palomino\/","name":"Boutique Palomino","description":"V\u00eatements pour femme, chaussures et accessoires","potentialAction":[{"@type":"SearchAction","target":{"@type":"EntryPoint","urlTemplate":"https:\/\/dev.trust-softwares.com\/palomino\/?s={search_term_string}"},"query-input":{"@type":"PropertyValueSpecification","valueRequired":true,"valueName":"search_term_string"}}],"inLanguage":"fr-FR"}]}},"uagb_featured_image_src":{"full":["https:\/\/dev.trust-softwares.com\/palomino\/wp-content\/uploads\/2024\/12\/Les-Filles-En-Rouje-La-Poudre-Bonne-Mine-SABLE-DORE-_.jpg",1200,1800,false],"thumbnail":["https:\/\/dev.trust-softwares.com\/palomino\/wp-content\/uploads\/2024\/12\/Les-Filles-En-Rouje-La-Poudre-Bonne-Mine-SABLE-DORE-_.jpg",100,150,false],"medium":["https:\/\/dev.trust-softwares.com\/palomino\/wp-content\/uploads\/2024\/12\/Les-Filles-En-Rouje-La-Poudre-Bonne-Mine-SABLE-DORE-_.jpg",200,300,false],"medium_large":["https:\/\/dev.trust-softwares.com\/palomino\/wp-content\/uploads\/2024\/12\/Les-Filles-En-Rouje-La-Poudre-Bonne-Mine-SABLE-DORE-_.jpg",768,1152,false],"large":["https:\/\/dev.trust-softwares.com\/palomino\/wp-content\/uploads\/2024\/12\/Les-Filles-En-Rouje-La-Poudre-Bonne-Mine-SABLE-DORE-_.jpg",683,1024,false],"1536x1536":["https:\/\/dev.trust-softwares.com\/palomino\/wp-content\/uploads\/2024\/12\/Les-Filles-En-Rouje-La-Poudre-Bonne-Mine-SABLE-DORE-_.jpg",1024,1536,false],"2048x2048":["https:\/\/dev.trust-softwares.com\/palomino\/wp-content\/uploads\/2024\/12\/Les-Filles-En-Rouje-La-Poudre-Bonne-Mine-SABLE-DORE-_.jpg",1200,1800,false],"et-pb-post-main-image":["https:\/\/dev.trust-softwares.com\/palomino\/wp-content\/uploads\/2024\/12\/Les-Filles-En-Rouje-La-Poudre-Bonne-Mine-SABLE-DORE-_.jpg",167,250,false],"et-pb-post-main-image-fullwidth":["https:\/\/dev.trust-softwares.com\/palomino\/wp-content\/uploads\/2024\/12\/Les-Filles-En-Rouje-La-Poudre-Bonne-Mine-SABLE-DORE-_.jpg",450,675,false],"et-pb-portfolio-image":["https:\/\/dev.trust-softwares.com\/palomino\/wp-content\/uploads\/2024\/12\/Les-Filles-En-Rouje-La-Poudre-Bonne-Mine-SABLE-DORE-_.jpg",189,284,false],"et-pb-portfolio-module-image":["https:\/\/dev.trust-softwares.com\/palomino\/wp-content\/uploads\/2024\/12\/Les-Filles-En-Rouje-La-Poudre-Bonne-Mine-SABLE-DORE-_.jpg",255,382,false],"et-pb-portfolio-image-single":["https:\/\/dev.trust-softwares.com\/palomino\/wp-content\/uploads\/2024\/12\/Les-Filles-En-Rouje-La-Poudre-Bonne-Mine-SABLE-DORE-_.jpg",1080,1620,false],"et-pb-gallery-module-image-portrait":["https:\/\/dev.trust-softwares.com\/palomino\/wp-content\/uploads\/2024\/12\/Les-Filles-En-Rouje-La-Poudre-Bonne-Mine-SABLE-DORE-_.jpg",344,516,false],"et-pb-post-main-image-fullwidth-large":["https:\/\/dev.trust-softwares.com\/palomino\/wp-content\/uploads\/2024\/12\/Les-Filles-En-Rouje-La-Poudre-Bonne-Mine-SABLE-DORE-_.jpg",1200,1800,false],"menu-24x24":["https:\/\/dev.trust-softwares.com\/palomino\/wp-content\/uploads\/2024\/12\/Les-Filles-En-Rouje-La-Poudre-Bonne-Mine-SABLE-DORE-_.jpg",16,24,false],"menu-36x36":["https:\/\/dev.trust-softwares.com\/palomino\/wp-content\/uploads\/2024\/12\/Les-Filles-En-Rouje-La-Poudre-Bonne-Mine-SABLE-DORE-_.jpg",24,36,false],"menu-16x16":["https:\/\/dev.trust-softwares.com\/palomino\/wp-content\/uploads\/2024\/12\/Les-Filles-En-Rouje-La-Poudre-Bonne-Mine-SABLE-DORE-_.jpg",11,16,false],"woocommerce_thumbnail":["https:\/\/dev.trust-softwares.com\/palomino\/wp-content\/uploads\/2024\/12\/Les-Filles-En-Rouje-La-Poudre-Bonne-Mine-SABLE-DORE-_.jpg",1200,1800,false],"woocommerce_single":["https:\/\/dev.trust-softwares.com\/palomino\/wp-content\/uploads\/2024\/12\/Les-Filles-En-Rouje-La-Poudre-Bonne-Mine-SABLE-DORE-_.jpg",1200,1800,false],"woocommerce_gallery_thumbnail":["https:\/\/dev.trust-softwares.com\/palomino\/wp-content\/uploads\/2024\/12\/Les-Filles-En-Rouje-La-Poudre-Bonne-Mine-SABLE-DORE-_-100x100.jpg",100,100,true],"variation_swatches_image_size":["https:\/\/dev.trust-softwares.com\/palomino\/wp-content\/uploads\/2024\/12\/Les-Filles-En-Rouje-La-Poudre-Bonne-Mine-SABLE-DORE-_.jpg",33,50,false],"variation_swatches_tooltip_size":["https:\/\/dev.trust-softwares.com\/palomino\/wp-content\/uploads\/2024\/12\/Les-Filles-En-Rouje-La-Poudre-Bonne-Mine-SABLE-DORE-_.jpg",67,100,false],"dgwt-wcas-product-suggestion":["https:\/\/dev.trust-softwares.com\/palomino\/wp-content\/uploads\/2024\/12\/Les-Filles-En-Rouje-La-Poudre-Bonne-Mine-SABLE-DORE-_.jpg",64,96,false]},"uagb_author_info":{"display_name":"Gr\u00e9gory Siloret","author_link":"https:\/\/dev.trust-softwares.com\/palomino\/author\/"},"uagb_comment_info":0,"uagb_excerpt":"Les Filles En Rouje - La Poudre Bonne Mine SABLE DORE, poudre avec une teinte universelle au fini semi-mat, avec une texture l\u00e9g\u00e8re qui fond sur la peau pour r\u00e9chauffer le teint naturellement. Vegan. MICAZEOLITE, KAOLIN, CALCIUM CARBONATE, CAPRYLIC\/CAPRIC TRIGLYCERIDE, MAGNESIUM MYRISTATE, ETHYLHEXYL PALMITATE, SILICA, ISONONYL ISONONANOATE, ETHYLHEXYLGLYCERIN, DEHYDROACETIC ACID, BORON NITRIDE, NIGELLA SATIVA SEED\u2026","_links":{"self":[{"href":"https:\/\/dev.trust-softwares.com\/palomino\/wp-json\/wp\/v2\/product\/271832","targetHints":{"allow":["GET"]}}],"collection":[{"href":"https:\/\/dev.trust-softwares.com\/palomino\/wp-json\/wp\/v2\/product"}],"about":[{"href":"https:\/\/dev.trust-softwares.com\/palomino\/wp-json\/wp\/v2\/types\/product"}],"replies":[{"embeddable":true,"href":"https:\/\/dev.trust-softwares.com\/palomino\/wp-json\/wp\/v2\/comments?post=271832"}],"wp:featuredmedia":[{"embeddable":true,"href":"https:\/\/dev.trust-softwares.com\/palomino\/wp-json\/wp\/v2\/media\/271838"}],"wp:attachment":[{"href":"https:\/\/dev.trust-softwares.com\/palomino\/wp-json\/wp\/v2\/media?parent=271832"}],"wp:term":[{"taxonomy":"product_brand","embeddable":true,"href":"https:\/\/dev.trust-softwares.com\/palomino\/wp-json\/wp\/v2\/product_brand?post=271832"},{"taxonomy":"product_cat","embeddable":true,"href":"https:\/\/dev.trust-softwares.com\/palomino\/wp-json\/wp\/v2\/product_cat?post=271832"},{"taxonomy":"product_tag","embeddable":true,"href":"https:\/\/dev.trust-softwares.com\/palomino\/wp-json\/wp\/v2\/product_tag?post=271832"}],"curies":[{"name":"wp","href":"https:\/\/api.w.org\/{rel}","templated":true}]}}